{"id":6781,"date":"2016-06-18T20:42:38","date_gmt":"2016-06-18T18:42:38","guid":{"rendered":"http:\/\/www.hotwiresystems.com\/lv\/?page_id=6781"},"modified":"2025-07-27T14:20:23","modified_gmt":"2025-07-27T12:20:23","slug":"professionals-siltumizolacijas-eps-xps-putuplasta-griezejs","status":"publish","type":"page","link":"https:\/\/hotwiresystems.com\/lv\/","title":{"rendered":"Profession\u0101ls siltumizol\u0101cijas (EPS, XPS) putuplasta griez\u0113js"},"content":{"rendered":"<div class=\"wpb-content-wrapper\"><p>[vc_row][vc_column width=&#8221;1\/3&#8243;][vc_column_text]<\/p>\n<h1 style=\"text-align: center;\"><span style=\"font-size: 24pt; color: #808080;\">Siltumizolacijas<\/span><\/h1>\n<h1 style=\"text-align: center;\"><span style=\"color: #808080;\"><span style=\"font-size: 24pt;\"><span style=\"color: #ff6600;\">PUTUPLASTA<\/span>\u00a0<\/span><span style=\"font-size: 24pt;\">GRIEZEJI<\/span><\/span><\/h1>\n<p>[\/vc_column_text][\/vc_column][vc_column width=&#8221;1\/3&#8243;][vc_column_text]<\/p>\n<h1 style=\"text-align: center;\"><span style=\"font-size: 24pt; color: #808080;\"><span style=\"color: #ff6600;\">&#8220;<\/span>KARSTA NA\u017dA<span style=\"color: #ff6600;\">&#8220;<\/span><\/span><\/h1>\n<h1 style=\"text-align: center;\"><span style=\"font-size: 24pt; color: #808080;\"><span style=\"color: #ff6600;\">PUTUPLASTA<\/span> GRIEZEJI<\/span><\/h1>\n<p>[\/vc_column_text][\/vc_column][vc_column width=&#8221;1\/3&#8243;][vc_column_text]<\/p>\n<h1 style=\"text-align: center;\"><span style=\"font-size: 24pt; color: #808080;\">3D <span style=\"color: #ff6600;\">CNC<\/span>\u00a0PUTU GRIE\u0160ANAS<\/span><\/h1>\n<p>[\/vc_column_text][\/vc_column][\/vc_row][vc_row][vc_column width=&#8221;1\/3&#8243;][vc_single_image image=&#8221;15522&#8243; img_size=&#8221;large&#8221; alignment=&#8221;center&#8221;][\/vc_column][vc_column width=&#8221;1\/3&#8243;][vc_single_image image=&#8221;15530&#8243; img_size=&#8221;large&#8221; alignment=&#8221;center&#8221;][\/vc_column][vc_column width=&#8221;1\/3&#8243;][vc_single_image image=&#8221;15514&#8243; img_size=&#8221;large&#8221; alignment=&#8221;center&#8221;][\/vc_column][\/vc_row][vc_row][vc_column width=&#8221;1\/3&#8243;][vc_column_text]<\/p>\n<p style=\"text-align: left;\"><span style=\"font-size: 12pt; color: #000000;\"><strong><span class=\"irc_pt\" dir=\"ltr\">Putuplasta griez\u0113js<\/span><\/strong> ir elektrisks instruments, ko izmanto, lai grieztu polistirola <strong>(EPS, XPS)<\/strong> putas un l\u012bdz\u012bgus materi\u0101lus. Ier\u012bce sast\u0101v no pl\u0101nas, nospriegotas grie\u0161anas stieples, kas bie\u017ei izgatavota no iepriek\u0161 v\u0113lamaj\u0101 form\u0101 veidotas Nihroma, Tit\u0101na, ner\u016bs\u0113jo\u0161\u0101 t\u0113rauda, vai biez\u0101kas stieples, kas tiek uzsild\u012bta ar elektrisko pretest\u012bbu l\u012bdz apm. 500\u00b0C. Grie\u0161anas vadam virzoties caur grie\u0161anai paredz\u0113tam materi\u0101lam, siltums no stieples izkaus\u0113 materi\u0101lu tie\u0161i pirms saskares.<\/span><\/p>\n<p>[\/vc_column_text][\/vc_column][vc_column width=&#8221;1\/3&#8243;][vc_column_text]<\/p>\n<p style=\"text-align: left;\"><span style=\"font-size: 12pt; color: #000000;\">Kompakt\u0101s, mobil\u0101s putuplasta grie\u0161anas ier\u012bces <strong>&#8220;KARSTAIS NAZIS&#8221;<\/strong> Styro-Cut putuplasta grie\u0161anai smalkam darbam un \u0101tram pielietojumam! Ar polistirola putuplasta griez\u0113ju j\u016bs ieg\u016bsiet uzticamu, praktisku, vieglu polistirola griez\u0113ju \u0101trai putu grie\u0161anai <strong>(EPS, XPS)<\/strong>. T\u0101 mazais izm\u0113rs ir liela priek\u0161roc\u012bba. L\u012bdz ar to \u0113rt\u0101 ier\u012bce ir \u013coti noder\u012bga, jo \u012bpa\u0161i saspiest\u0101 darba vid\u0113.<\/span><\/p>\n<p>[\/vc_column_text][\/vc_column][vc_column width=&#8221;1\/3&#8243;][vc_column_text]<\/p>\n<p style=\"text-align: left;\"><span style=\"font-size: 12pt; color: #000000;\">Izmantojot modernas tehnolo\u0123ijas, <strong>karstas stiep\u013cu CNC putu grie\u0161anas<\/strong> iek\u0101rtas \u013cauj veidot praktiski jebkuru sare\u017e\u0123\u012bt\u0101k\u0101s formas produktu \u0101tri, prec\u012bzi un sal\u012bdzino\u0161i l\u0113ti. Karst\u0101s stieples CNC putu grie\u0161ana tiek izmantota, lai izveidotu displeja burtus, logotipus (3D simboliku), grafikas, izk\u0101rtnes, uzl\u012bmes iek\u0161telpu un \u0101ra rekl\u0101m\u0101m, dekoru elementus, rot\u0101jumus te\u0101trim vai kinote\u0101trim, visiem iepakojuma veidiem.<\/span><\/p>\n<p>[\/vc_column_text][\/vc_column][\/vc_row][vc_row][vc_column width=&#8221;1\/3&#8243;][vc_btn title=&#8221;LASIT VAIRAK&#8221; style=&#8221;outline&#8221; shape=&#8221;square&#8221; color=&#8221;blue&#8221; size=&#8221;sm&#8221; align=&#8221;right&#8221; i_align=&#8221;right&#8221; i_icon_fontawesome=&#8221;&#8221; css=&#8221;&#8221; add_icon=&#8221;true&#8221; link=&#8221;url:https%3A%2F%2Fhws.ee%2Flv|title:Siltumizolacijas%20putuplasta%20griezeji|target:_blank&#8221;][\/vc_column][vc_column width=&#8221;1\/3&#8243;][vc_btn title=&#8221;LASIT VAIRAK&#8221; style=&#8221;outline&#8221; shape=&#8221;square&#8221; color=&#8221;blue&#8221; size=&#8221;sm&#8221; align=&#8221;right&#8221; i_align=&#8221;right&#8221; i_icon_fontawesome=&#8221;&#8221; css=&#8221;&#8221; add_icon=&#8221;true&#8221; link=&#8221;url:https%3A%2F%2Fhws.ee%2Flv|title:%22Karsta%20na%C5%BEa%22%20%20putuplasta%20griezeji|target:_blank&#8221;][\/vc_column][vc_column width=&#8221;1\/3&#8243;][vc_btn title=&#8221;LASIT VAIRAK&#8221; style=&#8221;outline&#8221; shape=&#8221;square&#8221; color=&#8221;blue&#8221; size=&#8221;sm&#8221; align=&#8221;right&#8221; i_align=&#8221;right&#8221; i_icon_fontawesome=&#8221;fa fa-external-link&#8221; add_icon=&#8221;true&#8221; link=&#8221;url:https%3A%2F%2Fhotwiresystems.com%2Fhot-wire-cnc-foam-cutters%2F|title:Rokas%20karstas%20putuplasta%20griezeji||&#8221;][\/vc_column][\/vc_row][vc_row][vc_column][vc_separator color=&#8221;orange&#8221;][\/vc_column][\/vc_row][vc_row][vc_column][vc_custom_heading text=&#8221;\u201cBest selection of foam EPS, XPS cutting equipment on market!\u201d&#8221; font_container=&#8221;tag:h5|font_size:33|text_align:center|color:%23515C6B|line_height:1&#8243; google_fonts=&#8221;font_family:Pacifico%3Aregular|font_style:400%20regular%3A400%3Anormal&#8221; css=&#8221;&#8221; link=&#8221;|||&#8221;][\/vc_column][\/vc_row][vc_row][vc_column][vc_empty_space height=&#8221;15&#8243;][vc_separator color=&#8221;orange&#8221;][\/vc_column][\/vc_row][vc_row][vc_column width=&#8221;1\/4&#8243;][vc_single_image image=&#8221;6832&#8243; img_size=&#8221;large&#8221; alignment=&#8221;center&#8221;][\/vc_column][vc_column width=&#8221;3\/4&#8243;][vc_column_text]<\/p>\n<h1 style=\"text-align: right;\"><span style=\"font-size: 36pt; color: #808080;\">NIHROMA GRIE\u0160ANAS STIEPLE \u2013 <span style=\"color: #ff6600;\">NICR!<\/span><\/span><\/h1>\n<p style=\"text-align: left;\"><span style=\"color: #000000; font-size: 12pt;\"><strong>Nihroma<\/strong> grie\u0161anas stieplei ir unik\u0101la \u012bpa\u0161\u012bba: t\u0101 uzkarst, kad tiek piesl\u0113gta elektr\u012bbai. Nihroma stieple ir optim\u0101la grie\u0161anas stieples izv\u0113le putupolistirola griez\u0113jiem <strong>(EPS, XPS)<\/strong> un CNC putuplasta griez\u0113js ma\u0161\u012bn\u0101m da\u017e\u0101du iemeslu d\u0113\u013c, bet jo \u012bpa\u0161i t\u0101p\u0113c, ka t\u0101 ir iztur\u012bga pret koroziju un oksid\u0113\u0161anos \u013coti augst\u0101 temperat\u016br\u0101. Grie\u0161anas laik\u0101, Nihroma grie\u0161anas stieple sasniedz da\u017eu simtu gr\u0101du temperat\u016bru p\u0113c Celsija.<\/span><\/p>\n<p>[\/vc_column_text][vc_btn title=&#8221;LASIT VAIRAK&#8221; style=&#8221;outline&#8221; shape=&#8221;square&#8221; color=&#8221;blue&#8221; size=&#8221;sm&#8221; align=&#8221;right&#8221; i_align=&#8221;right&#8221; i_icon_fontawesome=&#8221;fa fa-external-link&#8221; add_icon=&#8221;true&#8221; link=&#8221;url:https%3A%2F%2Fhotwiresystems.com%2Fnichrome-wire-hot-wire-foam-cutters%2F|title:Nihroma%20grie%C5%A1anas%20stieple%20%E2%80%93%20NICR!||&#8221;][\/vc_column][\/vc_row][vc_row][vc_column width=&#8221;1\/4&#8243;][vc_single_image image=&#8221;6831&#8243; img_size=&#8221;large&#8221; alignment=&#8221;center&#8221;][\/vc_column][vc_column width=&#8221;3\/4&#8243;][vc_column_text]<\/p>\n<h1 style=\"text-align: right;\"><span style=\"font-size: 36pt; color: #808080;\">KAS IR POLISTIROLS <span style=\"color: #ff6600;\">(EPS, XPS)<\/span>?<\/span><\/h1>\n<p style=\"text-align: left;\"><span style=\"font-size: 12pt; color: #000000;\">Ir divu veidu putupolistiroli, kas vislab\u0101k piem\u0113roti grie\u0161anai ar karstu stiepli putuplasta griez\u0113js un iek\u0101rt\u0101m, k\u0101 ar\u012b karst\u0101 na\u017ea griez\u0113jiem: ekstrud\u0113ts polistirols <strong>(XPS putas),<\/strong> un putupolistirols <strong>(EPS putas)<\/strong>. Lai gan abi siltin\u0101\u0161anas veidi sast\u0101v no polistirola, divu veidu ra\u017eo\u0161anas procesu sara\u017eot\u0101 gatav\u0101 produkcija ir ar \u013coti da\u017e\u0101d\u0101m veiktsp\u0113jas \u012bpa\u0161\u012bb\u0101m. <strong>XPS<\/strong> putas ra\u017eo nep\u0101rtraukt\u0101 ekstr\u016bzijas proces\u0101, kas rada viendab\u012bgas \u0161\u0137\u0113rs\u0101m izvietotas sl\u0113gtu \u0161\u016bnu da\u013cas, savuk\u0101rt <strong>EPS<\/strong> putas ra\u017eo, veidn\u0113 izple\u0161ot sf\u0113riskas virtenes, izmantojot siltumu un spiedienu, lai savienotu virtenes kop\u0101.<\/span><\/p>\n<p>[\/vc_column_text][vc_btn title=&#8221;LASIT VAIRAK&#8221; style=&#8221;outline&#8221; shape=&#8221;square&#8221; color=&#8221;blue&#8221; size=&#8221;sm&#8221; align=&#8221;right&#8221; i_align=&#8221;right&#8221; i_icon_fontawesome=&#8221;fa fa-external-link&#8221; add_icon=&#8221;true&#8221; link=&#8221;url:https%3A%2F%2Fhotwiresystems.com%2Fwhat-is-polystyrene-eps-xps-different-uses-of-polystyrene%2F|title:Kas%20ir%20polistirols%20(EPS%2C%20XPS)%3F||&#8221;][\/vc_column][\/vc_row][vc_row][vc_column][vc_text_separator title=&#8221;&#8221; color=&#8221;orange&#8221; css=&#8221;&#8221;][\/vc_column][\/vc_row][vc_row][vc_column][vc_row_inner][vc_column_inner width=&#8221;1\/3&#8243;][vc_single_image image=&#8221;6827&#8243; img_size=&#8221;120&#215;120&#8243; alignment=&#8221;center&#8221;][vc_column_text]<\/p>\n<h1 style=\"text-align: center;\"><span style=\"color: #808080; font-size: 24pt;\"><span style=\"color: #ff6600;\">(+372)<\/span> 52 76 800<\/span><\/h1>\n<p>[\/vc_column_text][\/vc_column_inner][vc_column_inner width=&#8221;1\/3&#8243;][vc_single_image image=&#8221;6825&#8243; img_size=&#8221;120&#215;120&#8243; alignment=&#8221;center&#8221;][vc_column_text]<\/p>\n<h1 style=\"text-align: center;\"><span style=\"font-size: 24pt; color: #808080;\">Treiali tee 2-8<\/span><\/h1>\n<h1 style=\"text-align: center;\"><span style=\"font-size: 24pt; color: #ff6600;\">75312 Peetri alevik<\/span><\/h1>\n<h1 style=\"text-align: center;\"><span style=\"font-size: 24pt; color: #808080;\">Estonia<\/span><\/h1>\n<p>[\/vc_column_text][\/vc_column_inner][vc_column_inner width=&#8221;1\/3&#8243;][vc_single_image image=&#8221;6868&#8243; img_size=&#8221;120&#215;120&#8243; alignment=&#8221;center&#8221;][vc_column_text]<\/p>\n<h1 style=\"text-align: center;\"><span style=\"font-size: 24pt; color: #808080;\">info <span style=\"color: #ff6600;\">|@|<\/span><br \/>\nhotwiresystems.com<\/span><\/h1>\n<p>[\/vc_column_text][\/vc_column_inner][\/vc_row_inner][\/vc_column][\/vc_row][vc_row][vc_column][vc_column_text]<\/p>\n<blockquote>\n<h1 style=\"text-align: center;\"><span style=\"color: #808080;\">MES PIEGADAJAM PRECES VISA\u00a0<span style=\"color: #ff6600;\">LATVIJA!<\/span><\/span><\/h1>\n<\/blockquote>\n<p>[\/vc_column_text][\/vc_column][\/vc_row]<\/p>\n<\/div><!-- AddThis Advanced Settings generic via filter on the_content --><!-- AddThis Share Buttons generic via filter on the_content -->","protected":false},"excerpt":{"rendered":"<p>[vc_row][vc_column width=&#8221;1\/3&#8243;][vc_column_text] Siltumizolacijas PUTUPLASTA\u00a0GRIEZEJI [\/vc_column_text][\/vc_column][vc_column width=&#8221;1\/3&#8243;][vc_column_text] &#8220;KARSTA NA\u017dA&#8220; PUTUPLASTA GRIEZEJI [\/vc_column_text][\/vc_column][vc_column width=&#8221;1\/3&#8243;][vc_column_text] 3D CNC\u00a0PUTU GRIE\u0160ANAS [\/vc_column_text][\/vc_column][\/vc_row][vc_row][vc_column width=&#8221;1\/3&#8243;][vc_single_image image=&#8221;15522&#8243; img_size=&#8221;large&#8221; alignment=&#8221;center&#8221;][\/vc_column][vc_column width=&#8221;1\/3&#8243;][vc_single_image image=&#8221;15530&#8243; img_size=&#8221;large&#8221; alignment=&#8221;center&#8221;][\/vc_column][vc_column width=&#8221;1\/3&#8243;][vc_single_image image=&#8221;15514&#8243; img_size=&#8221;large&#8221; alignment=&#8221;center&#8221;][\/vc_column][\/vc_row][vc_row][vc_column width=&#8221;1\/3&#8243;][vc_column_text] Putuplasta griez\u0113js ir elektrisks instruments, ko izmanto, lai grieztu polistirola (EPS, XPS) putas un l\u012bdz\u012bgus materi\u0101lus. Ier\u012bce sast\u0101v no pl\u0101nas, nospriegotas grie\u0161anas stieples, kas bie\u017ei izgatavota [&hellip;]<!-- AddThis Advanced Settings generic via filter on get_the_excerpt --><!-- AddThis Share Buttons generic via filter on get_the_excerpt --><\/p>\n","protected":false},"author":2,"featured_media":15875,"parent":0,"menu_order":0,"comment_status":"closed","ping_status":"closed","template":"avaleht.php","meta":{"footnotes":""},"yoast_head":"<!-- This site is optimized with the Yoast SEO plugin v23.3 - https:\/\/yoast.com\/wordpress\/plugins\/seo\/ -->\n<title>Profession\u0101ls siltumizol\u0101cijas (EPS, XPS) putuplasta griez\u0113js<\/title>\n<meta name=\"description\" content=\"Siltumizol\u0101cijas putuplasta griez\u0113js - ir elektrisks instruments, ko izmanto, lai grieztu polistirola (EPS) putas un l\u012bdz\u012bgus materi\u0101lus.\" \/>\n<meta name=\"robots\" content=\"index, follow, max-snippet:-1, max-image-preview:large, max-video-preview:-1\" \/>\n<link rel=\"canonical\" href=\"https:\/\/hotwiresystems.com\/lv\/\" \/>\n<meta property=\"og:locale\" content=\"lv_LV\" \/>\n<meta property=\"og:type\" content=\"article\" \/>\n<meta property=\"og:title\" content=\"Profession\u0101ls siltumizol\u0101cijas (EPS, XPS) putuplasta griez\u0113js\" \/>\n<meta property=\"og:description\" content=\"Siltumizol\u0101cijas putuplasta griez\u0113js - ir elektrisks instruments, ko izmanto, lai grieztu polistirola (EPS) putas un l\u012bdz\u012bgus materi\u0101lus.\" \/>\n<meta property=\"og:url\" content=\"https:\/\/hotwiresystems.com\/lv\/\" \/>\n<meta property=\"article:modified_time\" content=\"2025-07-27T12:20:23+00:00\" \/>\n<meta property=\"og:image\" content=\"https:\/\/hotwiresystems.com\/wp-content\/uploads\/2020\/12\/Hot-wire-CNC-foam-cutters.png\" \/>\n\t<meta property=\"og:image:width\" content=\"1000\" \/>\n\t<meta property=\"og:image:height\" content=\"667\" \/>\n\t<meta property=\"og:image:type\" content=\"image\/png\" \/>\n<meta name=\"twitter:label1\" content=\"Est. reading time\" \/>\n\t<meta name=\"twitter:data1\" content=\"5 min\u016btes\" \/>\n<script type=\"application\/ld+json\" class=\"yoast-schema-graph\">{\"@context\":\"https:\/\/schema.org\",\"@graph\":[{\"@type\":\"WebPage\",\"@id\":\"https:\/\/hotwiresystems.com\/lv\/\",\"url\":\"https:\/\/hotwiresystems.com\/lv\/\",\"name\":\"Profession\u0101ls siltumizol\u0101cijas (EPS, XPS) putuplasta griez\u0113js\",\"isPartOf\":{\"@id\":\"https:\/\/hotwiresystems.com\/ar\/#website\"},\"primaryImageOfPage\":{\"@id\":\"https:\/\/hotwiresystems.com\/lv\/#primaryimage\"},\"image\":{\"@id\":\"https:\/\/hotwiresystems.com\/lv\/#primaryimage\"},\"thumbnailUrl\":\"https:\/\/www.hotwiresystems.com\/wp-content\/uploads\/2020\/12\/Hot-wire-CNC-foam-cutters.png\",\"datePublished\":\"2016-06-18T18:42:38+00:00\",\"dateModified\":\"2025-07-27T12:20:23+00:00\",\"description\":\"Siltumizol\u0101cijas putuplasta griez\u0113js - ir elektrisks instruments, ko izmanto, lai grieztu polistirola (EPS) putas un l\u012bdz\u012bgus materi\u0101lus.\",\"breadcrumb\":{\"@id\":\"https:\/\/hotwiresystems.com\/lv\/#breadcrumb\"},\"inLanguage\":\"lv\",\"potentialAction\":[{\"@type\":\"ReadAction\",\"target\":[\"https:\/\/hotwiresystems.com\/lv\/\"]}]},{\"@type\":\"ImageObject\",\"inLanguage\":\"lv\",\"@id\":\"https:\/\/hotwiresystems.com\/lv\/#primaryimage\",\"url\":\"https:\/\/www.hotwiresystems.com\/wp-content\/uploads\/2020\/12\/Hot-wire-CNC-foam-cutters.png\",\"contentUrl\":\"https:\/\/www.hotwiresystems.com\/wp-content\/uploads\/2020\/12\/Hot-wire-CNC-foam-cutters.png\",\"width\":1000,\"height\":667,\"caption\":\"Hot wire CNC foam cutters\"},{\"@type\":\"BreadcrumbList\",\"@id\":\"https:\/\/hotwiresystems.com\/lv\/#breadcrumb\",\"itemListElement\":[{\"@type\":\"ListItem\",\"position\":1,\"name\":\"Home\",\"item\":\"https:\/\/hotwiresystems.com\/lv\/\"},{\"@type\":\"ListItem\",\"position\":2,\"name\":\"Profession\u0101ls siltumizol\u0101cijas (EPS, XPS) putuplasta griez\u0113js\"}]},{\"@type\":\"WebSite\",\"@id\":\"https:\/\/hotwiresystems.com\/ar\/#website\",\"url\":\"https:\/\/hotwiresystems.com\/ar\/\",\"name\":\"\",\"description\":\"\",\"potentialAction\":[{\"@type\":\"SearchAction\",\"target\":{\"@type\":\"EntryPoint\",\"urlTemplate\":\"https:\/\/hotwiresystems.com\/ar\/?s={search_term_string}\"},\"query-input\":\"required name=search_term_string\"}],\"inLanguage\":\"lv\"}]}<\/script>\n<!-- \/ Yoast SEO plugin. -->","yoast_head_json":{"title":"Profession\u0101ls siltumizol\u0101cijas (EPS, XPS) putuplasta griez\u0113js","description":"Siltumizol\u0101cijas putuplasta griez\u0113js - ir elektrisks instruments, ko izmanto, lai grieztu polistirola (EPS) putas un l\u012bdz\u012bgus materi\u0101lus.","robots":{"index":"index","follow":"follow","max-snippet":"max-snippet:-1","max-image-preview":"max-image-preview:large","max-video-preview":"max-video-preview:-1"},"canonical":"https:\/\/hotwiresystems.com\/lv\/","og_locale":"lv_LV","og_type":"article","og_title":"Profession\u0101ls siltumizol\u0101cijas (EPS, XPS) putuplasta griez\u0113js","og_description":"Siltumizol\u0101cijas putuplasta griez\u0113js - ir elektrisks instruments, ko izmanto, lai grieztu polistirola (EPS) putas un l\u012bdz\u012bgus materi\u0101lus.","og_url":"https:\/\/hotwiresystems.com\/lv\/","article_modified_time":"2025-07-27T12:20:23+00:00","og_image":[{"width":1000,"height":667,"url":"https:\/\/hotwiresystems.com\/wp-content\/uploads\/2020\/12\/Hot-wire-CNC-foam-cutters.png","type":"image\/png"}],"twitter_misc":{"Est. reading time":"5 min\u016btes"},"schema":{"@context":"https:\/\/schema.org","@graph":[{"@type":"WebPage","@id":"https:\/\/hotwiresystems.com\/lv\/","url":"https:\/\/hotwiresystems.com\/lv\/","name":"Profession\u0101ls siltumizol\u0101cijas (EPS, XPS) putuplasta griez\u0113js","isPartOf":{"@id":"https:\/\/hotwiresystems.com\/ar\/#website"},"primaryImageOfPage":{"@id":"https:\/\/hotwiresystems.com\/lv\/#primaryimage"},"image":{"@id":"https:\/\/hotwiresystems.com\/lv\/#primaryimage"},"thumbnailUrl":"https:\/\/www.hotwiresystems.com\/wp-content\/uploads\/2020\/12\/Hot-wire-CNC-foam-cutters.png","datePublished":"2016-06-18T18:42:38+00:00","dateModified":"2025-07-27T12:20:23+00:00","description":"Siltumizol\u0101cijas putuplasta griez\u0113js - ir elektrisks instruments, ko izmanto, lai grieztu polistirola (EPS) putas un l\u012bdz\u012bgus materi\u0101lus.","breadcrumb":{"@id":"https:\/\/hotwiresystems.com\/lv\/#breadcrumb"},"inLanguage":"lv","potentialAction":[{"@type":"ReadAction","target":["https:\/\/hotwiresystems.com\/lv\/"]}]},{"@type":"ImageObject","inLanguage":"lv","@id":"https:\/\/hotwiresystems.com\/lv\/#primaryimage","url":"https:\/\/www.hotwiresystems.com\/wp-content\/uploads\/2020\/12\/Hot-wire-CNC-foam-cutters.png","contentUrl":"https:\/\/www.hotwiresystems.com\/wp-content\/uploads\/2020\/12\/Hot-wire-CNC-foam-cutters.png","width":1000,"height":667,"caption":"Hot wire CNC foam cutters"},{"@type":"BreadcrumbList","@id":"https:\/\/hotwiresystems.com\/lv\/#breadcrumb","itemListElement":[{"@type":"ListItem","position":1,"name":"Home","item":"https:\/\/hotwiresystems.com\/lv\/"},{"@type":"ListItem","position":2,"name":"Profession\u0101ls siltumizol\u0101cijas (EPS, XPS) putuplasta griez\u0113js"}]},{"@type":"WebSite","@id":"https:\/\/hotwiresystems.com\/ar\/#website","url":"https:\/\/hotwiresystems.com\/ar\/","name":"","description":"","potentialAction":[{"@type":"SearchAction","target":{"@type":"EntryPoint","urlTemplate":"https:\/\/hotwiresystems.com\/ar\/?s={search_term_string}"},"query-input":"required name=search_term_string"}],"inLanguage":"lv"}]}},"_links":{"self":[{"href":"https:\/\/hotwiresystems.com\/lv\/wp-json\/wp\/v2\/pages\/6781"}],"collection":[{"href":"https:\/\/hotwiresystems.com\/lv\/wp-json\/wp\/v2\/pages"}],"about":[{"href":"https:\/\/hotwiresystems.com\/lv\/wp-json\/wp\/v2\/types\/page"}],"author":[{"embeddable":true,"href":"https:\/\/hotwiresystems.com\/lv\/wp-json\/wp\/v2\/users\/2"}],"replies":[{"embeddable":true,"href":"https:\/\/hotwiresystems.com\/lv\/wp-json\/wp\/v2\/comments?post=6781"}],"version-history":[{"count":5,"href":"https:\/\/hotwiresystems.com\/lv\/wp-json\/wp\/v2\/pages\/6781\/revisions"}],"predecessor-version":[{"id":7393,"href":"https:\/\/hotwiresystems.com\/lv\/wp-json\/wp\/v2\/pages\/6781\/revisions\/7393"}],"wp:featuredmedia":[{"embeddable":true,"href":"https:\/\/hotwiresystems.com\/lv\/wp-json\/wp\/v2\/media\/15875"}],"wp:attachment":[{"href":"https:\/\/hotwiresystems.com\/lv\/wp-json\/wp\/v2\/media?parent=6781"}],"curies":[{"name":"wp","href":"https:\/\/api.w.org\/{rel}","templated":true}]}}