{"id":6975,"date":"2016-07-03T18:59:51","date_gmt":"2016-07-03T16:59:51","guid":{"rendered":"http:\/\/www.hotwiresystems.com\/lt\/?page_id=6975"},"modified":"2025-07-25T19:45:23","modified_gmt":"2025-07-25T17:45:23","slug":"polistireno-pjaustykle-putplascio-pjovimo-irankiai-putu-polistirolo-pjaustykle","status":"publish","type":"page","link":"https:\/\/hotwiresystems.com\/lt\/","title":{"rendered":"Polistireno pjaustykl\u0117 | Putplas\u010dio pjovimo \u012frankiai | Put\u0173 polistirolo pjaustykl\u0117"},"content":{"rendered":"<div class=\"wpb-content-wrapper\"><p>[vc_row][vc_column width=&#8221;1\/3&#8243;][vc_column_text]<\/p>\n<h2 style=\"text-align: center;\"><span style=\"font-size: 24pt; color: #808080;\">Putu Polistirolo<\/span><\/h2>\n<h2 style=\"text-align: center;\"><span style=\"font-size: 24pt; color: #ff6600;\">Pjaustykles irankiai<\/span><\/h2>\n<p>[\/vc_column_text][\/vc_column][vc_column width=&#8221;1\/3&#8243;][vc_column_text]<\/p>\n<h2 style=\"text-align: center;\"><span style=\"color: #ff6600; font-size: 24pt;\">Putplascio pjovimo<\/span><\/h2>\n<h2 style=\"text-align: center;\"><span style=\"font-size: 24pt; color: #808080;\"><span style=\"color: #ff6600;\">&#8220;<\/span>Kar\u0161tas peilis<span style=\"color: #ff6600;\">&#8220;<\/span><\/span><\/h2>\n<p>[\/vc_column_text][\/vc_column][vc_column width=&#8221;1\/3&#8243;][vc_column_text]<\/p>\n<h2 style=\"text-align: center;\"><span style=\"font-size: 24pt; color: #808080;\">3D <span style=\"color: #ff6600;\">CNC<\/span> Polistirolo pjaustymas<\/span><\/h2>\n<p>[\/vc_column_text][\/vc_column][\/vc_row][vc_row][vc_column width=&#8221;1\/3&#8243;][vc_single_image image=&#8221;15555&#8243; img_size=&#8221;large&#8221; alignment=&#8221;center&#8221;][\/vc_column][vc_column width=&#8221;1\/3&#8243;][vc_single_image image=&#8221;15547&#8243; img_size=&#8221;large&#8221; alignment=&#8221;center&#8221;][\/vc_column][vc_column width=&#8221;1\/3&#8243;][vc_single_image image=&#8221;15539&#8243; img_size=&#8221;large&#8221; alignment=&#8221;center&#8221;][\/vc_column][\/vc_row][vc_row][vc_column width=&#8221;1\/3&#8243;][vc_column_text]<\/p>\n<p style=\"text-align: left;\"><span style=\"color: #000000; font-size: 12pt;\">Kar\u0161tos vielos put\u0173 <strong>Polistirolo pjaustykl\u0117s<\/strong> \u2013 tai elektrinis \u012frenginys, naudojamas polistireninio putplas\u010dio <strong>(EPS, XPS)<\/strong> ir pana\u0161i\u0173 med\u017eiag\u0173 pjaustymui. Prietais\u0105 sudaro plona, da\u017eniausiai i\u0161 nichromo, titano ar ner\u016bdijan\u010dio plieno pagaminta pjovimo viela, arba norimos formos storesn\u0117 viela, kuri elektros var\u017eos pagalba \u012fkaitinama iki ma\u017edaug <strong>500 \u00b0C.<\/strong> Pjovimo vielai pjaunant med\u017eiag\u0105, \u012fkaitusi viela j\u0105 perpjauna dar iki \u012fvykstant kontaktui.<\/span><\/p>\n<p>[\/vc_column_text][\/vc_column][vc_column width=&#8221;1\/3&#8243;][vc_column_text]<\/p>\n<p style=\"text-align: left;\"><span style=\"font-size: 12pt; color: #000000;\">Kompakti\u0161kas, mobilus ir galingas put\u0173 polistirolo rankinis pjovimo peilis\u00a0<strong>\u201eKAR\u0160TAS PEILIS&#8221;<\/strong>\u00a0Styro-Cut meistri\u0161kam ir greitam darbui! \u012esigij\u0119 polistireno pjaustikl\u012f <strong>Styro-Cut<\/strong>, gausite patikim\u0105, prakti\u0161k\u0105 ir lengv\u0105 putplas\u010dio pjovimui <strong>(EPS, XPS)<\/strong> skirt\u0105 polistireno pjaustikl\u012f. Didelis privalumas polistirolo pjaustykl\u0117s Styro-Cut \u2013 ma\u017eas dydis. \u0160is patogus prietaisas labai naudingas dirbant ypa\u010d ank\u0161toje darbo aplinkoje.<\/span><\/p>\n<p>[\/vc_column_text][\/vc_column][vc_column width=&#8221;1\/3&#8243;][vc_column_text]<\/p>\n<p style=\"text-align: left;\"><span style=\"color: #000000; font-size: 12pt;\">Naudojant \u0161iuolaikines technologijas, <strong>CNC<\/strong> put\u0173 polistirolo kar\u0161tos vielos pjovimo stakl\u0117s prakti\u0161kai leid\u017eia sukurti bet kok\u012f sud\u0117tingiausios formos produkt\u0105 greitai, tiksliai ir pakankamai nebrangiai. <strong>CNC<\/strong> kar\u0161tos vielos <strong>put\u0173 polistirolo pjaustykl\u0117s<\/strong> naudojamas norint sukurti raides, logotipus (<strong>3D<\/strong> logotipus), grafikos elementus, i\u0161kabas, vidaus ir lauko reklam\u0173 etiketes, dekoro elementus, teatro ar kino dekoracijas, vis\u0173 r\u016b\u0161i\u0173 pakuotes.<\/span><\/p>\n<p>[\/vc_column_text][\/vc_column][\/vc_row][vc_row][vc_column width=&#8221;1\/3&#8243;][vc_btn title=&#8221;SKAITYTI DAUGIAU&#8221; style=&#8221;outline&#8221; shape=&#8221;square&#8221; color=&#8221;blue&#8221; size=&#8221;sm&#8221; align=&#8221;right&#8221; i_align=&#8221;right&#8221; i_icon_fontawesome=&#8221;&#8221; css=&#8221;&#8221; add_icon=&#8221;true&#8221; link=&#8221;url:https%3A%2F%2Fhws.ee%2Flt%2Fprodukto-kategorija%2Fkarstos-vielos-pjaustykles%2F|title:Polistirolo%20pjaustymo%20%C4%AFrankiai|target:_blank&#8221;][\/vc_column][vc_column width=&#8221;1\/3&#8243;][vc_btn title=&#8221;SKAITYTI DAUGIAU&#8221; style=&#8221;outline&#8221; shape=&#8221;square&#8221; color=&#8221;blue&#8221; size=&#8221;sm&#8221; align=&#8221;right&#8221; i_align=&#8221;right&#8221; i_icon_fontawesome=&#8221;&#8221; css=&#8221;&#8221; add_icon=&#8221;true&#8221; link=&#8221;url:https%3A%2F%2Fhws.ee%2Flt%2Fkoik-tooted%2Fpolistirolo-pjaustykles-hws250%2F|title:Kar%C5%A1tu%20peiliu%20%22HWS250!%22|target:_blank&#8221;][\/vc_column][vc_column width=&#8221;1\/3&#8243;][vc_btn title=&#8221;SKAITYTI DAUGIAU&#8221; style=&#8221;outline&#8221; shape=&#8221;square&#8221; color=&#8221;blue&#8221; size=&#8221;sm&#8221; align=&#8221;right&#8221; i_align=&#8221;right&#8221; i_icon_fontawesome=&#8221;&#8221; css=&#8221;&#8221; add_icon=&#8221;true&#8221; link=&#8221;url:https%3A%2F%2Fhotwiresystems.com%2Fhot-wire-cnc-foam-cutters%2F|title:Rankiniai%20stiropor%C4%85%20ir%20polistirolo%20pjaustykl%C4%97s%20HWS||&#8221;][\/vc_column][\/vc_row][vc_row][vc_column][vc_separator color=&#8221;orange&#8221;][\/vc_column][\/vc_row][vc_row][vc_column][vc_custom_heading text=&#8221;\u201cBest selection of foam EPS, XPS cutting equipment on market!\u201d&#8221; font_container=&#8221;tag:h5|font_size:33|text_align:center|color:%23e86c00|line_height:1&#8243; google_fonts=&#8221;font_family:Pacifico%3Aregular|font_style:400%20regular%3A400%3Anormal&#8221; css=&#8221;&#8221; link=&#8221;url:https%3A%2F%2Fhws.ee%2Flt%2F|target:_blank&#8221;][\/vc_column][\/vc_row][vc_row][vc_column][vc_empty_space height=&#8221;15&#8243;][vc_separator color=&#8221;orange&#8221;][\/vc_column][\/vc_row][vc_row][vc_column width=&#8221;1\/4&#8243;][vc_single_image image=&#8221;7005&#8243; img_size=&#8221;large&#8221; alignment=&#8221;center&#8221;][\/vc_column][vc_column width=&#8221;3\/4&#8243;][vc_column_text]<\/p>\n<h2 style=\"text-align: right;\"><span style=\"font-size: 36pt; color: #808080;\">NICHROMO PJOVIMO VIELA &#8211; <span style=\"color: #ff6600;\">NICR<\/span>!<\/span><\/h2>\n<p style=\"text-align: left;\"><span style=\"font-size: 12pt; color: #000000;\"><strong>Nichromo<\/strong> pjovimo viela turi unikali\u0105 savyb\u0119 \u2013 ji \u012fkaista \u012fjungus \u012f elektros \u0161altin\u012f. Nichromo viela \u2013 tai optimalus pjaustymo vielos pasirinkimas polistireninio putplas\u010dio pjaustikliams <strong>(EPS, XPS)<\/strong> ir CNC polistirolo put\u0173 pjaustymo stakl\u0117ms d\u0117l \u012fvairi\u0173 prie\u017eas\u010di\u0173, o ypa\u010d d\u0117l to, kad \u0161i viela atspari korozijai ir oksidacijai net ir esant labai auk\u0161tai temperat\u016brai. Pjovimo metu nichromo pjovimo viela pasiekia keli\u0173 \u0161imt\u0173 Celsijaus laipsni\u0173 temperat\u016br\u0105.<\/span><\/p>\n<p>[\/vc_column_text][vc_btn title=&#8221;SKAITYTI DAUGIAU&#8221; style=&#8221;outline&#8221; shape=&#8221;square&#8221; color=&#8221;blue&#8221; size=&#8221;sm&#8221; align=&#8221;right&#8221; i_align=&#8221;right&#8221; i_icon_fontawesome=&#8221;&#8221; css=&#8221;&#8221; add_icon=&#8221;true&#8221; link=&#8221;url:https%3A%2F%2Fhotwiresystems.com%2Fnichrome-wire-hot-wire-foam-cutters%2F|title:Nichromo%20pjovimo%20viela%20%E2%80%93%20NICR!||&#8221;][\/vc_column][\/vc_row][vc_row][vc_column width=&#8221;1\/4&#8243;][vc_single_image image=&#8221;7001&#8243; img_size=&#8221;large&#8221; alignment=&#8221;center&#8221;][\/vc_column][vc_column width=&#8221;3\/4&#8243;][vc_column_text]<\/p>\n<h2 style=\"text-align: right;\"><span style=\"font-size: 36pt; color: #808080;\">KAS YRA POLISTIRENAS <span style=\"color: #ff6600;\">(EPS, XPS)<\/span>?<\/span><\/h2>\n<p style=\"text-align: left;\"><span style=\"font-size: 12pt; color: #000000;\">Dviej\u0173 r\u016b\u0161i\u0173 polistireninis putplastis, kur\u012f geriausiai pjausto put\u0173 polistirolo pjaustikliai, pjaustymo sistemos kar\u0161ta viela ir <strong>\u201eHot knife\u201c<\/strong> peiliai: ekstruzinis polistirenas <strong>(XPS putplastis)<\/strong> ir polistireninis putplastis <strong>(EPS putplastis)<\/strong>. Nors abu izoliacijos tipus sudaro polistirenas, du skirtingi gamybos procesai pagamina daug skirting\u0173 savybi\u0173 turin\u010dius produktus. XPS put\u0173 polistirolas gaminamas ekstruzijos b\u016bdu, kurio metu pagaminama vientisa ir u\u017edara por\u0173 strukt\u016bra, o EPS putplastis gaminamas formoje i\u0161ple\u010diant ir sujungiant \u0161ias sferines daleles (panaudojant kar\u0161t\u012f ir sl\u0117g\u012f).<\/span><\/p>\n<p>[\/vc_column_text][vc_btn title=&#8221;SKAITYTI DAUGIAU&#8221; style=&#8221;outline&#8221; shape=&#8221;square&#8221; color=&#8221;blue&#8221; size=&#8221;sm&#8221; align=&#8221;right&#8221; i_align=&#8221;right&#8221; i_icon_fontawesome=&#8221;&#8221; css=&#8221;&#8221; add_icon=&#8221;true&#8221; link=&#8221;url:https%3A%2F%2Fhotwiresystems.com%2Fwhat-is-polystyrene-eps-xps-different-uses-of-polystyrene%2F|title:Kas%20yra%20polistirenas%20(EPS%2C%20XPS)%3F||&#8221;][\/vc_column][\/vc_row][vc_row][vc_column][vc_separator color=&#8221;orange&#8221;][\/vc_column][\/vc_row][vc_row][vc_column width=&#8221;1\/3&#8243;][vc_single_image image=&#8221;6963&#8243; img_size=&#8221;120&#215;120&#8243; alignment=&#8221;center&#8221; css_animation=&#8221;none&#8221;][vc_column_text]<\/p>\n<h2 style=\"text-align: center;\"><span style=\"font-size: 24pt; color: #808080;\"><span style=\"color: #ff6600;\">(+372)<\/span> 52 76 800<\/span><\/h2>\n<p>[\/vc_column_text][\/vc_column][vc_column width=&#8221;1\/3&#8243;][vc_single_image image=&#8221;6961&#8243; img_size=&#8221;120&#215;120&#8243; alignment=&#8221;center&#8221; css_animation=&#8221;none&#8221;][vc_column_text]<\/p>\n<h2 style=\"text-align: center;\"><span style=\"font-size: 24pt; color: #808080;\">Treiali tee 2-8<\/span><\/h2>\n<h2 style=\"text-align: center;\"><span style=\"font-size: 24pt; color: #ff6600;\">75312 Peetri alevik<\/span><\/h2>\n<h2 style=\"text-align: center;\"><span style=\"font-size: 24pt; color: #808080;\">Estonia<\/span><\/h2>\n<p>[\/vc_column_text][\/vc_column][vc_column width=&#8221;1\/3&#8243;][vc_single_image image=&#8221;6962&#8243; img_size=&#8221;120&#215;120&#8243; alignment=&#8221;center&#8221; css_animation=&#8221;none&#8221;][vc_column_text css=&#8221;&#8221;]<\/p>\n<h2 style=\"text-align: center;\"><span style=\"font-size: 24pt; color: #808080;\">info <span style=\"color: #ff6600;\">|@|<\/span><br \/>\nhotwiresystems.com<\/span><\/h2>\n<p>[\/vc_column_text][\/vc_column][\/vc_row][vc_row][vc_column][vc_column_text]<\/p>\n<blockquote>\n<p style=\"text-align: center;\"><span style=\"font-size: 18pt; color: #ff6600;\">NORITE TAPTI PARDAVIMU PARTNERIU? TIESIOG SUSISIEKITE SU MUMIS<a href=\"http:\/\/www.dpd.com\" target=\"_blank\" rel=\"noopener noreferrer\">!<\/a><\/span><\/p>\n<\/blockquote>\n<p>[\/vc_column_text][vc_separator color=&#8221;orange&#8221;][\/vc_column][\/vc_row][vc_row][vc_column][vc_empty_space height=&#8221;15&#8243;][\/vc_column][\/vc_row][vc_row content_placement=&#8221;bottom&#8221;][vc_column][vc_btn title=&#8221;ATSIUSKITE SAVO U\u017dKLAUSA&#8221; style=&#8221;outline&#8221; shape=&#8221;square&#8221; color=&#8221;green&#8221; size=&#8221;lg&#8221; align=&#8221;center&#8221; css_animation=&#8221;none&#8221; css=&#8221;&#8221; link=&#8221;url:https%3A%2F%2Fhotwiresystems.com%2Flt%2Fkontaktai-putu-polistirolo-pjaustykles%2F|title:Kontaktai&#8221;][\/vc_column][\/vc_row]<\/p>\n<\/div><!-- AddThis Advanced Settings generic via filter on the_content --><!-- AddThis Share Buttons generic via filter on the_content -->","protected":false},"excerpt":{"rendered":"<p>[vc_row][vc_column width=&#8221;1\/3&#8243;][vc_column_text] Putu Polistirolo Pjaustykles irankiai [\/vc_column_text][\/vc_column][vc_column width=&#8221;1\/3&#8243;][vc_column_text] Putplascio pjovimo &#8220;Kar\u0161tas peilis&#8220; [\/vc_column_text][\/vc_column][vc_column width=&#8221;1\/3&#8243;][vc_column_text] 3D CNC Polistirolo pjaustymas [\/vc_column_text][\/vc_column][\/vc_row][vc_row][vc_column width=&#8221;1\/3&#8243;][vc_single_image image=&#8221;15555&#8243; img_size=&#8221;large&#8221; alignment=&#8221;center&#8221;][\/vc_column][vc_column width=&#8221;1\/3&#8243;][vc_single_image image=&#8221;15547&#8243; img_size=&#8221;large&#8221; alignment=&#8221;center&#8221;][\/vc_column][vc_column width=&#8221;1\/3&#8243;][vc_single_image image=&#8221;15539&#8243; img_size=&#8221;large&#8221; alignment=&#8221;center&#8221;][\/vc_column][\/vc_row][vc_row][vc_column width=&#8221;1\/3&#8243;][vc_column_text] Kar\u0161tos vielos put\u0173 Polistirolo pjaustykl\u0117s \u2013 tai elektrinis \u012frenginys, naudojamas polistireninio putplas\u010dio (EPS, XPS) ir pana\u0161i\u0173 med\u017eiag\u0173 pjaustymui. Prietais\u0105 sudaro plona, da\u017eniausiai i\u0161 [&hellip;]<!-- AddThis Advanced Settings generic via filter on get_the_excerpt --><!-- AddThis Share Buttons generic via filter on get_the_excerpt --><\/p>\n","protected":false},"author":2,"featured_media":15555,"parent":0,"menu_order":0,"comment_status":"closed","ping_status":"closed","template":"avaleht.php","meta":{"footnotes":""},"yoast_head":"<!-- This site is optimized with the Yoast SEO plugin v23.3 - https:\/\/yoast.com\/wordpress\/plugins\/seo\/ -->\n<title>Put\u0173 polistirolo pjaustykl\u0117s | Putplas\u010dio pjovimo \u012frankiai<\/title>\n<meta name=\"description\" content=\"Kar\u0161tos vielos Put\u0173 polistirolo pjaustykl\u0117s \u2013 tai elektrinis \u012frenginys, naudojamas polistireninio putplas\u010dio ir pana\u0161i\u0173 med\u017eiag\u0173 pjaustymui.\" \/>\n<meta name=\"robots\" content=\"index, follow, max-snippet:-1, max-image-preview:large, max-video-preview:-1\" \/>\n<link rel=\"canonical\" href=\"https:\/\/hotwiresystems.com\/lt\/\" \/>\n<meta property=\"og:locale\" content=\"lt_LT\" \/>\n<meta property=\"og:type\" content=\"article\" \/>\n<meta property=\"og:title\" content=\"Put\u0173 polistirolo pjaustykl\u0117s | Putplas\u010dio pjovimo \u012frankiai\" \/>\n<meta property=\"og:description\" content=\"Kar\u0161tos vielos Put\u0173 polistirolo pjaustykl\u0117s \u2013 tai elektrinis \u012frenginys, naudojamas polistireninio putplas\u010dio ir pana\u0161i\u0173 med\u017eiag\u0173 pjaustymui.\" \/>\n<meta property=\"og:url\" content=\"https:\/\/hotwiresystems.com\/lt\/\" \/>\n<meta property=\"article:modified_time\" content=\"2025-07-25T17:45:23+00:00\" \/>\n<meta property=\"og:image\" content=\"https:\/\/www.hotwiresystems.com\/wp-content\/uploads\/2020\/11\/Polistirolo-pjaustykl\u0117s-2.jpg\" \/>\n\t<meta property=\"og:image:width\" content=\"480\" \/>\n\t<meta property=\"og:image:height\" content=\"480\" \/>\n\t<meta property=\"og:image:type\" content=\"image\/jpeg\" \/>\n<meta name=\"twitter:label1\" content=\"Est. reading time\" \/>\n\t<meta name=\"twitter:data1\" content=\"5 minutes\" \/>\n<script type=\"application\/ld+json\" class=\"yoast-schema-graph\">{\"@context\":\"https:\/\/schema.org\",\"@graph\":[{\"@type\":\"WebPage\",\"@id\":\"https:\/\/hotwiresystems.com\/lt\/\",\"url\":\"https:\/\/hotwiresystems.com\/lt\/\",\"name\":\"Put\u0173 polistirolo pjaustykl\u0117s | Putplas\u010dio pjovimo \u012frankiai\",\"isPartOf\":{\"@id\":\"https:\/\/hotwiresystems.com\/#website\"},\"primaryImageOfPage\":{\"@id\":\"https:\/\/hotwiresystems.com\/lt\/#primaryimage\"},\"image\":{\"@id\":\"https:\/\/hotwiresystems.com\/lt\/#primaryimage\"},\"thumbnailUrl\":\"https:\/\/hotwiresystems.com\/wp-content\/uploads\/2020\/11\/Polistirolo-pjaustykl\u0117s-2.jpg\",\"datePublished\":\"2016-07-03T16:59:51+00:00\",\"dateModified\":\"2025-07-25T17:45:23+00:00\",\"description\":\"Kar\u0161tos vielos Put\u0173 polistirolo pjaustykl\u0117s \u2013 tai elektrinis \u012frenginys, naudojamas polistireninio putplas\u010dio ir pana\u0161i\u0173 med\u017eiag\u0173 pjaustymui.\",\"breadcrumb\":{\"@id\":\"https:\/\/hotwiresystems.com\/lt\/#breadcrumb\"},\"inLanguage\":\"lt\",\"potentialAction\":[{\"@type\":\"ReadAction\",\"target\":[\"https:\/\/hotwiresystems.com\/lt\/\"]}]},{\"@type\":\"ImageObject\",\"inLanguage\":\"lt\",\"@id\":\"https:\/\/hotwiresystems.com\/lt\/#primaryimage\",\"url\":\"https:\/\/hotwiresystems.com\/wp-content\/uploads\/2020\/11\/Polistirolo-pjaustykl\u0117s-2.jpg\",\"contentUrl\":\"https:\/\/hotwiresystems.com\/wp-content\/uploads\/2020\/11\/Polistirolo-pjaustykl\u0117s-2.jpg\",\"width\":480,\"height\":480,\"caption\":\"polistirolo pjaustykl\u0117s\"},{\"@type\":\"BreadcrumbList\",\"@id\":\"https:\/\/hotwiresystems.com\/lt\/#breadcrumb\",\"itemListElement\":[{\"@type\":\"ListItem\",\"position\":1,\"name\":\"Home\",\"item\":\"https:\/\/hotwiresystems.com\/lt\/\"},{\"@type\":\"ListItem\",\"position\":2,\"name\":\"Polistireno pjaustykl\u0117 | Putplas\u010dio pjovimo \u012frankiai | Put\u0173 polistirolo pjaustykl\u0117\"}]},{\"@type\":\"WebSite\",\"@id\":\"https:\/\/hotwiresystems.com\/#website\",\"url\":\"https:\/\/hotwiresystems.com\/\",\"name\":\"\",\"description\":\"\",\"potentialAction\":[{\"@type\":\"SearchAction\",\"target\":{\"@type\":\"EntryPoint\",\"urlTemplate\":\"https:\/\/hotwiresystems.com\/?s={search_term_string}\"},\"query-input\":\"required name=search_term_string\"}],\"inLanguage\":\"lt\"}]}<\/script>\n<!-- \/ Yoast SEO plugin. -->","yoast_head_json":{"title":"Put\u0173 polistirolo pjaustykl\u0117s | Putplas\u010dio pjovimo \u012frankiai","description":"Kar\u0161tos vielos Put\u0173 polistirolo pjaustykl\u0117s \u2013 tai elektrinis \u012frenginys, naudojamas polistireninio putplas\u010dio ir pana\u0161i\u0173 med\u017eiag\u0173 pjaustymui.","robots":{"index":"index","follow":"follow","max-snippet":"max-snippet:-1","max-image-preview":"max-image-preview:large","max-video-preview":"max-video-preview:-1"},"canonical":"https:\/\/hotwiresystems.com\/lt\/","og_locale":"lt_LT","og_type":"article","og_title":"Put\u0173 polistirolo pjaustykl\u0117s | Putplas\u010dio pjovimo \u012frankiai","og_description":"Kar\u0161tos vielos Put\u0173 polistirolo pjaustykl\u0117s \u2013 tai elektrinis \u012frenginys, naudojamas polistireninio putplas\u010dio ir pana\u0161i\u0173 med\u017eiag\u0173 pjaustymui.","og_url":"https:\/\/hotwiresystems.com\/lt\/","article_modified_time":"2025-07-25T17:45:23+00:00","og_image":[{"width":480,"height":480,"url":"https:\/\/www.hotwiresystems.com\/wp-content\/uploads\/2020\/11\/Polistirolo-pjaustykl\u0117s-2.jpg","type":"image\/jpeg"}],"twitter_misc":{"Est. reading time":"5 minutes"},"schema":{"@context":"https:\/\/schema.org","@graph":[{"@type":"WebPage","@id":"https:\/\/hotwiresystems.com\/lt\/","url":"https:\/\/hotwiresystems.com\/lt\/","name":"Put\u0173 polistirolo pjaustykl\u0117s | Putplas\u010dio pjovimo \u012frankiai","isPartOf":{"@id":"https:\/\/hotwiresystems.com\/#website"},"primaryImageOfPage":{"@id":"https:\/\/hotwiresystems.com\/lt\/#primaryimage"},"image":{"@id":"https:\/\/hotwiresystems.com\/lt\/#primaryimage"},"thumbnailUrl":"https:\/\/hotwiresystems.com\/wp-content\/uploads\/2020\/11\/Polistirolo-pjaustykl\u0117s-2.jpg","datePublished":"2016-07-03T16:59:51+00:00","dateModified":"2025-07-25T17:45:23+00:00","description":"Kar\u0161tos vielos Put\u0173 polistirolo pjaustykl\u0117s \u2013 tai elektrinis \u012frenginys, naudojamas polistireninio putplas\u010dio ir pana\u0161i\u0173 med\u017eiag\u0173 pjaustymui.","breadcrumb":{"@id":"https:\/\/hotwiresystems.com\/lt\/#breadcrumb"},"inLanguage":"lt","potentialAction":[{"@type":"ReadAction","target":["https:\/\/hotwiresystems.com\/lt\/"]}]},{"@type":"ImageObject","inLanguage":"lt","@id":"https:\/\/hotwiresystems.com\/lt\/#primaryimage","url":"https:\/\/hotwiresystems.com\/wp-content\/uploads\/2020\/11\/Polistirolo-pjaustykl\u0117s-2.jpg","contentUrl":"https:\/\/hotwiresystems.com\/wp-content\/uploads\/2020\/11\/Polistirolo-pjaustykl\u0117s-2.jpg","width":480,"height":480,"caption":"polistirolo pjaustykl\u0117s"},{"@type":"BreadcrumbList","@id":"https:\/\/hotwiresystems.com\/lt\/#breadcrumb","itemListElement":[{"@type":"ListItem","position":1,"name":"Home","item":"https:\/\/hotwiresystems.com\/lt\/"},{"@type":"ListItem","position":2,"name":"Polistireno pjaustykl\u0117 | Putplas\u010dio pjovimo \u012frankiai | Put\u0173 polistirolo pjaustykl\u0117"}]},{"@type":"WebSite","@id":"https:\/\/hotwiresystems.com\/#website","url":"https:\/\/hotwiresystems.com\/","name":"","description":"","potentialAction":[{"@type":"SearchAction","target":{"@type":"EntryPoint","urlTemplate":"https:\/\/hotwiresystems.com\/?s={search_term_string}"},"query-input":"required name=search_term_string"}],"inLanguage":"lt"}]}},"_links":{"self":[{"href":"https:\/\/hotwiresystems.com\/lt\/wp-json\/wp\/v2\/pages\/6975"}],"collection":[{"href":"https:\/\/hotwiresystems.com\/lt\/wp-json\/wp\/v2\/pages"}],"about":[{"href":"https:\/\/hotwiresystems.com\/lt\/wp-json\/wp\/v2\/types\/page"}],"author":[{"embeddable":true,"href":"https:\/\/hotwiresystems.com\/lt\/wp-json\/wp\/v2\/users\/2"}],"replies":[{"embeddable":true,"href":"https:\/\/hotwiresystems.com\/lt\/wp-json\/wp\/v2\/comments?post=6975"}],"version-history":[{"count":5,"href":"https:\/\/hotwiresystems.com\/lt\/wp-json\/wp\/v2\/pages\/6975\/revisions"}],"predecessor-version":[{"id":16488,"href":"https:\/\/hotwiresystems.com\/lt\/wp-json\/wp\/v2\/pages\/6975\/revisions\/16488"}],"wp:featuredmedia":[{"embeddable":true,"href":"https:\/\/hotwiresystems.com\/lt\/wp-json\/wp\/v2\/media\/15555"}],"wp:attachment":[{"href":"https:\/\/hotwiresystems.com\/lt\/wp-json\/wp\/v2\/media?parent=6975"}],"curies":[{"name":"wp","href":"https:\/\/api.w.org\/{rel}","templated":true}]}}