{"id":6944,"date":"2016-07-03T12:18:06","date_gmt":"2016-07-03T10:18:06","guid":{"rendered":"http:\/\/www.hotwiresystems.com\/lt\/?page_id=6944"},"modified":"2025-07-25T20:01:08","modified_gmt":"2025-07-25T18:01:08","slug":"kontaktai-putu-polistirolo-pjaustykles","status":"publish","type":"page","link":"https:\/\/hotwiresystems.com\/lt\/kontaktai-putu-polistirolo-pjaustykles\/","title":{"rendered":"Kontaktai | \u201cYour specialist for insulation cutting systems\u201c"},"content":{"rendered":"<div class=\"wpb-content-wrapper\"><p>[vc_row][vc_column width=&#8221;1\/2&#8243;][vc_column_text]<\/p>\n<h1><span style=\"font-size: 36pt; color: #808080;\">MUSU KONTAKTAI<\/span><\/h1>\n<p>[\/vc_column_text][\/vc_column][vc_column width=&#8221;1\/2&#8243;][vc_column_text]<\/p>\n<h2><span style=\"font-size: 36pt; color: #808080;\">Siusti pra\u0161yma<\/span><\/h2>\n<p>[\/vc_column_text][\/vc_column][\/vc_row][vc_row][vc_column width=&#8221;1\/2&#8243;][vc_row_inner][vc_column_inner width=&#8221;1\/4&#8243;][vc_single_image image=&#8221;6964&#8243; img_size=&#8221;50&#215;50&#8243; alignment=&#8221;right&#8221;][\/vc_column_inner][vc_column_inner width=&#8221;3\/4&#8243;][vc_column_text]<\/p>\n<h3 style=\"text-align: left;\"><span style=\"font-size: 24pt; color: #ff6600;\">Hotwire Systems O\u00dc<\/span><\/h3>\n<h6><span style=\"font-size: 14pt; color: #808080;\">Reg # 12444328<\/span><\/h6>\n<h6><span style=\"font-size: 14pt; color: #808080;\"><a style=\"color: #808080;\" href=\"https:\/\/ec.europa.eu\/taxation_customs\/vies\/?locale=et\" target=\"_blank\" rel=\"noopener noreferrer\">PMV\u00a0#\u00a0EE101649234<\/a><\/span><\/h6>\n<p>[\/vc_column_text][\/vc_column_inner][\/vc_row_inner][vc_row_inner][vc_column_inner width=&#8221;1\/4&#8243;][vc_single_image image=&#8221;6961&#8243; img_size=&#8221;50&#215;50&#8243; alignment=&#8221;right&#8221;][\/vc_column_inner][vc_column_inner width=&#8221;3\/4&#8243;][vc_column_text]<\/p>\n<h6 style=\"text-align: left;\"><span style=\"font-size: 14pt; color: #808080;\">Treiali tee 2<\/span><\/h6>\n<h6 style=\"text-align: left;\"><span style=\"font-size: 14pt; color: #808080;\">75312 Peetri alevik, Rae vald<\/span><\/h6>\n<h6 style=\"text-align: left;\"><span style=\"font-size: 14pt; color: #808080;\">Estonia<\/span><\/h6>\n<p>[\/vc_column_text][\/vc_column_inner][\/vc_row_inner][vc_row_inner][vc_column_inner width=&#8221;1\/4&#8243;][vc_single_image image=&#8221;6963&#8243; img_size=&#8221;50&#215;50&#8243; alignment=&#8221;right&#8221;][\/vc_column_inner][vc_column_inner width=&#8221;3\/4&#8243;][vc_column_text]<\/p>\n<h6 style=\"text-align: left;\"><span style=\"font-size: 14pt; color: #808080;\"><span style=\"color: #ff6600;\">Phone:<\/span>\u00a0(+372) 658 5566\u00a0<\/span><span style=\"font-size: 12pt; color: #0000ff;\">(EST\/ENG\/RUS)<\/span><\/h6>\n<h6 style=\"text-align: left;\"><span style=\"font-size: 14pt; color: #808080;\"><span style=\"color: #ff6600;\">Mob:<\/span> (+372) 52 76800\u00a0<span style=\"color: #0000ff; font-size: 12pt;\">(EST\/ENG\/RUS)<\/span><\/span><\/h6>\n<p>[\/vc_column_text][\/vc_column_inner][\/vc_row_inner][vc_row_inner][vc_column_inner width=&#8221;1\/4&#8243;][vc_single_image image=&#8221;6962&#8243; img_size=&#8221;50&#215;50&#8243; alignment=&#8221;right&#8221; onclick=&#8221;custom_link&#8221; link=&#8221;mailto:info@hotwiresystems.com&#8221;][\/vc_column_inner][vc_column_inner width=&#8221;3\/4&#8243;][vc_empty_space height=&#8221;15&#8243;][vc_column_text]<\/p>\n<h6 style=\"text-align: left;\"><span style=\"font-size: 14pt; color: #808080;\"><a style=\"color: #808080;\" title=\"ATSI\u0172SKITE SAVO U\u017dKLAUS\u0104\" href=\"mailto:info@hotwiresystems.com\">info <span style=\"color: #ff6600;\">|@| <\/span>hotwiresystems.com<\/a><\/span><\/h6>\n<p>[\/vc_column_text][\/vc_column_inner][\/vc_row_inner][\/vc_column][vc_column width=&#8221;1\/2&#8243;][vc_column_text]<\/p>\n<p style=\"text-align: left;\"><span style=\"font-size: 12pt; color: #000000;\">U\u017epildykite \u017eemiau esan\u010di\u0105 form\u0105, o mes atsakysime kaip galima grei\u010diau<\/span><\/p>\n<p>[\/vc_column_text][vc_column_text css=&#8221;&#8221;]<div class='fluentform ff-default fluentform_wrapper_7 ffs_default_wrap'><form data-form_id=\"7\" id=\"fluentform_7\" class=\"frm-fluent-form fluent_form_7 ff-el-form-top ff_form_instance_7_1 ff-form-loading ffs_default\" data-form_instance=\"ff_form_instance_7_1\" method=\"POST\" ><fieldset  style=\"border: none!important;margin: 0!important;padding: 0!important;background-color: transparent!important;box-shadow: none!important;outline: none!important; min-inline-size: 100%;\">\n                    <legend class=\"ff_screen_reader_title\" style=\"display: block; margin: 0!important;padding: 0!important;height: 0!important;text-indent: -999999px;width: 0!important;overflow:hidden;\">LT Kontakt<\/legend>        <div\n                style=\"display: none!important; position: absolute!important; transform: translateX(1000%)!important;\"\n                class=\"ff-el-group ff-hpsf-container\"\n        >\n            <div class=\"ff-el-input--label asterisk-right\">\n                <label for=\"ff_7_item_sf\" aria-label=\"Notify\">\n                    Notify                <\/label>\n            <\/div>\n            <div class=\"ff-el-input--content\">\n                <input type=\"text\"\n                       name=\"item_7__fluent_sf\"\n                       class=\"ff-el-form-control\"\n                       id=\"ff_7_item_sf\"\n                \/>\n            <\/div>\n        <\/div>\n        <input type='hidden' name='__fluent_form_embded_post_id' value='6944' \/><input type=\"hidden\" id=\"_fluentform_7_fluentformnonce\" name=\"_fluentform_7_fluentformnonce\" value=\"b960c62377\" \/><input type=\"hidden\" name=\"_wp_http_referer\" value=\"\/lt\/wp-json\/wp\/v2\/pages\/6944\" \/><div class='ff-el-group ff-el-form-hide_label'><div class=\"ff-el-input--label ff-el-is-required asterisk-right\"><label for='ff_7_input_text' id='label_ff_7_input_text' aria-label=\"Nimi\">Nimi<\/label><\/div><div class='ff-el-input--content'><input type=\"text\" name=\"input_text\" class=\"ff-el-form-control\" placeholder=\"Vardas *\" data-name=\"input_text\" id=\"ff_7_input_text\"  aria-invalid=\"false\" aria-required=true><\/div><\/div><div class='ff-el-group ff-el-form-hide_label'><div class=\"ff-el-input--label asterisk-right\"><label for='ff_7_input_text_4' id='label_ff_7_input_text_4' aria-label=\"\u012emon\u0117s pavadinimas\">\u012emon\u0117s pavadinimas<\/label><\/div><div class='ff-el-input--content'><input type=\"text\" name=\"input_text_4\" class=\"ff-el-form-control\" placeholder=\"\u012emon\u0117s pavadinimas (pasirinktinai)\" data-name=\"input_text_4\" id=\"ff_7_input_text_4\"  aria-invalid=\"false\" aria-required=false><\/div><\/div><div class='ff-el-group ff-el-form-hide_label'><div class=\"ff-el-input--label ff-el-is-required asterisk-right\"><label for='ff_7_email' id='label_ff_7_email' aria-label=\"Email\">Email<\/label><\/div><div class='ff-el-input--content'><input type=\"email\" name=\"email\" id=\"ff_7_email\" class=\"ff-el-form-control\" placeholder=\"El.pa\u0161tas *\" data-name=\"email\"  aria-invalid=\"false\" aria-required=true><\/div><\/div><div class='ff-el-group ff-el-form-hide_label'><div class=\"ff-el-input--label asterisk-right\"><label for='ff_7_input_text_3' id='label_ff_7_input_text_3' aria-label=\"Telefon\">Telefon<\/label><\/div><div class='ff-el-input--content'><input type=\"text\" name=\"input_text_3\" class=\"ff-el-form-control\" placeholder=\"Telefonas (pasirinktinai)\" data-name=\"input_text_3\" id=\"ff_7_input_text_3\"  aria-invalid=\"false\" aria-required=false><\/div><\/div><div class='ff-el-group ff-el-form-hide_label'><div class=\"ff-el-input--label ff-el-is-required asterisk-right\"><label for='ff_7_description' id='label_ff_7_description' aria-label=\"S\u00f5num\">S\u00f5num<\/label><\/div><div class='ff-el-input--content'><textarea aria-required=\"true\" aria-labelledby=\"label_ff_7_description\" name=\"description\" id=\"ff_7_description\" class=\"ff-el-form-control\" placeholder=\"\u017dinut\u0117 *\" rows=\"5\" cols=\"2\" data-name=\"description\" ><\/textarea><\/div><\/div><div class='ff-el-group ff-el-form-hide_label'><div class=\"ff-el-input--label ff-el-is-required asterisk-right\"><label   aria-label=\"GDPR\">GDPR<\/label><\/div><div class='ff-el-input--content'><div class='ff-el-form-check ff-el-form-check-'><label class='ff-el-form-check-label' for='checkbox_0553c0b32db8168ad6ee5f24f4b21018'><input  type=\"checkbox\" name=\"checkbox[]\" data-name=\"checkbox\" class=\"ff-el-form-check-input ff-el-form-check-checkbox\" value=\"A\u0161 suprantu, kad \u0161ioje formoje pateikti duomenys bus naudojami tik siekiant susisiekti su manimi. *\"  id='checkbox_0553c0b32db8168ad6ee5f24f4b21018' aria-label='A\u0161 suprantu, kad \u0161ioje formoje pateikti duomenys bus naudojami tik siekiant susisiekti su manimi. *' aria-invalid='false' aria-required=true> <span>A\u0161 suprantu, kad \u0161ioje formoje pateikti duomenys bus naudojami tik siekiant susisiekti su manimi. *<\/span><\/label><\/div><\/div><\/div><div class='ff-el-group ff-text-left ff_submit_btn_wrapper ff_submit_btn_wrapper_custom'><button class=\"ff-btn ff-btn-submit ff-btn-lg ff_btn_style wpf_has_custom_css\" type=\"submit\" name=\"custom_submit_button-7_1\" data-name=\"custom_submit_button-7_1\"  aria-label=\"Siusti\">Siusti<\/button><style>form.fluent_form_7 .wpf_has_custom_css.ff-btn-submit { background-color:rgba(242, 124, 0, 1);border-color:rgba(242, 124, 0, 1);color:#ffffff;border-radius:1px;min-width:35%; }form.fluent_form_7 .wpf_has_custom_css.ff-btn-submit:hover { background-color:#ffffff;border-color:rgba(242, 124, 0, 1);color:rgba(242, 124, 0, 1);border-radius:1px;min-width:35%; } <\/style><\/div><\/fieldset><\/form><div id='fluentform_7_errors' class='ff-errors-in-stack ff_form_instance_7_1 ff-form-loading_errors ff_form_instance_7_1_errors'><\/div><\/div>            <script type=\"text\/javascript\">\n                window.fluent_form_ff_form_instance_7_1 = {\"id\":\"7\",\"settings\":{\"layout\":{\"labelPlacement\":\"top\",\"helpMessagePlacement\":\"with_label\",\"errorMessagePlacement\":\"inline\"},\"id\":\"13\",\"restrictions\":{\"denyEmptySubmission\":{\"enabled\":false}}},\"form_instance\":\"ff_form_instance_7_1\",\"form_id_selector\":\"fluentform_7\",\"rules\":{\"input_text\":{\"required\":{\"value\":true,\"message\":\"\\u0160is \\u012fra\\u0161as yra privalomas *\",\"global\":false,\"global_message\":\"This field is required\"}},\"input_text_4\":{\"required\":{\"value\":false,\"message\":\"\\u0160is \\u012fra\\u0161as yra privalomas *\",\"global\":false,\"global_message\":\"This field is required\"}},\"email\":{\"required\":{\"value\":true,\"message\":\"\\u0160is \\u012fra\\u0161as yra privalomas *\",\"global\":false,\"global_message\":\"This field is required\"},\"email\":{\"value\":true,\"message\":\"This field must contain a valid email\",\"global\":false,\"global_message\":\"This field must contain a valid email\"}},\"input_text_3\":{\"required\":{\"value\":false,\"message\":\"This field is required\",\"global\":false,\"global_message\":\"This field is required\"}},\"description\":{\"required\":{\"value\":true,\"message\":\"\\u0160is \\u012fra\\u0161as yra privalomas *\",\"global\":false,\"global_message\":\"This field is required\"}},\"checkbox\":{\"required\":{\"value\":true,\"message\":\"\\u0160is \\u012fra\\u0161as yra privalomas *\",\"global\":false,\"global_message\":\"This field is required\"}}},\"debounce_time\":300};\n                            <\/script>\n            [\/vc_column_text][\/vc_column][\/vc_row][vc_row][vc_column][vc_gmaps link=&#8221;#E-8_JTNDaWZyYW1lJTIwc3JjJTNEJTIyaHR0cHMlM0ElMkYlMkZ3d3cuZ29vZ2xlLmNvbSUyRm1hcHMlMkZlbWJlZCUzRnBiJTNEJTIxMW0xOCUyMTFtMTIlMjExbTMlMjExZDIwMjkuMjY0MjI2OTg2MjYzJTIxMmQyNC44MzA0NjUwNjU5NDAyNjMlMjEzZDU5LjQyODY2NzYyODE0MDQ4JTIxMm0zJTIxMWYwJTIxMmYwJTIxM2YwJTIxM20yJTIxMWkxMDI0JTIxMmk3NjglMjE0ZjEzLjElMjEzbTMlMjExbTIlMjExczB4NDY5MmVjYTM2MTVlZjQ2MSUyNTNBMHhiZDg4MGU3NzliMzlmZjglMjEyc0hvdHdpcmUlMkJTeXN0ZW1zJTJCTyUyNUMzJTI1OUMlMjE1ZTAlMjEzbTIlMjExc2V0JTIxMnNlZSUyMTR2MTQ2Nzc0NzI2MzAxNyUyMiUyMHdpZHRoJTNEJTIyNjAwJTIyJTIwaGVpZ2h0JTNEJTIyNDUwJTIyJTIwZnJhbWVib3JkZXIlM0QlMjIwJTIyJTIwc3R5bGUlM0QlMjJib3JkZXIlM0EwJTIyJTIwYWxsb3dmdWxsc2NyZWVuJTNFJTNDJTJGaWZyYW1lJTNF&#8221; size=&#8221;300&#8243;][\/vc_column][\/vc_row][vc_row][vc_column][vc_column_text]<\/p>\n<blockquote>\n<p style=\"text-align: center;\"><span style=\"font-size: 18pt; color: #ff6600;\">NORITE TAPTI PARDAVIMU PARTNERIU? TIESIOG SUSISIEKITE SU MUMIS!<\/span><\/p>\n<\/blockquote>\n<p>[\/vc_column_text][\/vc_column][\/vc_row]<\/p>\n<\/div><!-- AddThis Advanced Settings generic via filter on the_content --><!-- AddThis Share Buttons generic via filter on the_content -->","protected":false},"excerpt":{"rendered":"<p>[vc_row][vc_column width=&#8221;1\/2&#8243;][vc_column_text] MUSU KONTAKTAI [\/vc_column_text][\/vc_column][vc_column width=&#8221;1\/2&#8243;][vc_column_text] Siusti pra\u0161yma [\/vc_column_text][\/vc_column][\/vc_row][vc_row][vc_column width=&#8221;1\/2&#8243;][vc_row_inner][vc_column_inner width=&#8221;1\/4&#8243;][vc_single_image image=&#8221;6964&#8243; img_size=&#8221;50&#215;50&#8243; alignment=&#8221;right&#8221;][\/vc_column_inner][vc_column_inner width=&#8221;3\/4&#8243;][vc_column_text] Hotwire Systems O\u00dc Reg # 12444328 PMV\u00a0#\u00a0EE101649234 [\/vc_column_text][\/vc_column_inner][\/vc_row_inner][vc_row_inner][vc_column_inner width=&#8221;1\/4&#8243;][vc_single_image image=&#8221;6961&#8243; img_size=&#8221;50&#215;50&#8243; alignment=&#8221;right&#8221;][\/vc_column_inner][vc_column_inner width=&#8221;3\/4&#8243;][vc_column_text] Treiali tee 2 75312 Peetri alevik, Rae vald Estonia [\/vc_column_text][\/vc_column_inner][\/vc_row_inner][vc_row_inner][vc_column_inner width=&#8221;1\/4&#8243;][vc_single_image image=&#8221;6963&#8243; img_size=&#8221;50&#215;50&#8243; alignment=&#8221;right&#8221;][\/vc_column_inner][vc_column_inner width=&#8221;3\/4&#8243;][vc_column_text] Phone:\u00a0(+372) 658 5566\u00a0(EST\/ENG\/RUS) Mob: (+372) 52 76800\u00a0(EST\/ENG\/RUS) [\/vc_column_text][\/vc_column_inner][\/vc_row_inner][vc_row_inner][vc_column_inner width=&#8221;1\/4&#8243;][vc_single_image image=&#8221;6962&#8243; img_size=&#8221;50&#215;50&#8243; alignment=&#8221;right&#8221; [&hellip;]<!-- AddThis Advanced Settings generic via filter on get_the_excerpt --><!-- AddThis Share Buttons generic via filter on get_the_excerpt --><\/p>\n","protected":false},"author":2,"featured_media":12343,"parent":0,"menu_order":0,"comment_status":"closed","ping_status":"closed","template":"","meta":{"footnotes":""},"yoast_head":"<!-- This site is optimized with the Yoast SEO plugin v23.3 - https:\/\/yoast.com\/wordpress\/plugins\/seo\/ -->\n<title>Kontaktai Internetin\u0117 parduotuv\u0117 | Put\u0173 polistirolo pjaustykl\u0117s!<\/title>\n<meta name=\"description\" content=\"Kontaktai. Put\u0173 Polistirolo pjaustykl\u0117s - tai elektrinis \u012frenginys, naudojamas polistireninio putplas\u010dio ir pana\u0161i\u0173 med\u017eiag\u0173 pjaustymui.\" \/>\n<meta name=\"robots\" content=\"index, follow, max-snippet:-1, max-image-preview:large, max-video-preview:-1\" \/>\n<link rel=\"canonical\" href=\"https:\/\/www.hotwiresystems.com\/lt\/kontaktai-putu-polistirolo-pjaustykles\/\" \/>\n<meta property=\"og:locale\" content=\"lt_LT\" \/>\n<meta property=\"og:type\" content=\"article\" \/>\n<meta property=\"og:title\" content=\"Kontaktai Internetin\u0117 parduotuv\u0117 | Put\u0173 polistirolo pjaustykl\u0117s!\" \/>\n<meta property=\"og:description\" content=\"Kontaktai. Put\u0173 Polistirolo pjaustykl\u0117s - tai elektrinis \u012frenginys, naudojamas polistireninio putplas\u010dio ir pana\u0161i\u0173 med\u017eiag\u0173 pjaustymui.\" \/>\n<meta property=\"og:url\" content=\"https:\/\/www.hotwiresystems.com\/lt\/kontaktai-putu-polistirolo-pjaustykles\/\" \/>\n<meta property=\"article:modified_time\" content=\"2025-07-25T18:01:08+00:00\" \/>\n<meta property=\"og:image\" content=\"https:\/\/hotwiresystems.com\/wp-content\/uploads\/2019\/05\/L\u00f5ikeseadmed.jpg\" \/>\n\t<meta property=\"og:image:width\" content=\"480\" \/>\n\t<meta property=\"og:image:height\" content=\"480\" \/>\n\t<meta property=\"og:image:type\" content=\"image\/jpeg\" \/>\n<meta name=\"twitter:label1\" content=\"Est. reading time\" \/>\n\t<meta name=\"twitter:data1\" content=\"2 minutes\" \/>\n<script type=\"application\/ld+json\" class=\"yoast-schema-graph\">{\"@context\":\"https:\/\/schema.org\",\"@graph\":[{\"@type\":\"WebPage\",\"@id\":\"https:\/\/www.hotwiresystems.com\/lt\/kontaktai-putu-polistirolo-pjaustykles\/\",\"url\":\"https:\/\/www.hotwiresystems.com\/lt\/kontaktai-putu-polistirolo-pjaustykles\/\",\"name\":\"Kontaktai Internetin\u0117 parduotuv\u0117 | Put\u0173 polistirolo pjaustykl\u0117s!\",\"isPartOf\":{\"@id\":\"https:\/\/hotwiresystems.com\/#website\"},\"primaryImageOfPage\":{\"@id\":\"https:\/\/www.hotwiresystems.com\/lt\/kontaktai-putu-polistirolo-pjaustykles\/#primaryimage\"},\"image\":{\"@id\":\"https:\/\/www.hotwiresystems.com\/lt\/kontaktai-putu-polistirolo-pjaustykles\/#primaryimage\"},\"thumbnailUrl\":\"https:\/\/hotwiresystems.com\/wp-content\/uploads\/2019\/05\/L\u00f5ikeseadmed.jpg\",\"datePublished\":\"2016-07-03T10:18:06+00:00\",\"dateModified\":\"2025-07-25T18:01:08+00:00\",\"description\":\"Kontaktai. Put\u0173 Polistirolo pjaustykl\u0117s - tai elektrinis \u012frenginys, naudojamas polistireninio putplas\u010dio ir pana\u0161i\u0173 med\u017eiag\u0173 pjaustymui.\",\"breadcrumb\":{\"@id\":\"https:\/\/www.hotwiresystems.com\/lt\/kontaktai-putu-polistirolo-pjaustykles\/#breadcrumb\"},\"inLanguage\":\"lt\",\"potentialAction\":[{\"@type\":\"ReadAction\",\"target\":[\"https:\/\/www.hotwiresystems.com\/lt\/kontaktai-putu-polistirolo-pjaustykles\/\"]}]},{\"@type\":\"ImageObject\",\"inLanguage\":\"lt\",\"@id\":\"https:\/\/www.hotwiresystems.com\/lt\/kontaktai-putu-polistirolo-pjaustykles\/#primaryimage\",\"url\":\"https:\/\/hotwiresystems.com\/wp-content\/uploads\/2019\/05\/L\u00f5ikeseadmed.jpg\",\"contentUrl\":\"https:\/\/hotwiresystems.com\/wp-content\/uploads\/2019\/05\/L\u00f5ikeseadmed.jpg\",\"width\":480,\"height\":480,\"caption\":\"Penoplasti l\u00f5ikeseadmed\"},{\"@type\":\"BreadcrumbList\",\"@id\":\"https:\/\/www.hotwiresystems.com\/lt\/kontaktai-putu-polistirolo-pjaustykles\/#breadcrumb\",\"itemListElement\":[{\"@type\":\"ListItem\",\"position\":1,\"name\":\"Home\",\"item\":\"https:\/\/hotwiresystems.com\/lt\/\"},{\"@type\":\"ListItem\",\"position\":2,\"name\":\"Kontaktai | \u201cYour specialist for insulation cutting systems\u201c\"}]},{\"@type\":\"WebSite\",\"@id\":\"https:\/\/hotwiresystems.com\/#website\",\"url\":\"https:\/\/hotwiresystems.com\/\",\"name\":\"\",\"description\":\"\",\"potentialAction\":[{\"@type\":\"SearchAction\",\"target\":{\"@type\":\"EntryPoint\",\"urlTemplate\":\"https:\/\/hotwiresystems.com\/?s={search_term_string}\"},\"query-input\":\"required name=search_term_string\"}],\"inLanguage\":\"lt\"}]}<\/script>\n<!-- \/ Yoast SEO plugin. -->","yoast_head_json":{"title":"Kontaktai Internetin\u0117 parduotuv\u0117 | Put\u0173 polistirolo pjaustykl\u0117s!","description":"Kontaktai. Put\u0173 Polistirolo pjaustykl\u0117s - tai elektrinis \u012frenginys, naudojamas polistireninio putplas\u010dio ir pana\u0161i\u0173 med\u017eiag\u0173 pjaustymui.","robots":{"index":"index","follow":"follow","max-snippet":"max-snippet:-1","max-image-preview":"max-image-preview:large","max-video-preview":"max-video-preview:-1"},"canonical":"https:\/\/www.hotwiresystems.com\/lt\/kontaktai-putu-polistirolo-pjaustykles\/","og_locale":"lt_LT","og_type":"article","og_title":"Kontaktai Internetin\u0117 parduotuv\u0117 | Put\u0173 polistirolo pjaustykl\u0117s!","og_description":"Kontaktai. Put\u0173 Polistirolo pjaustykl\u0117s - tai elektrinis \u012frenginys, naudojamas polistireninio putplas\u010dio ir pana\u0161i\u0173 med\u017eiag\u0173 pjaustymui.","og_url":"https:\/\/www.hotwiresystems.com\/lt\/kontaktai-putu-polistirolo-pjaustykles\/","article_modified_time":"2025-07-25T18:01:08+00:00","og_image":[{"width":480,"height":480,"url":"https:\/\/hotwiresystems.com\/wp-content\/uploads\/2019\/05\/L\u00f5ikeseadmed.jpg","type":"image\/jpeg"}],"twitter_misc":{"Est. reading time":"2 minutes"},"schema":{"@context":"https:\/\/schema.org","@graph":[{"@type":"WebPage","@id":"https:\/\/www.hotwiresystems.com\/lt\/kontaktai-putu-polistirolo-pjaustykles\/","url":"https:\/\/www.hotwiresystems.com\/lt\/kontaktai-putu-polistirolo-pjaustykles\/","name":"Kontaktai Internetin\u0117 parduotuv\u0117 | Put\u0173 polistirolo pjaustykl\u0117s!","isPartOf":{"@id":"https:\/\/hotwiresystems.com\/#website"},"primaryImageOfPage":{"@id":"https:\/\/www.hotwiresystems.com\/lt\/kontaktai-putu-polistirolo-pjaustykles\/#primaryimage"},"image":{"@id":"https:\/\/www.hotwiresystems.com\/lt\/kontaktai-putu-polistirolo-pjaustykles\/#primaryimage"},"thumbnailUrl":"https:\/\/hotwiresystems.com\/wp-content\/uploads\/2019\/05\/L\u00f5ikeseadmed.jpg","datePublished":"2016-07-03T10:18:06+00:00","dateModified":"2025-07-25T18:01:08+00:00","description":"Kontaktai. Put\u0173 Polistirolo pjaustykl\u0117s - tai elektrinis \u012frenginys, naudojamas polistireninio putplas\u010dio ir pana\u0161i\u0173 med\u017eiag\u0173 pjaustymui.","breadcrumb":{"@id":"https:\/\/www.hotwiresystems.com\/lt\/kontaktai-putu-polistirolo-pjaustykles\/#breadcrumb"},"inLanguage":"lt","potentialAction":[{"@type":"ReadAction","target":["https:\/\/www.hotwiresystems.com\/lt\/kontaktai-putu-polistirolo-pjaustykles\/"]}]},{"@type":"ImageObject","inLanguage":"lt","@id":"https:\/\/www.hotwiresystems.com\/lt\/kontaktai-putu-polistirolo-pjaustykles\/#primaryimage","url":"https:\/\/hotwiresystems.com\/wp-content\/uploads\/2019\/05\/L\u00f5ikeseadmed.jpg","contentUrl":"https:\/\/hotwiresystems.com\/wp-content\/uploads\/2019\/05\/L\u00f5ikeseadmed.jpg","width":480,"height":480,"caption":"Penoplasti l\u00f5ikeseadmed"},{"@type":"BreadcrumbList","@id":"https:\/\/www.hotwiresystems.com\/lt\/kontaktai-putu-polistirolo-pjaustykles\/#breadcrumb","itemListElement":[{"@type":"ListItem","position":1,"name":"Home","item":"https:\/\/hotwiresystems.com\/lt\/"},{"@type":"ListItem","position":2,"name":"Kontaktai | \u201cYour specialist for insulation cutting systems\u201c"}]},{"@type":"WebSite","@id":"https:\/\/hotwiresystems.com\/#website","url":"https:\/\/hotwiresystems.com\/","name":"","description":"","potentialAction":[{"@type":"SearchAction","target":{"@type":"EntryPoint","urlTemplate":"https:\/\/hotwiresystems.com\/?s={search_term_string}"},"query-input":"required name=search_term_string"}],"inLanguage":"lt"}]}},"_links":{"self":[{"href":"https:\/\/hotwiresystems.com\/lt\/wp-json\/wp\/v2\/pages\/6944"}],"collection":[{"href":"https:\/\/hotwiresystems.com\/lt\/wp-json\/wp\/v2\/pages"}],"about":[{"href":"https:\/\/hotwiresystems.com\/lt\/wp-json\/wp\/v2\/types\/page"}],"author":[{"embeddable":true,"href":"https:\/\/hotwiresystems.com\/lt\/wp-json\/wp\/v2\/users\/2"}],"replies":[{"embeddable":true,"href":"https:\/\/hotwiresystems.com\/lt\/wp-json\/wp\/v2\/comments?post=6944"}],"version-history":[{"count":5,"href":"https:\/\/hotwiresystems.com\/lt\/wp-json\/wp\/v2\/pages\/6944\/revisions"}],"predecessor-version":[{"id":16489,"href":"https:\/\/hotwiresystems.com\/lt\/wp-json\/wp\/v2\/pages\/6944\/revisions\/16489"}],"wp:featuredmedia":[{"embeddable":true,"href":"https:\/\/hotwiresystems.com\/lt\/wp-json\/wp\/v2\/media\/12343"}],"wp:attachment":[{"href":"https:\/\/hotwiresystems.com\/lt\/wp-json\/wp\/v2\/media?parent=6944"}],"curies":[{"name":"wp","href":"https:\/\/api.w.org\/{rel}","templated":true}]}}