{"id":876,"date":"2014-01-27T22:42:39","date_gmt":"2014-01-27T20:42:39","guid":{"rendered":"http:\/\/kuumtraat.ee\/?page_id=876"},"modified":"2020-04-02T10:11:30","modified_gmt":"2020-04-02T08:11:30","slug":"kuumalanka-leikkuri-tolinorisi","status":"publish","type":"page","link":"https:\/\/hotwiresystems.com\/fi\/kuumalanka-leikkuri-tolinorisi\/","title":{"rendered":"Kuumalanka leikkuri Tolino\/Risi"},"content":{"rendered":"<div class=\"wpb-content-wrapper\"><p>[vc_row][vc_column][vc_column_text]<\/p>\n<h1><a title=\"Hot wire Polystyrene EPS cutter Tolino\/RISI . . .\" href=\"\/?page_id=530\"><span style=\"color: #808080;\"><span style=\"font-size: 36pt;\">Tolino\/RISI<\/span><\/span><\/a><\/h1>\n<p>[\/vc_column_text][\/vc_column][\/vc_row][vc_row][vc_column][vc_column_text]<\/p>\n<blockquote><p><span style=\"font-size: 18pt; color: #ff6600;\"><span style=\"color: #808080;\">&#8221;Easy&#8221;&#8230;<\/span>, but durable Hot wire cutter<\/span><\/p><\/blockquote>\n<p>[\/vc_column_text][\/vc_column][\/vc_row][vc_row][vc_column][vc_column_text]<\/p>\n<p style=\"text-align: justify;\"><span style=\"font-size: 12pt; color: #000000;\"><strong>Polystyrene EPS cutter Tolino\/RISI<\/strong> is a flexible Hot wire cutter for uncomplicated work, mostly helpful for smaller volume of orders or as a slave-device. Easy handling, immediately usable and due to the powerful transformer, polystyrene plates<strong> (EPS, XPS) <\/strong>can be cut accurate and dust-free. Usable as table top device or upright. Construction of polystyrene <strong>EPS cutter Tolino\/RISI<\/strong> is made from stainless steel and are very durable and reliable. All components made by CNC machines. The angles of the bow and of the extra-long 1.000mm &#8211; straight edge are adjustable from 0 \u2013 55\u00b0 and 0 \u2013 45\u00b0 respectively.<\/span><\/p>\n<p>[\/vc_column_text][vc_column_text]<\/p>\n<blockquote><p><span style=\"font-size: 18pt; color: #ff6600;\">Simple Hot wire polystyrene<span style=\"color: #808080;\"> XPS, EPS<\/span> cutter<\/span><\/p><\/blockquote>\n<p>[\/vc_column_text][\/vc_column][\/vc_row][vc_row][vc_column][vc_column_text]<\/p>\n<p style=\"text-align: justify;\"><span style=\"font-size: 12pt; color: #000000;\">The standard <strong>polystyrene EPS cutter Tolino\/Risi<\/strong> model is available\u00a0as a simple\/classical hot wire cutting table\u00a0without any accessories such as\u00a0<strong>Stand base with Scaffold bracket<\/strong>.<\/span><\/p>\n<p>[\/vc_column_text][vc_row_inner][vc_column_inner width=&#8221;1\/2&#8243;][vc_single_image image=&#8221;5810&#8243; img_size=&#8221;medium&#8221; alignment=&#8221;right&#8221; onclick=&#8221;img_link_large&#8221;][\/vc_column_inner][vc_column_inner width=&#8221;1\/2&#8243;][vc_single_image image=&#8221;5811&#8243; img_size=&#8221;medium&#8221; alignment=&#8221;center&#8221; onclick=&#8221;img_link_large&#8221;][\/vc_column_inner][\/vc_row_inner][vc_column_text]<\/p>\n<p style=\"text-align: justify;\"><span style=\"font-size: 12pt; color: #000000;\"><strong>The basic kit<\/strong> of delivery incl.: Tolino\/RISI cutter, one (1pc) extra cutting wire, user manual, powerful transformer, connection bolts and screws.<\/span><\/p>\n<p>[\/vc_column_text][\/vc_column][\/vc_row][vc_row][vc_column][vc_separator color=&#8221;orange&#8221;][\/vc_column][\/vc_row][vc_row][vc_column][vc_column_text]<\/p>\n<h1><span style=\"font-size: 36pt; color: #808080;\">ACCESSORIES<\/span><\/h1>\n<p>[\/vc_column_text][vc_column_text]<\/p>\n<h4><span style=\"font-size: 18pt; color: #ff6600;\">Stand Base and Scaffold Bracket<\/span><\/h4>\n<p>[\/vc_column_text][\/vc_column][\/vc_row][vc_row][vc_column][vc_single_image image=&#8221;5809&#8243; img_size=&#8221;large&#8221; alignment=&#8221;center&#8221; onclick=&#8221;img_link_large&#8221;][\/vc_column][\/vc_row][vc_row][vc_column][vc_column_text]<\/p>\n<p style=\"text-align: justify;\"><span style=\"font-size: 12pt; color: #000000;\">If You want to\u00a0increases the possibilities of Your <strong>Tolino\/RISI polystyrene EPS cutter<\/strong> the Stand Base with Scaffold Bracket is\u00a0simply irreplaceable. The Scaffold Bracket goes complete with Stand Base as one accessory, so polystyrene EPS cutter\u00a0can be also replaced on building scaffold.<\/span><\/p>\n<p>[\/vc_column_text][\/vc_column][\/vc_row][vc_row][vc_column][vc_separator color=&#8221;orange&#8221;][\/vc_column][\/vc_row][vc_row][vc_column][vc_column_text]<\/p>\n<h1><span style=\"font-size: 36pt; color: #808080;\">CUTTING WIRE<\/span><\/h1>\n<p>[\/vc_column_text][\/vc_column][\/vc_row][vc_row][vc_column width=&#8221;2\/3&#8243;][vc_column_text]<\/p>\n<p style=\"text-align: justify;\"><span style=\"font-size: 12pt; color: #000000;\">For polystyrene\u00a0<strong>EPS\u00a0cutter Tolino\/RISI<\/strong>\u00a0we use Nichrome \u2013 <strong>NiCr wire.<\/strong> We offer ready-made versions of the cutting wire with two lugs on the ends for easy and quick installation on the cutter. Cutting Wire for <strong>EPS\u00a0cutter Tolino\/RISI\u00a0<\/strong>You can buy by the piece (1 pc) or in large amounts (1kit = 10pc). <strong>The cutting wire<\/strong> are always in stock and can be sent to the client immediately after the order confirmation.<\/span><\/p>\n<p>[\/vc_column_text][\/vc_column][vc_column width=&#8221;1\/3&#8243;][vc_single_image image=&#8221;5813&#8243; img_size=&#8221;large&#8221; alignment=&#8221;center&#8221; onclick=&#8221;img_link_large&#8221;][\/vc_column][\/vc_row][vc_row][vc_column][vc_separator color=&#8221;orange&#8221;][\/vc_column][\/vc_row][vc_row][vc_column][vc_column_text]<\/p>\n<h1><span style=\"font-size: 36pt; color: #808080;\">TECHNICAL SPECIFICATION<\/span><\/h1>\n<p>[\/vc_column_text][\/vc_column][\/vc_row][vc_row][vc_column][vc_column_text]<\/p>\n<table>\n<tbody>\n<tr>\n<td><span style=\"font-size: 12pt;\">\u00a0<\/span><\/td>\n<td style=\"text-align: center;\">\n<h4><span style=\"font-size: 14pt; color: #ff6600;\">Tolino\/Risi 3013<\/span><\/h4>\n<\/td>\n<\/tr>\n<tr>\n<td>\n<h4><span style=\"font-size: 14pt; color: #808080;\">Cutting length:<\/span><\/h4>\n<\/td>\n<td style=\"text-align: center;\"><span style=\"font-size: 12pt; color: #000000;\">1340 mm<\/span><\/td>\n<\/tr>\n<tr>\n<td>\n<h4><span style=\"font-size: 14pt; color: #808080;\">Cutting depth:<\/span><\/h4>\n<\/td>\n<td style=\"text-align: center;\"><span style=\"font-size: 12pt; color: #000000;\">330\u00a0mm<\/span><\/td>\n<\/tr>\n<tr>\n<td>\n<h4><span style=\"font-size: 14pt; color: #808080;\">Transformer:<\/span><\/h4>\n<\/td>\n<td style=\"text-align: center;\"><span style=\"font-size: 12pt; color: #000000;\">Pri: 230 50Hz\/ Sec: 37V\/160VA<\/span><\/td>\n<\/tr>\n<tr>\n<td>\n<h4><span style=\"font-size: 14pt; color: #808080;\">Weight:<\/span><\/h4>\n<\/td>\n<td style=\"text-align: center;\"><span style=\"font-size: 12pt; color: #000000;\">17,5 kg<\/span><\/td>\n<\/tr>\n<tr>\n<td>\n<h4><span style=\"font-size: 14pt; color: #808080;\">Support plate:<\/span><\/h4>\n<\/td>\n<td style=\"text-align: center;\"><span style=\"color: #000000;\"><span style=\"font-size: 12pt;\">Sheet steel,\u00a0<\/span><span style=\"font-size: 12pt;\">with steel amplification.<\/span><\/span><\/td>\n<\/tr>\n<tr>\n<td>\n<h4><span style=\"font-size: 14pt; color: #808080;\">Bow:<\/span><\/h4>\n<\/td>\n<td style=\"text-align: center;\"><span style=\"color: #000000;\"><span style=\"font-size: 12pt;\">Painted, fully welded, with\u00a0<\/span><span style=\"font-size: 12pt;\">industrial ball bearing guides<\/span><\/span><\/td>\n<\/tr>\n<tr>\n<td>\n<h4><span style=\"font-size: 14pt; color: #808080;\">Art. #:<\/span><\/h4>\n<\/td>\n<td style=\"text-align: center;\"><span style=\"font-size: 12pt; color: #000000;\">HWS-ST-86700<\/span><\/td>\n<\/tr>\n<tr>\n<td>\n<h4><span style=\"font-size: 14pt; color: #808080;\">Extra Wire:<\/span><\/h4>\n<\/td>\n<td style=\"text-align: center;\"><span style=\"font-size: 12pt; color: #000000;\">HWS-ST-88000<\/span><\/td>\n<\/tr>\n<tr>\n<td>\n<h4><span style=\"font-size: 14pt; color: #808080;\">Stand base:<\/span><\/h4>\n<\/td>\n<td style=\"text-align: center;\"><span style=\"font-size: 12pt; color: #000000;\">HWS-ST-88000<\/span><\/td>\n<\/tr>\n<\/tbody>\n<\/table>\n<p>[\/vc_column_text][\/vc_column][\/vc_row][vc_row][vc_column][vc_separator color=&#8221;orange&#8221;][\/vc_column][\/vc_row][vc_row][vc_column][vc_column_text]<\/p>\n<h1><span style=\"font-size: 36pt; color: #808080;\">SEND REQUEST<\/span><\/h1>\n<p>[\/vc_column_text][\/vc_column][\/vc_row][vc_row][vc_column][vc_tta_accordion style=&#8221;modern&#8221; shape=&#8221;square&#8221; color=&#8221;orange&#8221; gap=&#8221;3&#8243; c_icon=&#8221;chevron&#8221; c_position=&#8221;right&#8221; active_section=&#8221;1&#8243;][vc_tta_section i_icon_fontawesome=&#8221;fa fa-list&#8221; add_icon=&#8221;true&#8221; title=&#8221;SEND REQUEST&#8221; tab_id=&#8221;9f5fac43-dd0b-cl&#8221;][vc_column_text]<\/p>\n<p>[caldera_form id=&#8221;CF5b30d8fadcb24&#8243;]<\/p>\n<p>[\/vc_column_text][\/vc_tta_section][vc_tta_section i_icon_fontawesome=&#8221;fa fa-truck&#8221; add_icon=&#8221;true&#8221; title=&#8221;SHIPPING &amp; DELIVERY INFORMATION&#8221; tab_id=&#8221;568c5c85-dfc3-cl&#8221;][vc_column_text]<\/p>\n<h1 style=\"text-align: justify;\"><a title=\"Foam cutters and cutting machines shipping &amp; delivery\" href=\"\/?page_id=1556\"><span style=\"font-size: 36pt; color: #808080;\">WORLDWIDE DELIVERY<\/span><\/a><\/h1>\n<p style=\"text-align: justify;\"><span style=\"font-size: 14pt; color: #ff6600;\"><strong>We sell and ship products all over the world!<\/strong><\/span><\/p>\n<p style=\"text-align: justify;\"><span style=\"font-size: 12pt;\">Our insulation cutting systems are sold in Europe and in many countries throughout the world from Finland, Sweden &#8211; to Turkey and Canada.<\/span><\/p>\n<p style=\"text-align: justify;\"><span style=\"font-size: 12pt;\">Delivery times vary widely from country to country, they also depend on how effective your local postal services are. However, we have made an estimation of 2-5 working days for Europe\u00a0countries: <span style=\"text-decoration: underline;\">Latvia, Lithuania, Finland, Sweden, Norway,<\/span> and 5-16 working days for other Europe\u00a0countries (incl. Russia, Belarus, Ukraine, Kazakhstan). The estimated delivery time to major cities outside Europe (Asia, North America,\u00a0South America, Australia)\u00a0starts from 12 working days.<\/span><\/p>\n<p style=\"text-align: justify;\"><span style=\"font-size: 12pt;\">Shipping costs are determined by the order\u2019s size, weight, shipping method and delivery address.\u00a0We calculate shipping\u00a0price for each order individually.\u00a0Pleasecontact us for more information!<\/span><\/p>\n<p style=\"text-align: justify;\"><span style=\"font-size: 12pt;\">Our shipping partners\u00a0are DPD, Post24, Itella SmartPost,\u00a0DHL, UPS, DB Schenker.<\/span><\/p>\n<p>[\/vc_column_text][vc_btn title=&#8221;READ MORE&#8221; style=&#8221;outline&#8221; shape=&#8221;square&#8221; color=&#8221;orange&#8221; align=&#8221;right&#8221; i_align=&#8221;right&#8221; i_icon_fontawesome=&#8221;fa fa-truck&#8221; add_icon=&#8221;true&#8221; link=&#8221;url:http%3A%2F%2Fkuumtraat.ee%2Fen%2Fhot-wire-foam-cutters-worldwide-shipping-and-delivery%2F|title:Foam%20cutters%20shipping|&#8221;][\/vc_tta_section][\/vc_tta_accordion][\/vc_column][\/vc_row][vc_row][vc_column][vc_custom_heading text=&#8221;\u201cYour specialist for insulation cutting systems!\u201d&#8221; font_container=&#8221;tag:h5|font_size:30|text_align:center|color:%23919191|line_height:1&#8243; google_fonts=&#8221;font_family:Pacifico%3Aregular|font_style:400%20regular%3A400%3Anormal&#8221;][\/vc_column][\/vc_row][vc_row][vc_column][vc_separator color=&#8221;orange&#8221;][\/vc_column][\/vc_row][vc_row][vc_column][vc_btn title=&#8221;OUR CONTACTS&#8221; style=&#8221;outline&#8221; shape=&#8221;square&#8221; color=&#8221;blue&#8221; align=&#8221;left&#8221; i_align=&#8221;right&#8221; i_icon_fontawesome=&#8221;fa fa-check-square-o&#8221; add_icon=&#8221;true&#8221; link=&#8221;url:http%3A%2F%2Fkuumtraat.ee%2Fen%2Fcontact%2F|title:Contacts%20us!|&#8221;][\/vc_column][\/vc_row]<\/p>\n<\/div><!-- AddThis Advanced Settings generic via filter on the_content --><!-- AddThis Share Buttons generic via filter on the_content -->","protected":false},"excerpt":{"rendered":"<p>[vc_row][vc_column][vc_column_text] Tolino\/RISI [\/vc_column_text][\/vc_column][\/vc_row][vc_row][vc_column][vc_column_text] &#8221;Easy&#8221;&#8230;, but durable Hot wire cutter [\/vc_column_text][\/vc_column][\/vc_row][vc_row][vc_column][vc_column_text] Polystyrene EPS cutter Tolino\/RISI is a flexible Hot wire cutter for uncomplicated work, mostly helpful for smaller volume of orders or as a slave-device. Easy handling, immediately usable and due to the powerful transformer, polystyrene plates (EPS, XPS) can be cut accurate and dust-free. Usable [&hellip;]<!-- AddThis Advanced Settings generic via filter on get_the_excerpt --><!-- AddThis Share Buttons generic via filter on get_the_excerpt --><\/p>\n","protected":false},"author":2,"featured_media":0,"parent":0,"menu_order":0,"comment_status":"closed","ping_status":"closed","template":"","meta":{"footnotes":""},"yoast_head":"<!-- This site is optimized with the Yoast SEO plugin v23.3 - https:\/\/yoast.com\/wordpress\/plugins\/seo\/ -->\n<title>Kuumalanka leikkuri Tolino\/Risi -<\/title>\n<meta name=\"description\" content=\"Kuumalanka leikkuri Tolino\/Risi. Hotwire Systems O\u00dc:n p\u00e4\u00e4toimialana on polystyreenin (EPS, XPS) niin jokap\u00e4iv\u00e4iseen kuin ammattimaiseen k\u00e4ytt\u00f6\u00f6n tarkoitettujen leikkuuty\u00f6kalujen myynti, huolto ja korjaus. Hotwire Systems O\u00dc tarjoaa asiakkaille laajan valikoiman erilaisia laitteita ja tarvikkeitta EPS:n, XPS:n leikkaukseen ja k\u00e4sittelyyn. Kuumalankaleikkuri, styrox k\u00e4sileikluri, styrox leikkuri, CNC-tekniikka, ty\u00f6kalut.\" \/>\n<meta name=\"robots\" content=\"index, follow, max-snippet:-1, max-image-preview:large, max-video-preview:-1\" \/>\n<link rel=\"canonical\" href=\"https:\/\/hotwiresystems.com\/fi\/kuumalanka-leikkuri-tolinorisi\/\" \/>\n<meta property=\"og:locale\" content=\"fi_FI\" \/>\n<meta property=\"og:type\" content=\"article\" \/>\n<meta property=\"og:title\" content=\"Kuumalanka leikkuri Tolino\/Risi -\" \/>\n<meta property=\"og:description\" content=\"Kuumalanka leikkuri Tolino\/Risi. Hotwire Systems O\u00dc:n p\u00e4\u00e4toimialana on polystyreenin (EPS, XPS) niin jokap\u00e4iv\u00e4iseen kuin ammattimaiseen k\u00e4ytt\u00f6\u00f6n tarkoitettujen leikkuuty\u00f6kalujen myynti, huolto ja korjaus. Hotwire Systems O\u00dc tarjoaa asiakkaille laajan valikoiman erilaisia laitteita ja tarvikkeitta EPS:n, XPS:n leikkaukseen ja k\u00e4sittelyyn. Kuumalankaleikkuri, styrox k\u00e4sileikluri, styrox leikkuri, CNC-tekniikka, ty\u00f6kalut.\" \/>\n<meta property=\"og:url\" content=\"https:\/\/hotwiresystems.com\/fi\/kuumalanka-leikkuri-tolinorisi\/\" \/>\n<meta property=\"article:modified_time\" content=\"2020-04-02T08:11:30+00:00\" \/>\n<meta name=\"twitter:label1\" content=\"Arvioitu lukuaika\" \/>\n\t<meta name=\"twitter:data1\" content=\"5 minuuttia\" \/>\n<script type=\"application\/ld+json\" class=\"yoast-schema-graph\">{\"@context\":\"https:\/\/schema.org\",\"@graph\":[{\"@type\":\"WebPage\",\"@id\":\"https:\/\/hotwiresystems.com\/fi\/kuumalanka-leikkuri-tolinorisi\/\",\"url\":\"https:\/\/hotwiresystems.com\/fi\/kuumalanka-leikkuri-tolinorisi\/\",\"name\":\"Kuumalanka leikkuri Tolino\/Risi -\",\"isPartOf\":{\"@id\":\"https:\/\/hotwiresystems.com\/et\/#website\"},\"datePublished\":\"2014-01-27T20:42:39+00:00\",\"dateModified\":\"2020-04-02T08:11:30+00:00\",\"description\":\"Kuumalanka leikkuri Tolino\/Risi. Hotwire Systems O\u00dc:n p\u00e4\u00e4toimialana on polystyreenin (EPS, XPS) niin jokap\u00e4iv\u00e4iseen kuin ammattimaiseen k\u00e4ytt\u00f6\u00f6n tarkoitettujen leikkuuty\u00f6kalujen myynti, huolto ja korjaus. Hotwire Systems O\u00dc tarjoaa asiakkaille laajan valikoiman erilaisia laitteita ja tarvikkeitta EPS:n, XPS:n leikkaukseen ja k\u00e4sittelyyn. Kuumalankaleikkuri, styrox k\u00e4sileikluri, styrox leikkuri, CNC-tekniikka, ty\u00f6kalut.\",\"breadcrumb\":{\"@id\":\"https:\/\/hotwiresystems.com\/fi\/kuumalanka-leikkuri-tolinorisi\/#breadcrumb\"},\"inLanguage\":\"fi\",\"potentialAction\":[{\"@type\":\"ReadAction\",\"target\":[\"https:\/\/hotwiresystems.com\/fi\/kuumalanka-leikkuri-tolinorisi\/\"]}]},{\"@type\":\"BreadcrumbList\",\"@id\":\"https:\/\/hotwiresystems.com\/fi\/kuumalanka-leikkuri-tolinorisi\/#breadcrumb\",\"itemListElement\":[{\"@type\":\"ListItem\",\"position\":1,\"name\":\"Home\",\"item\":\"https:\/\/www.hotwiresystems.com\/fi\/\"},{\"@type\":\"ListItem\",\"position\":2,\"name\":\"Kuumalanka leikkuri Tolino\/Risi\"}]},{\"@type\":\"WebSite\",\"@id\":\"https:\/\/hotwiresystems.com\/et\/#website\",\"url\":\"https:\/\/hotwiresystems.com\/et\/\",\"name\":\"\",\"description\":\"\",\"potentialAction\":[{\"@type\":\"SearchAction\",\"target\":{\"@type\":\"EntryPoint\",\"urlTemplate\":\"https:\/\/hotwiresystems.com\/et\/?s={search_term_string}\"},\"query-input\":\"required name=search_term_string\"}],\"inLanguage\":\"fi\"}]}<\/script>\n<!-- \/ Yoast SEO plugin. -->","yoast_head_json":{"title":"Kuumalanka leikkuri Tolino\/Risi -","description":"Kuumalanka leikkuri Tolino\/Risi. Hotwire Systems O\u00dc:n p\u00e4\u00e4toimialana on polystyreenin (EPS, XPS) niin jokap\u00e4iv\u00e4iseen kuin ammattimaiseen k\u00e4ytt\u00f6\u00f6n tarkoitettujen leikkuuty\u00f6kalujen myynti, huolto ja korjaus. Hotwire Systems O\u00dc tarjoaa asiakkaille laajan valikoiman erilaisia laitteita ja tarvikkeitta EPS:n, XPS:n leikkaukseen ja k\u00e4sittelyyn. Kuumalankaleikkuri, styrox k\u00e4sileikluri, styrox leikkuri, CNC-tekniikka, ty\u00f6kalut.","robots":{"index":"index","follow":"follow","max-snippet":"max-snippet:-1","max-image-preview":"max-image-preview:large","max-video-preview":"max-video-preview:-1"},"canonical":"https:\/\/hotwiresystems.com\/fi\/kuumalanka-leikkuri-tolinorisi\/","og_locale":"fi_FI","og_type":"article","og_title":"Kuumalanka leikkuri Tolino\/Risi -","og_description":"Kuumalanka leikkuri Tolino\/Risi. Hotwire Systems O\u00dc:n p\u00e4\u00e4toimialana on polystyreenin (EPS, XPS) niin jokap\u00e4iv\u00e4iseen kuin ammattimaiseen k\u00e4ytt\u00f6\u00f6n tarkoitettujen leikkuuty\u00f6kalujen myynti, huolto ja korjaus. Hotwire Systems O\u00dc tarjoaa asiakkaille laajan valikoiman erilaisia laitteita ja tarvikkeitta EPS:n, XPS:n leikkaukseen ja k\u00e4sittelyyn. Kuumalankaleikkuri, styrox k\u00e4sileikluri, styrox leikkuri, CNC-tekniikka, ty\u00f6kalut.","og_url":"https:\/\/hotwiresystems.com\/fi\/kuumalanka-leikkuri-tolinorisi\/","article_modified_time":"2020-04-02T08:11:30+00:00","twitter_misc":{"Arvioitu lukuaika":"5 minuuttia"},"schema":{"@context":"https:\/\/schema.org","@graph":[{"@type":"WebPage","@id":"https:\/\/hotwiresystems.com\/fi\/kuumalanka-leikkuri-tolinorisi\/","url":"https:\/\/hotwiresystems.com\/fi\/kuumalanka-leikkuri-tolinorisi\/","name":"Kuumalanka leikkuri Tolino\/Risi -","isPartOf":{"@id":"https:\/\/hotwiresystems.com\/et\/#website"},"datePublished":"2014-01-27T20:42:39+00:00","dateModified":"2020-04-02T08:11:30+00:00","description":"Kuumalanka leikkuri Tolino\/Risi. Hotwire Systems O\u00dc:n p\u00e4\u00e4toimialana on polystyreenin (EPS, XPS) niin jokap\u00e4iv\u00e4iseen kuin ammattimaiseen k\u00e4ytt\u00f6\u00f6n tarkoitettujen leikkuuty\u00f6kalujen myynti, huolto ja korjaus. Hotwire Systems O\u00dc tarjoaa asiakkaille laajan valikoiman erilaisia laitteita ja tarvikkeitta EPS:n, XPS:n leikkaukseen ja k\u00e4sittelyyn. Kuumalankaleikkuri, styrox k\u00e4sileikluri, styrox leikkuri, CNC-tekniikka, ty\u00f6kalut.","breadcrumb":{"@id":"https:\/\/hotwiresystems.com\/fi\/kuumalanka-leikkuri-tolinorisi\/#breadcrumb"},"inLanguage":"fi","potentialAction":[{"@type":"ReadAction","target":["https:\/\/hotwiresystems.com\/fi\/kuumalanka-leikkuri-tolinorisi\/"]}]},{"@type":"BreadcrumbList","@id":"https:\/\/hotwiresystems.com\/fi\/kuumalanka-leikkuri-tolinorisi\/#breadcrumb","itemListElement":[{"@type":"ListItem","position":1,"name":"Home","item":"https:\/\/www.hotwiresystems.com\/fi\/"},{"@type":"ListItem","position":2,"name":"Kuumalanka leikkuri Tolino\/Risi"}]},{"@type":"WebSite","@id":"https:\/\/hotwiresystems.com\/et\/#website","url":"https:\/\/hotwiresystems.com\/et\/","name":"","description":"","potentialAction":[{"@type":"SearchAction","target":{"@type":"EntryPoint","urlTemplate":"https:\/\/hotwiresystems.com\/et\/?s={search_term_string}"},"query-input":"required name=search_term_string"}],"inLanguage":"fi"}]}},"_links":{"self":[{"href":"https:\/\/hotwiresystems.com\/fi\/wp-json\/wp\/v2\/pages\/876"}],"collection":[{"href":"https:\/\/hotwiresystems.com\/fi\/wp-json\/wp\/v2\/pages"}],"about":[{"href":"https:\/\/hotwiresystems.com\/fi\/wp-json\/wp\/v2\/types\/page"}],"author":[{"embeddable":true,"href":"https:\/\/hotwiresystems.com\/fi\/wp-json\/wp\/v2\/users\/2"}],"replies":[{"embeddable":true,"href":"https:\/\/hotwiresystems.com\/fi\/wp-json\/wp\/v2\/comments?post=876"}],"version-history":[{"count":5,"href":"https:\/\/hotwiresystems.com\/fi\/wp-json\/wp\/v2\/pages\/876\/revisions"}],"predecessor-version":[{"id":14021,"href":"https:\/\/hotwiresystems.com\/fi\/wp-json\/wp\/v2\/pages\/876\/revisions\/14021"}],"wp:attachment":[{"href":"https:\/\/hotwiresystems.com\/fi\/wp-json\/wp\/v2\/media?parent=876"}],"curies":[{"name":"wp","href":"https:\/\/api.w.org\/{rel}","templated":true}]}}