{"id":811,"date":"2013-11-07T17:20:12","date_gmt":"2013-11-07T15:20:12","guid":{"rendered":"http:\/\/kuumtraat.ee\/?page_id=811"},"modified":"2025-08-13T22:46:13","modified_gmt":"2025-08-13T20:46:13","slug":"penoplasti-eps-xps-loikurid-muuk-hooldus-ja-remont","status":"publish","type":"page","link":"https:\/\/hotwiresystems.com\/fi\/","title":{"rendered":"Polystyreeni leikkuri | Ammattik\u00e4ytt\u00f6\u00f6n leikkauslaitteet!"},"content":{"rendered":"<div class=\"wpb-content-wrapper\"><p>[vc_row][vc_column][vc_column_text css=&#8221;&#8221;]<\/p>\n<blockquote>\n<h2 id=\"h_76691452611755117631325\" style=\"text-align: center;\"><span style=\"font-size: 24pt;\"><a href=\"https:\/\/hws.ee\/fi\" target=\"_blank\" rel=\"noopener noreferrer\"><span style=\"color: #808080;\">VERKKOKAUPPA ON AVATTU!<\/span><\/a><\/span><\/h2>\n<p style=\"text-align: center;\"><a href=\"http:\/\/hws.ee\/fi\"><span style=\"font-size: 14pt; color: #ff6600;\">Hyv\u00e4t asiakkaat, meill\u00e4 on ilo ilmoittaa, ett\u00e4 voitte nyt ostaa polystyreenin leikkauslaitteita<br \/>\nnopeasti ja k\u00e4tev\u00e4sti verkkokaupastamme!<br \/>\n<span style=\"color: #0000ff;\">Toimitus Suomeen vain 1\u20133 p\u00e4iv\u00e4ss\u00e4.<\/span><\/span><\/a><\/p>\n<\/blockquote>\n<p>[\/vc_column_text][\/vc_column][\/vc_row][vc_row][vc_column width=&#8221;1\/3&#8243;][vc_column_text]<\/p>\n<h2 class=\"wpb_heading wpb_singleimage_heading\" style=\"text-align: center;\"><span style=\"font-size: 24pt; color: #808080;\">POLYSTYREENI<\/span><\/h2>\n<h2 class=\"wpb_heading wpb_singleimage_heading\" style=\"text-align: center;\"><span style=\"font-size: 24pt; color: #ff6600;\">KUUMALANKALEIKKURI<\/span><\/h2>\n<p>[\/vc_column_text][\/vc_column][vc_column width=&#8221;1\/3&#8243;][vc_column_text]<\/p>\n<h2 class=\"wpb_heading wpb_singleimage_heading\" style=\"text-align: center;\"><span style=\"color: #808080; font-size: 24pt;\">STYROX<\/span><\/h2>\n<h2 class=\"wpb_heading wpb_singleimage_heading\" style=\"text-align: center;\"><span style=\"font-size: 24pt; color: #ff6600;\">L\u00c4MP\u00d6VEITSI\u00a0LEIKKURI<\/span><\/h2>\n<p>[\/vc_column_text][\/vc_column][vc_column width=&#8221;1\/3&#8243;][vc_column_text]<\/p>\n<h2 style=\"text-align: center;\"><span style=\"font-size: 24pt;\"><span style=\"color: #808080;\">STYROX <span style=\"color: #ff6600;\">3D <\/span><\/span><\/span><\/h2>\n<h2 style=\"text-align: center;\"><span style=\"font-size: 24pt;\"><span style=\"color: #808080;\"><span style=\"color: #ff6600;\">CNC<\/span> LEIKKURI<\/span><\/span><\/h2>\n<p>[\/vc_column_text][\/vc_column][\/vc_row][vc_row][vc_column width=&#8221;1\/3&#8243;][vc_single_image image=&#8221;15461&#8243; img_size=&#8221;large&#8221; alignment=&#8221;center&#8221; onclick=&#8221;custom_link&#8221; link=&#8221;https:\/\/www.hotwiresystems.com\/fi\/tuoteet-kuumalankaleikkuri\/&#8221;][\/vc_column][vc_column width=&#8221;1\/3&#8243;][vc_single_image image=&#8221;15453&#8243; img_size=&#8221;large&#8221; alignment=&#8221;center&#8221; onclick=&#8221;custom_link&#8221; link=&#8221;https:\/\/www.hotwiresystems.com\/fi\/styrox-leikkuri-hws250\/&#8221;][\/vc_column][vc_column width=&#8221;1\/3&#8243;][vc_single_image image=&#8221;15437&#8243; img_size=&#8221;large&#8221; alignment=&#8221;center&#8221; onclick=&#8221;custom_link&#8221; link=&#8221;https:\/\/www.hotwiresystems.com\/fi\/styrox-3d-cnc-leikkurin-eps-3d-leikkaus-cnc-koneet\/&#8221;][\/vc_column][\/vc_row][vc_row][vc_column width=&#8221;1\/3&#8243;][vc_column_text]<\/p>\n<p style=\"text-align: left;\"><span style=\"font-size: 12pt; color: #000000;\">Polystyreeni leikkaukseen tarkoitettu k\u00e4sikone eli kuten sit\u00e4 viel\u00e4 kutsutaan <strong>\u201cvaahtoleikkuri\u201d<\/strong> on s\u00e4hk\u00f6laite vaahtopolystyreenista tai vastaavista materiaaleista valmistettujen l\u00e4mmitys- \/ eristemateriaalien leikkaamiseen ja k\u00e4sittelyyn. Koneen toimintaperiaate on se, ett\u00e4 materiaalia leikataan langalla, jota virtal\u00e4hde (muuntaja) kuumentaa tiettyyn <strong>l\u00e4mp\u00f6tilaan.<\/strong> T\u00e4llaisten ty\u00f6kalujen p\u00e4\u00e4osina ovat leikkauslanka (tavallisesti k\u00e4ytet\u00e4\u00e4n nikromilankaa) ja muuntaja (virtal\u00e4hde)&#8230;<\/span><\/p>\n<p>[\/vc_column_text][\/vc_column][vc_column width=&#8221;1\/3&#8243;][vc_column_text]<\/p>\n<p style=\"text-align: left;\"><span style=\"font-size: 12pt; color: #000000;\"><strong>Styrox leikkuri<\/strong>, k\u00e4sileikkuri eli <strong>\u201cl\u00e4mp\u00f6veitsi\u201d<\/strong>\u00a0HWS250 on pieni ja eritt\u00e4in k\u00e4tev\u00e4 lis\u00e4laite polystyreenin <strong>(EPS, XPS)<\/strong> leikkaamiseen. Pienen koon ja v\u00e4h\u00e4isen painon ansiosta sit\u00e4 on helppo kantaa mukanaan. <strong>K\u00e4sileikkurilla<\/strong> voi polystyreenilevyist\u00e4 leikata mink\u00e4 tahansa muotoisia kappaleita. K\u00e4sileikkuria k\u00e4ytet\u00e4\u00e4n useilla toimialoilla: rakennusty\u00f6t, teollisuus, muovailu jne. Styrox-leikkuri &#8221;l\u00e4mp\u00f6veitsi&#8221; HWS250\u00a0on pienikokoinen, mutta tehokas ammattimainen ty\u00f6kalu&#8230;<\/span><\/p>\n<p>[\/vc_column_text][\/vc_column][vc_column width=&#8221;1\/3&#8243;][vc_column_text]<\/p>\n<p style=\"text-align: left;\"><span style=\"font-size: 12pt; color: #000000;\">Nykyaikaisen tekniikan avulla, <strong>Styrox 3D CNC leikkurin<\/strong> voidaan luoda l\u00e4hes mik\u00e4 tahansa monimutkaisenkin muotoinen tuote nopeasti, tarkasti ja suhteellisen edullisesti. <strong>CNC leikkuri<\/strong> k\u00e4ytet\u00e4\u00e4n luomaan mainoskirjaimia, logoja, grafiikoita, kylttej\u00e4, tarroja sis\u00e4- ja ulkomainoksiin, tuotetelineit\u00e4, lavasteita teatteriin tai elokuviin, valetuotteita, kaikenlaisia pakkauksia, huvik\u00e4ytt\u00f6\u00f6n, arkkitehtonisia muotoja, suuria arkkitehtuurimalleja, teemarekvisiittaa, putkien eristeit\u00e4, betonielementtien muotteja, pylv\u00e4it\u00e4 jne&#8230;<\/span><\/p>\n<p>[\/vc_column_text][\/vc_column][\/vc_row][vc_row][vc_column width=&#8221;1\/3&#8243;][vc_btn title=&#8221;LUE LIS\u00c4\u00c4&#8221; style=&#8221;outline&#8221; shape=&#8221;square&#8221; color=&#8221;blue&#8221; align=&#8221;right&#8221; css=&#8221;&#8221; link=&#8221;url:https%3A%2F%2Fhotwiresystems.com%2Ffi%2Ftuoteet-kuumalankaleikkuri%2F|title:Polystyreenin%20Kuumalankaleikkuri&#8221;][\/vc_column][vc_column width=&#8221;1\/3&#8243;][vc_btn title=&#8221;LUE LIS\u00c4\u00c4&#8221; style=&#8221;outline&#8221; shape=&#8221;square&#8221; color=&#8221;blue&#8221; align=&#8221;right&#8221; css=&#8221;&#8221; link=&#8221;url:https%3A%2F%2Fhotwiresystems.com%2Ffi%2Fstyrox-leikkuri-hws250%2F|title:L%C3%A4mp%C3%B6veitsi%20HWS250!&#8221;][\/vc_column][vc_column width=&#8221;1\/3&#8243;][vc_btn title=&#8221;LUE LIS\u00c4\u00c4&#8221; style=&#8221;outline&#8221; shape=&#8221;square&#8221; color=&#8221;blue&#8221; align=&#8221;right&#8221; css=&#8221;&#8221; link=&#8221;url:https%3A%2F%2Fhotwiresystems.com%2Ffi%2Fstyrox-3d-cnc-leikkurin-eps-3d-leikkaus-cnc-koneet%2F|title:Styrox%203D%20CNC%20leikkuri&#8221;][\/vc_column][\/vc_row][vc_row][vc_column][vc_separator color=&#8221;orange&#8221;][\/vc_column][\/vc_row][vc_row][vc_column][vc_custom_heading text=&#8221;\u201cBest selection of foam EPS, XPS cutting equipment on market!\u201d&#8221; font_container=&#8221;tag:h5|font_size:33|text_align:center|color:%23515C6B|line_height:1&#8243; google_fonts=&#8221;font_family:Pacifico%3Aregular|font_style:400%20regular%3A400%3Anormal&#8221; css=&#8221;&#8221; link=&#8221;url:http%3A%2F%2Fkuumtraat.ee%2Ffi%2Ftuoteet-kuumalankaleikkuri%2F|title:Polystyreenin%20kuumalankaleikkuri|&#8221;][\/vc_column][\/vc_row][vc_row][vc_column][vc_empty_space height=&#8221;20&#8243;][vc_separator color=&#8221;orange&#8221;][\/vc_column][\/vc_row][vc_row][vc_column width=&#8221;1\/4&#8243;][vc_single_image image=&#8221;6455&#8243; img_size=&#8221;large&#8221; alignment=&#8221;center&#8221; onclick=&#8221;custom_link&#8221; link=&#8221;https:\/\/www.hotwiresystems.com\/fi\/laitteiden-toimitus\/&#8221;][\/vc_column][vc_column width=&#8221;3\/4&#8243;][vc_column_text css=&#8221;&#8221;]<\/p>\n<h2 style=\"text-align: right;\"><span style=\"font-size: 36pt; color: #808080;\">LAITTEIDEN <span style=\"color: #ff6600;\">TOIMITUS<\/span> <\/span><\/h2>\n<p style=\"text-align: left;\"><span style=\"font-size: 12pt; color: #000000;\">Me mahdollistamme laitteiston toimituksen niin yksityisille, kuin my\u00f6s juridisille tahoille. Toimitusaika <strong>Suomeen <\/strong>ja<strong> Ruotsiin<\/strong>\u00a0on keskim\u00e4\u00e4rin 2-5 p\u00e4iv\u00e4\u00e4. Tavanomaisten kuljetusyhti\u00f6iden lis\u00e4ksi me hy\u00f6dynn\u00e4mme <span style=\"color: #0000ff;\"><strong><a style=\"color: #0000ff;\" href=\"https:\/\/www.posti.fi\/yritysasiakkaat\/laheta\/kuljetuspalvelut\/kuluttajille-kotimaassa\/smartpost.html\">Itella SmartPostin<\/a><\/strong><\/span> l\u00e4hetysterminaaleja k\u00e4sik\u00e4ytt\u00f6isten laitteiden jakelussa <a style=\"color: #000000;\" title=\"Styroxleikkuri Styro-Cut 230\" href=\"\/?page_id=2658\"><strong>(Styro-Cut)<\/strong>.<\/a>\u00a0Huomionarvoista on, ett\u00e4 l\u00e4hetysten hinta lasketaan erikseen jokaisen konkreettisen tilauksen yhteydess\u00e4 ja riippuu silloin tarjolla olevista jakelupalveluista, tuotteen saatavuudesta ja tilauskohteesta.<\/span><\/p>\n<p>[\/vc_column_text][vc_btn title=&#8221;LUE LIS\u00c4\u00c4&#8221; style=&#8221;outline&#8221; shape=&#8221;square&#8221; color=&#8221;blue&#8221; size=&#8221;sm&#8221; align=&#8221;right&#8221; i_align=&#8221;right&#8221; i_icon_fontawesome=&#8221;&#8221; css=&#8221;&#8221; add_icon=&#8221;true&#8221; link=&#8221;url:https%3A%2F%2Fhotwiresystems.com%2Ffi%2Flaitteiden-toimitus%2F|title:EPS%20vaahto%20leikkuri%20toimitus&#8221;][\/vc_column][\/vc_row][vc_row][vc_column width=&#8221;1\/4&#8243;][vc_single_image image=&#8221;6456&#8243; img_size=&#8221;large&#8221; alignment=&#8221;center&#8221; onclick=&#8221;custom_link&#8221; link=&#8221;https:\/\/www.hotwiresystems.com\/fi\/nicr-nikkromi-leikkauslanka-styroksileikkureihin\/&#8221;][\/vc_column][vc_column width=&#8221;3\/4&#8243;][vc_column_text]<\/p>\n<h2 style=\"text-align: right;\"><span style=\"color: #808080; font-size: 36pt;\">LEIKKAUSLANKA <span style=\"color: #ff6600;\">VAAHTLEIKKUREILLE<\/span><\/span><\/h2>\n<p style=\"text-align: left;\"><span style=\"color: #000000; font-size: 12pt;\"><strong>NikKromi-lanka<\/strong> on optimaalinen valinta leikkauslangaksi vaahdonleikkausvarusteena monestakin syyst\u00e4, mutta erityisesti koska se on hyvin vastustuskykyinen korroosiota ja hapettumista vastaan eritt\u00e4in korkeissa l\u00e4mp\u00f6tiloissa. NikKromi-leikkauslanka saavuttaa muutaman sadan Celsius-asteen l\u00e4mp\u00f6tilan leikkauksen aikana.\u00a0<strong>NikKromi-leikkauslangalla<\/strong> on ainutlaatuinen ominaisuus: se kuumenee kun siihen johdetaan s\u00e4hk\u00f6\u00e4. Valmistajat ja harrastajat k\u00e4ytt\u00e4v\u00e4t NikKromi leikkauslanka moniin eri k\u00e4ytt\u00f6tarkoituksiin, joissa langan on kuumennuttava tai sen on kestett\u00e4v\u00e4 korkeita l\u00e4mp\u00f6tiloja.<\/span><\/p>\n<p>[\/vc_column_text][vc_btn title=&#8221;LUE LIS\u00c4\u00c4&#8221; style=&#8221;outline&#8221; shape=&#8221;square&#8221; color=&#8221;blue&#8221; size=&#8221;sm&#8221; align=&#8221;right&#8221; i_align=&#8221;right&#8221; i_icon_fontawesome=&#8221;&#8221; css=&#8221;&#8221; add_icon=&#8221;true&#8221; link=&#8221;url:http%3A%2F%2Fwww.hotwiresystems.com%2Ffi%2Fnicr-nikkromi-leikkauslanka-styroksileikkureihin%2F|title:Nikkromi-leikkauslanka&#8221;][\/vc_column][\/vc_row][vc_row][vc_column width=&#8221;1\/4&#8243;][vc_single_image image=&#8221;6480&#8243; img_size=&#8221;large&#8221; alignment=&#8221;center&#8221; onclick=&#8221;custom_link&#8221; link=&#8221;https:\/\/www.hotwiresystems.com\/fi\/mita-polystyreeni-eps-xps-on-styrox-eri-kayttomuotojen\/&#8221;][\/vc_column][vc_column width=&#8221;3\/4&#8243;][vc_column_text]<\/p>\n<h2 style=\"text-align: right;\"><span style=\"font-size: 36pt; color: #808080;\">MIT\u00c4 POLYSTYREENI <span style=\"color: #ff6600;\">EPS<\/span> ON?<\/span><\/h2>\n<p style=\"text-align: left;\"><span style=\"font-size: 12pt; color: #000000;\">On olemassa kahdenlaista polystyreenivaahtoa, joka soveltuu parhaiten styrox leikkurien, kuumalankaleikkurien ja styrox 3D CNC leikkurien kanssa: suulakepuristettua polystyreeni\u00e4 <strong>(XPS -vaahto)<\/strong> ja paisutettua polystyreeni\u00e4 <strong>(EPS -vaahto).<\/strong> Vaikka molemmat eristetyypit koostuvat polystyreenist\u00e4, kahden erilaisen valmistusprosessin seurauksena syntyvien tuotteiden suorituskyvyn ominaisuudet ovat hyvin erilaiset. <strong>XPS:n<\/strong> valmistamiseen k\u00e4ytet\u00e4\u00e4n jatkuvaa puristusprosessia, joka tuottaa homogeenisen umpisoluisen poikittaisosan, kun taas <strong>EPS<\/strong> valmistetaan laajentamalla pallomaisia helmi\u00e4 muotissa, k\u00e4ytt\u00e4en l\u00e4mp\u00f6\u00e4 ja painetta helmien yhteen sulattamiseksi.<\/span><\/p>\n<p>[\/vc_column_text][vc_btn title=&#8221;LUE LIS\u00c4\u00c4&#8221; style=&#8221;outline&#8221; shape=&#8221;square&#8221; color=&#8221;blue&#8221; size=&#8221;sm&#8221; align=&#8221;right&#8221; i_align=&#8221;right&#8221; i_icon_fontawesome=&#8221;&#8221; css=&#8221;&#8221; add_icon=&#8221;true&#8221; link=&#8221;url:https%3A%2F%2Fhotwiresystems.com%2Ffi%2Fmita-polystyreeni-eps-xps-on-styrox-eri-kayttomuotojen%2F|title:Mit%C3%A4%20polystyreeni%20EPS%2C%20XPS%20on%3F&#8221;][\/vc_column][\/vc_row][vc_row][vc_column][vc_separator color=&#8221;orange&#8221;][\/vc_column][\/vc_row][vc_row][vc_column][vc_empty_space height=&#8221;10&#8243;][\/vc_column][\/vc_row][vc_row][vc_column][vc_btn title=&#8221;OTA YHTEYTT\u00c4 MEIHIN&#8221; style=&#8221;outline&#8221; shape=&#8221;square&#8221; color=&#8221;green&#8221; size=&#8221;lg&#8221; align=&#8221;center&#8221; css_animation=&#8221;none&#8221; css=&#8221;&#8221; link=&#8221;url:https%3A%2F%2Fhotwiresystems.com%2Ffi%2Fyhteystiedot%2F|title:Ota%20yhteytt%C3%A4%20meihin&#8221;][\/vc_column][\/vc_row]<\/p>\n<\/div><!-- AddThis Advanced Settings generic via filter on the_content --><!-- AddThis Share Buttons generic via filter on the_content -->","protected":false},"excerpt":{"rendered":"<p>[vc_row][vc_column][vc_column_text css=&#8221;&#8221;] VERKKOKAUPPA ON AVATTU! Hyv\u00e4t asiakkaat, meill\u00e4 on ilo ilmoittaa, ett\u00e4 voitte nyt ostaa polystyreenin leikkauslaitteita nopeasti ja k\u00e4tev\u00e4sti verkkokaupastamme! Toimitus Suomeen vain 1\u20133 p\u00e4iv\u00e4ss\u00e4. [\/vc_column_text][\/vc_column][\/vc_row][vc_row][vc_column width=&#8221;1\/3&#8243;][vc_column_text] POLYSTYREENI KUUMALANKALEIKKURI [\/vc_column_text][\/vc_column][vc_column width=&#8221;1\/3&#8243;][vc_column_text] STYROX L\u00c4MP\u00d6VEITSI\u00a0LEIKKURI [\/vc_column_text][\/vc_column][vc_column width=&#8221;1\/3&#8243;][vc_column_text] STYROX 3D CNC LEIKKURI [\/vc_column_text][\/vc_column][\/vc_row][vc_row][vc_column width=&#8221;1\/3&#8243;][vc_single_image image=&#8221;15461&#8243; img_size=&#8221;large&#8221; alignment=&#8221;center&#8221; onclick=&#8221;custom_link&#8221; link=&#8221;https:\/\/www.hotwiresystems.com\/fi\/tuoteet-kuumalankaleikkuri\/&#8221;][\/vc_column][vc_column width=&#8221;1\/3&#8243;][vc_single_image image=&#8221;15453&#8243; img_size=&#8221;large&#8221; alignment=&#8221;center&#8221; onclick=&#8221;custom_link&#8221; link=&#8221;https:\/\/www.hotwiresystems.com\/fi\/styrox-leikkuri-hws250\/&#8221;][\/vc_column][vc_column width=&#8221;1\/3&#8243;][vc_single_image image=&#8221;15437&#8243; [&hellip;]<!-- AddThis Advanced Settings generic via filter on get_the_excerpt --><!-- AddThis Share Buttons generic via filter on get_the_excerpt --><\/p>\n","protected":false},"author":1,"featured_media":16320,"parent":0,"menu_order":0,"comment_status":"closed","ping_status":"closed","template":"avaleht.php","meta":{"footnotes":""},"yoast_head":"<!-- This site is optimized with the Yoast SEO plugin v23.3 - https:\/\/yoast.com\/wordpress\/plugins\/seo\/ -->\n<title>Polystyreeni leikkuri | Ammattik\u00e4ytt\u00f6\u00f6n leikkauslaitteet<\/title>\n<meta name=\"description\" content=\"Tarjoamamme polystyreeni leikkaukseen tarkoitettu laitteisto on yleisiin k\u00e4ytt\u00f6periin soveltuva, monitoiminnallinen my\u00f6s vaativalle ammatimaiselle k\u00e4yt\u00f6lle.\" \/>\n<meta name=\"robots\" content=\"index, follow, max-snippet:-1, max-image-preview:large, max-video-preview:-1\" \/>\n<link rel=\"canonical\" href=\"https:\/\/www.hotwiresystems.com\/fi\/\" \/>\n<meta property=\"og:locale\" content=\"fi_FI\" \/>\n<meta property=\"og:type\" content=\"article\" \/>\n<meta property=\"og:title\" content=\"Polystyreeni leikkuri | Ammattik\u00e4ytt\u00f6\u00f6n leikkauslaitteet\" \/>\n<meta property=\"og:description\" content=\"Tarjoamamme polystyreeni leikkaukseen tarkoitettu laitteisto on yleisiin k\u00e4ytt\u00f6periin soveltuva, monitoiminnallinen my\u00f6s vaativalle ammatimaiselle k\u00e4yt\u00f6lle.\" \/>\n<meta property=\"og:url\" content=\"https:\/\/www.hotwiresystems.com\/fi\/\" \/>\n<meta property=\"article:modified_time\" content=\"2025-08-13T20:46:13+00:00\" \/>\n<meta property=\"og:image\" content=\"https:\/\/www.hotwiresystems.com\/wp-content\/uploads\/2025\/07\/Vahtpolustureeni-loikur-HWS-Cutter-13.jpg\" \/>\n\t<meta property=\"og:image:width\" content=\"600\" \/>\n\t<meta property=\"og:image:height\" content=\"600\" \/>\n\t<meta property=\"og:image:type\" content=\"image\/jpeg\" \/>\n<meta name=\"twitter:label1\" content=\"Arvioitu lukuaika\" \/>\n\t<meta name=\"twitter:data1\" content=\"5 minuuttia\" \/>\n<script type=\"application\/ld+json\" class=\"yoast-schema-graph\">{\"@context\":\"https:\/\/schema.org\",\"@graph\":[{\"@type\":\"WebPage\",\"@id\":\"https:\/\/www.hotwiresystems.com\/fi\/\",\"url\":\"https:\/\/www.hotwiresystems.com\/fi\/\",\"name\":\"Polystyreeni leikkuri | Ammattik\u00e4ytt\u00f6\u00f6n leikkauslaitteet\",\"isPartOf\":{\"@id\":\"https:\/\/hotwiresystems.com\/et\/#website\"},\"primaryImageOfPage\":{\"@id\":\"https:\/\/www.hotwiresystems.com\/fi\/#primaryimage\"},\"image\":{\"@id\":\"https:\/\/www.hotwiresystems.com\/fi\/#primaryimage\"},\"thumbnailUrl\":\"https:\/\/www.hotwiresystems.com\/wp-content\/uploads\/2025\/07\/Vahtpolustureeni-loikur-HWS-Cutter-13.jpg\",\"datePublished\":\"2013-11-07T15:20:12+00:00\",\"dateModified\":\"2025-08-13T20:46:13+00:00\",\"description\":\"Tarjoamamme polystyreeni leikkaukseen tarkoitettu laitteisto on yleisiin k\u00e4ytt\u00f6periin soveltuva, monitoiminnallinen my\u00f6s vaativalle ammatimaiselle k\u00e4yt\u00f6lle.\",\"breadcrumb\":{\"@id\":\"https:\/\/www.hotwiresystems.com\/fi\/#breadcrumb\"},\"inLanguage\":\"fi\",\"potentialAction\":[{\"@type\":\"ReadAction\",\"target\":[\"https:\/\/www.hotwiresystems.com\/fi\/\"]}]},{\"@type\":\"ImageObject\",\"inLanguage\":\"fi\",\"@id\":\"https:\/\/www.hotwiresystems.com\/fi\/#primaryimage\",\"url\":\"https:\/\/www.hotwiresystems.com\/wp-content\/uploads\/2025\/07\/Vahtpolustureeni-loikur-HWS-Cutter-13.jpg\",\"contentUrl\":\"https:\/\/www.hotwiresystems.com\/wp-content\/uploads\/2025\/07\/Vahtpolustureeni-loikur-HWS-Cutter-13.jpg\",\"width\":600,\"height\":600,\"caption\":\"Vahtpol\u00fcst\u00fcreeni l\u00f5ikur HWS-Cutter!\"},{\"@type\":\"BreadcrumbList\",\"@id\":\"https:\/\/www.hotwiresystems.com\/fi\/#breadcrumb\",\"itemListElement\":[{\"@type\":\"ListItem\",\"position\":1,\"name\":\"Home\",\"item\":\"https:\/\/www.hotwiresystems.com\/fi\/\"},{\"@type\":\"ListItem\",\"position\":2,\"name\":\"Polystyreeni leikkuri | Ammattik\u00e4ytt\u00f6\u00f6n leikkauslaitteet!\"}]},{\"@type\":\"WebSite\",\"@id\":\"https:\/\/hotwiresystems.com\/et\/#website\",\"url\":\"https:\/\/hotwiresystems.com\/et\/\",\"name\":\"\",\"description\":\"\",\"potentialAction\":[{\"@type\":\"SearchAction\",\"target\":{\"@type\":\"EntryPoint\",\"urlTemplate\":\"https:\/\/hotwiresystems.com\/et\/?s={search_term_string}\"},\"query-input\":\"required name=search_term_string\"}],\"inLanguage\":\"fi\"}]}<\/script>\n<!-- \/ Yoast SEO plugin. -->","yoast_head_json":{"title":"Polystyreeni leikkuri | Ammattik\u00e4ytt\u00f6\u00f6n leikkauslaitteet","description":"Tarjoamamme polystyreeni leikkaukseen tarkoitettu laitteisto on yleisiin k\u00e4ytt\u00f6periin soveltuva, monitoiminnallinen my\u00f6s vaativalle ammatimaiselle k\u00e4yt\u00f6lle.","robots":{"index":"index","follow":"follow","max-snippet":"max-snippet:-1","max-image-preview":"max-image-preview:large","max-video-preview":"max-video-preview:-1"},"canonical":"https:\/\/www.hotwiresystems.com\/fi\/","og_locale":"fi_FI","og_type":"article","og_title":"Polystyreeni leikkuri | Ammattik\u00e4ytt\u00f6\u00f6n leikkauslaitteet","og_description":"Tarjoamamme polystyreeni leikkaukseen tarkoitettu laitteisto on yleisiin k\u00e4ytt\u00f6periin soveltuva, monitoiminnallinen my\u00f6s vaativalle ammatimaiselle k\u00e4yt\u00f6lle.","og_url":"https:\/\/www.hotwiresystems.com\/fi\/","article_modified_time":"2025-08-13T20:46:13+00:00","og_image":[{"width":600,"height":600,"url":"https:\/\/www.hotwiresystems.com\/wp-content\/uploads\/2025\/07\/Vahtpolustureeni-loikur-HWS-Cutter-13.jpg","type":"image\/jpeg"}],"twitter_misc":{"Arvioitu lukuaika":"5 minuuttia"},"schema":{"@context":"https:\/\/schema.org","@graph":[{"@type":"WebPage","@id":"https:\/\/www.hotwiresystems.com\/fi\/","url":"https:\/\/www.hotwiresystems.com\/fi\/","name":"Polystyreeni leikkuri | Ammattik\u00e4ytt\u00f6\u00f6n leikkauslaitteet","isPartOf":{"@id":"https:\/\/hotwiresystems.com\/et\/#website"},"primaryImageOfPage":{"@id":"https:\/\/www.hotwiresystems.com\/fi\/#primaryimage"},"image":{"@id":"https:\/\/www.hotwiresystems.com\/fi\/#primaryimage"},"thumbnailUrl":"https:\/\/www.hotwiresystems.com\/wp-content\/uploads\/2025\/07\/Vahtpolustureeni-loikur-HWS-Cutter-13.jpg","datePublished":"2013-11-07T15:20:12+00:00","dateModified":"2025-08-13T20:46:13+00:00","description":"Tarjoamamme polystyreeni leikkaukseen tarkoitettu laitteisto on yleisiin k\u00e4ytt\u00f6periin soveltuva, monitoiminnallinen my\u00f6s vaativalle ammatimaiselle k\u00e4yt\u00f6lle.","breadcrumb":{"@id":"https:\/\/www.hotwiresystems.com\/fi\/#breadcrumb"},"inLanguage":"fi","potentialAction":[{"@type":"ReadAction","target":["https:\/\/www.hotwiresystems.com\/fi\/"]}]},{"@type":"ImageObject","inLanguage":"fi","@id":"https:\/\/www.hotwiresystems.com\/fi\/#primaryimage","url":"https:\/\/www.hotwiresystems.com\/wp-content\/uploads\/2025\/07\/Vahtpolustureeni-loikur-HWS-Cutter-13.jpg","contentUrl":"https:\/\/www.hotwiresystems.com\/wp-content\/uploads\/2025\/07\/Vahtpolustureeni-loikur-HWS-Cutter-13.jpg","width":600,"height":600,"caption":"Vahtpol\u00fcst\u00fcreeni l\u00f5ikur HWS-Cutter!"},{"@type":"BreadcrumbList","@id":"https:\/\/www.hotwiresystems.com\/fi\/#breadcrumb","itemListElement":[{"@type":"ListItem","position":1,"name":"Home","item":"https:\/\/www.hotwiresystems.com\/fi\/"},{"@type":"ListItem","position":2,"name":"Polystyreeni leikkuri | Ammattik\u00e4ytt\u00f6\u00f6n leikkauslaitteet!"}]},{"@type":"WebSite","@id":"https:\/\/hotwiresystems.com\/et\/#website","url":"https:\/\/hotwiresystems.com\/et\/","name":"","description":"","potentialAction":[{"@type":"SearchAction","target":{"@type":"EntryPoint","urlTemplate":"https:\/\/hotwiresystems.com\/et\/?s={search_term_string}"},"query-input":"required name=search_term_string"}],"inLanguage":"fi"}]}},"_links":{"self":[{"href":"https:\/\/hotwiresystems.com\/fi\/wp-json\/wp\/v2\/pages\/811"}],"collection":[{"href":"https:\/\/hotwiresystems.com\/fi\/wp-json\/wp\/v2\/pages"}],"about":[{"href":"https:\/\/hotwiresystems.com\/fi\/wp-json\/wp\/v2\/types\/page"}],"author":[{"embeddable":true,"href":"https:\/\/hotwiresystems.com\/fi\/wp-json\/wp\/v2\/users\/1"}],"replies":[{"embeddable":true,"href":"https:\/\/hotwiresystems.com\/fi\/wp-json\/wp\/v2\/comments?post=811"}],"version-history":[{"count":5,"href":"https:\/\/hotwiresystems.com\/fi\/wp-json\/wp\/v2\/pages\/811\/revisions"}],"predecessor-version":[{"id":16771,"href":"https:\/\/hotwiresystems.com\/fi\/wp-json\/wp\/v2\/pages\/811\/revisions\/16771"}],"wp:featuredmedia":[{"embeddable":true,"href":"https:\/\/hotwiresystems.com\/fi\/wp-json\/wp\/v2\/media\/16320"}],"wp:attachment":[{"href":"https:\/\/hotwiresystems.com\/fi\/wp-json\/wp\/v2\/media?parent=811"}],"curies":[{"name":"wp","href":"https:\/\/api.w.org\/{rel}","templated":true}]}}