{"id":774,"date":"2014-01-22T23:23:09","date_gmt":"2014-01-22T21:23:09","guid":{"rendered":"http:\/\/kuumtraat.ee\/?page_id=774"},"modified":"2025-08-13T23:07:32","modified_gmt":"2025-08-13T21:07:32","slug":"laitteiden-huolto-ja-korjaus","status":"publish","type":"page","link":"https:\/\/hotwiresystems.com\/fi\/laitteiden-huolto-ja-korjaus\/","title":{"rendered":"Polystyreenin leikkaus laitteiden huolto ja korjaus!"},"content":{"rendered":"<div class=\"wpb-content-wrapper\"><p>[vc_row][vc_column][vc_column_text]<\/p>\n<h1 style=\"text-align: left;\"><span style=\"font-size: 36pt; color: #808080;\">LAITTEIDEN HUOLTO JA KORJAUS<\/span><\/h1>\n<p>[\/vc_column_text][vc_column_text]<\/p>\n<p style=\"text-align: left;\"><span style=\"color: #000000; font-size: 12pt;\">Laitteen toimintakunnon varmistamiseksi on noudattava muutamia yksinkertaisia s\u00e4\u00e4nt\u00f6j\u00e4:<\/span><\/p>\n<ul style=\"list-style-type: circle; text-align: left;\">\n<li><span style=\"font-size: 12pt; color: #000000;\">K\u00e4yt\u00e4 laitetta vain k\u00e4ytt\u00f6ohjeen mukaisesti.<\/span><\/li>\n<li><span style=\"font-size: 12pt; color: #000000;\">Suorita huoltotoimenpiteet s\u00e4\u00e4nn\u00f6llisesti ja oikea-aikaisesti.<\/span><\/li>\n<\/ul>\n<p style=\"text-align: left;\"><span style=\"font-size: 12pt; color: #000000;\">S\u00e4\u00e4nn\u00f6llinen huolto takaa laiteen pidemm\u00e4n k\u00e4ytt\u00f6i\u00e4n sek\u00e4 pienent\u00e4\u00e4 tulevia huolto- ja korjauskuluja.\u00a0Erityisesti asia koskee kuumalanka-CNC-leikkureita ja styroksin kuumaveitsileikkureita.<\/span><\/p>\n<p style=\"text-align: left;\"><span style=\"font-size: 12pt; color: #000000;\">Tarjoamme toimittamiemme laitteiden m\u00e4\u00e4r\u00e4aikaista huoltopalvelua niin nykyisille kuin uusille asiakkaille.<\/span><\/p>\n<p>[\/vc_column_text][\/vc_column][\/vc_row][vc_row][vc_column][vc_separator color=&#8221;orange&#8221;][\/vc_column][\/vc_row][vc_row][vc_column][vc_column_text]<\/p>\n<h2><span style=\"color: #808080;\"><span style=\"font-size: 36pt;\">VARAOSAN<\/span><\/span><\/h2>\n<p>[\/vc_column_text][\/vc_column][\/vc_row][vc_row][vc_column][vc_column_text]<\/p>\n<p style=\"text-align: left;\"><span style=\"font-size: 12pt; color: #000000;\">Tarjoamme kaikille toimittamillemme vaahtomuovileikkureille my\u00f6s alkuper\u00e4isvaraosia ja -tarvikkeita.\u00a0Varaosaluettelostamme l\u00f6ytyy seuraavia asioita. Lis\u00e4leikkauslankoja, lis\u00e4teri\u00e4 kuumaveitsileikkureihin:<\/span><\/p>\n<ul style=\"list-style-type: circle;\">\n<li style=\"text-align: left;\"><span style=\"color: #000000; font-size: 12pt;\">Yksinkertaisia suoria teri\u00e4,<\/span><\/li>\n<li style=\"text-align: left;\"><span style=\"color: #000000; font-size: 12pt;\">Joiden pituus on 100-250 mm ja erimuotoista teri\u00e4,<\/span><\/li>\n<li style=\"text-align: left;\"><span style=\"color: #000000; font-size: 12pt;\">Muuntajia kuumalankaleikkureihin,<\/span><\/li>\n<li style=\"text-align: left;\"><span style=\"color: #000000; font-size: 12pt;\">Kaapeleita ja jatkojohtoja pistorasioilla,<\/span><\/li>\n<li style=\"text-align: left;\"><span style=\"color: #000000; font-size: 12pt;\">XLR-teollisuusmoduuleja ja -pistokkeita,<\/span><\/li>\n<\/ul>\n<p>[\/vc_column_text][vc_single_image image=&#8221;7632&#8243; img_size=&#8221;large&#8221; alignment=&#8221;center&#8221;][vc_column_text]<\/p>\n<p style=\"text-align: left;\"><span style=\"font-size: 12pt;\"><strong><span style=\"color: #ff0000;\">NB!<\/span> Jotta v\u00e4ltett\u00e4isiin laitteiden toimintah\u00e4iri\u00f6t ja osien sopimattomuus, suosittelemme k\u00e4ytt\u00e4m\u00e4\u00e4n vain alkuper\u00e4isi\u00e4 ja laadukkaita osia.<\/strong><\/span><\/p>\n<p>[\/vc_column_text][\/vc_column][\/vc_row][vc_row][vc_column][vc_separator color=&#8221;orange&#8221;][\/vc_column][\/vc_row][vc_row][vc_column][vc_column_text]<\/p>\n<h2 style=\"text-align: left;\"><span style=\"color: #808080; font-size: 36pt;\"><a style=\"color: #808080;\" href=\"\/?page_id=1634\" target=\"_blank\" rel=\"noopener noreferrer\">TOIMITUS SUOMEEN<\/a><\/span><\/h2>\n<p>[\/vc_column_text][vc_column_text]<\/p>\n<p style=\"text-align: left;\"><span style=\"font-size: 12pt; color: #000000;\"><strong>Toimitamme<\/strong> tilaukset kotiisi tai toimistoon ymp\u00e4ri Suomen, niin yksityiselle henkil\u00f6lle kuin yritysasiakkaille. Mik\u00e4li tilaus on tehty arkip\u00e4iv\u00e4ll\u00e4 ennen kello 14.00, toimitetaan tavarat Helsinkiin 1-3 ty\u00f6p\u00e4iv\u00e4n kuluessa, muualle Suomeen 3 \u2013 5 \u2013 10 ty\u00f6p\u00e4iv\u00e4n kuluessa.<\/span><\/p>\n<p style=\"text-align: left;\"><span style=\"font-size: 12pt; color: #000000;\">Suomessa toimitta pakkaukset Teille\u00a0<strong><a style=\"color: #000000;\" href=\"http:\/\/www.posti.fi\/henkiloasiakkaat\/laheta\/paketit-kotimaahan.html\" target=\"_blank\" rel=\"noopener noreferrer\">Posti OY<\/a><\/strong>\u00a0tai\u00a0<a style=\"color: #000000;\" href=\"http:\/\/www.dpd.fi\/\" target=\"_blank\" rel=\"noopener noreferrer\"><strong>PostNord Oy<\/strong><\/a><\/span><\/p>\n<p>[\/vc_column_text][\/vc_column][\/vc_row][vc_row][vc_column][vc_separator color=&#8221;orange&#8221;][\/vc_column][\/vc_row][vc_row][vc_column][vc_btn title=&#8221;MEID\u00c4N YHTEYSTIEDOT&#8221; style=&#8221;outline&#8221; shape=&#8221;square&#8221; color=&#8221;blue&#8221; align=&#8221;left&#8221; css=&#8221;&#8221; link=&#8221;url:https%3A%2F%2Fhotwiresystems.com%2Ffi%2Fyhteystiedot%2F|title:Ota%20meihin%20yhteytt%C3%A4!&#8221;][\/vc_column][\/vc_row]<\/p>\n<\/div><!-- AddThis Advanced Settings generic via filter on the_content --><!-- AddThis Share Buttons generic via filter on the_content -->","protected":false},"excerpt":{"rendered":"<p>[vc_row][vc_column][vc_column_text] LAITTEIDEN HUOLTO JA KORJAUS [\/vc_column_text][vc_column_text] Laitteen toimintakunnon varmistamiseksi on noudattava muutamia yksinkertaisia s\u00e4\u00e4nt\u00f6j\u00e4: K\u00e4yt\u00e4 laitetta vain k\u00e4ytt\u00f6ohjeen mukaisesti. Suorita huoltotoimenpiteet s\u00e4\u00e4nn\u00f6llisesti ja oikea-aikaisesti. S\u00e4\u00e4nn\u00f6llinen huolto takaa laiteen pidemm\u00e4n k\u00e4ytt\u00f6i\u00e4n sek\u00e4 pienent\u00e4\u00e4 tulevia huolto- ja korjauskuluja.\u00a0Erityisesti asia koskee kuumalanka-CNC-leikkureita ja styroksin kuumaveitsileikkureita. Tarjoamme toimittamiemme laitteiden m\u00e4\u00e4r\u00e4aikaista huoltopalvelua niin nykyisille kuin uusille asiakkaille. [\/vc_column_text][\/vc_column][\/vc_row][vc_row][vc_column][vc_separator color=&#8221;orange&#8221;][\/vc_column][\/vc_row][vc_row][vc_column][vc_column_text] VARAOSAN [&hellip;]<!-- AddThis Advanced Settings generic via filter on get_the_excerpt --><!-- AddThis Share Buttons generic via filter on get_the_excerpt --><\/p>\n","protected":false},"author":2,"featured_media":16320,"parent":0,"menu_order":0,"comment_status":"closed","ping_status":"closed","template":"","meta":{"footnotes":""},"yoast_head":"<!-- This site is optimized with the Yoast SEO plugin v23.3 - https:\/\/yoast.com\/wordpress\/plugins\/seo\/ -->\n<title>Laitteiden huolto ja korjaus | Styrox leikkuri | Toimitus Suomeen!<\/title>\n<meta name=\"description\" content=\"Laitteiden huolto ja korjaus. Tarjoamme toimittamiemme laitteiden m\u00e4\u00e4r\u00e4aikaista huoltopalvelua niin nykyisille kuin uusille asiakkaille.\" \/>\n<meta name=\"robots\" content=\"index, follow, max-snippet:-1, max-image-preview:large, max-video-preview:-1\" \/>\n<link rel=\"canonical\" href=\"https:\/\/www.hotwiresystems.com\/fi\/laitteiden-huolto-ja-korjaus\/\" \/>\n<meta property=\"og:locale\" content=\"fi_FI\" \/>\n<meta property=\"og:type\" content=\"article\" \/>\n<meta property=\"og:title\" content=\"Laitteiden huolto ja korjaus | Styrox leikkuri | Toimitus Suomeen!\" \/>\n<meta property=\"og:description\" content=\"Laitteiden huolto ja korjaus. Tarjoamme toimittamiemme laitteiden m\u00e4\u00e4r\u00e4aikaista huoltopalvelua niin nykyisille kuin uusille asiakkaille.\" \/>\n<meta property=\"og:url\" content=\"https:\/\/www.hotwiresystems.com\/fi\/laitteiden-huolto-ja-korjaus\/\" \/>\n<meta property=\"article:modified_time\" content=\"2025-08-13T21:07:32+00:00\" \/>\n<meta property=\"og:image\" content=\"https:\/\/hotwiresystems.com\/wp-content\/uploads\/2025\/07\/Vahtpolustureeni-loikur-HWS-Cutter-13.jpg\" \/>\n\t<meta property=\"og:image:width\" content=\"600\" \/>\n\t<meta property=\"og:image:height\" content=\"600\" \/>\n\t<meta property=\"og:image:type\" content=\"image\/jpeg\" \/>\n<meta name=\"twitter:label1\" content=\"Arvioitu lukuaika\" \/>\n\t<meta name=\"twitter:data1\" content=\"2 minuuttia\" \/>\n<script type=\"application\/ld+json\" class=\"yoast-schema-graph\">{\"@context\":\"https:\/\/schema.org\",\"@graph\":[{\"@type\":\"WebPage\",\"@id\":\"https:\/\/www.hotwiresystems.com\/fi\/laitteiden-huolto-ja-korjaus\/\",\"url\":\"https:\/\/www.hotwiresystems.com\/fi\/laitteiden-huolto-ja-korjaus\/\",\"name\":\"Laitteiden huolto ja korjaus | Styrox leikkuri | Toimitus Suomeen!\",\"isPartOf\":{\"@id\":\"https:\/\/www.hotwiresystems.com\/es\/#website\"},\"primaryImageOfPage\":{\"@id\":\"https:\/\/www.hotwiresystems.com\/fi\/laitteiden-huolto-ja-korjaus\/#primaryimage\"},\"image\":{\"@id\":\"https:\/\/www.hotwiresystems.com\/fi\/laitteiden-huolto-ja-korjaus\/#primaryimage\"},\"thumbnailUrl\":\"https:\/\/www.hotwiresystems.com\/wp-content\/uploads\/2025\/07\/Vahtpolustureeni-loikur-HWS-Cutter-13.jpg\",\"datePublished\":\"2014-01-22T21:23:09+00:00\",\"dateModified\":\"2025-08-13T21:07:32+00:00\",\"description\":\"Laitteiden huolto ja korjaus. Tarjoamme toimittamiemme laitteiden m\u00e4\u00e4r\u00e4aikaista huoltopalvelua niin nykyisille kuin uusille asiakkaille.\",\"breadcrumb\":{\"@id\":\"https:\/\/www.hotwiresystems.com\/fi\/laitteiden-huolto-ja-korjaus\/#breadcrumb\"},\"inLanguage\":\"fi\",\"potentialAction\":[{\"@type\":\"ReadAction\",\"target\":[\"https:\/\/www.hotwiresystems.com\/fi\/laitteiden-huolto-ja-korjaus\/\"]}]},{\"@type\":\"ImageObject\",\"inLanguage\":\"fi\",\"@id\":\"https:\/\/www.hotwiresystems.com\/fi\/laitteiden-huolto-ja-korjaus\/#primaryimage\",\"url\":\"https:\/\/www.hotwiresystems.com\/wp-content\/uploads\/2025\/07\/Vahtpolustureeni-loikur-HWS-Cutter-13.jpg\",\"contentUrl\":\"https:\/\/www.hotwiresystems.com\/wp-content\/uploads\/2025\/07\/Vahtpolustureeni-loikur-HWS-Cutter-13.jpg\",\"width\":600,\"height\":600,\"caption\":\"Vahtpol\u00fcst\u00fcreeni l\u00f5ikur HWS-Cutter!\"},{\"@type\":\"BreadcrumbList\",\"@id\":\"https:\/\/www.hotwiresystems.com\/fi\/laitteiden-huolto-ja-korjaus\/#breadcrumb\",\"itemListElement\":[{\"@type\":\"ListItem\",\"position\":1,\"name\":\"Home\",\"item\":\"https:\/\/hotwiresystems.com\/fi\/\"},{\"@type\":\"ListItem\",\"position\":2,\"name\":\"Polystyreenin leikkaus laitteiden huolto ja korjaus!\"}]},{\"@type\":\"WebSite\",\"@id\":\"https:\/\/www.hotwiresystems.com\/es\/#website\",\"url\":\"https:\/\/www.hotwiresystems.com\/es\/\",\"name\":\"\",\"description\":\"\",\"potentialAction\":[{\"@type\":\"SearchAction\",\"target\":{\"@type\":\"EntryPoint\",\"urlTemplate\":\"https:\/\/www.hotwiresystems.com\/es\/?s={search_term_string}\"},\"query-input\":\"required name=search_term_string\"}],\"inLanguage\":\"fi\"}]}<\/script>\n<!-- \/ Yoast SEO plugin. -->","yoast_head_json":{"title":"Laitteiden huolto ja korjaus | Styrox leikkuri | Toimitus Suomeen!","description":"Laitteiden huolto ja korjaus. Tarjoamme toimittamiemme laitteiden m\u00e4\u00e4r\u00e4aikaista huoltopalvelua niin nykyisille kuin uusille asiakkaille.","robots":{"index":"index","follow":"follow","max-snippet":"max-snippet:-1","max-image-preview":"max-image-preview:large","max-video-preview":"max-video-preview:-1"},"canonical":"https:\/\/www.hotwiresystems.com\/fi\/laitteiden-huolto-ja-korjaus\/","og_locale":"fi_FI","og_type":"article","og_title":"Laitteiden huolto ja korjaus | Styrox leikkuri | Toimitus Suomeen!","og_description":"Laitteiden huolto ja korjaus. Tarjoamme toimittamiemme laitteiden m\u00e4\u00e4r\u00e4aikaista huoltopalvelua niin nykyisille kuin uusille asiakkaille.","og_url":"https:\/\/www.hotwiresystems.com\/fi\/laitteiden-huolto-ja-korjaus\/","article_modified_time":"2025-08-13T21:07:32+00:00","og_image":[{"width":600,"height":600,"url":"https:\/\/hotwiresystems.com\/wp-content\/uploads\/2025\/07\/Vahtpolustureeni-loikur-HWS-Cutter-13.jpg","type":"image\/jpeg"}],"twitter_misc":{"Arvioitu lukuaika":"2 minuuttia"},"schema":{"@context":"https:\/\/schema.org","@graph":[{"@type":"WebPage","@id":"https:\/\/www.hotwiresystems.com\/fi\/laitteiden-huolto-ja-korjaus\/","url":"https:\/\/www.hotwiresystems.com\/fi\/laitteiden-huolto-ja-korjaus\/","name":"Laitteiden huolto ja korjaus | Styrox leikkuri | Toimitus Suomeen!","isPartOf":{"@id":"https:\/\/www.hotwiresystems.com\/es\/#website"},"primaryImageOfPage":{"@id":"https:\/\/www.hotwiresystems.com\/fi\/laitteiden-huolto-ja-korjaus\/#primaryimage"},"image":{"@id":"https:\/\/www.hotwiresystems.com\/fi\/laitteiden-huolto-ja-korjaus\/#primaryimage"},"thumbnailUrl":"https:\/\/www.hotwiresystems.com\/wp-content\/uploads\/2025\/07\/Vahtpolustureeni-loikur-HWS-Cutter-13.jpg","datePublished":"2014-01-22T21:23:09+00:00","dateModified":"2025-08-13T21:07:32+00:00","description":"Laitteiden huolto ja korjaus. Tarjoamme toimittamiemme laitteiden m\u00e4\u00e4r\u00e4aikaista huoltopalvelua niin nykyisille kuin uusille asiakkaille.","breadcrumb":{"@id":"https:\/\/www.hotwiresystems.com\/fi\/laitteiden-huolto-ja-korjaus\/#breadcrumb"},"inLanguage":"fi","potentialAction":[{"@type":"ReadAction","target":["https:\/\/www.hotwiresystems.com\/fi\/laitteiden-huolto-ja-korjaus\/"]}]},{"@type":"ImageObject","inLanguage":"fi","@id":"https:\/\/www.hotwiresystems.com\/fi\/laitteiden-huolto-ja-korjaus\/#primaryimage","url":"https:\/\/www.hotwiresystems.com\/wp-content\/uploads\/2025\/07\/Vahtpolustureeni-loikur-HWS-Cutter-13.jpg","contentUrl":"https:\/\/www.hotwiresystems.com\/wp-content\/uploads\/2025\/07\/Vahtpolustureeni-loikur-HWS-Cutter-13.jpg","width":600,"height":600,"caption":"Vahtpol\u00fcst\u00fcreeni l\u00f5ikur HWS-Cutter!"},{"@type":"BreadcrumbList","@id":"https:\/\/www.hotwiresystems.com\/fi\/laitteiden-huolto-ja-korjaus\/#breadcrumb","itemListElement":[{"@type":"ListItem","position":1,"name":"Home","item":"https:\/\/hotwiresystems.com\/fi\/"},{"@type":"ListItem","position":2,"name":"Polystyreenin leikkaus laitteiden huolto ja korjaus!"}]},{"@type":"WebSite","@id":"https:\/\/www.hotwiresystems.com\/es\/#website","url":"https:\/\/www.hotwiresystems.com\/es\/","name":"","description":"","potentialAction":[{"@type":"SearchAction","target":{"@type":"EntryPoint","urlTemplate":"https:\/\/www.hotwiresystems.com\/es\/?s={search_term_string}"},"query-input":"required name=search_term_string"}],"inLanguage":"fi"}]}},"_links":{"self":[{"href":"https:\/\/hotwiresystems.com\/fi\/wp-json\/wp\/v2\/pages\/774"}],"collection":[{"href":"https:\/\/hotwiresystems.com\/fi\/wp-json\/wp\/v2\/pages"}],"about":[{"href":"https:\/\/hotwiresystems.com\/fi\/wp-json\/wp\/v2\/types\/page"}],"author":[{"embeddable":true,"href":"https:\/\/hotwiresystems.com\/fi\/wp-json\/wp\/v2\/users\/2"}],"replies":[{"embeddable":true,"href":"https:\/\/hotwiresystems.com\/fi\/wp-json\/wp\/v2\/comments?post=774"}],"version-history":[{"count":5,"href":"https:\/\/hotwiresystems.com\/fi\/wp-json\/wp\/v2\/pages\/774\/revisions"}],"predecessor-version":[{"id":16803,"href":"https:\/\/hotwiresystems.com\/fi\/wp-json\/wp\/v2\/pages\/774\/revisions\/16803"}],"wp:featuredmedia":[{"embeddable":true,"href":"https:\/\/hotwiresystems.com\/fi\/wp-json\/wp\/v2\/media\/16320"}],"wp:attachment":[{"href":"https:\/\/hotwiresystems.com\/fi\/wp-json\/wp\/v2\/media?parent=774"}],"curies":[{"name":"wp","href":"https:\/\/api.w.org\/{rel}","templated":true}]}}