{"id":765,"date":"2014-01-22T23:08:16","date_gmt":"2014-01-22T21:08:16","guid":{"rendered":"http:\/\/kuumtraat.ee\/?page_id=765"},"modified":"2025-08-13T22:52:12","modified_gmt":"2025-08-13T20:52:12","slug":"meista","status":"publish","type":"page","link":"https:\/\/hotwiresystems.com\/fi\/meista\/","title":{"rendered":"Meist\u00e4 | Hotwire Systems Oy"},"content":{"rendered":"<div class=\"wpb-content-wrapper\"><p>[vc_row][vc_column][vc_column_text]<\/p>\n<h1><span style=\"color: #808080;\"><span style=\"font-size: 36pt;\">MEIST\u00c4 <span style=\"color: #ff6600;\">&#8211; HWS!<\/span><\/span><\/span><\/h1>\n<p>[\/vc_column_text][vc_column_text]<\/p>\n<p style=\"text-align: left;\"><span style=\"color: #000000;\"><span style=\"font-size: 12pt;\">Yhti\u00f6 <strong>Hotwire Systems O\u00dc<\/strong>\u00a0erikoistuu polystyreenin leikkaukseen ja k\u00e4sittelyyn tarkoitetun laitteiston myyntiin, huoltoon ja korjaamiseen (solupolystyreeni <strong>&#8211; EPS,<\/strong> suulakepuristettu polystyreeni <strong>&#8211; XPS<\/strong>). Tarjoamamme vaahtomuovin leikkaukseen tarkoitettu laitteisto on yleisiin k\u00e4ytt\u00f6periin soveltuva, monitoiminnallinen, mutta samalla k\u00e4ytt\u00e4j\u00e4yst\u00e4v\u00e4llinen vaihtoehto niin tavanomaiselle, kuin my\u00f6s vaativalle ammatimaiselle k\u00e4yt\u00f6lle, kuten: mallinnokset, suunnittelu, rakennusala, arkkitehtuuri, pakkaus, tuotanto.\u00a0<\/span><span style=\"font-size: 12pt;\">Tarjoamme asiakkaille laajan valikoiman erilaisia laitteita ja tarvikkeita <strong>EPS:n, XPS:n<\/strong> leikkaukseen ja k\u00e4sittelyyn.<\/span><\/span><\/p>\n<p>[\/vc_column_text][vc_column_text]<\/p>\n<p style=\"text-align: left;\"><span style=\"font-size: 12pt; color: #000000;\"><strong>Tuotetarjontamme<\/strong> perustuu siihen, ett\u00e4 asiakkaalla olisi mahdollisuus valita tarkoitukseensa parhaiten <strong>sopiva v\u00e4lineist\u00f6<\/strong> monipuolisista hintaryhmist\u00e4, oli se sitten budjettiin perustuva valinta tai tarve monitoiminnalliselle laitteelle <strong>ammattimaiseen k\u00e4ytt\u00f6\u00f6n.<\/strong><\/span><\/p>\n<h3 style=\"text-align: left;\"><span style=\"color: #ff6600; font-size: 14pt;\">Tuotevalikoimamme l\u00f6ytyy:<\/span><\/h3>\n<p>[\/vc_column_text][vc_row_inner][vc_column_inner][vc_column_text]<\/p>\n<ul style=\"list-style-type: circle;\">\n<li style=\"text-align: justify;\">\n<h3><span style=\"color: #808080; font-size: 14pt;\"><a style=\"color: #808080;\" title=\"Styrox-leikkuri Styro-Cut 230\" href=\"\/?page_id=2658\"><span style=\"color: #808080;\">Styrox-leikkuri <\/span><strong><span style=\"color: #ff6600;\">&#8221;<\/span><\/strong><span style=\"color: #808080;\">L\u00c4MP\u00d6VEITSI<\/span><strong><span style=\"color: #ff6600;\">&#8221;<\/span><\/strong><\/a><\/span><\/h3>\n<\/li>\n<\/ul>\n<ul style=\"list-style-type: circle;\">\n<li>\n<h3><span style=\"color: #808080; font-size: 14pt;\"><a style=\"color: #808080;\" title=\"Tuoteet | Kuumalankaleikkuri\" href=\"\/?page_id=2289\">Kuumalankaleikkuri<\/a><\/span><\/h3>\n<\/li>\n<\/ul>\n<ul style=\"list-style-type: circle;\">\n<li>\n<h3><span style=\"color: #808080; font-size: 14pt;\">P<a style=\"color: #808080;\" title=\"Tuoteet | K\u00e4sileikkuri | Styroxleikkuri\" href=\"\/?page_id=2665\">olystyreenin k\u00e4sileikluri<\/a><\/span><\/h3>\n<\/li>\n<\/ul>\n<ul style=\"list-style-type: circle;\">\n<li>\n<h3><a href=\"\/?page_id=2216\" target=\"_blank\" rel=\"noopener noreferrer\"><span style=\"font-size: 14pt; color: #808080;\">Styrox <span style=\"color: #ff6600;\">3D CNC<\/span> leikkuri<\/span><\/a><\/h3>\n<\/li>\n<\/ul>\n<ul style=\"list-style-type: circle;\">\n<li>\n<h3><span style=\"font-size: 14pt;\"><a href=\"\/?page_id=5080\"><span style=\"color: #808080;\">Nikkromi-leikkauslanka<\/span> <span style=\"color: #ff6600;\">(NiCr)<\/span><\/a><\/span><\/h3>\n<\/li>\n<\/ul>\n<p>[\/vc_column_text][\/vc_column_inner][\/vc_row_inner][vc_column_text]<\/p>\n<p style=\"text-align: left;\"><span style=\"font-size: 12pt; color: #000000;\"><strong>Yhti\u00f6n p\u00e4\u00e4m\u00e4\u00e4r\u00e4<\/strong> on auttaa asiakkaita nostamaan tuotteliaisuutta ja <strong>ty\u00f6tehokkuutta,<\/strong> parantaa ty\u00f6nlaatua, <strong>v\u00e4hent\u00e4\u00e4 kuluja<\/strong> ja tarjota parhaat mahdolliset teknologiset edellytykset.<\/span><\/p>\n<p>[\/vc_column_text][vc_column_text]<\/p>\n<p style=\"text-align: left;\"><span style=\"font-size: 12pt; color: #000000;\"><strong>Tarjoamme<\/strong> palveluita sek\u00e4 eristysmateriaalien muokkaamiseen tarkoitettuja tuotteita asiakkaille <strong>Baltian maihin, Scandinavia. Eurooppaan.<\/strong> Yhti\u00f6 Hotwire Systems Oy hoitaa tuotteiden tuonnin ja toimituksen suurimmille Eurooppalaisille tuottajille Virossa, Baltian ja Scandinavia alueilla.<\/span><\/p>\n<p>[\/vc_column_text][vc_column_text]<\/p>\n<p style=\"text-align: left;\"><span style=\"font-size: 12pt; color: #000000;\"><strong>P\u00e4\u00e4varastomme sijaitsee<\/strong> Virossa, Tallinnassassa ja k\u00e4yt\u00e4nn\u00f6ss\u00e4 koko tavaravalikoimamme l\u00f6ytyy varastosta heti. Meill\u00e4 on my\u00f6s hyvin kehitetty yhteisty\u00f6 kuljetusyhti\u00f6iden kanssa, mink\u00e4 ansiosta tarjoamme asiakkaillemme ja yhteisty\u00f6kumppaneillemme joustavat laitteiden toimitukset sek\u00e4 <strong>Suomeen<\/strong> ett\u00e4 muihin <strong>maailman maihin.\u00a0<\/strong><\/span><\/p>\n<p>[\/vc_column_text][vc_column_text]<\/p>\n<p style=\"text-align: left;\"><span style=\"font-size: 12pt; color: #000000;\"><strong>Toimitamme<\/strong> tilaukset kotiisi tai toimistoon ymp\u00e4ri Suomen, niin yksityiselle henkil\u00f6lle kuin yritysasiakkaille. Mik\u00e4li tilaus on tehty arkip\u00e4iv\u00e4ll\u00e4 ennen kello 14.00, toimitetaan tavarat Helsinkiin 1-3 ty\u00f6p\u00e4iv\u00e4n kuluessa, muualle Suomeen 3 \u2013 5 \u2013 10 ty\u00f6p\u00e4iv\u00e4n kuluessa.<\/span><\/p>\n<p><span style=\"font-size: 12pt; color: #000000;\">Suomessa toimitta pakkaukset Teille\u00a0<strong><a style=\"color: #000000;\" href=\"http:\/\/www.posti.fi\/henkiloasiakkaat\/laheta\/paketit-kotimaahan.html\" target=\"_blank\" rel=\"noopener noreferrer\">Posti OY<\/a><\/strong>\u00a0tai\u00a0<a style=\"color: #000000;\" href=\"http:\/\/www.dpd.fi\/\" target=\"_blank\" rel=\"noopener noreferrer\"><strong>PostNord Oy<\/strong><\/a><\/span>[\/vc_column_text][vc_single_image image=&#8221;13004&#8243; img_size=&#8221;large&#8221; alignment=&#8221;center&#8221;][\/vc_column][\/vc_row][vc_row][vc_column][vc_separator color=&#8221;orange&#8221;][\/vc_column][\/vc_row][vc_row][vc_column][vc_btn title=&#8221;MEID\u00c4N YHTEYSTIEDOT&#8221; style=&#8221;outline&#8221; shape=&#8221;square&#8221; color=&#8221;blue&#8221; align=&#8221;left&#8221; css=&#8221;&#8221; link=&#8221;url:https%3A%2F%2Fhotwiresystems.com%2Ffi%2Fyhteystiedot%2F|title:Ota%20meihin%20yhteytt%C3%A4!&#8221;][\/vc_column][\/vc_row]<\/p>\n<\/div><!-- AddThis Advanced Settings generic via filter on the_content --><!-- AddThis Share Buttons generic via filter on the_content -->","protected":false},"excerpt":{"rendered":"<p>[vc_row][vc_column][vc_column_text] MEIST\u00c4 &#8211; HWS! [\/vc_column_text][vc_column_text] Yhti\u00f6 Hotwire Systems O\u00dc\u00a0erikoistuu polystyreenin leikkaukseen ja k\u00e4sittelyyn tarkoitetun laitteiston myyntiin, huoltoon ja korjaamiseen (solupolystyreeni &#8211; EPS, suulakepuristettu polystyreeni &#8211; XPS). Tarjoamamme vaahtomuovin leikkaukseen tarkoitettu laitteisto on yleisiin k\u00e4ytt\u00f6periin soveltuva, monitoiminnallinen, mutta samalla k\u00e4ytt\u00e4j\u00e4yst\u00e4v\u00e4llinen vaihtoehto niin tavanomaiselle, kuin my\u00f6s vaativalle ammatimaiselle k\u00e4yt\u00f6lle, kuten: mallinnokset, suunnittelu, rakennusala, arkkitehtuuri, pakkaus, tuotanto.\u00a0Tarjoamme asiakkaille [&hellip;]<!-- AddThis Advanced Settings generic via filter on get_the_excerpt --><!-- AddThis Share Buttons generic via filter on get_the_excerpt --><\/p>\n","protected":false},"author":2,"featured_media":16320,"parent":0,"menu_order":0,"comment_status":"closed","ping_status":"closed","template":"","meta":{"footnotes":""},"yoast_head":"<!-- This site is optimized with the Yoast SEO plugin v23.3 - https:\/\/yoast.com\/wordpress\/plugins\/seo\/ -->\n<title>Meist\u00e4 - Hotwire Systems Oy<\/title>\n<meta name=\"description\" content=\"Meist\u00e4, yhti\u00f6 Hotwire Systems llc erikoistuu polystyreenin leikkaukseen ja k\u00e4sittelyyn tarkoitetun laitteiston myyntiin ja korjaamiseen.\" \/>\n<meta name=\"robots\" content=\"index, follow, max-snippet:-1, max-image-preview:large, max-video-preview:-1\" \/>\n<link rel=\"canonical\" href=\"https:\/\/hotwiresystems.com\/fi\/meista\/\" \/>\n<meta property=\"og:locale\" content=\"fi_FI\" \/>\n<meta property=\"og:type\" content=\"article\" \/>\n<meta property=\"og:title\" content=\"Meist\u00e4 - Hotwire Systems Oy\" \/>\n<meta property=\"og:description\" content=\"Meist\u00e4, yhti\u00f6 Hotwire Systems llc erikoistuu polystyreenin leikkaukseen ja k\u00e4sittelyyn tarkoitetun laitteiston myyntiin ja korjaamiseen.\" \/>\n<meta property=\"og:url\" content=\"https:\/\/hotwiresystems.com\/fi\/meista\/\" \/>\n<meta property=\"article:modified_time\" content=\"2025-08-13T20:52:12+00:00\" \/>\n<meta property=\"og:image\" content=\"https:\/\/www.hotwiresystems.com\/wp-content\/uploads\/2025\/07\/Vahtpolustureeni-loikur-HWS-Cutter-13.jpg\" \/>\n\t<meta property=\"og:image:width\" content=\"600\" \/>\n\t<meta property=\"og:image:height\" content=\"600\" \/>\n\t<meta property=\"og:image:type\" content=\"image\/jpeg\" \/>\n<meta name=\"twitter:label1\" content=\"Arvioitu lukuaika\" \/>\n\t<meta name=\"twitter:data1\" content=\"2 minuuttia\" \/>\n<script type=\"application\/ld+json\" class=\"yoast-schema-graph\">{\"@context\":\"https:\/\/schema.org\",\"@graph\":[{\"@type\":\"WebPage\",\"@id\":\"https:\/\/hotwiresystems.com\/fi\/meista\/\",\"url\":\"https:\/\/hotwiresystems.com\/fi\/meista\/\",\"name\":\"Meist\u00e4 - Hotwire Systems Oy\",\"isPartOf\":{\"@id\":\"https:\/\/hotwiresystems.com\/#website\"},\"primaryImageOfPage\":{\"@id\":\"https:\/\/hotwiresystems.com\/fi\/meista\/#primaryimage\"},\"image\":{\"@id\":\"https:\/\/hotwiresystems.com\/fi\/meista\/#primaryimage\"},\"thumbnailUrl\":\"https:\/\/www.hotwiresystems.com\/wp-content\/uploads\/2025\/07\/Vahtpolustureeni-loikur-HWS-Cutter-13.jpg\",\"datePublished\":\"2014-01-22T21:08:16+00:00\",\"dateModified\":\"2025-08-13T20:52:12+00:00\",\"description\":\"Meist\u00e4, yhti\u00f6 Hotwire Systems llc erikoistuu polystyreenin leikkaukseen ja k\u00e4sittelyyn tarkoitetun laitteiston myyntiin ja korjaamiseen.\",\"breadcrumb\":{\"@id\":\"https:\/\/hotwiresystems.com\/fi\/meista\/#breadcrumb\"},\"inLanguage\":\"fi\",\"potentialAction\":[{\"@type\":\"ReadAction\",\"target\":[\"https:\/\/hotwiresystems.com\/fi\/meista\/\"]}]},{\"@type\":\"ImageObject\",\"inLanguage\":\"fi\",\"@id\":\"https:\/\/hotwiresystems.com\/fi\/meista\/#primaryimage\",\"url\":\"https:\/\/www.hotwiresystems.com\/wp-content\/uploads\/2025\/07\/Vahtpolustureeni-loikur-HWS-Cutter-13.jpg\",\"contentUrl\":\"https:\/\/www.hotwiresystems.com\/wp-content\/uploads\/2025\/07\/Vahtpolustureeni-loikur-HWS-Cutter-13.jpg\",\"width\":600,\"height\":600,\"caption\":\"Vahtpol\u00fcst\u00fcreeni l\u00f5ikur HWS-Cutter!\"},{\"@type\":\"BreadcrumbList\",\"@id\":\"https:\/\/hotwiresystems.com\/fi\/meista\/#breadcrumb\",\"itemListElement\":[{\"@type\":\"ListItem\",\"position\":1,\"name\":\"Home\",\"item\":\"https:\/\/hotwiresystems.com\/fi\/\"},{\"@type\":\"ListItem\",\"position\":2,\"name\":\"Meist\u00e4 | Hotwire Systems Oy\"}]},{\"@type\":\"WebSite\",\"@id\":\"https:\/\/hotwiresystems.com\/#website\",\"url\":\"https:\/\/hotwiresystems.com\/\",\"name\":\"\",\"description\":\"\",\"potentialAction\":[{\"@type\":\"SearchAction\",\"target\":{\"@type\":\"EntryPoint\",\"urlTemplate\":\"https:\/\/hotwiresystems.com\/?s={search_term_string}\"},\"query-input\":\"required name=search_term_string\"}],\"inLanguage\":\"fi\"}]}<\/script>\n<!-- \/ Yoast SEO plugin. -->","yoast_head_json":{"title":"Meist\u00e4 - Hotwire Systems Oy","description":"Meist\u00e4, yhti\u00f6 Hotwire Systems llc erikoistuu polystyreenin leikkaukseen ja k\u00e4sittelyyn tarkoitetun laitteiston myyntiin ja korjaamiseen.","robots":{"index":"index","follow":"follow","max-snippet":"max-snippet:-1","max-image-preview":"max-image-preview:large","max-video-preview":"max-video-preview:-1"},"canonical":"https:\/\/hotwiresystems.com\/fi\/meista\/","og_locale":"fi_FI","og_type":"article","og_title":"Meist\u00e4 - Hotwire Systems Oy","og_description":"Meist\u00e4, yhti\u00f6 Hotwire Systems llc erikoistuu polystyreenin leikkaukseen ja k\u00e4sittelyyn tarkoitetun laitteiston myyntiin ja korjaamiseen.","og_url":"https:\/\/hotwiresystems.com\/fi\/meista\/","article_modified_time":"2025-08-13T20:52:12+00:00","og_image":[{"width":600,"height":600,"url":"https:\/\/www.hotwiresystems.com\/wp-content\/uploads\/2025\/07\/Vahtpolustureeni-loikur-HWS-Cutter-13.jpg","type":"image\/jpeg"}],"twitter_misc":{"Arvioitu lukuaika":"2 minuuttia"},"schema":{"@context":"https:\/\/schema.org","@graph":[{"@type":"WebPage","@id":"https:\/\/hotwiresystems.com\/fi\/meista\/","url":"https:\/\/hotwiresystems.com\/fi\/meista\/","name":"Meist\u00e4 - Hotwire Systems Oy","isPartOf":{"@id":"https:\/\/hotwiresystems.com\/#website"},"primaryImageOfPage":{"@id":"https:\/\/hotwiresystems.com\/fi\/meista\/#primaryimage"},"image":{"@id":"https:\/\/hotwiresystems.com\/fi\/meista\/#primaryimage"},"thumbnailUrl":"https:\/\/www.hotwiresystems.com\/wp-content\/uploads\/2025\/07\/Vahtpolustureeni-loikur-HWS-Cutter-13.jpg","datePublished":"2014-01-22T21:08:16+00:00","dateModified":"2025-08-13T20:52:12+00:00","description":"Meist\u00e4, yhti\u00f6 Hotwire Systems llc erikoistuu polystyreenin leikkaukseen ja k\u00e4sittelyyn tarkoitetun laitteiston myyntiin ja korjaamiseen.","breadcrumb":{"@id":"https:\/\/hotwiresystems.com\/fi\/meista\/#breadcrumb"},"inLanguage":"fi","potentialAction":[{"@type":"ReadAction","target":["https:\/\/hotwiresystems.com\/fi\/meista\/"]}]},{"@type":"ImageObject","inLanguage":"fi","@id":"https:\/\/hotwiresystems.com\/fi\/meista\/#primaryimage","url":"https:\/\/www.hotwiresystems.com\/wp-content\/uploads\/2025\/07\/Vahtpolustureeni-loikur-HWS-Cutter-13.jpg","contentUrl":"https:\/\/www.hotwiresystems.com\/wp-content\/uploads\/2025\/07\/Vahtpolustureeni-loikur-HWS-Cutter-13.jpg","width":600,"height":600,"caption":"Vahtpol\u00fcst\u00fcreeni l\u00f5ikur HWS-Cutter!"},{"@type":"BreadcrumbList","@id":"https:\/\/hotwiresystems.com\/fi\/meista\/#breadcrumb","itemListElement":[{"@type":"ListItem","position":1,"name":"Home","item":"https:\/\/hotwiresystems.com\/fi\/"},{"@type":"ListItem","position":2,"name":"Meist\u00e4 | Hotwire Systems Oy"}]},{"@type":"WebSite","@id":"https:\/\/hotwiresystems.com\/#website","url":"https:\/\/hotwiresystems.com\/","name":"","description":"","potentialAction":[{"@type":"SearchAction","target":{"@type":"EntryPoint","urlTemplate":"https:\/\/hotwiresystems.com\/?s={search_term_string}"},"query-input":"required name=search_term_string"}],"inLanguage":"fi"}]}},"_links":{"self":[{"href":"https:\/\/hotwiresystems.com\/fi\/wp-json\/wp\/v2\/pages\/765"}],"collection":[{"href":"https:\/\/hotwiresystems.com\/fi\/wp-json\/wp\/v2\/pages"}],"about":[{"href":"https:\/\/hotwiresystems.com\/fi\/wp-json\/wp\/v2\/types\/page"}],"author":[{"embeddable":true,"href":"https:\/\/hotwiresystems.com\/fi\/wp-json\/wp\/v2\/users\/2"}],"replies":[{"embeddable":true,"href":"https:\/\/hotwiresystems.com\/fi\/wp-json\/wp\/v2\/comments?post=765"}],"version-history":[{"count":5,"href":"https:\/\/hotwiresystems.com\/fi\/wp-json\/wp\/v2\/pages\/765\/revisions"}],"predecessor-version":[{"id":16773,"href":"https:\/\/hotwiresystems.com\/fi\/wp-json\/wp\/v2\/pages\/765\/revisions\/16773"}],"wp:featuredmedia":[{"embeddable":true,"href":"https:\/\/hotwiresystems.com\/fi\/wp-json\/wp\/v2\/media\/16320"}],"wp:attachment":[{"href":"https:\/\/hotwiresystems.com\/fi\/wp-json\/wp\/v2\/media?parent=765"}],"curies":[{"name":"wp","href":"https:\/\/api.w.org\/{rel}","templated":true}]}}