{"id":6461,"date":"2016-04-03T22:17:07","date_gmt":"2016-04-03T20:17:07","guid":{"rendered":"http:\/\/kuumtraat.ee\/fi\/?page_id=6461"},"modified":"2025-08-13T23:16:31","modified_gmt":"2025-08-13T21:16:31","slug":"mita-polystyreeni-eps-xps-on-styrox-eri-kayttomuotojen","status":"publish","type":"page","link":"https:\/\/hotwiresystems.com\/fi\/mita-polystyreeni-eps-xps-on-styrox-eri-kayttomuotojen\/","title":{"rendered":"Mit\u00e4 polystyreeni EPS, XPS on? | Styrox eri k\u00e4ytt\u00f6muotojen"},"content":{"rendered":"<div class=\"wpb-content-wrapper\"><p>[vc_row][vc_column][vc_column_text]<\/p>\n<h1><span style=\"font-size: 36pt; color: #808080;\">MIT\u00c4 POLYSTYREENI <span style=\"color: #ff6600;\">(EPS)<\/span> ON?<\/span><\/h1>\n<p>[\/vc_column_text][\/vc_column][\/vc_row][vc_row][vc_column][vc_column_text]<\/p>\n<p style=\"text-align: left;\"><span style=\"font-size: 12pt; color: #000000;\">On olemassa kahdenlaista polystyreenivaahtoa, joka soveltuu parhaiten k\u00e4sitelt\u00e4v\u00e4ksikuumavaahtoleikkureiden ja kuumaveitsileikkurien kanssa: suulakepuristettua polystyreeni\u00e4 <strong>(XPS &#8211; vaahto)<\/strong> ja paisutettua polystyreeni\u00e4 <strong>(EPS &#8211; vaahto).<\/strong> Vaikka molemmat eristetyypit koostuvat polystyreenist\u00e4, kahden erilaisen valmistusprosessin seurauksena syntyvien tuotteiden suorituskyvyn ominaisuudet ovat hyvin erilaiset. <strong>XPS:n<\/strong> valmistamiseen k\u00e4ytet\u00e4\u00e4n jatkuvaa puristusprosessia, joka tuottaa homogeenisen umpisoluisen poikittaisosan, kun taas <strong>EPS:n<\/strong> valmistetaan laajentamalla pallomaisia helmi\u00e4 muotissa, k\u00e4ytt\u00e4en l\u00e4mp\u00f6\u00e4 ja painetta helmien yhteen sulattamiseksi.<\/span><\/p>\n<p>[\/vc_column_text][vc_single_image image=&#8221;7671&#8243; img_size=&#8221;large&#8221; alignment=&#8221;center&#8221; style=&#8221;vc_box_shadow_3d&#8221;][\/vc_column][\/vc_row][vc_row][vc_column][vc_column_text]<\/p>\n<div class=\"wpb_text_column wpb_content_element \">\n<div class=\"wpb_wrapper\">\n<h2><span style=\"font-size: 24pt; color: #808080;\">EXPANDED\u00a0POLYSTYRENE &#8211;\u00a0<span style=\"color: #ff6600;\">EPS<\/span><\/span><\/h2>\n<\/div>\n<\/div>\n<p>[\/vc_column_text][vc_column_text]<\/p>\n<p style=\"text-align: left;\"><span style=\"font-size: 12pt; color: #000000;\">Paisutettu polystyreeni<strong> (EPS &#8211; puhekieless\u00e4 <b>Styrox<\/b>) <\/strong>on ehk\u00e4 yleisint\u00e4 jokap\u00e4iv\u00e4isess\u00e4 el\u00e4m\u00e4ss\u00e4: t\u00e4t\u00e4 valkoista vaahtoa voi n\u00e4hd\u00e4 kuumajuomakupeissa, j\u00e4\u00e4kaapeissa, eristeiss\u00e4, pakkausmateriaaleissa, jne. Vaahtomuovi sis\u00e4lt\u00e4\u00e4 \u00a096% ilmaa ja 4 % polystyreeni\u00e4. Polystyreenihelmet l\u00e4mmitet\u00e4\u00e4n h\u00f6yryll\u00e4 siten, ett\u00e4 ne laajenevat nopeasti (vaahtoavat) ja muodostavat matalatiheyksisen kappaleen (tietyss\u00e4 muodossa).<\/span><\/p>\n<p>[\/vc_column_text][vc_row_inner][vc_column_inner width=&#8221;1\/2&#8243;][vc_single_image image=&#8221;7670&#8243; img_size=&#8221;large&#8221; alignment=&#8221;center&#8221;][\/vc_column_inner][vc_column_inner width=&#8221;1\/2&#8243;][vc_single_image image=&#8221;7668&#8243; img_size=&#8221;large&#8221; alignment=&#8221;center&#8221;][\/vc_column_inner][\/vc_row_inner][vc_column_text]<\/p>\n<p style=\"text-align: left;\"><span style=\"font-size: 12pt; color: #000000;\">T\u00e4m\u00e4 materiaali on edullista ja kevytt\u00e4 &#8211; yleens\u00e4 se painaa 15-30 kg kuutiometri\u00e4 kohti. <strong>Paisutettu polystyreeni EPS<\/strong> (styrox) ei menet\u00e4 olennaisia ominaisuuksiaan ajan my\u00f6t\u00e4 ja voidaan kierr\u00e4tt\u00e4\u00e4 ja k\u00e4ytt\u00e4\u00e4 uudelleen kokonaan.<\/span><\/p>\n<p>[\/vc_column_text][\/vc_column][\/vc_row][vc_row][vc_column][vc_separator color=&#8221;orange&#8221;][\/vc_column][\/vc_row][vc_row][vc_column][vc_column_text]<\/p>\n<h2><span style=\"font-size: 36pt; color: #808080;\">Styroksi\u00a0eri k\u00e4ytt\u00f6muotojen<\/span><\/h2>\n<p>[\/vc_column_text][\/vc_column][\/vc_row][vc_row][vc_column][vc_column_text]<\/p>\n<h3><span style=\"font-size: 24pt; color: #ff6600;\">Rakennusala<\/span><\/h3>\n<p>[\/vc_column_text][vc_column_text]<\/p>\n<p style=\"text-align: left;\"><span style=\"font-size: 12pt; color: #000000;\">Polystyreenivaahtoja <strong>(EPS, XPS)<\/strong> k\u00e4ytet\u00e4\u00e4n erilaisiin k\u00e4ytt\u00f6tarkoituksiin niiden erinomaisten ominaisuuksien vuoksi, joihin lukeutuvat hyv\u00e4 l\u00e4mm\u00f6neristys, hyv\u00e4t vaimennusominaisuudet ja eritt\u00e4in kevyt paino. <strong>Rakennusmateriaalina<\/strong> k\u00e4ytt\u00e4misest\u00e4 valkoisiin vaahtopakkauksiin, paisutetulla polystyreenill\u00e4 on laaja valikoima k\u00e4ytt\u00f6kohteita. Itse asiassa, monissa lainelaudoissa k\u00e4ytet\u00e4\u00e4n nyky\u00e4\u00e4n <strong>styrox<\/strong>:\u00e4\u00e4 vaahtoytimen\u00e4.<\/span><\/p>\n<p>[\/vc_column_text][vc_single_image image=&#8221;7672&#8243; img_size=&#8221;large&#8221; alignment=&#8221;center&#8221; style=&#8221;vc_box_shadow_3d&#8221;][vc_column_text]<\/p>\n<p style=\"text-align: left;\"><span style=\"font-size: 12pt; color: #000000;\"><strong>Paisutettu polystyreeni &#8211; EPS<\/strong> on kest\u00e4v\u00e4\u00e4, vahvaa sek\u00e4 kevytt\u00e4 ja sit\u00e4 voidaan k\u00e4ytt\u00e4\u00e4 eristepaneeleina rakennusten julkisivuissa, seiniss\u00e4, katoissa ja lattioissa, kelluvana materiaalina venesatamien ja ponttoonien rakentamisessa sek\u00e4 kevyen\u00e4 t\u00e4ytemateriaalina teiden ja rautateiden rakentamisessa.<\/span><\/p>\n<p>[\/vc_column_text][\/vc_column][\/vc_row][vc_row][vc_column][vc_column_text]<\/p>\n<h3><span style=\"font-size: 24pt; color: #ff6600;\">Pakkausmateriaalit<\/span><\/h3>\n<p>[\/vc_column_text][vc_column_text]<\/p>\n<p style=\"text-align: left;\"><span style=\"font-size: 12pt; color: #000000;\">Polystyreenivaahdon<strong> &#8211; EPS:n<\/strong> iskuja vaimentavat ominaisuudet tekev\u00e4t siit\u00e4 ihanteellisen s\u00e4rkyvien esineiden, kuten viinien, kemikaalien, s\u00e4hk\u00f6laitteiden ja l\u00e4\u00e4kkeiden varastointiin ja kuljetukseen. Sen l\u00e4mm\u00f6neristys- ja kosteutta kest\u00e4v\u00e4t ominaisuudet soveltuvat t\u00e4ydellisesti kypsennetyn ruoan sek\u00e4 pilaantuvien tuotteiden, kuten \u00e4yri\u00e4isten, hedelmien ja vihannesten, pakkaamiseen.<\/span><\/p>\n<p>[\/vc_column_text][vc_single_image image=&#8221;7673&#8243; img_size=&#8221;large&#8221; alignment=&#8221;center&#8221; style=&#8221;vc_box_rounded&#8221; onclick=&#8221;img_link_large&#8221;][\/vc_column][\/vc_row][vc_row][vc_column][vc_column_text]<\/p>\n<h3 style=\"text-align: justify;\"><span style=\"font-size: 24pt; color: #ff6600;\">Muut k\u00e4ytt\u00f6kohteet<\/span><\/h3>\n<p>[\/vc_column_text][vc_column_text]<\/p>\n<p style=\"text-align: left;\"><span style=\"font-size: 12pt; color: #000000;\"><strong>Polystyreenivaahtoa &#8211; (styrox) EPS<\/strong>:\u00e4\u00e4 voidaan k\u00e4ytt\u00e4\u00e4 liukus\u00e4\u00e4dinten, pienoismallilentokoneiden ja jopa surffilautojen valmistuksessa, koska sen lujuus\/painosuhde on positiivinen. EPS-vaahdon lujuus yhdess\u00e4 sen iskuja vaimentavien ominaisuuksien kanssa tekee siit\u00e4 tehokkaan k\u00e4ytett\u00e4v\u00e4ksi lastenistuimissa ja py\u00f6r\u00e4ilykyp\u00e4riss\u00e4. Se kest\u00e4\u00e4 my\u00f6s puristusta, mik\u00e4 tarkoittaa, ett\u00e4 <strong>polystyreeni-EPS<\/strong> sopii pakattujen tavaroiden pinoamiseen. Eristemateriaali-EPS:\u00e4\u00e4 k\u00e4ytet\u00e4\u00e4n puutarhataloudessa taimitarjotinten kanssa maa-aineksen ilmanvaihdon edist\u00e4miseksi.<\/span><\/p>\n<p>[\/vc_column_text][\/vc_column][\/vc_row][vc_row][vc_column][vc_column_text]<\/p>\n<div class=\"wpb_text_column wpb_content_element \">\n<div class=\"wpb_wrapper\">\n<h2 style=\"text-align: justify;\"><span style=\"font-size: 24pt; color: #808080;\">EXTRUDED\u00a0POLYSTYRENE &#8211;\u00a0<span style=\"color: #ff6600;\">XPS<\/span><\/span><\/h2>\n<\/div>\n<\/div>\n<p>[\/vc_column_text][vc_column_text]<\/p>\n<div class=\"wpb_text_column wpb_content_element \">\n<div class=\"wpb_wrapper\">\n<p style=\"text-align: left;\"><span style=\"font-size: 12pt; color: #000000;\"><strong>Suulakepuristetun polystyreenin &#8211; XPS<\/strong>\u00a0kemiallinen koostumus on sama kuin paisutetulla polystyreenill\u00e4, mutta se valmistetaan eri menetelm\u00e4ll\u00e4 &#8211; sen vuoksi tuotetun vaahdon ilmataskut ovat pienempi\u00e4 ja vaahto on tasaisempaa. Sit\u00e4 on usein saatavana vaaleanpunaisena, sinisen\u00e4, vihre\u00e4n\u00e4, jne. Suulakepuristettu <strong>polystyreenistyroksi<\/strong> sopii ihanteellisesti esittelypaneelien valmistukseen sek\u00e4 rakennusalalle.<\/span><\/p>\n<p style=\"text-align: left;\"><span style=\"font-size: 12pt; color: #000000;\">Ollen joustava ja kest\u00e4v\u00e4 rakennusmateriaali, jonka puristuslujuus on kehuskeltavan suuri ja l\u00e4mm\u00f6neristyskyky ylivoimainen, suulakepuristettu <strong>polystyreeni XPS<\/strong> on kodin rakentajien, suunnittelijoiden, arkkitehtien ja insin\u00f6\u00f6rien ykk\u00f6svalinta. Suulakepuristetun polystyreeni-XPS-styroksin tihe\u00e4n solurakenteen ansiosta tuote on my\u00f6s k\u00e4yt\u00e4nn\u00f6ss\u00e4 vett\u00e4 l\u00e4p\u00e4isem\u00e4t\u00f6n<a style=\"color: #000000;\" href=\"\/?page_id=279\" target=\"_blank\" rel=\"noopener noreferrer\">.<\/a><\/span><\/p>\n<\/div>\n<\/div>\n<p>[\/vc_column_text][vc_row_inner][vc_column_inner width=&#8221;1\/2&#8243;][vc_single_image image=&#8221;7674&#8243; img_size=&#8221;large&#8221; alignment=&#8221;center&#8221; style=&#8221;vc_box_rounded&#8221; onclick=&#8221;img_link_large&#8221;][\/vc_column_inner][vc_column_inner width=&#8221;1\/2&#8243;][vc_single_image image=&#8221;7675&#8243; img_size=&#8221;large&#8221; alignment=&#8221;center&#8221; style=&#8221;vc_box_shadow_3d&#8221; onclick=&#8221;img_link_large&#8221;][\/vc_column_inner][\/vc_row_inner][vc_column_text]<\/p>\n<div class=\"wpb_text_column wpb_content_element \">\n<div class=\"wpb_wrapper\">\n<p style=\"text-align: left;\"><span style=\"font-size: 12pt; color: #000000;\"><strong>Suulakepuristetun polystyreenin (XPS)<\/strong> kemiallinen koostumus on sama kuin paisutetulla polystyreenill\u00e4, mutta se valmistetaan eri menetelm\u00e4ll\u00e4 &#8211; sen vuoksi tuotetun vaahdon ilmataskut ovat pienempi\u00e4 ja vaahto on tasaisempaa. Sit\u00e4 on usein saatavana vaaleanpunaisena, sinisen\u00e4, vihre\u00e4n\u00e4, jne. Suulakepuristettu <strong>polystyreenistyroksi<\/strong> sopii ihanteellisesti esittelypaneelien valmistukseen sek\u00e4 rakennusalalle.<\/span><\/p>\n<p style=\"text-align: left;\"><span style=\"font-size: 12pt; color: #000000;\">Ollen joustava ja kest\u00e4v\u00e4 rakennusmateriaali, jonka puristuslujuus on kehuskeltavan suuri ja l\u00e4mm\u00f6neristyskyky ylivoimainen, suulakepuristettu <strong>polystyreeni XPS<\/strong> on kodin rakentajien, suunnittelijoiden, arkkitehtien ja insin\u00f6\u00f6rien ykk\u00f6svalinta. Suulakepuristetun polystyreeni-XPS-styroksin tihe\u00e4n solurakenteen ansiosta tuote on my\u00f6s k\u00e4yt\u00e4nn\u00f6ss\u00e4 vett\u00e4 l\u00e4p\u00e4isem\u00e4t\u00f6n<a style=\"color: #000000;\" href=\"https:\/\/hws250.com\" target=\"_blank\" rel=\"noopener noreferrer\">.<\/a><\/span><\/p>\n<\/div>\n<\/div>\n<p>[\/vc_column_text][\/vc_column][\/vc_row][vc_row][vc_column][vc_separator color=&#8221;orange&#8221;][\/vc_column][\/vc_row][vc_row][vc_column][vc_column_text]<\/p>\n<div class=\"wpb_text_column wpb_content_element \">\n<div class=\"wpb_wrapper\">\n<h2 style=\"text-align: justify;\"><span style=\"font-size: 36pt; color: #808080;\">MIKSI POLYSTYREENIVAAHTO?<\/span><\/h2>\n<\/div>\n<\/div>\n<p>[\/vc_column_text][\/vc_column][\/vc_row][vc_row][vc_column][vc_column_text]<\/p>\n<div class=\"wpb_text_column wpb_content_element \">\n<div class=\"wpb_wrapper\">\n<p style=\"text-align: left;\"><span style=\"font-size: 12pt; color: #000000;\">On olemassa useita syit\u00e4, miksi edell\u00e4 mainitut materiaalit ovat niin laajalti k\u00e4ytettyj\u00e4.<\/span><\/p>\n<h2 style=\"text-align: left;\"><span style=\"font-size: 18pt; color: #ff6600;\">TYYPILLISI\u00c4 SYIT\u00c4:<\/span><\/h2>\n<\/div>\n<\/div>\n<div class=\"wpb_text_column wpb_content_element \">\n<div class=\"wpb_wrapper\">\n<ul style=\"list-style-type: circle;\">\n<li style=\"text-align: left;\"><span style=\"font-size: 12pt; color: #000000;\">Kevyt ja kannettava,\u00a0<\/span><\/li>\n<li style=\"text-align: left;\"><span style=\"font-size: 12pt; color: #000000;\">Helposti kierr\u00e4tett\u00e4v\u00e4,\u00a0<\/span><\/li>\n<li style=\"text-align: left;\"><span style=\"font-size: 12pt; color: #000000;\">Helposti laminoitavissa epoksihartsilla,<\/span><\/li>\n<li style=\"text-align: left;\"><span style=\"font-size: 12pt; color: #000000;\">Korkea l\u00e4mm\u00f6neristyskyky,<\/span><\/li>\n<li style=\"text-align: left;\"><span style=\"font-size: 12pt; color: #000000;\">Ihanteellinen ulko-\/sis\u00e4k\u00e4ytt\u00f6\u00f6n,<\/span><\/li>\n<li style=\"text-align: left;\"><span style=\"font-size: 12pt; color: #000000;\">Kest\u00e4\u00e4 kosteutta, <\/span><\/li>\n<li style=\"text-align: left;\"><span style=\"font-size: 12pt; color: #000000;\">Eritt\u00e4in kest\u00e4v\u00e4,<\/span><\/li>\n<li style=\"text-align: left;\"><span style=\"font-size: 12pt; color: #000000;\">Puristusta kest\u00e4v\u00e4,<\/span><\/li>\n<li style=\"text-align: left;\"><span style=\"font-size: 12pt; color: #000000;\">Nimikoitu painamalla tai liimatuilla etiketeill\u00e4,<\/span><\/li>\n<li style=\"text-align: left;\"><span style=\"font-size: 12pt; color: #000000;\">Monipuolinen lujuutensa puolesta,<\/span><\/li>\n<li style=\"text-align: left;\"><span style=\"font-size: 12pt; color: #000000;\">Alhainen hinta,<\/span><\/li>\n<li style=\"text-align: left;\"><span style=\"font-size: 12pt; color: #000000;\">Valmistetaan eri muodoissa,<\/span><\/li>\n<li style=\"text-align: left;\"><span style=\"font-size: 12pt; color: #000000;\">Eri kokoisina ja eri puristusmateriaaleina,<\/span><\/li>\n<li style=\"text-align: left;\"><span style=\"font-size: 12pt; color: #000000;\">Korkea iskunvaimennuskyky,<\/span><\/li>\n<li style=\"text-align: left;\"><span style=\"font-size: 12pt; color: #000000;\">Mahdollisuus k\u00e4ytt\u00e4\u00e4 erilaisia pinnoitteita.<\/span><\/li>\n<\/ul>\n<\/div>\n<\/div>\n<p>[\/vc_column_text][\/vc_column][\/vc_row][vc_row][vc_column][vc_separator color=&#8221;orange&#8221;][\/vc_column][\/vc_row][vc_row][vc_column][vc_btn title=&#8221;MEID\u00c4N YHTEYSTIEDOT&#8221; style=&#8221;outline&#8221; shape=&#8221;square&#8221; color=&#8221;blue&#8221; align=&#8221;left&#8221; css=&#8221;&#8221; link=&#8221;url:https%3A%2F%2Fhotwiresystems.com%2Ffi%2Fyhteystiedot%2F|title:Ota%20meihin%20yhteytt%C3%A4!&#8221;][\/vc_column][\/vc_row]<\/p>\n<\/div><!-- AddThis Advanced Settings generic via filter on the_content --><!-- AddThis Share Buttons generic via filter on the_content -->","protected":false},"excerpt":{"rendered":"<p>[vc_row][vc_column][vc_column_text] MIT\u00c4 POLYSTYREENI (EPS) ON? [\/vc_column_text][\/vc_column][\/vc_row][vc_row][vc_column][vc_column_text] On olemassa kahdenlaista polystyreenivaahtoa, joka soveltuu parhaiten k\u00e4sitelt\u00e4v\u00e4ksikuumavaahtoleikkureiden ja kuumaveitsileikkurien kanssa: suulakepuristettua polystyreeni\u00e4 (XPS &#8211; vaahto) ja paisutettua polystyreeni\u00e4 (EPS &#8211; vaahto). Vaikka molemmat eristetyypit koostuvat polystyreenist\u00e4, kahden erilaisen valmistusprosessin seurauksena syntyvien tuotteiden suorituskyvyn ominaisuudet ovat hyvin erilaiset. XPS:n valmistamiseen k\u00e4ytet\u00e4\u00e4n jatkuvaa puristusprosessia, joka tuottaa homogeenisen umpisoluisen poikittaisosan, kun [&hellip;]<!-- AddThis Advanced Settings generic via filter on get_the_excerpt --><!-- AddThis Share Buttons generic via filter on get_the_excerpt --><\/p>\n","protected":false},"author":2,"featured_media":16063,"parent":0,"menu_order":0,"comment_status":"closed","ping_status":"closed","template":"","meta":{"footnotes":""},"yoast_head":"<!-- This site is optimized with the Yoast SEO plugin v23.3 - https:\/\/yoast.com\/wordpress\/plugins\/seo\/ -->\n<title>Mit\u00e4 polystyreeni EPS, XPS on?\u00a0| Styrox eri k\u00e4ytt\u00f6muotojen!<\/title>\n<meta name=\"description\" content=\"On olemassa kahdenlaista \u200b\u200bpolystyreenivaahtoa, joka soveltuu parhaiten styrox leikkurien kanssa: solupolystyreeni EPS ja suulakepuristetun polystyreeni XPS\" \/>\n<meta name=\"robots\" content=\"index, follow, max-snippet:-1, max-image-preview:large, max-video-preview:-1\" \/>\n<link rel=\"canonical\" href=\"https:\/\/hotwiresystems.com\/fi\/mita-polystyreeni-eps-xps-on-styrox-eri-kayttomuotojen\/\" \/>\n<meta property=\"og:locale\" content=\"fi_FI\" \/>\n<meta property=\"og:type\" content=\"article\" \/>\n<meta property=\"og:title\" content=\"Mit\u00e4 polystyreeni EPS, XPS on?\u00a0| Styrox eri k\u00e4ytt\u00f6muotojen!\" \/>\n<meta property=\"og:description\" content=\"On olemassa kahdenlaista \u200b\u200bpolystyreenivaahtoa, joka soveltuu parhaiten styrox leikkurien kanssa: solupolystyreeni EPS ja suulakepuristetun polystyreeni XPS\" \/>\n<meta property=\"og:url\" content=\"https:\/\/hotwiresystems.com\/fi\/mita-polystyreeni-eps-xps-on-styrox-eri-kayttomuotojen\/\" \/>\n<meta property=\"article:modified_time\" content=\"2025-08-13T21:16:31+00:00\" \/>\n<meta property=\"og:image\" content=\"https:\/\/www.hotwiresystems.com\/wp-content\/uploads\/2025\/07\/Hotwire-Systems-Polystyrene.png\" \/>\n\t<meta property=\"og:image:width\" content=\"350\" \/>\n\t<meta property=\"og:image:height\" content=\"212\" \/>\n\t<meta property=\"og:image:type\" content=\"image\/png\" \/>\n<meta name=\"twitter:label1\" content=\"Arvioitu lukuaika\" \/>\n\t<meta name=\"twitter:data1\" content=\"5 minuuttia\" \/>\n<script type=\"application\/ld+json\" class=\"yoast-schema-graph\">{\"@context\":\"https:\/\/schema.org\",\"@graph\":[{\"@type\":\"WebPage\",\"@id\":\"https:\/\/hotwiresystems.com\/fi\/mita-polystyreeni-eps-xps-on-styrox-eri-kayttomuotojen\/\",\"url\":\"https:\/\/hotwiresystems.com\/fi\/mita-polystyreeni-eps-xps-on-styrox-eri-kayttomuotojen\/\",\"name\":\"Mit\u00e4 polystyreeni EPS, XPS on?\u00a0| Styrox eri k\u00e4ytt\u00f6muotojen!\",\"isPartOf\":{\"@id\":\"https:\/\/www.hotwiresystems.com\/es\/#website\"},\"primaryImageOfPage\":{\"@id\":\"https:\/\/hotwiresystems.com\/fi\/mita-polystyreeni-eps-xps-on-styrox-eri-kayttomuotojen\/#primaryimage\"},\"image\":{\"@id\":\"https:\/\/hotwiresystems.com\/fi\/mita-polystyreeni-eps-xps-on-styrox-eri-kayttomuotojen\/#primaryimage\"},\"thumbnailUrl\":\"https:\/\/hotwiresystems.com\/wp-content\/uploads\/2025\/07\/Hotwire-Systems-Polystyrene.png\",\"datePublished\":\"2016-04-03T20:17:07+00:00\",\"dateModified\":\"2025-08-13T21:16:31+00:00\",\"description\":\"On olemassa kahdenlaista \u200b\u200bpolystyreenivaahtoa, joka soveltuu parhaiten styrox leikkurien kanssa: solupolystyreeni EPS ja suulakepuristetun polystyreeni XPS\",\"breadcrumb\":{\"@id\":\"https:\/\/hotwiresystems.com\/fi\/mita-polystyreeni-eps-xps-on-styrox-eri-kayttomuotojen\/#breadcrumb\"},\"inLanguage\":\"fi\",\"potentialAction\":[{\"@type\":\"ReadAction\",\"target\":[\"https:\/\/hotwiresystems.com\/fi\/mita-polystyreeni-eps-xps-on-styrox-eri-kayttomuotojen\/\"]}]},{\"@type\":\"ImageObject\",\"inLanguage\":\"fi\",\"@id\":\"https:\/\/hotwiresystems.com\/fi\/mita-polystyreeni-eps-xps-on-styrox-eri-kayttomuotojen\/#primaryimage\",\"url\":\"https:\/\/hotwiresystems.com\/wp-content\/uploads\/2025\/07\/Hotwire-Systems-Polystyrene.png\",\"contentUrl\":\"https:\/\/hotwiresystems.com\/wp-content\/uploads\/2025\/07\/Hotwire-Systems-Polystyrene.png\",\"width\":350,\"height\":212},{\"@type\":\"BreadcrumbList\",\"@id\":\"https:\/\/hotwiresystems.com\/fi\/mita-polystyreeni-eps-xps-on-styrox-eri-kayttomuotojen\/#breadcrumb\",\"itemListElement\":[{\"@type\":\"ListItem\",\"position\":1,\"name\":\"Home\",\"item\":\"https:\/\/hotwiresystems.com\/fi\/\"},{\"@type\":\"ListItem\",\"position\":2,\"name\":\"Mit\u00e4 polystyreeni EPS, XPS on? | Styrox eri k\u00e4ytt\u00f6muotojen\"}]},{\"@type\":\"WebSite\",\"@id\":\"https:\/\/www.hotwiresystems.com\/es\/#website\",\"url\":\"https:\/\/www.hotwiresystems.com\/es\/\",\"name\":\"\",\"description\":\"\",\"potentialAction\":[{\"@type\":\"SearchAction\",\"target\":{\"@type\":\"EntryPoint\",\"urlTemplate\":\"https:\/\/www.hotwiresystems.com\/es\/?s={search_term_string}\"},\"query-input\":\"required name=search_term_string\"}],\"inLanguage\":\"fi\"}]}<\/script>\n<!-- \/ Yoast SEO plugin. -->","yoast_head_json":{"title":"Mit\u00e4 polystyreeni EPS, XPS on?\u00a0| Styrox eri k\u00e4ytt\u00f6muotojen!","description":"On olemassa kahdenlaista \u200b\u200bpolystyreenivaahtoa, joka soveltuu parhaiten styrox leikkurien kanssa: solupolystyreeni EPS ja suulakepuristetun polystyreeni XPS","robots":{"index":"index","follow":"follow","max-snippet":"max-snippet:-1","max-image-preview":"max-image-preview:large","max-video-preview":"max-video-preview:-1"},"canonical":"https:\/\/hotwiresystems.com\/fi\/mita-polystyreeni-eps-xps-on-styrox-eri-kayttomuotojen\/","og_locale":"fi_FI","og_type":"article","og_title":"Mit\u00e4 polystyreeni EPS, XPS on?\u00a0| Styrox eri k\u00e4ytt\u00f6muotojen!","og_description":"On olemassa kahdenlaista \u200b\u200bpolystyreenivaahtoa, joka soveltuu parhaiten styrox leikkurien kanssa: solupolystyreeni EPS ja suulakepuristetun polystyreeni XPS","og_url":"https:\/\/hotwiresystems.com\/fi\/mita-polystyreeni-eps-xps-on-styrox-eri-kayttomuotojen\/","article_modified_time":"2025-08-13T21:16:31+00:00","og_image":[{"width":350,"height":212,"url":"https:\/\/www.hotwiresystems.com\/wp-content\/uploads\/2025\/07\/Hotwire-Systems-Polystyrene.png","type":"image\/png"}],"twitter_misc":{"Arvioitu lukuaika":"5 minuuttia"},"schema":{"@context":"https:\/\/schema.org","@graph":[{"@type":"WebPage","@id":"https:\/\/hotwiresystems.com\/fi\/mita-polystyreeni-eps-xps-on-styrox-eri-kayttomuotojen\/","url":"https:\/\/hotwiresystems.com\/fi\/mita-polystyreeni-eps-xps-on-styrox-eri-kayttomuotojen\/","name":"Mit\u00e4 polystyreeni EPS, XPS on?\u00a0| Styrox eri k\u00e4ytt\u00f6muotojen!","isPartOf":{"@id":"https:\/\/www.hotwiresystems.com\/es\/#website"},"primaryImageOfPage":{"@id":"https:\/\/hotwiresystems.com\/fi\/mita-polystyreeni-eps-xps-on-styrox-eri-kayttomuotojen\/#primaryimage"},"image":{"@id":"https:\/\/hotwiresystems.com\/fi\/mita-polystyreeni-eps-xps-on-styrox-eri-kayttomuotojen\/#primaryimage"},"thumbnailUrl":"https:\/\/hotwiresystems.com\/wp-content\/uploads\/2025\/07\/Hotwire-Systems-Polystyrene.png","datePublished":"2016-04-03T20:17:07+00:00","dateModified":"2025-08-13T21:16:31+00:00","description":"On olemassa kahdenlaista \u200b\u200bpolystyreenivaahtoa, joka soveltuu parhaiten styrox leikkurien kanssa: solupolystyreeni EPS ja suulakepuristetun polystyreeni XPS","breadcrumb":{"@id":"https:\/\/hotwiresystems.com\/fi\/mita-polystyreeni-eps-xps-on-styrox-eri-kayttomuotojen\/#breadcrumb"},"inLanguage":"fi","potentialAction":[{"@type":"ReadAction","target":["https:\/\/hotwiresystems.com\/fi\/mita-polystyreeni-eps-xps-on-styrox-eri-kayttomuotojen\/"]}]},{"@type":"ImageObject","inLanguage":"fi","@id":"https:\/\/hotwiresystems.com\/fi\/mita-polystyreeni-eps-xps-on-styrox-eri-kayttomuotojen\/#primaryimage","url":"https:\/\/hotwiresystems.com\/wp-content\/uploads\/2025\/07\/Hotwire-Systems-Polystyrene.png","contentUrl":"https:\/\/hotwiresystems.com\/wp-content\/uploads\/2025\/07\/Hotwire-Systems-Polystyrene.png","width":350,"height":212},{"@type":"BreadcrumbList","@id":"https:\/\/hotwiresystems.com\/fi\/mita-polystyreeni-eps-xps-on-styrox-eri-kayttomuotojen\/#breadcrumb","itemListElement":[{"@type":"ListItem","position":1,"name":"Home","item":"https:\/\/hotwiresystems.com\/fi\/"},{"@type":"ListItem","position":2,"name":"Mit\u00e4 polystyreeni EPS, XPS on? | Styrox eri k\u00e4ytt\u00f6muotojen"}]},{"@type":"WebSite","@id":"https:\/\/www.hotwiresystems.com\/es\/#website","url":"https:\/\/www.hotwiresystems.com\/es\/","name":"","description":"","potentialAction":[{"@type":"SearchAction","target":{"@type":"EntryPoint","urlTemplate":"https:\/\/www.hotwiresystems.com\/es\/?s={search_term_string}"},"query-input":"required name=search_term_string"}],"inLanguage":"fi"}]}},"_links":{"self":[{"href":"https:\/\/hotwiresystems.com\/fi\/wp-json\/wp\/v2\/pages\/6461"}],"collection":[{"href":"https:\/\/hotwiresystems.com\/fi\/wp-json\/wp\/v2\/pages"}],"about":[{"href":"https:\/\/hotwiresystems.com\/fi\/wp-json\/wp\/v2\/types\/page"}],"author":[{"embeddable":true,"href":"https:\/\/hotwiresystems.com\/fi\/wp-json\/wp\/v2\/users\/2"}],"replies":[{"embeddable":true,"href":"https:\/\/hotwiresystems.com\/fi\/wp-json\/wp\/v2\/comments?post=6461"}],"version-history":[{"count":5,"href":"https:\/\/hotwiresystems.com\/fi\/wp-json\/wp\/v2\/pages\/6461\/revisions"}],"predecessor-version":[{"id":16805,"href":"https:\/\/hotwiresystems.com\/fi\/wp-json\/wp\/v2\/pages\/6461\/revisions\/16805"}],"wp:featuredmedia":[{"embeddable":true,"href":"https:\/\/hotwiresystems.com\/fi\/wp-json\/wp\/v2\/media\/16063"}],"wp:attachment":[{"href":"https:\/\/hotwiresystems.com\/fi\/wp-json\/wp\/v2\/media?parent=6461"}],"curies":[{"name":"wp","href":"https:\/\/api.w.org\/{rel}","templated":true}]}}