{"id":279,"date":"2013-06-28T10:12:55","date_gmt":"2013-06-28T08:12:55","guid":{"rendered":"http:\/\/kuumtraat.ee\/?page_id=279"},"modified":"2025-08-08T13:36:39","modified_gmt":"2025-08-08T11:36:39","slug":"yhteystiedot","status":"publish","type":"page","link":"https:\/\/hotwiresystems.com\/fi\/yhteystiedot\/","title":{"rendered":"Yhteystiedot | \u201cYour specialist for insulation cutting systems!\u201d"},"content":{"rendered":"<div class=\"wpb-content-wrapper\"><p>[vc_row][vc_column width=&#8221;1\/2&#8243;][vc_column_text]<\/p>\n<h1><span style=\"font-size: 36pt; color: #808080;\">YHTEYSTIEDOT<\/span><\/h1>\n<p>[\/vc_column_text][\/vc_column][vc_column width=&#8221;1\/2&#8243;][vc_column_text]<\/p>\n<h2><span style=\"font-size: 36pt; color: #808080;\">L\u00c4HET\u00c4 KYSELY<\/span><\/h2>\n<p>[\/vc_column_text][\/vc_column][\/vc_row][vc_row][vc_column width=&#8221;1\/2&#8243;][vc_row_inner content_placement=&#8221;middle&#8221;][vc_column_inner width=&#8221;1\/4&#8243;][vc_single_image image=&#8221;4810&#8243; img_size=&#8221;50&#215;50&#8243; alignment=&#8221;right&#8221;][\/vc_column_inner][vc_column_inner width=&#8221;3\/4&#8243;][vc_column_text]<\/p>\n<h3 style=\"text-align: left;\"><span style=\"font-size: 24pt; color: #ff6600;\">Hotwire Systems Oy<\/span><\/h3>\n<h6><a href=\"https:\/\/www.e-krediidiinfo.ee\/12444328-HOTWIRE%20SYSTEMS%20O%C3%9C\" target=\"_blank\" rel=\"noopener noreferrer\"><span style=\"font-size: 14pt; color: #808080;\">Y-tunnus # 12444328<\/span><\/a><\/h6>\n<h6><a href=\"https:\/\/www.e-krediidiinfo.ee\/12444328-HOTWIRE%20SYSTEMS%20O%C3%9C\" target=\"_blank\" rel=\"noopener noreferrer\"><span style=\"font-size: 14pt; color: #808080;\">ALV #\u00a0EE101649234<\/span><\/a><\/h6>\n<p>[\/vc_column_text][\/vc_column_inner][\/vc_row_inner][vc_row_inner content_placement=&#8221;middle&#8221;][vc_column_inner width=&#8221;1\/4&#8243;][vc_single_image image=&#8221;4811&#8243; img_size=&#8221;50&#215;50&#8243; alignment=&#8221;right&#8221;][\/vc_column_inner][vc_column_inner width=&#8221;1\/2&#8243;][vc_column_text]<\/p>\n<h6 style=\"text-align: left;\"><span style=\"font-size: 14pt; color: #808080;\">Treiali tee 2-8<\/span><\/h6>\n<h6 style=\"text-align: left;\"><span style=\"font-size: 14pt; color: #808080;\">75312 Peetri alevik, Rae vald<\/span><\/h6>\n<h6 style=\"text-align: left;\"><span style=\"font-size: 14pt; color: #808080;\">Estonia<\/span><\/h6>\n<p>[\/vc_column_text][\/vc_column_inner][vc_column_inner width=&#8221;1\/4&#8243;][\/vc_column_inner][\/vc_row_inner][vc_row_inner content_placement=&#8221;middle&#8221;][vc_column_inner width=&#8221;1\/4&#8243;][vc_single_image image=&#8221;4812&#8243; img_size=&#8221;50&#215;50&#8243; alignment=&#8221;right&#8221;][\/vc_column_inner][vc_column_inner width=&#8221;3\/4&#8243;][vc_column_text]<\/p>\n<h6 style=\"text-align: left;\"><span style=\"font-size: 14pt; color: #808080;\"><span style=\"color: #ff6600;\">Puhelin:<\/span>\u00a0(+372) 658 5566 <span style=\"color: #ff6600;\">(ENG\/EST)<\/span><\/span><\/h6>\n<h6 style=\"text-align: left;\"><span style=\"font-size: 14pt; color: #808080;\"><span style=\"color: #ff6600;\">Mobiil:<\/span> (+372) 527 6800 <span style=\"color: #ff6600;\">(ENG\/EST)<\/span><\/span><\/h6>\n<p>[\/vc_column_text][\/vc_column_inner][\/vc_row_inner][vc_row_inner content_placement=&#8221;middle&#8221;][vc_column_inner width=&#8221;1\/4&#8243;][vc_single_image image=&#8221;4813&#8243; img_size=&#8221;50&#215;50&#8243; alignment=&#8221;right&#8221;][\/vc_column_inner][vc_column_inner width=&#8221;3\/4&#8243;][vc_empty_space height=&#8221;15&#8243;][vc_column_text]<\/p>\n<h6><span style=\"font-size: 14pt; color: #808080;\">info <span style=\"color: #ff6600;\">|@|<\/span> hotwiresystems.com<\/span><\/h6>\n<p>[\/vc_column_text][\/vc_column_inner][\/vc_row_inner][\/vc_column][vc_column width=&#8221;1\/2&#8243;][vc_column_text]<\/p>\n<p style=\"text-align: left;\"><span style=\"font-size: 12pt; color: #000000;\">Kaikki kysymykset, toiveet ja ehdotukset ovat <strong>tervetulleita!<\/strong> Vastaamme niin pian kuin mahdollista, mutta kuitenkin viimeist\u00e4\u00e4n <strong>1 ty\u00f6p\u00e4iv\u00e4n kuluttua<em>.<\/em><\/strong><\/span><\/p>\n<p>[\/vc_column_text][vc_column_text css=&#8221;&#8221;]<div class='fluentform ff-default fluentform_wrapper_4 ffs_default_wrap'><form data-form_id=\"4\" id=\"fluentform_4\" class=\"frm-fluent-form fluent_form_4 ff-el-form-top ff_form_instance_4_1 ff-form-loading ffs_default\" data-form_instance=\"ff_form_instance_4_1\" method=\"POST\" ><fieldset  style=\"border: none!important;margin: 0!important;padding: 0!important;background-color: transparent!important;box-shadow: none!important;outline: none!important; min-inline-size: 100%;\">\n                    <legend class=\"ff_screen_reader_title\" style=\"display: block; margin: 0!important;padding: 0!important;height: 0!important;text-indent: -999999px;width: 0!important;overflow:hidden;\">FI Kontakt<\/legend>        <div\n                style=\"display: none!important; position: absolute!important; transform: translateX(1000%)!important;\"\n                class=\"ff-el-group ff-hpsf-container\"\n        >\n            <div class=\"ff-el-input--label asterisk-right\">\n                <label for=\"ff_4_item_sf\" aria-label=\"Notify\">\n                    Notify                <\/label>\n            <\/div>\n            <div class=\"ff-el-input--content\">\n                <input type=\"text\"\n                       name=\"item_4__fluent_sf\"\n                       class=\"ff-el-form-control\"\n                       id=\"ff_4_item_sf\"\n                \/>\n            <\/div>\n        <\/div>\n        <input type='hidden' name='__fluent_form_embded_post_id' value='279' \/><input type=\"hidden\" id=\"_fluentform_4_fluentformnonce\" name=\"_fluentform_4_fluentformnonce\" value=\"571ae41e42\" \/><input type=\"hidden\" name=\"_wp_http_referer\" value=\"\/fi\/wp-json\/wp\/v2\/pages\/279\" \/><div class='ff-el-group ff-el-form-hide_label'><div class=\"ff-el-input--label ff-el-is-required asterisk-right\"><label for='ff_4_input_text' id='label_ff_4_input_text' aria-label=\"Nimi\">Nimi<\/label><\/div><div class='ff-el-input--content'><input type=\"text\" name=\"input_text\" class=\"ff-el-form-control\" placeholder=\"Nimi *\" data-name=\"input_text\" id=\"ff_4_input_text\"  aria-invalid=\"false\" aria-required=true><\/div><\/div><div class='ff-el-group ff-el-form-hide_label'><div class=\"ff-el-input--label asterisk-right\"><label for='ff_4_input_text_1' id='label_ff_4_input_text_1' aria-label=\"Firma\">Firma<\/label><\/div><div class='ff-el-input--content'><input type=\"text\" name=\"input_text_1\" class=\"ff-el-form-control\" placeholder=\"Yrityksen nimi (valinnainen)\" data-name=\"input_text_1\" id=\"ff_4_input_text_1\"  aria-invalid=\"false\" aria-required=false><\/div><\/div><div class='ff-el-group ff-el-form-hide_label'><div class=\"ff-el-input--label ff-el-is-required asterisk-right\"><label for='ff_4_email' id='label_ff_4_email' aria-label=\"Email\">Email<\/label><\/div><div class='ff-el-input--content'><input type=\"email\" name=\"email\" id=\"ff_4_email\" class=\"ff-el-form-control\" placeholder=\"S\u00e4hk\u00f6posti *\" data-name=\"email\"  aria-invalid=\"false\" aria-required=true><\/div><\/div><div class='ff-el-group ff-el-form-hide_label'><div class=\"ff-el-input--label asterisk-right\"><label for='ff_4_input_text_3' id='label_ff_4_input_text_3' aria-label=\"Telefon\">Telefon<\/label><\/div><div class='ff-el-input--content'><input type=\"text\" name=\"input_text_3\" class=\"ff-el-form-control\" placeholder=\"Puhelin (valinnainen)\" data-name=\"input_text_3\" id=\"ff_4_input_text_3\"  aria-invalid=\"false\" aria-required=false><\/div><\/div><div class='ff-el-group ff-el-form-hide_label'><div class=\"ff-el-input--label ff-el-is-required asterisk-right\"><label for='ff_4_dropdown' id='label_ff_4_dropdown' aria-label=\"Pyynn\u00f6n tarkoitus?\">Pyynn\u00f6n tarkoitus?<\/label><\/div><div class='ff-el-input--content'><select name=\"dropdown\" id=\"ff_4_dropdown\" class=\"ff-el-form-control\" data-name=\"dropdown\" data-calc_value=\"0\"  aria-invalid=\"false\" aria-required=\"true\" aria-labelledby=\"label_ff_4_dropdown\"><option value=\"\">- Pyynn\u00f6n tarkoitus?  -<\/option><option value=\"Kuumalankaleikkuri\"  >Kuumalankaleikkuri<\/option><option value=\"Styrox 3D CNC leikkurin\"  >Styrox 3D CNC leikkurin<\/option><option value=\"K\u00e4sileikkuri &quot;L\u00e4mp\u00f6veitsi&quot;\"  >K\u00e4sileikkuri \"L\u00e4mp\u00f6veitsi\"<\/option><option value=\"Leikkauslanka\"  >Leikkauslanka<\/option><option value=\"Muut\"  >Muut<\/option><\/select><\/div><\/div><div class='ff-el-group ff-el-form-hide_label'><div class=\"ff-el-input--label ff-el-is-required asterisk-right\"><label for='ff_4_description' id='label_ff_4_description' aria-label=\"S\u00f5num\">S\u00f5num<\/label><\/div><div class='ff-el-input--content'><textarea aria-required=\"true\" aria-labelledby=\"label_ff_4_description\" name=\"description\" id=\"ff_4_description\" class=\"ff-el-form-control\" placeholder=\"Viesti *\" rows=\"5\" cols=\"2\" data-name=\"description\" ><\/textarea><\/div><\/div><div class='ff-el-group ff-el-form-hide_label'><div class=\"ff-el-input--label ff-el-is-required asterisk-right\"><label   aria-label=\"GDPR\">GDPR<\/label><\/div><div class='ff-el-input--content'><div class='ff-el-form-check ff-el-form-check-'><label class='ff-el-form-check-label' for='checkbox_9772b1e75fb1a66a29a6d63ef6769c6a'><input  type=\"checkbox\" name=\"checkbox[]\" data-name=\"checkbox\" class=\"ff-el-form-check-input ff-el-form-check-checkbox\" value=\"Olen tietoinen siit\u00e4, ett\u00e4 lomakkeessa esitetyttyj\u00e4 tietoja k\u00e4ytet\u00e4\u00e4n vain yhteydenottotarkoitukseen.\"  id='checkbox_9772b1e75fb1a66a29a6d63ef6769c6a' aria-label='Olen tietoinen siit\u00e4, ett\u00e4 lomakkeessa esitetyttyj\u00e4 tietoja k\u00e4ytet\u00e4\u00e4n vain yhteydenottotarkoitukseen.' aria-invalid='false' aria-required=true> <span>Olen tietoinen siit\u00e4, ett\u00e4 lomakkeessa esitetyttyj\u00e4 tietoja k\u00e4ytet\u00e4\u00e4n vain yhteydenottotarkoitukseen.<\/span><\/label><\/div><\/div><\/div><div class='ff-el-group ff-el-form-top  ff_list_buttons'><div class=\"ff-el-input--label ff-el-is-required asterisk-right\"><label   aria-label=\"Ratkaise l\u00e4hett\u00e4\u00e4ksesi: 3+4=?\">Ratkaise l\u00e4hett\u00e4\u00e4ksesi: 3+4=?<\/label><\/div><div class='ff-el-input--content'><div class='ff-el-form-check ff-el-form-check-'><label class='ff-el-form-check-label' for='input_radio_32e7537ce03be6d11de3aa492ca3772e'><input  type=\"radio\" name=\"input_radio\" data-name=\"input_radio\" class=\"ff-el-form-check-input ff-el-form-check-radio\" value=\"3\"  id='input_radio_32e7537ce03be6d11de3aa492ca3772e' aria-label='3' aria-invalid='false' aria-required=true> <span>3<\/span><\/label><\/div><div class='ff-el-form-check ff-el-form-check-'><label class='ff-el-form-check-label' for='input_radio_437a461f93b8cb3a4021dcd0d5039189'><input  type=\"radio\" name=\"input_radio\" data-name=\"input_radio\" class=\"ff-el-form-check-input ff-el-form-check-radio\" value=\"7\"  id='input_radio_437a461f93b8cb3a4021dcd0d5039189' aria-label='7' aria-invalid='false' aria-required=true> <span>7<\/span><\/label><\/div><div class='ff-el-form-check ff-el-form-check-'><label class='ff-el-form-check-label' for='input_radio_9928b943f1874e089d3f7f7f7ccd61d7'><input  type=\"radio\" name=\"input_radio\" data-name=\"input_radio\" class=\"ff-el-form-check-input ff-el-form-check-radio\" value=\"5\"  id='input_radio_9928b943f1874e089d3f7f7f7ccd61d7' aria-label='5' aria-invalid='false' aria-required=true> <span>5<\/span><\/label><\/div><div class='ff-el-form-check ff-el-form-check-'><label class='ff-el-form-check-label' for='input_radio_d537949cb1e15a64e87622078caeda93'><input  type=\"radio\" name=\"input_radio\" data-name=\"input_radio\" class=\"ff-el-form-check-input ff-el-form-check-radio\" value=\"9\"  id='input_radio_d537949cb1e15a64e87622078caeda93' aria-label='9' aria-invalid='false' aria-required=true> <span>9<\/span><\/label><\/div><\/div><\/div><div class='ff-el-group ff-text-left  has-conditions ff_submit_btn_wrapper ff_submit_btn_wrapper_custom'><button class=\"ff-btn ff-btn-submit ff-btn-md ff_btn_style wpf_has_custom_css\" type=\"submit\" name=\"custom_submit_button-4_1\" data-name=\"custom_submit_button-4_1\"  aria-label=\"L\u00c4HET\u00c4 KYSELY\">L\u00c4HET\u00c4 KYSELY<\/button><style>form.fluent_form_4 .wpf_has_custom_css.ff-btn-submit { background-color:rgba(242, 124, 0, 1);border-color:rgba(242, 124, 0, 1);color:#ffffff;border-radius:1px;min-width:35%; }form.fluent_form_4 .wpf_has_custom_css.ff-btn-submit:hover { background-color:#ffffff;border-color:rgba(242, 124, 0, 1);color:rgba(242, 124, 0, 1);border-radius:1px;min-width:35%; } <\/style><\/div><\/fieldset><\/form><div id='fluentform_4_errors' class='ff-errors-in-stack ff_form_instance_4_1 ff-form-loading_errors ff_form_instance_4_1_errors'><\/div><\/div>            <script type=\"text\/javascript\">\n                window.fluent_form_ff_form_instance_4_1 = {\"id\":\"4\",\"settings\":{\"layout\":{\"labelPlacement\":\"top\",\"helpMessagePlacement\":\"with_label\",\"errorMessagePlacement\":\"inline\"},\"id\":\"7\",\"restrictions\":{\"denyEmptySubmission\":{\"enabled\":false}}},\"form_instance\":\"ff_form_instance_4_1\",\"form_id_selector\":\"fluentform_4\",\"rules\":{\"input_text\":{\"required\":{\"value\":true,\"message\":\"T\\u00e4m\\u00e4 kentt\\u00e4 on pakollinen *\",\"global\":false,\"global_message\":\"This field is required\"}},\"input_text_1\":{\"required\":{\"value\":false,\"message\":\"This field is required\",\"global\":false,\"global_message\":\"This field is required\"}},\"email\":{\"required\":{\"value\":true,\"message\":\"T\\u00e4m\\u00e4 kentt\\u00e4 on pakollinen *\",\"global\":false,\"global_message\":\"This field is required\"},\"email\":{\"value\":true,\"message\":\"T\\u00e4m\\u00e4n kent\\u00e4n on sis\\u00e4llett\\u00e4v\\u00e4 kelvollinen s\\u00e4hk\\u00f6postiosoite.\",\"global\":false,\"global_message\":\"This field must contain a valid email\"}},\"input_text_3\":{\"required\":{\"value\":false,\"message\":\"This field is required\",\"global\":false,\"global_message\":\"This field is required\"}},\"dropdown\":{\"required\":{\"value\":true,\"message\":\"T\\u00e4m\\u00e4 kentt\\u00e4 on pakollinen *\",\"global\":false,\"global_message\":\"This field is required\"}},\"description\":{\"required\":{\"value\":true,\"message\":\"T\\u00e4m\\u00e4 kentt\\u00e4 on pakollinen *\",\"global\":false,\"global_message\":\"This field is required\"}},\"checkbox\":{\"required\":{\"value\":true,\"message\":\"T\\u00e4m\\u00e4 kentt\\u00e4 on pakollinen *\",\"global\":false,\"global_message\":\"This field is required\"}},\"input_radio\":{\"required\":{\"value\":true,\"message\":\"T\\u00e4m\\u00e4 kentt\\u00e4 on pakollinen *\",\"global_message\":\"This field is required\",\"global\":false}}},\"debounce_time\":300,\"conditionals\":{\"custom_submit_button-4_1\":{\"type\":\"any\",\"status\":true,\"conditions\":[{\"field\":\"input_radio\",\"value\":\"7\",\"operator\":\"=\"}],\"condition_groups\":[{\"rules\":[{\"field\":\"\",\"value\":\"\",\"operator\":\"\"}],\"title\":\"\",\"isEditingTitle\":false,\"isPreviewOpen\":false,\"isGroupOpen\":true}]}}};\n                            <\/script>\n            [\/vc_column_text][\/vc_column][\/vc_row][vc_row][vc_column][vc_gmaps link=&#8221;#E-8_JTNDaWZyYW1lJTIwc3JjJTNEJTIyaHR0cHMlM0ElMkYlMkZ3d3cuZ29vZ2xlLmNvbSUyRm1hcHMlMkZlbWJlZCUzRnBiJTNEJTIxMW0xOCUyMTFtMTIlMjExbTMlMjExZDIwMjkuMjY0MjI2OTg2MjYzJTIxMmQyNC44MzA0NjUwNjU5NDAyNjMlMjEzZDU5LjQyODY2NzYyODE0MDQ4JTIxMm0zJTIxMWYwJTIxMmYwJTIxM2YwJTIxM20yJTIxMWkxMDI0JTIxMmk3NjglMjE0ZjEzLjElMjEzbTMlMjExbTIlMjExczB4NDY5MmVjYTM2MTVlZjQ2MSUyNTNBMHhiZDg4MGU3NzliMzlmZjglMjEyc0hvdHdpcmUlMkJTeXN0ZW1zJTJCTyUyNUMzJTI1OUMlMjE1ZTAlMjEzbTIlMjExc2V0JTIxMnNlZSUyMTR2MTQ2Nzc0NzI2MzAxNyUyMiUyMHdpZHRoJTNEJTIyNjAwJTIyJTIwaGVpZ2h0JTNEJTIyNDUwJTIyJTIwZnJhbWVib3JkZXIlM0QlMjIwJTIyJTIwc3R5bGUlM0QlMjJib3JkZXIlM0EwJTIyJTIwYWxsb3dmdWxsc2NyZWVuJTNFJTNDJTJGaWZyYW1lJTNF&#8221; size=&#8221;250&#8243;][\/vc_column][\/vc_row][vc_row][vc_column][vc_column_text]<\/p>\n<blockquote>\n<h3 style=\"text-align: center;\"><span style=\"font-size: 14pt;\"><a href=\"\/?page_id=1869\" target=\"_blank\" rel=\"noopener noreferrer\"><span style=\"color: #808080;\">Etsimme tuotteillemme j\u00e4lleenmyyji\u00e4 ja yhteisty\u00f6kumppaneita<\/span> <span style=\"color: #0000ff;\">ymp\u00e4ri Suomea.<\/span><\/a>\u00a0<\/span><\/h3>\n<h3 style=\"text-align: center;\"><span style=\"font-size: 14pt;\"><span style=\"color: #ff0000;\">\u00a7<\/span> Oletko kiinnostunut? <span style=\"color: #0000ff;\">Kirjoita meille!<\/span><\/span><\/h3>\n<\/blockquote>\n<p>[\/vc_column_text][\/vc_column][\/vc_row]<\/p>\n<\/div><!-- AddThis Advanced Settings generic via filter on the_content --><!-- AddThis Share Buttons generic via filter on the_content -->","protected":false},"excerpt":{"rendered":"<p>[vc_row][vc_column width=&#8221;1\/2&#8243;][vc_column_text] YHTEYSTIEDOT [\/vc_column_text][\/vc_column][vc_column width=&#8221;1\/2&#8243;][vc_column_text] L\u00c4HET\u00c4 KYSELY [\/vc_column_text][\/vc_column][\/vc_row][vc_row][vc_column width=&#8221;1\/2&#8243;][vc_row_inner content_placement=&#8221;middle&#8221;][vc_column_inner width=&#8221;1\/4&#8243;][vc_single_image image=&#8221;4810&#8243; img_size=&#8221;50&#215;50&#8243; alignment=&#8221;right&#8221;][\/vc_column_inner][vc_column_inner width=&#8221;3\/4&#8243;][vc_column_text] Hotwire Systems Oy Y-tunnus # 12444328 ALV #\u00a0EE101649234 [\/vc_column_text][\/vc_column_inner][\/vc_row_inner][vc_row_inner content_placement=&#8221;middle&#8221;][vc_column_inner width=&#8221;1\/4&#8243;][vc_single_image image=&#8221;4811&#8243; img_size=&#8221;50&#215;50&#8243; alignment=&#8221;right&#8221;][\/vc_column_inner][vc_column_inner width=&#8221;1\/2&#8243;][vc_column_text] Treiali tee 2-8 75312 Peetri alevik, Rae vald Estonia [\/vc_column_text][\/vc_column_inner][vc_column_inner width=&#8221;1\/4&#8243;][\/vc_column_inner][\/vc_row_inner][vc_row_inner content_placement=&#8221;middle&#8221;][vc_column_inner width=&#8221;1\/4&#8243;][vc_single_image image=&#8221;4812&#8243; img_size=&#8221;50&#215;50&#8243; alignment=&#8221;right&#8221;][\/vc_column_inner][vc_column_inner width=&#8221;3\/4&#8243;][vc_column_text] Puhelin:\u00a0(+372) 658 5566 (ENG\/EST) Mobiil: (+372) 527 6800 [&hellip;]<!-- AddThis Advanced Settings generic via filter on get_the_excerpt --><!-- AddThis Share Buttons generic via filter on get_the_excerpt --><\/p>\n","protected":false},"author":1,"featured_media":0,"parent":0,"menu_order":0,"comment_status":"closed","ping_status":"closed","template":"","meta":{"footnotes":""},"yoast_head":"<!-- This site is optimized with the Yoast SEO plugin v23.3 - https:\/\/yoast.com\/wordpress\/plugins\/seo\/ -->\n<title>Yhteystiedot | Kuumalankaleikkuri | Styrox leikkuri | Verkkokauppa!<\/title>\n<meta name=\"description\" content=\"Polystyreenin Kuumalankaleikkuri \u00b7 Styrox leikkuri \u00b7 K\u00e4sileikkuri \u201cl\u00e4mp\u00f6veitsi\u201d | Yhteystiedot: Hotwire Systems Oy \u00b7 Verkkokauppa -hws.ee\/fi\" \/>\n<meta name=\"robots\" content=\"index, follow, max-snippet:-1, max-image-preview:large, max-video-preview:-1\" \/>\n<link rel=\"canonical\" href=\"https:\/\/www.hotwiresystems.com\/fi\/yhteystiedot\/\" \/>\n<meta property=\"og:locale\" content=\"fi_FI\" \/>\n<meta property=\"og:type\" content=\"article\" \/>\n<meta property=\"og:title\" content=\"Yhteystiedot | Kuumalankaleikkuri | Styrox leikkuri | Verkkokauppa!\" \/>\n<meta property=\"og:description\" content=\"Polystyreenin Kuumalankaleikkuri \u00b7 Styrox leikkuri \u00b7 K\u00e4sileikkuri \u201cl\u00e4mp\u00f6veitsi\u201d | Yhteystiedot: Hotwire Systems Oy \u00b7 Verkkokauppa -hws.ee\/fi\" \/>\n<meta property=\"og:url\" content=\"https:\/\/www.hotwiresystems.com\/fi\/yhteystiedot\/\" \/>\n<meta property=\"article:modified_time\" content=\"2025-08-08T11:36:39+00:00\" \/>\n<meta name=\"twitter:label1\" content=\"Arvioitu lukuaika\" \/>\n\t<meta name=\"twitter:data1\" content=\"2 minuuttia\" \/>\n<script type=\"application\/ld+json\" class=\"yoast-schema-graph\">{\"@context\":\"https:\/\/schema.org\",\"@graph\":[{\"@type\":\"WebPage\",\"@id\":\"https:\/\/www.hotwiresystems.com\/fi\/yhteystiedot\/\",\"url\":\"https:\/\/www.hotwiresystems.com\/fi\/yhteystiedot\/\",\"name\":\"Yhteystiedot | Kuumalankaleikkuri | Styrox leikkuri | Verkkokauppa!\",\"isPartOf\":{\"@id\":\"https:\/\/hotwiresystems.com\/et\/#website\"},\"datePublished\":\"2013-06-28T08:12:55+00:00\",\"dateModified\":\"2025-08-08T11:36:39+00:00\",\"description\":\"Polystyreenin Kuumalankaleikkuri \u00b7 Styrox leikkuri \u00b7 K\u00e4sileikkuri \u201cl\u00e4mp\u00f6veitsi\u201d | Yhteystiedot: Hotwire Systems Oy \u00b7 Verkkokauppa -hws.ee\/fi\",\"breadcrumb\":{\"@id\":\"https:\/\/www.hotwiresystems.com\/fi\/yhteystiedot\/#breadcrumb\"},\"inLanguage\":\"fi\",\"potentialAction\":[{\"@type\":\"ReadAction\",\"target\":[\"https:\/\/www.hotwiresystems.com\/fi\/yhteystiedot\/\"]}]},{\"@type\":\"BreadcrumbList\",\"@id\":\"https:\/\/www.hotwiresystems.com\/fi\/yhteystiedot\/#breadcrumb\",\"itemListElement\":[{\"@type\":\"ListItem\",\"position\":1,\"name\":\"Home\",\"item\":\"https:\/\/www.hotwiresystems.com\/fi\/\"},{\"@type\":\"ListItem\",\"position\":2,\"name\":\"Yhteystiedot | \u201cYour specialist for insulation cutting systems!\u201d\"}]},{\"@type\":\"WebSite\",\"@id\":\"https:\/\/hotwiresystems.com\/et\/#website\",\"url\":\"https:\/\/hotwiresystems.com\/et\/\",\"name\":\"\",\"description\":\"\",\"potentialAction\":[{\"@type\":\"SearchAction\",\"target\":{\"@type\":\"EntryPoint\",\"urlTemplate\":\"https:\/\/hotwiresystems.com\/et\/?s={search_term_string}\"},\"query-input\":\"required name=search_term_string\"}],\"inLanguage\":\"fi\"}]}<\/script>\n<!-- \/ Yoast SEO plugin. -->","yoast_head_json":{"title":"Yhteystiedot | Kuumalankaleikkuri | Styrox leikkuri | Verkkokauppa!","description":"Polystyreenin Kuumalankaleikkuri \u00b7 Styrox leikkuri \u00b7 K\u00e4sileikkuri \u201cl\u00e4mp\u00f6veitsi\u201d | Yhteystiedot: Hotwire Systems Oy \u00b7 Verkkokauppa -hws.ee\/fi","robots":{"index":"index","follow":"follow","max-snippet":"max-snippet:-1","max-image-preview":"max-image-preview:large","max-video-preview":"max-video-preview:-1"},"canonical":"https:\/\/www.hotwiresystems.com\/fi\/yhteystiedot\/","og_locale":"fi_FI","og_type":"article","og_title":"Yhteystiedot | Kuumalankaleikkuri | Styrox leikkuri | Verkkokauppa!","og_description":"Polystyreenin Kuumalankaleikkuri \u00b7 Styrox leikkuri \u00b7 K\u00e4sileikkuri \u201cl\u00e4mp\u00f6veitsi\u201d | Yhteystiedot: Hotwire Systems Oy \u00b7 Verkkokauppa -hws.ee\/fi","og_url":"https:\/\/www.hotwiresystems.com\/fi\/yhteystiedot\/","article_modified_time":"2025-08-08T11:36:39+00:00","twitter_misc":{"Arvioitu lukuaika":"2 minuuttia"},"schema":{"@context":"https:\/\/schema.org","@graph":[{"@type":"WebPage","@id":"https:\/\/www.hotwiresystems.com\/fi\/yhteystiedot\/","url":"https:\/\/www.hotwiresystems.com\/fi\/yhteystiedot\/","name":"Yhteystiedot | Kuumalankaleikkuri | Styrox leikkuri | Verkkokauppa!","isPartOf":{"@id":"https:\/\/hotwiresystems.com\/et\/#website"},"datePublished":"2013-06-28T08:12:55+00:00","dateModified":"2025-08-08T11:36:39+00:00","description":"Polystyreenin Kuumalankaleikkuri \u00b7 Styrox leikkuri \u00b7 K\u00e4sileikkuri \u201cl\u00e4mp\u00f6veitsi\u201d | Yhteystiedot: Hotwire Systems Oy \u00b7 Verkkokauppa -hws.ee\/fi","breadcrumb":{"@id":"https:\/\/www.hotwiresystems.com\/fi\/yhteystiedot\/#breadcrumb"},"inLanguage":"fi","potentialAction":[{"@type":"ReadAction","target":["https:\/\/www.hotwiresystems.com\/fi\/yhteystiedot\/"]}]},{"@type":"BreadcrumbList","@id":"https:\/\/www.hotwiresystems.com\/fi\/yhteystiedot\/#breadcrumb","itemListElement":[{"@type":"ListItem","position":1,"name":"Home","item":"https:\/\/www.hotwiresystems.com\/fi\/"},{"@type":"ListItem","position":2,"name":"Yhteystiedot | \u201cYour specialist for insulation cutting systems!\u201d"}]},{"@type":"WebSite","@id":"https:\/\/hotwiresystems.com\/et\/#website","url":"https:\/\/hotwiresystems.com\/et\/","name":"","description":"","potentialAction":[{"@type":"SearchAction","target":{"@type":"EntryPoint","urlTemplate":"https:\/\/hotwiresystems.com\/et\/?s={search_term_string}"},"query-input":"required name=search_term_string"}],"inLanguage":"fi"}]}},"_links":{"self":[{"href":"https:\/\/hotwiresystems.com\/fi\/wp-json\/wp\/v2\/pages\/279"}],"collection":[{"href":"https:\/\/hotwiresystems.com\/fi\/wp-json\/wp\/v2\/pages"}],"about":[{"href":"https:\/\/hotwiresystems.com\/fi\/wp-json\/wp\/v2\/types\/page"}],"author":[{"embeddable":true,"href":"https:\/\/hotwiresystems.com\/fi\/wp-json\/wp\/v2\/users\/1"}],"replies":[{"embeddable":true,"href":"https:\/\/hotwiresystems.com\/fi\/wp-json\/wp\/v2\/comments?post=279"}],"version-history":[{"count":5,"href":"https:\/\/hotwiresystems.com\/fi\/wp-json\/wp\/v2\/pages\/279\/revisions"}],"predecessor-version":[{"id":16752,"href":"https:\/\/hotwiresystems.com\/fi\/wp-json\/wp\/v2\/pages\/279\/revisions\/16752"}],"wp:attachment":[{"href":"https:\/\/hotwiresystems.com\/fi\/wp-json\/wp\/v2\/media?parent=279"}],"curies":[{"name":"wp","href":"https:\/\/api.w.org\/{rel}","templated":true}]}}