{"id":2665,"date":"2014-08-16T12:38:16","date_gmt":"2014-08-16T10:38:16","guid":{"rendered":"http:\/\/kuumtraat.ee\/?page_id=2665"},"modified":"2025-08-14T14:37:17","modified_gmt":"2025-08-14T12:37:17","slug":"tuoteet-kasileikkuri","status":"publish","type":"page","link":"https:\/\/hotwiresystems.com\/fi\/tuoteet-kasileikkuri\/","title":{"rendered":"K\u00e4sileikkuri | \u201cl\u00e4mp\u00f6veitsi\u201d styroxleikkuri"},"content":{"rendered":"<div class=\"wpb-content-wrapper\"><p>[vc_row][vc_column][vc_column_text]<\/p>\n<h1><span style=\"font-size: 36pt; color: #808080;\">K\u00c4SILEIKKURI<\/span><\/h1>\n<p>[\/vc_column_text][\/vc_column][\/vc_row][vc_row][vc_column][vc_column_text]<\/p>\n<blockquote><p><span style=\"font-size: 18pt; color: #ff6600;\">K\u00e4sileikkurit <span style=\"color: #808080;\">\u201chands free\u201d<\/span> -filigraanity\u00f6skentelyyn<\/span><\/p><\/blockquote>\n<p>[\/vc_column_text][\/vc_column][\/vc_row][vc_row][vc_column width=&#8221;1\/2&#8243;][vc_cta h2=&#8221;HWS250!&#8221; h4=&#8221;&#8221;Jokaiseen tilaisuuteen&#8221;&#8221; h4_font_container=&#8221;tag:h3|text_align:center|color:%23ff9900&#8243; h4_google_fonts=&#8221;font_family:Raleway%3A100%2C200%2C300%2Cregular%2C500%2C600%2C700%2C800%2C900|font_style:500%20bold%20regular%3A500%3Anormal&#8221; txt_align=&#8221;center&#8221; shape=&#8221;square&#8221; style=&#8221;outline&#8221; add_button=&#8221;bottom&#8221; btn_title=&#8221;LUE LIS\u00c4\u00c4&#8221; btn_style=&#8221;outline&#8221; btn_shape=&#8221;square&#8221; btn_color=&#8221;warning&#8221; btn_align=&#8221;center&#8221; css_animation=&#8221;none&#8221; css=&#8221;&#8221; use_custom_fonts_h4=&#8221;true&#8221; btn_link=&#8221;url:http%3A%2F%2Fwww.hotwiresystems.com%2Ffi%2Fstyrox-leikkuri-hws250%2F|title:Styrox%20k%C3%A4sileikkuri%20HWS250!||&#8221;]<img loading=\"lazy\" decoding=\"async\" class=\"aligncenter wp-image-16784 size-full\" src=\"https:\/\/hotwiresystems.com\/wp-content\/uploads\/2025\/08\/Lampoveitsi-leikkuri-HWS250.jpg\" alt=\"Lampoveitsi leikkuri\" width=\"600\" height=\"600\" srcset=\"https:\/\/hotwiresystems.com\/wp-content\/uploads\/2025\/08\/Lampoveitsi-leikkuri-HWS250.jpg 600w, https:\/\/hotwiresystems.com\/wp-content\/uploads\/2025\/08\/Lampoveitsi-leikkuri-HWS250-300x300.jpg 300w, https:\/\/hotwiresystems.com\/wp-content\/uploads\/2025\/08\/Lampoveitsi-leikkuri-HWS250-150x150.jpg 150w\" sizes=\"(max-width: 600px) 100vw, 600px\" \/>[\/vc_cta][\/vc_column][vc_column width=&#8221;1\/2&#8243;][vc_cta h2=&#8221;K\u00e4sileikkuri HWS&#8221; h4=&#8221;&#8221;Kuumalanka saha&#8221;&#8221; h4_font_container=&#8221;tag:h3|text_align:center|color:%23ff9900&#8243; h4_google_fonts=&#8221;font_family:Raleway%3A100%2C200%2C300%2Cregular%2C500%2C600%2C700%2C800%2C900|font_style:500%20bold%20regular%3A500%3Anormal&#8221; txt_align=&#8221;center&#8221; shape=&#8221;square&#8221; style=&#8221;outline&#8221; add_button=&#8221;bottom&#8221; btn_title=&#8221;LUE LIS\u00c4\u00c4&#8221; btn_style=&#8221;outline&#8221; btn_shape=&#8221;square&#8221; btn_color=&#8221;warning&#8221; btn_align=&#8221;center&#8221; css_animation=&#8221;none&#8221; css=&#8221;&#8221; use_custom_fonts_h4=&#8221;true&#8221; btn_link=&#8221;url:http%3A%2F%2Fwww.hotwiresystems.com%2Ffi%2Fkuumalanka-kasileikkuri-hws%2F|title:Kuumalanka%20K%C3%A4sileikkuri%20HWS||&#8221;]<img loading=\"lazy\" decoding=\"async\" class=\"aligncenter wp-image-16792 size-full\" src=\"https:\/\/hotwiresystems.com\/wp-content\/uploads\/2025\/08\/Kuumalankaleikkuri-HWS.jpg\" alt=\"Kuumalankaleikkuri HWS\" width=\"600\" height=\"600\" srcset=\"https:\/\/hotwiresystems.com\/wp-content\/uploads\/2025\/08\/Kuumalankaleikkuri-HWS.jpg 600w, https:\/\/hotwiresystems.com\/wp-content\/uploads\/2025\/08\/Kuumalankaleikkuri-HWS-300x300.jpg 300w, https:\/\/hotwiresystems.com\/wp-content\/uploads\/2025\/08\/Kuumalankaleikkuri-HWS-150x150.jpg 150w\" sizes=\"(max-width: 600px) 100vw, 600px\" \/>[\/vc_cta][\/vc_column][\/vc_row][vc_row][vc_column][vc_column_text]<\/p>\n<h2 style=\"text-align: left;\"><span style=\"color: #808080; font-size: 24pt;\">Mik\u00e4 on vaahto k\u00e4sileikkurit?<\/span><\/h2>\n<p style=\"text-align: left;\"><span style=\"font-size: 12pt; color: #000000;\"><strong>Styrox leikkuri, k\u00e4sileikkuri<\/strong> on pieni ja eritt\u00e4in k\u00e4tev\u00e4 lis\u00e4laite polystyreenin <strong>(EPS, XPS)<\/strong> leikkaamiseen. Pienen koon ja v\u00e4h\u00e4isen painon ansiosta sit\u00e4 on helppo kantaa mukanaan. <strong>K\u00e4sileikkurilla<\/strong> voi polystyreenilevyist\u00e4 leikata mink\u00e4 tahansa muotoisia kappaleita. K\u00e4sileikkuria k\u00e4ytet\u00e4\u00e4n useilla toimialoilla: rakennusty\u00f6t, teollisuus, muovailu jne. <strong>Styrox leikkuri<\/strong> on pienikokoinen, mutta tehokas ammattimainen ty\u00f6kalu.<\/span><\/p>\n<p>[\/vc_column_text][vc_column_text]<\/p>\n<h2 style=\"text-align: left;\"><span style=\"color: #808080; font-size: 24pt;\">Toimitus!<\/span><\/h2>\n<p style=\"text-align: left;\"><span style=\"font-size: 12pt; color: #000000;\"><strong>P\u00e4\u00e4varastomme sijaitsee<\/strong> Virossa, Tallinnassassa ja k\u00e4yt\u00e4nn\u00f6ss\u00e4 koko tavaravalikoimamme l\u00f6ytyy varastosta heti. Meill\u00e4 on my\u00f6s hyvin kehitetty yhteisty\u00f6 kuljetusyhti\u00f6iden kanssa, mink\u00e4 ansiosta tarjoamme asiakkaillemme ja yhteisty\u00f6kumppaneillemme joustavat laitteiden toimitukset sek\u00e4 <strong>Suomeen<\/strong> ett\u00e4 muihin <strong>maailman maihin.\u00a0<\/strong><\/span><\/p>\n<p>[\/vc_column_text][vc_column_text]<\/p>\n<h2 style=\"text-align: left;\"><span style=\"color: #808080; font-size: 24pt;\">Tarvitsetko apua?<\/span><\/h2>\n<p style=\"text-align: left;\"><span style=\"font-size: 12pt; color: #000000;\">Jos et ole varma, mik\u00e4 <strong>kuumalanka k\u00e4sileikkuri<\/strong>\u00a0tai kuumaveitsimalli sopii tarpeisiisi parhaiten, <strong>ota meihin yhteytt\u00e4!<\/strong> kertomalla pyydetyt tiedot ja tarvittavat lis\u00e4varusteet\/tarvikkeet (jos niit\u00e4 on), ja suosittelemme tietty\u00e4 mallia.<\/span><\/p>\n<p style=\"text-align: left;\"><span style=\"font-size: 12pt; color: #000000;\">K\u00e4yt\u00e4mme seuraavien kuljetusyhti\u00f6iden palveluita: <a style=\"color: #000000;\" href=\"https:\/\/www.itella.fi\" target=\"_blank\" rel=\"noopener noreferrer\">Itella,<\/a> <a style=\"color: #000000;\" href=\"https:\/\/www.dpd.fi\" target=\"_blank\" rel=\"noopener noreferrer\">DPD,<\/a> <a style=\"color: #000000;\" href=\"https:\/\/www.dhl.com\" target=\"_blank\" rel=\"noopener noreferrer\">DHL,<\/a> <a style=\"color: #000000;\" href=\"https:\/\/www.ups.com\" target=\"_blank\" rel=\"noopener noreferrer\">UPS.<\/a><\/span><\/p>\n<p>[\/vc_column_text][\/vc_column][\/vc_row][vc_row][vc_column][vc_separator color=&#8221;orange&#8221;][\/vc_column][\/vc_row][vc_row][vc_column][vc_column_text]<\/p>\n<p style=\"text-align: center;\"><span style=\"font-family: verdana, geneva; color: #808080; font-size: 24pt;\">Ei l\u00f6yt\u00e4nyt sopivaa tuotetta?\u00a0<\/span><\/p>\n<p>[\/vc_column_text][vc_btn title=&#8221;KIRJOITA MEILLE&#8221; style=&#8221;outline&#8221; shape=&#8221;square&#8221; color=&#8221;blue&#8221; align=&#8221;center&#8221; css=&#8221;&#8221; link=&#8221;url:https%3A%2F%2Fhotwiresystems.com%2Ffi%2Fyhteystiedot%2F|title:Ota%20meihin%20yhteytt%C3%A4!&#8221;][\/vc_column][\/vc_row]<\/p>\n<\/div><!-- AddThis Advanced Settings generic via filter on the_content --><!-- AddThis Share Buttons generic via filter on the_content -->","protected":false},"excerpt":{"rendered":"<p>[vc_row][vc_column][vc_column_text] K\u00c4SILEIKKURI [\/vc_column_text][\/vc_column][\/vc_row][vc_row][vc_column][vc_column_text] K\u00e4sileikkurit \u201chands free\u201d -filigraanity\u00f6skentelyyn [\/vc_column_text][\/vc_column][\/vc_row][vc_row][vc_column width=&#8221;1\/2&#8243;][vc_cta h2=&#8221;HWS250!&#8221; h4=&#8221;&#8221;Jokaiseen tilaisuuteen&#8221;&#8221; h4_font_container=&#8221;tag:h3|text_align:center|color:%23ff9900&#8243; h4_google_fonts=&#8221;font_family:Raleway%3A100%2C200%2C300%2Cregular%2C500%2C600%2C700%2C800%2C900|font_style:500%20bold%20regular%3A500%3Anormal&#8221; txt_align=&#8221;center&#8221; shape=&#8221;square&#8221; style=&#8221;outline&#8221; add_button=&#8221;bottom&#8221; btn_title=&#8221;LUE LIS\u00c4\u00c4&#8221; btn_style=&#8221;outline&#8221; btn_shape=&#8221;square&#8221; btn_color=&#8221;warning&#8221; btn_align=&#8221;center&#8221; css_animation=&#8221;none&#8221; css=&#8221;&#8221; use_custom_fonts_h4=&#8221;true&#8221; btn_link=&#8221;url:http%3A%2F%2Fwww.hotwiresystems.com%2Ffi%2Fstyrox-leikkuri-hws250%2F|title:Styrox%20k%C3%A4sileikkuri%20HWS250!||&#8221;][\/vc_cta][\/vc_column][vc_column width=&#8221;1\/2&#8243;][vc_cta h2=&#8221;K\u00e4sileikkuri HWS&#8221; h4=&#8221;&#8221;Kuumalanka saha&#8221;&#8221; h4_font_container=&#8221;tag:h3|text_align:center|color:%23ff9900&#8243; h4_google_fonts=&#8221;font_family:Raleway%3A100%2C200%2C300%2Cregular%2C500%2C600%2C700%2C800%2C900|font_style:500%20bold%20regular%3A500%3Anormal&#8221; txt_align=&#8221;center&#8221; shape=&#8221;square&#8221; style=&#8221;outline&#8221; add_button=&#8221;bottom&#8221; btn_title=&#8221;LUE LIS\u00c4\u00c4&#8221; btn_style=&#8221;outline&#8221; btn_shape=&#8221;square&#8221; btn_color=&#8221;warning&#8221; btn_align=&#8221;center&#8221; css_animation=&#8221;none&#8221; css=&#8221;&#8221; use_custom_fonts_h4=&#8221;true&#8221; btn_link=&#8221;url:http%3A%2F%2Fwww.hotwiresystems.com%2Ffi%2Fkuumalanka-kasileikkuri-hws%2F|title:Kuumalanka%20K%C3%A4sileikkuri%20HWS||&#8221;][\/vc_cta][\/vc_column][\/vc_row][vc_row][vc_column][vc_column_text] Mik\u00e4 on vaahto k\u00e4sileikkurit? Styrox leikkuri, [&hellip;]<!-- AddThis Advanced Settings generic via filter on get_the_excerpt --><!-- AddThis Share Buttons generic via filter on get_the_excerpt --><\/p>\n","protected":false},"author":2,"featured_media":16784,"parent":0,"menu_order":0,"comment_status":"closed","ping_status":"closed","template":"","meta":{"footnotes":""},"yoast_head":"<!-- This site is optimized with the Yoast SEO plugin v23.3 - https:\/\/yoast.com\/wordpress\/plugins\/seo\/ -->\n<title>K\u00e4sileikkuri | L\u00e4mp\u00f6veitsi styroxleikkuri HWS250!<\/title>\n<meta name=\"description\" content=\"K\u00e4sileikkuri \u201cl\u00e4mp\u00f6veitsi\u201d on pienikokoinen, mutta tehokas ammattimainen ty\u00f6kalu ja eritt\u00e4in k\u00e4tev\u00e4 lis\u00e4laite polystyreenin leikkaamiseen.\" \/>\n<meta name=\"robots\" content=\"index, follow, max-snippet:-1, max-image-preview:large, max-video-preview:-1\" \/>\n<link rel=\"canonical\" href=\"https:\/\/hotwiresystems.com\/fi\/tuoteet-kasileikkuri\/\" \/>\n<meta property=\"og:locale\" content=\"fi_FI\" \/>\n<meta property=\"og:type\" content=\"article\" \/>\n<meta property=\"og:title\" content=\"K\u00e4sileikkuri | L\u00e4mp\u00f6veitsi styroxleikkuri HWS250!\" \/>\n<meta property=\"og:description\" content=\"K\u00e4sileikkuri \u201cl\u00e4mp\u00f6veitsi\u201d on pienikokoinen, mutta tehokas ammattimainen ty\u00f6kalu ja eritt\u00e4in k\u00e4tev\u00e4 lis\u00e4laite polystyreenin leikkaamiseen.\" \/>\n<meta property=\"og:url\" content=\"https:\/\/hotwiresystems.com\/fi\/tuoteet-kasileikkuri\/\" \/>\n<meta property=\"article:modified_time\" content=\"2025-08-14T12:37:17+00:00\" \/>\n<meta property=\"og:image\" content=\"https:\/\/www.hotwiresystems.com\/wp-content\/uploads\/2025\/08\/Lampoveitsi-leikkuri-HWS250.jpg\" \/>\n\t<meta property=\"og:image:width\" content=\"600\" \/>\n\t<meta property=\"og:image:height\" content=\"600\" \/>\n\t<meta property=\"og:image:type\" content=\"image\/jpeg\" \/>\n<meta name=\"twitter:label1\" content=\"Arvioitu lukuaika\" \/>\n\t<meta name=\"twitter:data1\" content=\"2 minuuttia\" \/>\n<script type=\"application\/ld+json\" class=\"yoast-schema-graph\">{\"@context\":\"https:\/\/schema.org\",\"@graph\":[{\"@type\":\"WebPage\",\"@id\":\"https:\/\/hotwiresystems.com\/fi\/tuoteet-kasileikkuri\/\",\"url\":\"https:\/\/hotwiresystems.com\/fi\/tuoteet-kasileikkuri\/\",\"name\":\"K\u00e4sileikkuri | L\u00e4mp\u00f6veitsi styroxleikkuri HWS250!\",\"isPartOf\":{\"@id\":\"https:\/\/hotwiresystems.com\/#website\"},\"primaryImageOfPage\":{\"@id\":\"https:\/\/hotwiresystems.com\/fi\/tuoteet-kasileikkuri\/#primaryimage\"},\"image\":{\"@id\":\"https:\/\/hotwiresystems.com\/fi\/tuoteet-kasileikkuri\/#primaryimage\"},\"thumbnailUrl\":\"https:\/\/hotwiresystems.com\/wp-content\/uploads\/2025\/08\/Lampoveitsi-leikkuri-HWS250.jpg\",\"datePublished\":\"2014-08-16T10:38:16+00:00\",\"dateModified\":\"2025-08-14T12:37:17+00:00\",\"description\":\"K\u00e4sileikkuri \u201cl\u00e4mp\u00f6veitsi\u201d on pienikokoinen, mutta tehokas ammattimainen ty\u00f6kalu ja eritt\u00e4in k\u00e4tev\u00e4 lis\u00e4laite polystyreenin leikkaamiseen.\",\"breadcrumb\":{\"@id\":\"https:\/\/hotwiresystems.com\/fi\/tuoteet-kasileikkuri\/#breadcrumb\"},\"inLanguage\":\"fi\",\"potentialAction\":[{\"@type\":\"ReadAction\",\"target\":[\"https:\/\/hotwiresystems.com\/fi\/tuoteet-kasileikkuri\/\"]}]},{\"@type\":\"ImageObject\",\"inLanguage\":\"fi\",\"@id\":\"https:\/\/hotwiresystems.com\/fi\/tuoteet-kasileikkuri\/#primaryimage\",\"url\":\"https:\/\/hotwiresystems.com\/wp-content\/uploads\/2025\/08\/Lampoveitsi-leikkuri-HWS250.jpg\",\"contentUrl\":\"https:\/\/hotwiresystems.com\/wp-content\/uploads\/2025\/08\/Lampoveitsi-leikkuri-HWS250.jpg\",\"width\":600,\"height\":600,\"caption\":\"Kuumalankaleikkuri HWS\"},{\"@type\":\"BreadcrumbList\",\"@id\":\"https:\/\/hotwiresystems.com\/fi\/tuoteet-kasileikkuri\/#breadcrumb\",\"itemListElement\":[{\"@type\":\"ListItem\",\"position\":1,\"name\":\"Home\",\"item\":\"https:\/\/hotwiresystems.com\/fi\/\"},{\"@type\":\"ListItem\",\"position\":2,\"name\":\"K\u00e4sileikkuri | \u201cl\u00e4mp\u00f6veitsi\u201d styroxleikkuri\"}]},{\"@type\":\"WebSite\",\"@id\":\"https:\/\/hotwiresystems.com\/#website\",\"url\":\"https:\/\/hotwiresystems.com\/\",\"name\":\"\",\"description\":\"\",\"potentialAction\":[{\"@type\":\"SearchAction\",\"target\":{\"@type\":\"EntryPoint\",\"urlTemplate\":\"https:\/\/hotwiresystems.com\/?s={search_term_string}\"},\"query-input\":\"required name=search_term_string\"}],\"inLanguage\":\"fi\"}]}<\/script>\n<!-- \/ Yoast SEO plugin. -->","yoast_head_json":{"title":"K\u00e4sileikkuri | L\u00e4mp\u00f6veitsi styroxleikkuri HWS250!","description":"K\u00e4sileikkuri \u201cl\u00e4mp\u00f6veitsi\u201d on pienikokoinen, mutta tehokas ammattimainen ty\u00f6kalu ja eritt\u00e4in k\u00e4tev\u00e4 lis\u00e4laite polystyreenin leikkaamiseen.","robots":{"index":"index","follow":"follow","max-snippet":"max-snippet:-1","max-image-preview":"max-image-preview:large","max-video-preview":"max-video-preview:-1"},"canonical":"https:\/\/hotwiresystems.com\/fi\/tuoteet-kasileikkuri\/","og_locale":"fi_FI","og_type":"article","og_title":"K\u00e4sileikkuri | L\u00e4mp\u00f6veitsi styroxleikkuri HWS250!","og_description":"K\u00e4sileikkuri \u201cl\u00e4mp\u00f6veitsi\u201d on pienikokoinen, mutta tehokas ammattimainen ty\u00f6kalu ja eritt\u00e4in k\u00e4tev\u00e4 lis\u00e4laite polystyreenin leikkaamiseen.","og_url":"https:\/\/hotwiresystems.com\/fi\/tuoteet-kasileikkuri\/","article_modified_time":"2025-08-14T12:37:17+00:00","og_image":[{"width":600,"height":600,"url":"https:\/\/www.hotwiresystems.com\/wp-content\/uploads\/2025\/08\/Lampoveitsi-leikkuri-HWS250.jpg","type":"image\/jpeg"}],"twitter_misc":{"Arvioitu lukuaika":"2 minuuttia"},"schema":{"@context":"https:\/\/schema.org","@graph":[{"@type":"WebPage","@id":"https:\/\/hotwiresystems.com\/fi\/tuoteet-kasileikkuri\/","url":"https:\/\/hotwiresystems.com\/fi\/tuoteet-kasileikkuri\/","name":"K\u00e4sileikkuri | L\u00e4mp\u00f6veitsi styroxleikkuri HWS250!","isPartOf":{"@id":"https:\/\/hotwiresystems.com\/#website"},"primaryImageOfPage":{"@id":"https:\/\/hotwiresystems.com\/fi\/tuoteet-kasileikkuri\/#primaryimage"},"image":{"@id":"https:\/\/hotwiresystems.com\/fi\/tuoteet-kasileikkuri\/#primaryimage"},"thumbnailUrl":"https:\/\/hotwiresystems.com\/wp-content\/uploads\/2025\/08\/Lampoveitsi-leikkuri-HWS250.jpg","datePublished":"2014-08-16T10:38:16+00:00","dateModified":"2025-08-14T12:37:17+00:00","description":"K\u00e4sileikkuri \u201cl\u00e4mp\u00f6veitsi\u201d on pienikokoinen, mutta tehokas ammattimainen ty\u00f6kalu ja eritt\u00e4in k\u00e4tev\u00e4 lis\u00e4laite polystyreenin leikkaamiseen.","breadcrumb":{"@id":"https:\/\/hotwiresystems.com\/fi\/tuoteet-kasileikkuri\/#breadcrumb"},"inLanguage":"fi","potentialAction":[{"@type":"ReadAction","target":["https:\/\/hotwiresystems.com\/fi\/tuoteet-kasileikkuri\/"]}]},{"@type":"ImageObject","inLanguage":"fi","@id":"https:\/\/hotwiresystems.com\/fi\/tuoteet-kasileikkuri\/#primaryimage","url":"https:\/\/hotwiresystems.com\/wp-content\/uploads\/2025\/08\/Lampoveitsi-leikkuri-HWS250.jpg","contentUrl":"https:\/\/hotwiresystems.com\/wp-content\/uploads\/2025\/08\/Lampoveitsi-leikkuri-HWS250.jpg","width":600,"height":600,"caption":"Kuumalankaleikkuri HWS"},{"@type":"BreadcrumbList","@id":"https:\/\/hotwiresystems.com\/fi\/tuoteet-kasileikkuri\/#breadcrumb","itemListElement":[{"@type":"ListItem","position":1,"name":"Home","item":"https:\/\/hotwiresystems.com\/fi\/"},{"@type":"ListItem","position":2,"name":"K\u00e4sileikkuri | \u201cl\u00e4mp\u00f6veitsi\u201d styroxleikkuri"}]},{"@type":"WebSite","@id":"https:\/\/hotwiresystems.com\/#website","url":"https:\/\/hotwiresystems.com\/","name":"","description":"","potentialAction":[{"@type":"SearchAction","target":{"@type":"EntryPoint","urlTemplate":"https:\/\/hotwiresystems.com\/?s={search_term_string}"},"query-input":"required name=search_term_string"}],"inLanguage":"fi"}]}},"_links":{"self":[{"href":"https:\/\/hotwiresystems.com\/fi\/wp-json\/wp\/v2\/pages\/2665"}],"collection":[{"href":"https:\/\/hotwiresystems.com\/fi\/wp-json\/wp\/v2\/pages"}],"about":[{"href":"https:\/\/hotwiresystems.com\/fi\/wp-json\/wp\/v2\/types\/page"}],"author":[{"embeddable":true,"href":"https:\/\/hotwiresystems.com\/fi\/wp-json\/wp\/v2\/users\/2"}],"replies":[{"embeddable":true,"href":"https:\/\/hotwiresystems.com\/fi\/wp-json\/wp\/v2\/comments?post=2665"}],"version-history":[{"count":5,"href":"https:\/\/hotwiresystems.com\/fi\/wp-json\/wp\/v2\/pages\/2665\/revisions"}],"predecessor-version":[{"id":16880,"href":"https:\/\/hotwiresystems.com\/fi\/wp-json\/wp\/v2\/pages\/2665\/revisions\/16880"}],"wp:featuredmedia":[{"embeddable":true,"href":"https:\/\/hotwiresystems.com\/fi\/wp-json\/wp\/v2\/media\/16784"}],"wp:attachment":[{"href":"https:\/\/hotwiresystems.com\/fi\/wp-json\/wp\/v2\/media?parent=2665"}],"curies":[{"name":"wp","href":"https:\/\/api.w.org\/{rel}","templated":true}]}}