{"id":2289,"date":"2014-07-29T14:06:22","date_gmt":"2014-07-29T12:06:22","guid":{"rendered":"http:\/\/kuumtraat.ee\/?page_id=2289"},"modified":"2025-08-14T14:37:07","modified_gmt":"2025-08-14T12:37:07","slug":"tuoteet-kuumalankaleikkuri","status":"publish","type":"page","link":"https:\/\/hotwiresystems.com\/fi\/tuoteet-kuumalankaleikkuri\/","title":{"rendered":"Polystyreenin Kuumalankaleikkuri | Ammattik\u00e4ytt\u00f6\u00f6n leikkaus laitteet!"},"content":{"rendered":"<div class=\"wpb-content-wrapper\"><p>[vc_row][vc_column][vc_column_text]<\/p>\n<h1><span style=\"font-size: 36pt; color: #808080;\">KUUMALANKALEIKKURI<\/span><\/h1>\n<p>[\/vc_column_text][vc_column_text]<span style=\"font-size: 12pt; color: #000000;\">Tuotetarjontamme perustuu siihen, ett\u00e4 asiakkaalla olisi mahdollisuus valita tarkoitukseensa parhaiten sopiva v\u00e4lineist\u00f6 monipuolisista hintaryhmist\u00e4, oli se sitten budjettiin perustuva valinta tai tarve monitoiminnalliselle laitteelle ammattimaiseen k\u00e4ytt\u00f6\u00f6n.<\/span>[\/vc_column_text][vc_column_text]<\/p>\n<blockquote><p><span style=\"font-size: 18pt; color: #ff6600;\">Paras valinta <span style=\"color: #808080;\">kuumalanka leikkuri<\/span> markkinoilla<\/span><\/p><\/blockquote>\n<p>[\/vc_column_text][\/vc_column][\/vc_row][vc_row][vc_column width=&#8221;1\/2&#8243;][vc_cta h2=&#8221;HWS-EASY!&#8221; h4=&#8221;&#8221;Klassinen leikkuri&#8221;&#8221; h4_font_container=&#8221;tag:h4|text_align:center|color:%23ff9900&#8243; h4_google_fonts=&#8221;font_family:Raleway%3A100%2C200%2C300%2Cregular%2C500%2C600%2C700%2C800%2C900|font_style:500%20bold%20regular%3A500%3Anormal&#8221; txt_align=&#8221;center&#8221; shape=&#8221;square&#8221; style=&#8221;outline&#8221; add_button=&#8221;bottom&#8221; btn_title=&#8221;LUE LIS\u00c4\u00c4&#8221; btn_style=&#8221;outline&#8221; btn_shape=&#8221;square&#8221; btn_color=&#8221;warning&#8221; btn_align=&#8221;center&#8221; css_animation=&#8221;none&#8221; css=&#8221;&#8221; use_custom_fonts_h4=&#8221;true&#8221; btn_link=&#8221;url:http%3A%2F%2Fwww.hotwiresystems.com%2Ffi%2Fkuumalanka-leikkuri-hws-easy-leikkuri-styroksille-ammattimalli%2F|title:Kuumalankaleikkuri%20HWS-Easy!||&#8221;]<img loading=\"lazy\" decoding=\"async\" class=\"aligncenter wp-image-16806 size-full\" src=\"https:\/\/hotwiresystems.com\/wp-content\/uploads\/2025\/08\/Kuumalankaleikkuri-HWS-Easy.jpg\" alt=\"Kuumalankaleikkuri HWS\" width=\"600\" height=\"600\" srcset=\"https:\/\/hotwiresystems.com\/wp-content\/uploads\/2025\/08\/Kuumalankaleikkuri-HWS-Easy.jpg 600w, https:\/\/hotwiresystems.com\/wp-content\/uploads\/2025\/08\/Kuumalankaleikkuri-HWS-Easy-300x300.jpg 300w, https:\/\/hotwiresystems.com\/wp-content\/uploads\/2025\/08\/Kuumalankaleikkuri-HWS-Easy-150x150.jpg 150w\" sizes=\"(max-width: 600px) 100vw, 600px\" \/>[\/vc_cta][\/vc_column][vc_column width=&#8221;1\/2&#8243;][vc_cta h2=&#8221;HWS-CUTTER!&#8221; h4=&#8221;&#8221;Keveyden tehokkaampi!&#8221;&#8221; h4_font_container=&#8221;tag:h4|text_align:center|color:%23ff9900&#8243; h4_google_fonts=&#8221;font_family:Raleway%3A100%2C200%2C300%2Cregular%2C500%2C600%2C700%2C800%2C900|font_style:500%20bold%20regular%3A500%3Anormal&#8221; txt_align=&#8221;center&#8221; shape=&#8221;square&#8221; style=&#8221;outline&#8221; add_button=&#8221;bottom&#8221; btn_title=&#8221;LUE LIS\u00c4\u00c4&#8221; btn_style=&#8221;outline&#8221; btn_shape=&#8221;square&#8221; btn_color=&#8221;warning&#8221; btn_align=&#8221;center&#8221; css_animation=&#8221;none&#8221; css=&#8221;&#8221; use_custom_fonts_h4=&#8221;true&#8221; btn_link=&#8221;url:http%3A%2F%2Fwww.hotwiresystems.com%2Ffi%2Fstyrox-leikkuri-hws-cutter%2F|title:Kuumalankaleikkuri%20HWS-Cutter!||&#8221;]<img loading=\"lazy\" decoding=\"async\" class=\"aligncenter wp-image-16776 size-full\" src=\"https:\/\/hotwiresystems.com\/wp-content\/uploads\/2025\/08\/Kuumalankaleikkuri-HWS-Cutter.jpg\" alt=\"Kuumalankaleikkuri HWS\" width=\"600\" height=\"600\" srcset=\"https:\/\/hotwiresystems.com\/wp-content\/uploads\/2025\/08\/Kuumalankaleikkuri-HWS-Cutter.jpg 600w, https:\/\/hotwiresystems.com\/wp-content\/uploads\/2025\/08\/Kuumalankaleikkuri-HWS-Cutter-300x300.jpg 300w, https:\/\/hotwiresystems.com\/wp-content\/uploads\/2025\/08\/Kuumalankaleikkuri-HWS-Cutter-150x150.jpg 150w\" sizes=\"(max-width: 600px) 100vw, 600px\" \/>[\/vc_cta][\/vc_column][\/vc_row][vc_row][vc_column width=&#8221;1\/2&#8243;][vc_cta h2=&#8221;HWS-Table!&#8221; h4=&#8221;&#8221;Suora tai Py\u00f6re\u00e4!&#8221;&#8221; h4_font_container=&#8221;tag:h4|text_align:center|color:%23ff9900&#8243; h4_google_fonts=&#8221;font_family:Raleway%3A100%2C200%2C300%2Cregular%2C500%2C600%2C700%2C800%2C900|font_style:500%20bold%20regular%3A500%3Anormal&#8221; txt_align=&#8221;center&#8221; shape=&#8221;square&#8221; style=&#8221;outline&#8221; add_button=&#8221;bottom&#8221; btn_title=&#8221;LUE LIS\u00c4\u00c4&#8221; btn_style=&#8221;outline&#8221; btn_shape=&#8221;square&#8221; btn_color=&#8221;warning&#8221; btn_align=&#8221;center&#8221; css_animation=&#8221;none&#8221; css=&#8221;&#8221; use_custom_fonts_h4=&#8221;true&#8221; btn_link=&#8221;url:http%3A%2F%2Fwww.hotwiresystems.com%2Ffi%2Fpolystyreenivaahtojen-styroksileikkuri-hws-table%2F|title:Kuumalankaleikkuri%20HWS-Table!||&#8221;]<img loading=\"lazy\" decoding=\"async\" class=\"aligncenter wp-image-16814 size-full\" src=\"https:\/\/hotwiresystems.com\/wp-content\/uploads\/2025\/08\/Kuumalankaleikkuri-HWS-Table.jpg\" alt=\"Kuumalankaleikkuri HWS\" width=\"600\" height=\"600\" srcset=\"https:\/\/hotwiresystems.com\/wp-content\/uploads\/2025\/08\/Kuumalankaleikkuri-HWS-Table.jpg 600w, https:\/\/hotwiresystems.com\/wp-content\/uploads\/2025\/08\/Kuumalankaleikkuri-HWS-Table-300x300.jpg 300w, https:\/\/hotwiresystems.com\/wp-content\/uploads\/2025\/08\/Kuumalankaleikkuri-HWS-Table-150x150.jpg 150w\" sizes=\"(max-width: 600px) 100vw, 600px\" \/>[\/vc_cta][\/vc_column][vc_column width=&#8221;1\/2&#8243;][vc_cta h2=&#8221;STOBRA ECO&#8221; h4=&#8221;&#8221;Leikkausmahdollisuudet&#8221;&#8221; h4_font_container=&#8221;tag:h4|text_align:center|color:%23ff9900&#8243; h4_google_fonts=&#8221;font_family:Raleway%3A100%2C200%2C300%2Cregular%2C500%2C600%2C700%2C800%2C900|font_style:500%20bold%20regular%3A500%3Anormal&#8221; txt_align=&#8221;center&#8221; shape=&#8221;square&#8221; style=&#8221;outline&#8221; add_button=&#8221;bottom&#8221; btn_title=&#8221;LUE LIS\u00c4\u00c4&#8221; btn_style=&#8221;outline&#8221; btn_shape=&#8221;square&#8221; btn_color=&#8221;warning&#8221; btn_align=&#8221;center&#8221; css_animation=&#8221;none&#8221; css=&#8221;&#8221; use_custom_fonts_h4=&#8221;true&#8221; btn_link=&#8221;url:http%3A%2F%2Fwww.hotwiresystems.com%2Ffi%2Fkuumalankaleikkuri-styrox-leikkuri-stobra-eco%2F|title:Kuumalanka%20leikkuri%20Stobra%20ECO!||&#8221;]<a href=\"https:\/\/hotwiresystems.com\/fi\/kuumalankaleikkuri-styrox-leikkuri-stobra-eco\/\"><img loading=\"lazy\" decoding=\"async\" class=\"aligncenter wp-image-8694 size-full\" src=\"https:\/\/www.hotwiresystems.com\/wp-content\/uploads\/2014\/07\/Kuumalankaleikkuri-Stobra-ECO-1.jpg\" alt=\"Kuumalankaleikkuri\" width=\"600\" height=\"600\" srcset=\"https:\/\/hotwiresystems.com\/wp-content\/uploads\/2014\/07\/Kuumalankaleikkuri-Stobra-ECO-1.jpg 600w, https:\/\/hotwiresystems.com\/wp-content\/uploads\/2014\/07\/Kuumalankaleikkuri-Stobra-ECO-1-150x150.jpg 150w, https:\/\/hotwiresystems.com\/wp-content\/uploads\/2014\/07\/Kuumalankaleikkuri-Stobra-ECO-1-300x300.jpg 300w\" sizes=\"(max-width: 600px) 100vw, 600px\" \/><\/a>[\/vc_cta][\/vc_column][\/vc_row][vc_row][vc_column][vc_column_text]<\/p>\n<h2 style=\"text-align: left;\"><span style=\"color: #808080; font-size: 24pt;\">Mik\u00e4 on vaahto kuumalankaleikkuri?<\/span><\/h2>\n<p style=\"text-align: left;\"><span style=\"font-size: 12pt; color: #000000;\">Kuumalanka leikkuri tarkoitettu k\u00e4sikone eli kuten sit\u00e4 viel\u00e4 kutsutaan <strong>\u201cvaahtoleikkuri\u201d<\/strong> on s\u00e4hk\u00f6laite vaahtopolystyreenista tai vastaavista materiaaleista valmistettujen l\u00e4mmitys- \/ eristemateriaalien leikkaamiseen ja k\u00e4sittelyyn. <strong>Koneen<\/strong> toimintaperiaate on se, ett\u00e4 materiaalia leikataan langalla, jota muuntaja kuumentaa tiettyyn l\u00e4mp\u00f6tilaan. T\u00e4llaisten ty\u00f6kalujen p\u00e4\u00e4osina ovat leikkauslanka ja <strong>muuntaja.<\/strong><\/span><\/p>\n<p>[\/vc_column_text][vc_column_text]<\/p>\n<h2 style=\"text-align: left;\"><span style=\"color: #808080; font-size: 24pt;\">Toimitus!<\/span><\/h2>\n<p style=\"text-align: left;\"><span style=\"font-size: 12pt; color: #000000;\"><strong>P\u00e4\u00e4varastomme sijaitsee<\/strong> Virossa, Tallinnassassa ja k\u00e4yt\u00e4nn\u00f6ss\u00e4 koko tavaravalikoimamme l\u00f6ytyy varastosta heti. Meill\u00e4 on my\u00f6s hyvin kehitetty yhteisty\u00f6 kuljetusyhti\u00f6iden kanssa, mink\u00e4 ansiosta tarjoamme asiakkaillemme ja yhteisty\u00f6kumppaneillemme joustavat laitteiden toimitukset sek\u00e4 <strong>Suomeen<\/strong> ett\u00e4 muihin <strong>maailman maihin.\u00a0<\/strong><\/span><\/p>\n<p>[\/vc_column_text][vc_column_text]<\/p>\n<h2 style=\"text-align: left;\"><span style=\"color: #808080; font-size: 24pt;\">Tarvitsetko apua?<\/span><\/h2>\n<p style=\"text-align: left;\"><span style=\"font-size: 12pt; color: #000000;\">Jos et ole varma, mik\u00e4 <strong>kuumalankaleikkuri<\/strong> tai kuumaveitsimalli sopii tarpeisiisi parhaiten, <strong>ota meihin yhteytt\u00e4!<\/strong> kertomalla pyydetyt tiedot ja tarvittavat lis\u00e4varusteet\/tarvikkeet (jos niit\u00e4 on), ja suosittelemme tietty\u00e4 mallia.<\/span><\/p>\n<p style=\"text-align: left;\"><span style=\"font-size: 12pt; color: #000000;\">K\u00e4yt\u00e4mme seuraavien kuljetusyhti\u00f6iden palveluita: <a style=\"color: #000000;\" href=\"https:\/\/www.itella.fi\" target=\"_blank\" rel=\"noopener noreferrer\">Itella,<\/a> <a style=\"color: #000000;\" href=\"https:\/\/www.dpd.fi\" target=\"_blank\" rel=\"noopener noreferrer\">DPD,<\/a> <a style=\"color: #000000;\" href=\"https:\/\/www.dhl.com\" target=\"_blank\" rel=\"noopener noreferrer\">DHL,<\/a> <a style=\"color: #000000;\" href=\"https:\/\/www.ups.com\" target=\"_blank\" rel=\"noopener noreferrer\">UPS.<\/a><\/span><\/p>\n<p>[\/vc_column_text][\/vc_column][\/vc_row][vc_row][vc_column][vc_separator color=&#8221;orange&#8221;][\/vc_column][\/vc_row][vc_row][vc_column][vc_column_text]<\/p>\n<p style=\"text-align: center;\"><span style=\"font-size: 24pt; font-family: verdana, geneva; color: #808080;\">Ei l\u00f6yt\u00e4nyt sopivaa tuotetta?<\/span><\/p>\n<p>[\/vc_column_text][vc_btn title=&#8221;KIRJOITA MEILLE&#8221; style=&#8221;outline&#8221; shape=&#8221;square&#8221; color=&#8221;blue&#8221; align=&#8221;center&#8221; css=&#8221;&#8221; link=&#8221;url:https%3A%2F%2Fhotwiresystems.com%2Ffi%2Fyhteystiedot%2F|title:Ota%20meihin%20yhteytt%C3%A4!&#8221;][\/vc_column][\/vc_row]<\/p>\n<\/div><!-- AddThis Advanced Settings generic via filter on the_content --><!-- AddThis Share Buttons generic via filter on the_content -->","protected":false},"excerpt":{"rendered":"<p>[vc_row][vc_column][vc_column_text] KUUMALANKALEIKKURI [\/vc_column_text][vc_column_text]Tuotetarjontamme perustuu siihen, ett\u00e4 asiakkaalla olisi mahdollisuus valita tarkoitukseensa parhaiten sopiva v\u00e4lineist\u00f6 monipuolisista hintaryhmist\u00e4, oli se sitten budjettiin perustuva valinta tai tarve monitoiminnalliselle laitteelle ammattimaiseen k\u00e4ytt\u00f6\u00f6n.[\/vc_column_text][vc_column_text] Paras valinta kuumalanka leikkuri markkinoilla [\/vc_column_text][\/vc_column][\/vc_row][vc_row][vc_column width=&#8221;1\/2&#8243;][vc_cta h2=&#8221;HWS-EASY!&#8221; h4=&#8221;&#8221;Klassinen leikkuri&#8221;&#8221; h4_font_container=&#8221;tag:h4|text_align:center|color:%23ff9900&#8243; h4_google_fonts=&#8221;font_family:Raleway%3A100%2C200%2C300%2Cregular%2C500%2C600%2C700%2C800%2C900|font_style:500%20bold%20regular%3A500%3Anormal&#8221; txt_align=&#8221;center&#8221; shape=&#8221;square&#8221; style=&#8221;outline&#8221; add_button=&#8221;bottom&#8221; btn_title=&#8221;LUE LIS\u00c4\u00c4&#8221; btn_style=&#8221;outline&#8221; btn_shape=&#8221;square&#8221; btn_color=&#8221;warning&#8221; btn_align=&#8221;center&#8221; css_animation=&#8221;none&#8221; css=&#8221;&#8221; use_custom_fonts_h4=&#8221;true&#8221; btn_link=&#8221;url:http%3A%2F%2Fwww.hotwiresystems.com%2Ffi%2Fkuumalanka-leikkuri-hws-easy-leikkuri-styroksille-ammattimalli%2F|title:Kuumalankaleikkuri%20HWS-Easy!||&#8221;][\/vc_cta][\/vc_column][vc_column width=&#8221;1\/2&#8243;][vc_cta [&hellip;]<!-- AddThis Advanced Settings generic via filter on get_the_excerpt --><!-- AddThis Share Buttons generic via filter on get_the_excerpt --><\/p>\n","protected":false},"author":2,"featured_media":0,"parent":0,"menu_order":0,"comment_status":"closed","ping_status":"closed","template":"","meta":{"footnotes":""},"yoast_head":"<!-- This site is optimized with the Yoast SEO plugin v23.3 - https:\/\/yoast.com\/wordpress\/plugins\/seo\/ -->\n<title>Kuumalankaleikkuri | Ammattik\u00e4ytt\u00f6\u00f6n polystyreeni leikkaus laitteet!<\/title>\n<meta name=\"description\" content=\"Hotwire Systems p\u00e4\u00e4toimialana on polystyreenin niin jokap\u00e4iv\u00e4iseen kuin ammattimaiseen k\u00e4ytt\u00f6\u00f6n tarkoitettujen leikkuuty\u00f6kalujen myynti kuumalankaleikkuri.\" \/>\n<meta name=\"robots\" content=\"index, follow, max-snippet:-1, max-image-preview:large, max-video-preview:-1\" \/>\n<link rel=\"canonical\" href=\"https:\/\/www.hotwiresystems.com\/fi\/tuoteet-kuumalankaleikkuri\/\" \/>\n<meta property=\"og:locale\" content=\"fi_FI\" \/>\n<meta property=\"og:type\" content=\"article\" \/>\n<meta property=\"og:title\" content=\"Kuumalankaleikkuri | Ammattik\u00e4ytt\u00f6\u00f6n polystyreeni leikkaus laitteet!\" \/>\n<meta property=\"og:description\" content=\"Hotwire Systems p\u00e4\u00e4toimialana on polystyreenin niin jokap\u00e4iv\u00e4iseen kuin ammattimaiseen k\u00e4ytt\u00f6\u00f6n tarkoitettujen leikkuuty\u00f6kalujen myynti kuumalankaleikkuri.\" \/>\n<meta property=\"og:url\" content=\"https:\/\/www.hotwiresystems.com\/fi\/tuoteet-kuumalankaleikkuri\/\" \/>\n<meta property=\"article:modified_time\" content=\"2025-08-14T12:37:07+00:00\" \/>\n<meta property=\"og:image\" content=\"https:\/\/hotwiresystems.com\/wp-content\/uploads\/2025\/08\/Kuumalankaleikkuri-HWS-Easy.jpg\" \/>\n<meta name=\"twitter:label1\" content=\"Arvioitu lukuaika\" \/>\n\t<meta name=\"twitter:data1\" content=\"3 minuuttia\" \/>\n<script type=\"application\/ld+json\" class=\"yoast-schema-graph\">{\"@context\":\"https:\/\/schema.org\",\"@graph\":[{\"@type\":\"WebPage\",\"@id\":\"https:\/\/www.hotwiresystems.com\/fi\/tuoteet-kuumalankaleikkuri\/\",\"url\":\"https:\/\/www.hotwiresystems.com\/fi\/tuoteet-kuumalankaleikkuri\/\",\"name\":\"Kuumalankaleikkuri | Ammattik\u00e4ytt\u00f6\u00f6n polystyreeni leikkaus laitteet!\",\"isPartOf\":{\"@id\":\"https:\/\/hotwiresystems.com\/#website\"},\"primaryImageOfPage\":{\"@id\":\"https:\/\/www.hotwiresystems.com\/fi\/tuoteet-kuumalankaleikkuri\/#primaryimage\"},\"image\":{\"@id\":\"https:\/\/www.hotwiresystems.com\/fi\/tuoteet-kuumalankaleikkuri\/#primaryimage\"},\"thumbnailUrl\":\"https:\/\/hotwiresystems.com\/wp-content\/uploads\/2025\/08\/Kuumalankaleikkuri-HWS-Easy.jpg\",\"datePublished\":\"2014-07-29T12:06:22+00:00\",\"dateModified\":\"2025-08-14T12:37:07+00:00\",\"description\":\"Hotwire Systems p\u00e4\u00e4toimialana on polystyreenin niin jokap\u00e4iv\u00e4iseen kuin ammattimaiseen k\u00e4ytt\u00f6\u00f6n tarkoitettujen leikkuuty\u00f6kalujen myynti kuumalankaleikkuri.\",\"breadcrumb\":{\"@id\":\"https:\/\/www.hotwiresystems.com\/fi\/tuoteet-kuumalankaleikkuri\/#breadcrumb\"},\"inLanguage\":\"fi\",\"potentialAction\":[{\"@type\":\"ReadAction\",\"target\":[\"https:\/\/www.hotwiresystems.com\/fi\/tuoteet-kuumalankaleikkuri\/\"]}]},{\"@type\":\"ImageObject\",\"inLanguage\":\"fi\",\"@id\":\"https:\/\/www.hotwiresystems.com\/fi\/tuoteet-kuumalankaleikkuri\/#primaryimage\",\"url\":\"https:\/\/hotwiresystems.com\/wp-content\/uploads\/2025\/08\/Kuumalankaleikkuri-HWS-Easy.jpg\",\"contentUrl\":\"https:\/\/hotwiresystems.com\/wp-content\/uploads\/2025\/08\/Kuumalankaleikkuri-HWS-Easy.jpg\"},{\"@type\":\"BreadcrumbList\",\"@id\":\"https:\/\/www.hotwiresystems.com\/fi\/tuoteet-kuumalankaleikkuri\/#breadcrumb\",\"itemListElement\":[{\"@type\":\"ListItem\",\"position\":1,\"name\":\"Home\",\"item\":\"https:\/\/www.hotwiresystems.com\/fi\/\"},{\"@type\":\"ListItem\",\"position\":2,\"name\":\"Polystyreenin Kuumalankaleikkuri | Ammattik\u00e4ytt\u00f6\u00f6n leikkaus laitteet!\"}]},{\"@type\":\"WebSite\",\"@id\":\"https:\/\/hotwiresystems.com\/#website\",\"url\":\"https:\/\/hotwiresystems.com\/\",\"name\":\"\",\"description\":\"\",\"potentialAction\":[{\"@type\":\"SearchAction\",\"target\":{\"@type\":\"EntryPoint\",\"urlTemplate\":\"https:\/\/hotwiresystems.com\/?s={search_term_string}\"},\"query-input\":\"required name=search_term_string\"}],\"inLanguage\":\"fi\"}]}<\/script>\n<!-- \/ Yoast SEO plugin. -->","yoast_head_json":{"title":"Kuumalankaleikkuri | Ammattik\u00e4ytt\u00f6\u00f6n polystyreeni leikkaus laitteet!","description":"Hotwire Systems p\u00e4\u00e4toimialana on polystyreenin niin jokap\u00e4iv\u00e4iseen kuin ammattimaiseen k\u00e4ytt\u00f6\u00f6n tarkoitettujen leikkuuty\u00f6kalujen myynti kuumalankaleikkuri.","robots":{"index":"index","follow":"follow","max-snippet":"max-snippet:-1","max-image-preview":"max-image-preview:large","max-video-preview":"max-video-preview:-1"},"canonical":"https:\/\/www.hotwiresystems.com\/fi\/tuoteet-kuumalankaleikkuri\/","og_locale":"fi_FI","og_type":"article","og_title":"Kuumalankaleikkuri | Ammattik\u00e4ytt\u00f6\u00f6n polystyreeni leikkaus laitteet!","og_description":"Hotwire Systems p\u00e4\u00e4toimialana on polystyreenin niin jokap\u00e4iv\u00e4iseen kuin ammattimaiseen k\u00e4ytt\u00f6\u00f6n tarkoitettujen leikkuuty\u00f6kalujen myynti kuumalankaleikkuri.","og_url":"https:\/\/www.hotwiresystems.com\/fi\/tuoteet-kuumalankaleikkuri\/","article_modified_time":"2025-08-14T12:37:07+00:00","og_image":[{"url":"https:\/\/hotwiresystems.com\/wp-content\/uploads\/2025\/08\/Kuumalankaleikkuri-HWS-Easy.jpg"}],"twitter_misc":{"Arvioitu lukuaika":"3 minuuttia"},"schema":{"@context":"https:\/\/schema.org","@graph":[{"@type":"WebPage","@id":"https:\/\/www.hotwiresystems.com\/fi\/tuoteet-kuumalankaleikkuri\/","url":"https:\/\/www.hotwiresystems.com\/fi\/tuoteet-kuumalankaleikkuri\/","name":"Kuumalankaleikkuri | Ammattik\u00e4ytt\u00f6\u00f6n polystyreeni leikkaus laitteet!","isPartOf":{"@id":"https:\/\/hotwiresystems.com\/#website"},"primaryImageOfPage":{"@id":"https:\/\/www.hotwiresystems.com\/fi\/tuoteet-kuumalankaleikkuri\/#primaryimage"},"image":{"@id":"https:\/\/www.hotwiresystems.com\/fi\/tuoteet-kuumalankaleikkuri\/#primaryimage"},"thumbnailUrl":"https:\/\/hotwiresystems.com\/wp-content\/uploads\/2025\/08\/Kuumalankaleikkuri-HWS-Easy.jpg","datePublished":"2014-07-29T12:06:22+00:00","dateModified":"2025-08-14T12:37:07+00:00","description":"Hotwire Systems p\u00e4\u00e4toimialana on polystyreenin niin jokap\u00e4iv\u00e4iseen kuin ammattimaiseen k\u00e4ytt\u00f6\u00f6n tarkoitettujen leikkuuty\u00f6kalujen myynti kuumalankaleikkuri.","breadcrumb":{"@id":"https:\/\/www.hotwiresystems.com\/fi\/tuoteet-kuumalankaleikkuri\/#breadcrumb"},"inLanguage":"fi","potentialAction":[{"@type":"ReadAction","target":["https:\/\/www.hotwiresystems.com\/fi\/tuoteet-kuumalankaleikkuri\/"]}]},{"@type":"ImageObject","inLanguage":"fi","@id":"https:\/\/www.hotwiresystems.com\/fi\/tuoteet-kuumalankaleikkuri\/#primaryimage","url":"https:\/\/hotwiresystems.com\/wp-content\/uploads\/2025\/08\/Kuumalankaleikkuri-HWS-Easy.jpg","contentUrl":"https:\/\/hotwiresystems.com\/wp-content\/uploads\/2025\/08\/Kuumalankaleikkuri-HWS-Easy.jpg"},{"@type":"BreadcrumbList","@id":"https:\/\/www.hotwiresystems.com\/fi\/tuoteet-kuumalankaleikkuri\/#breadcrumb","itemListElement":[{"@type":"ListItem","position":1,"name":"Home","item":"https:\/\/www.hotwiresystems.com\/fi\/"},{"@type":"ListItem","position":2,"name":"Polystyreenin Kuumalankaleikkuri | Ammattik\u00e4ytt\u00f6\u00f6n leikkaus laitteet!"}]},{"@type":"WebSite","@id":"https:\/\/hotwiresystems.com\/#website","url":"https:\/\/hotwiresystems.com\/","name":"","description":"","potentialAction":[{"@type":"SearchAction","target":{"@type":"EntryPoint","urlTemplate":"https:\/\/hotwiresystems.com\/?s={search_term_string}"},"query-input":"required name=search_term_string"}],"inLanguage":"fi"}]}},"_links":{"self":[{"href":"https:\/\/hotwiresystems.com\/fi\/wp-json\/wp\/v2\/pages\/2289"}],"collection":[{"href":"https:\/\/hotwiresystems.com\/fi\/wp-json\/wp\/v2\/pages"}],"about":[{"href":"https:\/\/hotwiresystems.com\/fi\/wp-json\/wp\/v2\/types\/page"}],"author":[{"embeddable":true,"href":"https:\/\/hotwiresystems.com\/fi\/wp-json\/wp\/v2\/users\/2"}],"replies":[{"embeddable":true,"href":"https:\/\/hotwiresystems.com\/fi\/wp-json\/wp\/v2\/comments?post=2289"}],"version-history":[{"count":5,"href":"https:\/\/hotwiresystems.com\/fi\/wp-json\/wp\/v2\/pages\/2289\/revisions"}],"predecessor-version":[{"id":16879,"href":"https:\/\/hotwiresystems.com\/fi\/wp-json\/wp\/v2\/pages\/2289\/revisions\/16879"}],"wp:attachment":[{"href":"https:\/\/hotwiresystems.com\/fi\/wp-json\/wp\/v2\/media?parent=2289"}],"curies":[{"name":"wp","href":"https:\/\/api.w.org\/{rel}","templated":true}]}}