{"id":1869,"date":"2014-04-28T19:51:44","date_gmt":"2014-04-28T17:51:44","guid":{"rendered":"http:\/\/kuumtraat.ee\/?page_id=1869"},"modified":"2019-09-26T12:41:26","modified_gmt":"2019-09-26T10:41:26","slug":"kumppanuus-styroks-leikkuri-suomeen","status":"publish","type":"page","link":"https:\/\/hotwiresystems.com\/fi\/kumppanuus-styroks-leikkuri-suomeen\/","title":{"rendered":"Kumppanuus | J\u00e4lleenmyyjien verkosto Suomeen"},"content":{"rendered":"<div class=\"wpb-content-wrapper\"><p>[vc_row][vc_column][vc_column_text]<\/p>\n<h1><span style=\"font-size: 36pt; color: #808080;\">Kumppanuus<\/span><\/h1>\n<p>[\/vc_column_text][\/vc_column][\/vc_row][vc_row][vc_column][vc_column_text]<\/p>\n<p style=\"text-align: left;\"><span style=\"font-size: 12pt; color: #000000;\"><strong>Hotwire Systems Oy<\/strong> on nuori dynaamisesti kehittyv\u00e4 yritys, mink\u00e4 vuoksi me etsimme aina uusia yhteisty\u00f6kumppaneita ja kaupallisia edustajia.<\/span><\/p>\n<p>[\/vc_column_text][vc_column_text]<\/p>\n<blockquote><p><span style=\"color: #ff6600; font-size: 14pt;\">Etsimme j\u00e4lleenmyyji\u00e4 ja yhteisty\u00f6kumppaneita ymp\u00e4ri <span style=\"color: #808080;\">Suomea&#8230;<\/span><\/span><\/p><\/blockquote>\n<p>[\/vc_column_text][vc_column_text]<\/p>\n<h2 style=\"text-align: left;\"><span style=\"text-decoration: underline; color: #ff6600; font-size: 14pt;\">Mit\u00e4 me voimme tarjota?<\/span><\/h2>\n<ul style=\"list-style-type: circle;\">\n<li style=\"text-align: left;\"><span style=\"font-size: 12pt; color: #000000;\"><strong>Ensinn\u00e4kin &#8211;<\/strong> me tarjoamme laadukkaita toimivia laitteita, jotka edukseen erottuvat muilta markkinoilla olevista rakennusalan ty\u00f6kaluista.<\/span><\/li>\n<li style=\"text-align: left;\"><span style=\"font-size: 12pt; color: #000000;\"><strong>Toiseksi &#8211;<\/strong> me tarjoamme kilpailukkykyiset hinnat <strong>&#8221;+&#8221;<\/strong> yhteisty\u00f6kumppaneille tarkoitetun joustavan alennusj\u00e4rjestelm\u00e4n.<\/span><\/li>\n<li style=\"text-align: left;\"><span style=\"font-size: 12pt; color: #000000;\"><strong>Kolmanneksi &#8211;<\/strong> me tarjoamme joustavat kumppanuusehdot, joista aina sovitaan yksityiskohtaisesti ja tapauskohtaisesti.<\/span><\/li>\n<li style=\"text-align: left;\"><span style=\"font-size: 12pt; color: #000000;\"><strong>Nelj\u00e4nneksi &#8211;\u00a0<\/strong>me aina autamme mielell\u00e4mme! Me tarjoamme teknisen avun, mainoslehtisi\u00e4 ja -esitteit\u00e4, sek\u00e4 konsultointia mm. skypen v\u00e4lityksell\u00e4.<\/span><\/li>\n<li style=\"text-align: left;\"><span style=\"font-size: 12pt; color: #000000;\"><strong>Viides &#8211;\u00a0<\/strong>Nopea ja luotettava toimitus. Meill\u00e4 on sopimus useiden jakeluyhti\u00f6iden kanssa, jotka toimittavat tavaroita ymp\u00e4ri maailmaa. T\u00e4rkeimm\u00e4t yhteisty\u00f6kumppanimme ovat: <a style=\"color: #000000;\" href=\"https:\/\/www.itella.fi\" target=\"_blank\" rel=\"noopener noreferrer\">Itella Logistics,<\/a> <a style=\"color: #000000;\" href=\"https:\/\/www.dpd.fi\" target=\"_blank\" rel=\"noopener noreferrer\">Postnord (DPD)<\/a>, <a style=\"color: #000000;\" href=\"https:\/\/www.posti.fi\" target=\"_blank\" rel=\"noopener noreferrer\">Posti,<\/a>\u00a0<a style=\"color: #000000;\" href=\"https:\/\/www.dhl.fi\" target=\"_blank\" rel=\"noopener noreferrer\">DHL.<\/a><\/span><\/li>\n<\/ul>\n<p>[\/vc_column_text][vc_single_image image=&#8221;7628&#8243; img_size=&#8221;large&#8221; alignment=&#8221;center&#8221;][vc_column_text]<\/p>\n<p style=\"text-align: left;\"><span style=\"font-size: 12pt; color: #000000;\"><strong>Arvoisat asiakkaamme ja mahdolliset yhteisty\u00f6kumppanimme!<\/strong> Me etsimme aina uusia kontakteja, yhteisty\u00f6kumppaneita ja liikeyst\u00e4vi\u00e4 ja otamme mielell\u00e4\u00e4n vastaan teid\u00e4n yhteisty\u00f6tarjouksenne. <\/span><\/p>\n<p style=\"text-align: left;\"><span style=\"font-size: 12pt; color: #000000;\">T\u00e4ytt\u00e4k\u00e4\u00e4 <strong><span style=\"color: #3366ff;\">palautelomake<\/span><\/strong> rohkeasti ja me olemme kanssanne yhteydess\u00e4 <strong>24 tunnin sis\u00e4ll\u00e4!<\/strong><\/span><\/p>\n<p>[\/vc_column_text][vc_column_text]<\/p>\n<h4><span style=\"color: #808080;\"><a style=\"color: #808080;\" href=\"\/?page_id=279\" target=\"_blank\" rel=\"noopener noreferrer\"><span style=\"font-size: 24pt;\">Palautelomake<\/span><\/a><\/span><\/h4>\n<p>[\/vc_column_text][vc_column_text]<\/p>\n<p>[caldera_form id=&#8221;CF5b30d8fadcb24&#8243;]<\/p>\n<p>[\/vc_column_text][vc_column_text]<em><span style=\"font-size: 12pt;\">T\u00e4hdell\u00e4 (*) merkityt kent\u00e4t ovat pakollisia<\/span><\/em>[\/vc_column_text][\/vc_column][\/vc_row][vc_row][vc_column][vc_custom_heading text=&#8221;\u201cYour specialist for insulation cutting systems!\u201d&#8221; font_container=&#8221;tag:h5|font_size:30|text_align:center|color:%23919191|line_height:1&#8243; google_fonts=&#8221;font_family:Pacifico%3Aregular|font_style:400%20regular%3A400%3Anormal&#8221;][\/vc_column][\/vc_row][vc_row][vc_column][vc_separator color=&#8221;orange&#8221;][\/vc_column][\/vc_row][vc_row][vc_column][vc_btn title=&#8221;MEID\u00c4N YHTEYSTIEDOT&#8221; style=&#8221;outline&#8221; shape=&#8221;square&#8221; color=&#8221;blue&#8221; align=&#8221;left&#8221; i_align=&#8221;right&#8221; i_icon_fontawesome=&#8221;fa fa-check-square-o&#8221; add_icon=&#8221;true&#8221; link=&#8221;url:http%3A%2F%2Fkuumtraat.ee%2Ffi%2Fyhteystiedot%2F|title:Ota%20meihin%20yhteytt%C3%A4!|&#8221;][\/vc_column][\/vc_row]<\/p>\n<\/div><!-- AddThis Advanced Settings generic via filter on the_content --><!-- AddThis Share Buttons generic via filter on the_content -->","protected":false},"excerpt":{"rendered":"<p>[vc_row][vc_column][vc_column_text] Kumppanuus [\/vc_column_text][\/vc_column][\/vc_row][vc_row][vc_column][vc_column_text] Hotwire Systems Oy on nuori dynaamisesti kehittyv\u00e4 yritys, mink\u00e4 vuoksi me etsimme aina uusia yhteisty\u00f6kumppaneita ja kaupallisia edustajia. [\/vc_column_text][vc_column_text] Etsimme j\u00e4lleenmyyji\u00e4 ja yhteisty\u00f6kumppaneita ymp\u00e4ri Suomea&#8230; [\/vc_column_text][vc_column_text] Mit\u00e4 me voimme tarjota? Ensinn\u00e4kin &#8211; me tarjoamme laadukkaita toimivia laitteita, jotka edukseen erottuvat muilta markkinoilla olevista rakennusalan ty\u00f6kaluista. Toiseksi &#8211; me tarjoamme kilpailukkykyiset hinnat &#8221;+&#8221; [&hellip;]<!-- AddThis Advanced Settings generic via filter on get_the_excerpt --><!-- AddThis Share Buttons generic via filter on get_the_excerpt --><\/p>\n","protected":false},"author":2,"featured_media":0,"parent":0,"menu_order":0,"comment_status":"closed","ping_status":"closed","template":"","meta":{"footnotes":""},"yoast_head":"<!-- This site is optimized with the Yoast SEO plugin v23.3 - https:\/\/yoast.com\/wordpress\/plugins\/seo\/ -->\n<title>Kumppanuus | Styroks leikkuri j\u00e4lleenmyyjien verkosto Suomeen!<\/title>\n<meta name=\"description\" content=\"Hotwire Systems Oy on nuori dynaamisesti kehittyv\u00e4 yritys, mink\u00e4 vuoksi me etsimme aina uusia kumppanuus ja kaupallisia edustajia.\" \/>\n<meta name=\"robots\" content=\"index, follow, max-snippet:-1, max-image-preview:large, max-video-preview:-1\" \/>\n<link rel=\"canonical\" href=\"https:\/\/hotwiresystems.com\/fi\/kumppanuus-styroks-leikkuri-suomeen\/\" \/>\n<meta property=\"og:locale\" content=\"fi_FI\" \/>\n<meta property=\"og:type\" content=\"article\" \/>\n<meta property=\"og:title\" content=\"Kumppanuus | Styroks leikkuri j\u00e4lleenmyyjien verkosto Suomeen!\" \/>\n<meta property=\"og:description\" content=\"Hotwire Systems Oy on nuori dynaamisesti kehittyv\u00e4 yritys, mink\u00e4 vuoksi me etsimme aina uusia kumppanuus ja kaupallisia edustajia.\" \/>\n<meta property=\"og:url\" content=\"https:\/\/hotwiresystems.com\/fi\/kumppanuus-styroks-leikkuri-suomeen\/\" \/>\n<meta property=\"article:modified_time\" content=\"2019-09-26T10:41:26+00:00\" \/>\n<meta name=\"twitter:label1\" content=\"Arvioitu lukuaika\" \/>\n\t<meta name=\"twitter:data1\" content=\"2 minuuttia\" \/>\n<script type=\"application\/ld+json\" class=\"yoast-schema-graph\">{\"@context\":\"https:\/\/schema.org\",\"@graph\":[{\"@type\":\"WebPage\",\"@id\":\"https:\/\/hotwiresystems.com\/fi\/kumppanuus-styroks-leikkuri-suomeen\/\",\"url\":\"https:\/\/hotwiresystems.com\/fi\/kumppanuus-styroks-leikkuri-suomeen\/\",\"name\":\"Kumppanuus | Styroks leikkuri j\u00e4lleenmyyjien verkosto Suomeen!\",\"isPartOf\":{\"@id\":\"https:\/\/hotwiresystems.com\/et\/#website\"},\"datePublished\":\"2014-04-28T17:51:44+00:00\",\"dateModified\":\"2019-09-26T10:41:26+00:00\",\"description\":\"Hotwire Systems Oy on nuori dynaamisesti kehittyv\u00e4 yritys, mink\u00e4 vuoksi me etsimme aina uusia kumppanuus ja kaupallisia edustajia.\",\"breadcrumb\":{\"@id\":\"https:\/\/hotwiresystems.com\/fi\/kumppanuus-styroks-leikkuri-suomeen\/#breadcrumb\"},\"inLanguage\":\"fi\",\"potentialAction\":[{\"@type\":\"ReadAction\",\"target\":[\"https:\/\/hotwiresystems.com\/fi\/kumppanuus-styroks-leikkuri-suomeen\/\"]}]},{\"@type\":\"BreadcrumbList\",\"@id\":\"https:\/\/hotwiresystems.com\/fi\/kumppanuus-styroks-leikkuri-suomeen\/#breadcrumb\",\"itemListElement\":[{\"@type\":\"ListItem\",\"position\":1,\"name\":\"Home\",\"item\":\"https:\/\/www.hotwiresystems.com\/fi\/\"},{\"@type\":\"ListItem\",\"position\":2,\"name\":\"Kumppanuus | J\u00e4lleenmyyjien verkosto Suomeen\"}]},{\"@type\":\"WebSite\",\"@id\":\"https:\/\/hotwiresystems.com\/et\/#website\",\"url\":\"https:\/\/hotwiresystems.com\/et\/\",\"name\":\"\",\"description\":\"\",\"potentialAction\":[{\"@type\":\"SearchAction\",\"target\":{\"@type\":\"EntryPoint\",\"urlTemplate\":\"https:\/\/hotwiresystems.com\/et\/?s={search_term_string}\"},\"query-input\":\"required name=search_term_string\"}],\"inLanguage\":\"fi\"}]}<\/script>\n<!-- \/ Yoast SEO plugin. -->","yoast_head_json":{"title":"Kumppanuus | Styroks leikkuri j\u00e4lleenmyyjien verkosto Suomeen!","description":"Hotwire Systems Oy on nuori dynaamisesti kehittyv\u00e4 yritys, mink\u00e4 vuoksi me etsimme aina uusia kumppanuus ja kaupallisia edustajia.","robots":{"index":"index","follow":"follow","max-snippet":"max-snippet:-1","max-image-preview":"max-image-preview:large","max-video-preview":"max-video-preview:-1"},"canonical":"https:\/\/hotwiresystems.com\/fi\/kumppanuus-styroks-leikkuri-suomeen\/","og_locale":"fi_FI","og_type":"article","og_title":"Kumppanuus | Styroks leikkuri j\u00e4lleenmyyjien verkosto Suomeen!","og_description":"Hotwire Systems Oy on nuori dynaamisesti kehittyv\u00e4 yritys, mink\u00e4 vuoksi me etsimme aina uusia kumppanuus ja kaupallisia edustajia.","og_url":"https:\/\/hotwiresystems.com\/fi\/kumppanuus-styroks-leikkuri-suomeen\/","article_modified_time":"2019-09-26T10:41:26+00:00","twitter_misc":{"Arvioitu lukuaika":"2 minuuttia"},"schema":{"@context":"https:\/\/schema.org","@graph":[{"@type":"WebPage","@id":"https:\/\/hotwiresystems.com\/fi\/kumppanuus-styroks-leikkuri-suomeen\/","url":"https:\/\/hotwiresystems.com\/fi\/kumppanuus-styroks-leikkuri-suomeen\/","name":"Kumppanuus | Styroks leikkuri j\u00e4lleenmyyjien verkosto Suomeen!","isPartOf":{"@id":"https:\/\/hotwiresystems.com\/et\/#website"},"datePublished":"2014-04-28T17:51:44+00:00","dateModified":"2019-09-26T10:41:26+00:00","description":"Hotwire Systems Oy on nuori dynaamisesti kehittyv\u00e4 yritys, mink\u00e4 vuoksi me etsimme aina uusia kumppanuus ja kaupallisia edustajia.","breadcrumb":{"@id":"https:\/\/hotwiresystems.com\/fi\/kumppanuus-styroks-leikkuri-suomeen\/#breadcrumb"},"inLanguage":"fi","potentialAction":[{"@type":"ReadAction","target":["https:\/\/hotwiresystems.com\/fi\/kumppanuus-styroks-leikkuri-suomeen\/"]}]},{"@type":"BreadcrumbList","@id":"https:\/\/hotwiresystems.com\/fi\/kumppanuus-styroks-leikkuri-suomeen\/#breadcrumb","itemListElement":[{"@type":"ListItem","position":1,"name":"Home","item":"https:\/\/www.hotwiresystems.com\/fi\/"},{"@type":"ListItem","position":2,"name":"Kumppanuus | J\u00e4lleenmyyjien verkosto Suomeen"}]},{"@type":"WebSite","@id":"https:\/\/hotwiresystems.com\/et\/#website","url":"https:\/\/hotwiresystems.com\/et\/","name":"","description":"","potentialAction":[{"@type":"SearchAction","target":{"@type":"EntryPoint","urlTemplate":"https:\/\/hotwiresystems.com\/et\/?s={search_term_string}"},"query-input":"required name=search_term_string"}],"inLanguage":"fi"}]}},"_links":{"self":[{"href":"https:\/\/hotwiresystems.com\/fi\/wp-json\/wp\/v2\/pages\/1869"}],"collection":[{"href":"https:\/\/hotwiresystems.com\/fi\/wp-json\/wp\/v2\/pages"}],"about":[{"href":"https:\/\/hotwiresystems.com\/fi\/wp-json\/wp\/v2\/types\/page"}],"author":[{"embeddable":true,"href":"https:\/\/hotwiresystems.com\/fi\/wp-json\/wp\/v2\/users\/2"}],"replies":[{"embeddable":true,"href":"https:\/\/hotwiresystems.com\/fi\/wp-json\/wp\/v2\/comments?post=1869"}],"version-history":[{"count":5,"href":"https:\/\/hotwiresystems.com\/fi\/wp-json\/wp\/v2\/pages\/1869\/revisions"}],"predecessor-version":[{"id":13018,"href":"https:\/\/hotwiresystems.com\/fi\/wp-json\/wp\/v2\/pages\/1869\/revisions\/13018"}],"wp:attachment":[{"href":"https:\/\/hotwiresystems.com\/fi\/wp-json\/wp\/v2\/media?parent=1869"}],"curies":[{"name":"wp","href":"https:\/\/api.w.org\/{rel}","templated":true}]}}