{"id":1634,"date":"2014-03-04T22:50:05","date_gmt":"2014-03-04T20:50:05","guid":{"rendered":"http:\/\/kuumtraat.ee\/?page_id=1634"},"modified":"2025-08-13T23:11:25","modified_gmt":"2025-08-13T21:11:25","slug":"laitteiden-toimitus","status":"publish","type":"page","link":"https:\/\/hotwiresystems.com\/fi\/laitteiden-toimitus\/","title":{"rendered":"Toimitus Suomeen | EPS vaahto leikkuri nopea Toimitus!"},"content":{"rendered":"<div class=\"wpb-content-wrapper\"><p>[vc_row][vc_column][vc_column_text]<\/p>\n<h1><span style=\"color: #808080;\"><span style=\"font-size: 36pt;\">LAITTEISTON TOIMITUS<\/span><\/span><\/h1>\n<p>[\/vc_column_text][\/vc_column][\/vc_row][vc_row][vc_column][vc_column_text]<\/p>\n<div class=\"wpb_text_column wpb_content_element \">\n<div class=\"wpb_wrapper\">\n<blockquote>\n<p style=\"text-align: left;\"><span style=\"font-size: 18pt; color: #ff6600;\">Nopea ja luotettava toimitus\u00a0Suomeen<\/span><\/p>\n<\/blockquote>\n<\/div>\n<\/div>\n<p style=\"text-align: left;\"><span style=\"font-size: 12pt; color: #000000;\">Tilausten toimitusajat vaihtelevat eri maiden v\u00e4lill\u00e4, riippuen kuinka tehokkaasti paikalliset toimitus- ja postiorganisaatiot toimivat. T\u00e4st\u00e4 huolimatta, keskim\u00e4\u00e4r\u00e4inen toimitusaika <strong>Euroopan<\/strong> maissa on <strong>2-16 ty\u00f6p\u00e4iv\u00e4\u00e4<\/strong>. Me mahdollistamme laitteiston toimituksen niin yksityisille, kuin my\u00f6s juridisille tahoille.<\/span><\/p>\n<p>[\/vc_column_text][vc_column_text css=&#8221;&#8221;]<\/p>\n<h2 style=\"text-align: left;\"><span style=\"color: #3366ff; font-size: 24pt;\"><span style=\"color: #808080;\">L\u00c4HETYS JA TOIMITUS<\/span> SUOMEEN<\/span><\/h2>\n<p style=\"text-align: left;\"><span style=\"font-size: 12pt;\">Toimitus Suomessa seuraavilla tavoilla:<\/span><\/p>\n<ul>\n<li style=\"text-align: left;\">\n<h3><a href=\"https:\/\/www.dpd.com\" target=\"_blank\" rel=\"noopener noreferrer\">DPD\u00a0Classic,<\/a><\/h3>\n<\/li>\n<li>\n<h3 style=\"text-align: left;\"><a href=\"https:\/\/www.posti.fi\" target=\"_blank\" rel=\"noopener noreferrer\">SmartPosti pakettiautomaatti.<\/a><\/h3>\n<\/li>\n<\/ul>\n<p>[\/vc_column_text][vc_separator color=&#8221;orange&#8221;][vc_column_text]<\/p>\n<h2 class=\"wpb_text_column wpb_content_element \"><span style=\"font-size: 24pt; color: #808080;\">Itella SmartPost Pakettiautomaatti<\/span><\/h2>\n<p>[\/vc_column_text][vc_row_inner][vc_column_inner width=&#8221;2\/3&#8243;][vc_column_text]<\/p>\n<p class=\"wpb_text_column wpb_content_element \" style=\"text-align: left;\"><span style=\"font-size: 12pt; color: #000000;\">Tuotteet l\u00e4hetet\u00e4\u00e4n yleens\u00e4 2 p\u00e4iv\u00e4n kuluessa siit\u00e4, kun suoritus n\u00e4kyy tilill\u00e4mme.\u00a0Toimitusaika <strong>Suomeen<\/strong> ja <strong>Ruotsiin<\/strong> on keskim\u00e4\u00e4rin <strong>2-5 p\u00e4iv\u00e4\u00e4<\/strong>. Me hy\u00f6dynn\u00e4mme <a style=\"color: #000000;\" href=\"https:\/\/www.smartpost.fi\/\" target=\"_blank\" rel=\"noopener noreferrer\"><strong>Itella SmartPostin\u00a0Postin pakettiautomaatti<\/strong> <\/a>l\u00e4hetysterminaaleja k\u00e4sik\u00e4ytt\u00f6isten laitteiden jakelussa <strong>Styro-Cut<\/strong> styrox leikkuri.<\/span><\/p>\n<p>[\/vc_column_text][\/vc_column_inner][vc_column_inner width=&#8221;1\/3&#8243;][vc_single_image image=&#8221;7621&#8243; img_size=&#8221;large&#8221; alignment=&#8221;center&#8221;][\/vc_column_inner][\/vc_row_inner][vc_btn title=&#8221;L\u00c4HIN PAKETTIAUTOMAATTI&#8221; style=&#8221;outline&#8221; shape=&#8221;square&#8221; color=&#8221;blue&#8221; align=&#8221;center&#8221; i_align=&#8221;right&#8221; i_icon_fontawesome=&#8221;&#8221; css=&#8221;&#8221; add_icon=&#8221;true&#8221; link=&#8221;url:https%3A%2F%2Fwww.smartposti.ee%2Fen|target:_blank&#8221;][\/vc_column][\/vc_row][vc_row][vc_column][vc_separator color=&#8221;orange&#8221;][\/vc_column][\/vc_row][vc_row][vc_column][vc_column_text]<\/p>\n<div class=\"wpb_text_column wpb_content_element \">\n<div class=\"wpb_wrapper\">\n<div class=\"wpb_text_column wpb_content_element \">\n<div class=\"wpb_wrapper\">\n<h2 style=\"text-align: left;\"><span style=\"font-size: 24pt; color: #808080;\"><a style=\"color: #808080;\" href=\"https:\/\/www.dpd.fi\" target=\"_blank\" rel=\"noopener noreferrer\">DPD CLASSIC<\/a><\/span><\/h2>\n<p style=\"text-align: left;\"><span style=\"font-size: 12pt; color: #000000;\">Kuljetusaika 1-3 ty\u00f6p\u00e4iv\u00e4\u00e4. Paketin suurin sallittu paino on 31,5 kg\/0,126 cbm. DPD Classic kuljetusaika on oletettava, mutta ei taattu. <\/span><\/p>\n<p style=\"text-align: left;\"><span style=\"font-size: 12pt; color: #000000;\">Tilaukset yli 31,5 kg\/0,126 cbm vaativat lis\u00e4maksua. L\u00e4hetyksen toimitetaan purkupaikalle, ja asiakkaan on varmistettava, ett\u00e4 l\u00e4hetyksen purkaminen on mahdollista ilmoitetussa osoitteessa. Kuriirilla ei ole velvollisuutta soittaa etuk\u00e4teen.<\/span><\/p>\n<p style=\"text-align: left;\"><span style=\"color: #000000; font-size: 12pt;\">Huomionarvoista on, ett\u00e4 l\u00e4hetysten hinta lasketaan erikseen jokaisen konkreettisen tilauksen yhteydess\u00e4 ja riippuu silloin tarjolla olevista jakelupalveluista, tuotteen saatavuudesta ja tilauskohteesta.<\/span><\/p>\n<\/div>\n<\/div>\n<\/div>\n<\/div>\n<p>[\/vc_column_text][vc_single_image image=&#8221;7626&#8243; img_size=&#8221;large&#8221; alignment=&#8221;center&#8221;][vc_column_text]<\/p>\n<div class=\"wpb_text_column wpb_content_element \">\n<div class=\"wpb_wrapper\">\n<div class=\"wpb_text_column wpb_content_element \">\n<div class=\"wpb_wrapper\">\n<p style=\"text-align: left;\"><span style=\"font-size: 12pt; color: #000000;\">J\u00e4rjest\u00e4mme laitteistoimme <strong>toimituksen maailmanlaajuisesti!<\/strong> K\u00e4yt\u00e4mme seuraavien kuljetusyhti\u00f6iden palveluita: <a style=\"color: #000000;\" href=\"https:\/\/www.dpd.fi\/\">DPD<\/a>, <a style=\"color: #000000;\" href=\"https:\/\/www.omniva.ee\/eng\" target=\"_blank\" rel=\"noopener noreferrer\">Omniva<\/a>,\u00a0<a style=\"color: #000000;\" href=\"https:\/\/www.dhl.fi\/\" target=\"_blank\" rel=\"noopener noreferrer\">DHL,<\/a>\u00a0<a style=\"color: #000000;\" href=\"https:\/\/www.ups.com\/\" target=\"_blank\" rel=\"noopener noreferrer\">UPS.<\/a><\/span><\/p>\n<\/div>\n<\/div>\n<\/div>\n<\/div>\n<p>[\/vc_column_text][\/vc_column][\/vc_row][vc_row][vc_column][vc_separator color=&#8221;orange&#8221;][\/vc_column][\/vc_row][vc_row][vc_column][vc_btn title=&#8221;MEID\u00c4N YHTEYSTIEDOT&#8221; style=&#8221;outline&#8221; shape=&#8221;square&#8221; color=&#8221;blue&#8221; align=&#8221;left&#8221; i_align=&#8221;right&#8221; i_icon_fontawesome=&#8221;&#8221; css=&#8221;&#8221; add_icon=&#8221;true&#8221; link=&#8221;url:https%3A%2F%2Fhotwiresystems.com%2Ffi%2Fyhteystiedot%2F|title:Ota%20meihin%20yhteytt%C3%A4!&#8221;][\/vc_column][\/vc_row]<\/p>\n<\/div><!-- AddThis Advanced Settings generic via filter on the_content --><!-- AddThis Share Buttons generic via filter on the_content -->","protected":false},"excerpt":{"rendered":"<p>[vc_row][vc_column][vc_column_text] LAITTEISTON TOIMITUS [\/vc_column_text][\/vc_column][\/vc_row][vc_row][vc_column][vc_column_text] Nopea ja luotettava toimitus\u00a0Suomeen Tilausten toimitusajat vaihtelevat eri maiden v\u00e4lill\u00e4, riippuen kuinka tehokkaasti paikalliset toimitus- ja postiorganisaatiot toimivat. T\u00e4st\u00e4 huolimatta, keskim\u00e4\u00e4r\u00e4inen toimitusaika Euroopan maissa on 2-16 ty\u00f6p\u00e4iv\u00e4\u00e4. Me mahdollistamme laitteiston toimituksen niin yksityisille, kuin my\u00f6s juridisille tahoille. [\/vc_column_text][vc_column_text css=&#8221;&#8221;] L\u00c4HETYS JA TOIMITUS SUOMEEN Toimitus Suomessa seuraavilla tavoilla: DPD\u00a0Classic, SmartPosti pakettiautomaatti. [\/vc_column_text][vc_separator [&hellip;]<!-- AddThis Advanced Settings generic via filter on get_the_excerpt --><!-- AddThis Share Buttons generic via filter on get_the_excerpt --><\/p>\n","protected":false},"author":2,"featured_media":16320,"parent":0,"menu_order":0,"comment_status":"closed","ping_status":"closed","template":"","meta":{"footnotes":""},"yoast_head":"<!-- This site is optimized with the Yoast SEO plugin v23.3 - https:\/\/yoast.com\/wordpress\/plugins\/seo\/ -->\n<title>Toimitus Suomeen | EPS vaahto &quot;styroksi&quot; leikkuri nopea toimitus!<\/title>\n<meta name=\"description\" content=\"Toimitus Suomessa seuraavilla tavoilla\u00a0DPD, SmartPosti pakettiautomaatti. SmartPostin toimitus ilmainen. Suomeen on keskim\u00e4\u00e4rin 1-3 p\u00e4iv\u00e4\u00e4.\" \/>\n<meta name=\"robots\" content=\"index, follow, max-snippet:-1, max-image-preview:large, max-video-preview:-1\" \/>\n<link rel=\"canonical\" href=\"https:\/\/www.hotwiresystems.com\/fi\/laitteiden-toimitus\/\" \/>\n<meta property=\"og:locale\" content=\"fi_FI\" \/>\n<meta property=\"og:type\" content=\"article\" \/>\n<meta property=\"og:title\" content=\"Toimitus Suomeen | EPS vaahto &quot;styroksi&quot; leikkuri nopea toimitus!\" \/>\n<meta property=\"og:description\" content=\"Toimitus Suomessa seuraavilla tavoilla\u00a0DPD, SmartPosti pakettiautomaatti. SmartPostin toimitus ilmainen. Suomeen on keskim\u00e4\u00e4rin 1-3 p\u00e4iv\u00e4\u00e4.\" \/>\n<meta property=\"og:url\" content=\"https:\/\/www.hotwiresystems.com\/fi\/laitteiden-toimitus\/\" \/>\n<meta property=\"article:modified_time\" content=\"2025-08-13T21:11:25+00:00\" \/>\n<meta property=\"og:image\" content=\"https:\/\/hotwiresystems.com\/wp-content\/uploads\/2025\/07\/Vahtpolustureeni-loikur-HWS-Cutter-13.jpg\" \/>\n\t<meta property=\"og:image:width\" content=\"600\" \/>\n\t<meta property=\"og:image:height\" content=\"600\" \/>\n\t<meta property=\"og:image:type\" content=\"image\/jpeg\" \/>\n<meta name=\"twitter:label1\" content=\"Arvioitu lukuaika\" \/>\n\t<meta name=\"twitter:data1\" content=\"2 minuuttia\" \/>\n<script type=\"application\/ld+json\" class=\"yoast-schema-graph\">{\"@context\":\"https:\/\/schema.org\",\"@graph\":[{\"@type\":\"WebPage\",\"@id\":\"https:\/\/www.hotwiresystems.com\/fi\/laitteiden-toimitus\/\",\"url\":\"https:\/\/www.hotwiresystems.com\/fi\/laitteiden-toimitus\/\",\"name\":\"Toimitus Suomeen | EPS vaahto \\\"styroksi\\\" leikkuri nopea toimitus!\",\"isPartOf\":{\"@id\":\"https:\/\/hotwiresystems.com\/#website\"},\"primaryImageOfPage\":{\"@id\":\"https:\/\/www.hotwiresystems.com\/fi\/laitteiden-toimitus\/#primaryimage\"},\"image\":{\"@id\":\"https:\/\/www.hotwiresystems.com\/fi\/laitteiden-toimitus\/#primaryimage\"},\"thumbnailUrl\":\"https:\/\/hotwiresystems.com\/wp-content\/uploads\/2025\/07\/Vahtpolustureeni-loikur-HWS-Cutter-13.jpg\",\"datePublished\":\"2014-03-04T20:50:05+00:00\",\"dateModified\":\"2025-08-13T21:11:25+00:00\",\"description\":\"Toimitus Suomessa seuraavilla tavoilla\u00a0DPD, SmartPosti pakettiautomaatti. SmartPostin toimitus ilmainen. Suomeen on keskim\u00e4\u00e4rin 1-3 p\u00e4iv\u00e4\u00e4.\",\"breadcrumb\":{\"@id\":\"https:\/\/www.hotwiresystems.com\/fi\/laitteiden-toimitus\/#breadcrumb\"},\"inLanguage\":\"fi\",\"potentialAction\":[{\"@type\":\"ReadAction\",\"target\":[\"https:\/\/www.hotwiresystems.com\/fi\/laitteiden-toimitus\/\"]}]},{\"@type\":\"ImageObject\",\"inLanguage\":\"fi\",\"@id\":\"https:\/\/www.hotwiresystems.com\/fi\/laitteiden-toimitus\/#primaryimage\",\"url\":\"https:\/\/hotwiresystems.com\/wp-content\/uploads\/2025\/07\/Vahtpolustureeni-loikur-HWS-Cutter-13.jpg\",\"contentUrl\":\"https:\/\/hotwiresystems.com\/wp-content\/uploads\/2025\/07\/Vahtpolustureeni-loikur-HWS-Cutter-13.jpg\",\"width\":600,\"height\":600,\"caption\":\"Vahtpol\u00fcst\u00fcreeni l\u00f5ikur HWS-Cutter!\"},{\"@type\":\"BreadcrumbList\",\"@id\":\"https:\/\/www.hotwiresystems.com\/fi\/laitteiden-toimitus\/#breadcrumb\",\"itemListElement\":[{\"@type\":\"ListItem\",\"position\":1,\"name\":\"Home\",\"item\":\"https:\/\/hotwiresystems.com\/fi\/\"},{\"@type\":\"ListItem\",\"position\":2,\"name\":\"Toimitus Suomeen | EPS vaahto leikkuri nopea Toimitus!\"}]},{\"@type\":\"WebSite\",\"@id\":\"https:\/\/hotwiresystems.com\/#website\",\"url\":\"https:\/\/hotwiresystems.com\/\",\"name\":\"\",\"description\":\"\",\"potentialAction\":[{\"@type\":\"SearchAction\",\"target\":{\"@type\":\"EntryPoint\",\"urlTemplate\":\"https:\/\/hotwiresystems.com\/?s={search_term_string}\"},\"query-input\":\"required name=search_term_string\"}],\"inLanguage\":\"fi\"}]}<\/script>\n<!-- \/ Yoast SEO plugin. -->","yoast_head_json":{"title":"Toimitus Suomeen | EPS vaahto \"styroksi\" leikkuri nopea toimitus!","description":"Toimitus Suomessa seuraavilla tavoilla\u00a0DPD, SmartPosti pakettiautomaatti. SmartPostin toimitus ilmainen. Suomeen on keskim\u00e4\u00e4rin 1-3 p\u00e4iv\u00e4\u00e4.","robots":{"index":"index","follow":"follow","max-snippet":"max-snippet:-1","max-image-preview":"max-image-preview:large","max-video-preview":"max-video-preview:-1"},"canonical":"https:\/\/www.hotwiresystems.com\/fi\/laitteiden-toimitus\/","og_locale":"fi_FI","og_type":"article","og_title":"Toimitus Suomeen | EPS vaahto \"styroksi\" leikkuri nopea toimitus!","og_description":"Toimitus Suomessa seuraavilla tavoilla\u00a0DPD, SmartPosti pakettiautomaatti. SmartPostin toimitus ilmainen. Suomeen on keskim\u00e4\u00e4rin 1-3 p\u00e4iv\u00e4\u00e4.","og_url":"https:\/\/www.hotwiresystems.com\/fi\/laitteiden-toimitus\/","article_modified_time":"2025-08-13T21:11:25+00:00","og_image":[{"width":600,"height":600,"url":"https:\/\/hotwiresystems.com\/wp-content\/uploads\/2025\/07\/Vahtpolustureeni-loikur-HWS-Cutter-13.jpg","type":"image\/jpeg"}],"twitter_misc":{"Arvioitu lukuaika":"2 minuuttia"},"schema":{"@context":"https:\/\/schema.org","@graph":[{"@type":"WebPage","@id":"https:\/\/www.hotwiresystems.com\/fi\/laitteiden-toimitus\/","url":"https:\/\/www.hotwiresystems.com\/fi\/laitteiden-toimitus\/","name":"Toimitus Suomeen | EPS vaahto \"styroksi\" leikkuri nopea toimitus!","isPartOf":{"@id":"https:\/\/hotwiresystems.com\/#website"},"primaryImageOfPage":{"@id":"https:\/\/www.hotwiresystems.com\/fi\/laitteiden-toimitus\/#primaryimage"},"image":{"@id":"https:\/\/www.hotwiresystems.com\/fi\/laitteiden-toimitus\/#primaryimage"},"thumbnailUrl":"https:\/\/hotwiresystems.com\/wp-content\/uploads\/2025\/07\/Vahtpolustureeni-loikur-HWS-Cutter-13.jpg","datePublished":"2014-03-04T20:50:05+00:00","dateModified":"2025-08-13T21:11:25+00:00","description":"Toimitus Suomessa seuraavilla tavoilla\u00a0DPD, SmartPosti pakettiautomaatti. SmartPostin toimitus ilmainen. Suomeen on keskim\u00e4\u00e4rin 1-3 p\u00e4iv\u00e4\u00e4.","breadcrumb":{"@id":"https:\/\/www.hotwiresystems.com\/fi\/laitteiden-toimitus\/#breadcrumb"},"inLanguage":"fi","potentialAction":[{"@type":"ReadAction","target":["https:\/\/www.hotwiresystems.com\/fi\/laitteiden-toimitus\/"]}]},{"@type":"ImageObject","inLanguage":"fi","@id":"https:\/\/www.hotwiresystems.com\/fi\/laitteiden-toimitus\/#primaryimage","url":"https:\/\/hotwiresystems.com\/wp-content\/uploads\/2025\/07\/Vahtpolustureeni-loikur-HWS-Cutter-13.jpg","contentUrl":"https:\/\/hotwiresystems.com\/wp-content\/uploads\/2025\/07\/Vahtpolustureeni-loikur-HWS-Cutter-13.jpg","width":600,"height":600,"caption":"Vahtpol\u00fcst\u00fcreeni l\u00f5ikur HWS-Cutter!"},{"@type":"BreadcrumbList","@id":"https:\/\/www.hotwiresystems.com\/fi\/laitteiden-toimitus\/#breadcrumb","itemListElement":[{"@type":"ListItem","position":1,"name":"Home","item":"https:\/\/hotwiresystems.com\/fi\/"},{"@type":"ListItem","position":2,"name":"Toimitus Suomeen | EPS vaahto leikkuri nopea Toimitus!"}]},{"@type":"WebSite","@id":"https:\/\/hotwiresystems.com\/#website","url":"https:\/\/hotwiresystems.com\/","name":"","description":"","potentialAction":[{"@type":"SearchAction","target":{"@type":"EntryPoint","urlTemplate":"https:\/\/hotwiresystems.com\/?s={search_term_string}"},"query-input":"required name=search_term_string"}],"inLanguage":"fi"}]}},"_links":{"self":[{"href":"https:\/\/hotwiresystems.com\/fi\/wp-json\/wp\/v2\/pages\/1634"}],"collection":[{"href":"https:\/\/hotwiresystems.com\/fi\/wp-json\/wp\/v2\/pages"}],"about":[{"href":"https:\/\/hotwiresystems.com\/fi\/wp-json\/wp\/v2\/types\/page"}],"author":[{"embeddable":true,"href":"https:\/\/hotwiresystems.com\/fi\/wp-json\/wp\/v2\/users\/2"}],"replies":[{"embeddable":true,"href":"https:\/\/hotwiresystems.com\/fi\/wp-json\/wp\/v2\/comments?post=1634"}],"version-history":[{"count":5,"href":"https:\/\/hotwiresystems.com\/fi\/wp-json\/wp\/v2\/pages\/1634\/revisions"}],"predecessor-version":[{"id":16804,"href":"https:\/\/hotwiresystems.com\/fi\/wp-json\/wp\/v2\/pages\/1634\/revisions\/16804"}],"wp:featuredmedia":[{"embeddable":true,"href":"https:\/\/hotwiresystems.com\/fi\/wp-json\/wp\/v2\/media\/16320"}],"wp:attachment":[{"href":"https:\/\/hotwiresystems.com\/fi\/wp-json\/wp\/v2\/media?parent=1634"}],"curies":[{"name":"wp","href":"https:\/\/api.w.org\/{rel}","templated":true}]}}