{"id":978,"date":"2014-02-09T21:42:13","date_gmt":"2014-02-09T19:42:13","guid":{"rendered":"http:\/\/kuumtraat.ee\/?page_id=978"},"modified":"2020-04-02T10:14:30","modified_gmt":"2020-04-02T08:14:30","slug":"tellingute-aksessuaar-armeerimisvorgu-dosaator-hws","status":"publish","type":"page","link":"https:\/\/hotwiresystems.com\/et\/tellingute-aksessuaar-armeerimisvorgu-dosaator-hws\/","title":{"rendered":"Tellingute aksessuaar | Armeerimisv\u00f5rgu dosaator HWS"},"content":{"rendered":"<div class=\"wpb-content-wrapper\"><p>[vc_row][vc_column][vc_column_text]<\/p>\n<h1><span style=\"color: #808080;\"><span style=\"font-size: 36pt;\">Armeerimisv\u00f5rgu DOSAATOR<\/span><\/span><\/h1>\n<p>[\/vc_column_text][\/vc_column][\/vc_row][vc_row][vc_column][vc_column_text]<\/p>\n<blockquote><p><span style=\"font-size: 18pt; color: #ff6600;\">V\u00f5imas tellingute aksessuaar!<\/span><\/p><\/blockquote>\n<p>[\/vc_column_text][vc_column_text]<\/p>\n<p style=\"text-align: justify;\"><span style=\"font-size: 12pt; color: #000000;\">Teate kindlasti seda probleemi: armeerimisv\u00f5rk asub tellingutel ja veel kusagil teel, segab t\u00f6\u00f6tamist ja alati tuleb j\u00e4lgida, et ta ei tuleks tellingutelt maha. Armeerimisv\u00f5rgu l\u00f5ikamine, m\u00f5\u00f5tmine ja liimimine on kunstiline meistrit\u00f6\u00f6 ja selleks, et teie armeerimisv\u00f5rk \u00a0oleks alati \u00fches kohas ja seda rulli oleks mugav kasutada, pakume Teile selline abivahend nagu Armeerimisv\u00f5rgu dosaator HWS. Armeerimisv\u00f5rgu dosaator HWS on loodud spetsiaalselt tellingute jaoks, kuid seda v\u00f5ib kasutada ka lauaseadme juures. Armeerimisv\u00f5rgu dosaator HWS on valmistatud terasest, v\u00e4rvitud pulberv\u00e4rviga.<\/span><\/p>\n<p>[\/vc_column_text][\/vc_column][\/vc_row][vc_row][vc_column][vc_column_text]<\/p>\n<h1><span style=\"color: #ff6600; font-size: 18pt;\"><span style=\"color: #808080;\">Armeerimisv\u00f5rgu dosaator<\/span> HWS<\/span><\/h1>\n<ul style=\"list-style-type: circle;\">\n<li>\n<h3><span style=\"font-size: 14pt; color: #000000;\">Art. nr.: WD-89000<\/span><\/h3>\n<\/li>\n<\/ul>\n<p>[\/vc_column_text][\/vc_column][\/vc_row][vc_row][vc_column width=&#8221;1\/2&#8243;][vc_single_image image=&#8221;6073&#8243; img_size=&#8221;large&#8221; alignment=&#8221;center&#8221; onclick=&#8221;img_link_large&#8221;][\/vc_column][vc_column width=&#8221;1\/2&#8243;][vc_single_image image=&#8221;6072&#8243; img_size=&#8221;large&#8221; alignment=&#8221;center&#8221; onclick=&#8221;img_link_large&#8221;][\/vc_column][\/vc_row][vc_row][vc_column][vc_separator color=&#8221;orange&#8221;][\/vc_column][\/vc_row][vc_row][vc_column][vc_column_text]<\/p>\n<h1><span style=\"font-size: 36pt; color: #808080;\">SAADA P\u00c4RING<\/span><\/h1>\n<p>[\/vc_column_text][\/vc_column][\/vc_row][vc_row][vc_column][vc_tta_accordion style=&#8221;modern&#8221; shape=&#8221;square&#8221; color=&#8221;orange&#8221; gap=&#8221;3&#8243; c_icon=&#8221;chevron&#8221; c_position=&#8221;right&#8221; active_section=&#8221;1&#8243;][vc_tta_section i_icon_fontawesome=&#8221;fa fa-list&#8221; add_icon=&#8221;true&#8221; title=&#8221;SAADA P\u00c4RING&#8221; tab_id=&#8221;5a5872b1-2990-cl&#8221;][vc_column_text]<\/p>\n<p>[caldera_form id=&#8221;CF5b30d3207a39b&#8221;]<\/p>\n<p>[\/vc_column_text][\/vc_tta_section][vc_tta_section i_icon_fontawesome=&#8221;fa fa-truck&#8221; add_icon=&#8221;true&#8221; title=&#8221;KOHALETOIMETAMINE&#8221; tab_id=&#8221;ed5a01bc-a2ce-cl&#8221;][vc_column_text]<\/p>\n<h1 style=\"text-align: justify;\"><span style=\"font-size: 36pt; color: #808080;\">KOHALETOIMETAMINE<\/span><\/h1>\n<blockquote><p><span style=\"font-size: 18pt; color: #ff6600;\">Saadame l\u00f5ikeseadmed \u00fcle terve Eesti<\/span><\/p><\/blockquote>\n<p style=\"text-align: justify;\"><span style=\"font-size: 12pt; color: #000000;\">Asume Tallinnas kuid saadame pakke mujalegi Eestisse ja kasutame selleks transpordifirma DPD uksest-ukseni teenuseid, CargoBus teenuseid, Itella SmartPost pakiautomaadid ja Omniva\u00a0pakiautomaadid. Samuti saadame pakke Euroopa Liidu liikmesriikidesse. Transpordi maksumus lisatakse tellimusele ja m\u00e4rgitakse ka kliendile esitatud arvel. Juhul, kui tegemist on suuregabariidilise kaubaga, siis transpordi hind lepitakse kokku eraldi.\u00a0Orienteeruv kohalej\u00f5udmise aeg on 1-3 t\u00f6\u00f6p\u00e4eva, kui kaup on kohe laos olemas, ja 3-10 t\u00f6\u00f6p\u00e4eva, kui kaupa laos ei ole.<\/span><\/p>\n<p>[\/vc_column_text][vc_btn title=&#8221;VAATA L\u00c4HEMALT&#8221; style=&#8221;outline&#8221; shape=&#8221;square&#8221; color=&#8221;orange&#8221; align=&#8221;right&#8221; i_align=&#8221;right&#8221; i_icon_fontawesome=&#8221;fa fa-truck&#8221; add_icon=&#8221;true&#8221; link=&#8221;url:http%3A%2F%2Fkuumtraat.ee%2Fpenoplasti-loikurite-kohaletoimetamine%2F|title:Kohaletoimetamine|&#8221;][\/vc_tta_section][\/vc_tta_accordion][\/vc_column][\/vc_row][vc_row][vc_column][vc_custom_heading text=&#8221;\u201cYour specialist for insulation cutting systems!\u201d&#8221; font_container=&#8221;tag:h5|font_size:30|text_align:center|color:%23919191|line_height:1&#8243; google_fonts=&#8221;font_family:Pacifico%3Aregular|font_style:400%20regular%3A400%3Anormal&#8221;][\/vc_column][\/vc_row][vc_row][vc_column][vc_separator color=&#8221;orange&#8221;][\/vc_column][\/vc_row][vc_row][vc_column][vc_btn title=&#8221;MEIE KONTAKTID&#8221; style=&#8221;outline&#8221; shape=&#8221;square&#8221; color=&#8221;blue&#8221; align=&#8221;left&#8221; i_align=&#8221;right&#8221; i_icon_fontawesome=&#8221;fa fa-check-square-o&#8221; add_icon=&#8221;true&#8221; link=&#8221;url:http%3A%2F%2Fkuumtraat.ee%2Fkontakt%2F|title:V%C3%B5tke%20meiega%20%C3%BChendust!|&#8221;][\/vc_column][\/vc_row]<\/p>\n<\/div><!-- AddThis Advanced Settings generic via filter on the_content --><!-- AddThis Share Buttons generic via filter on the_content -->","protected":false},"excerpt":{"rendered":"<p>[vc_row][vc_column][vc_column_text] Armeerimisv\u00f5rgu DOSAATOR [\/vc_column_text][\/vc_column][\/vc_row][vc_row][vc_column][vc_column_text] V\u00f5imas tellingute aksessuaar! [\/vc_column_text][vc_column_text] Teate kindlasti seda probleemi: armeerimisv\u00f5rk asub tellingutel ja veel kusagil teel, segab t\u00f6\u00f6tamist ja alati tuleb j\u00e4lgida, et ta ei tuleks tellingutelt maha. Armeerimisv\u00f5rgu l\u00f5ikamine, m\u00f5\u00f5tmine ja liimimine on kunstiline meistrit\u00f6\u00f6 ja selleks, et teie armeerimisv\u00f5rk \u00a0oleks alati \u00fches kohas ja seda rulli oleks mugav kasutada, pakume [&hellip;]<!-- AddThis Advanced Settings generic via filter on get_the_excerpt --><!-- AddThis Share Buttons generic via filter on get_the_excerpt --><\/p>\n","protected":false},"author":2,"featured_media":0,"parent":0,"menu_order":0,"comment_status":"closed","ping_status":"closed","template":"","meta":{"footnotes":""},"yoast_head":"<!-- This site is optimized with the Yoast SEO plugin v23.3 - https:\/\/yoast.com\/wordpress\/plugins\/seo\/ -->\n<title>Tellingute aksessuaar | Armeerimisv\u00f5rgu dosaator HWS -<\/title>\n<meta name=\"description\" content=\"Armeerimisv\u00f5rgu l\u00f5ikamine, m\u00f5\u00f5tmine on kunstiline meistrit\u00f6\u00f6 ja selleks, et teie armeerimisv\u00f5rk oleks alati \u00fches kohas pakume Armeerimisv\u00f5rgu dosaatorit HWS\" \/>\n<meta name=\"robots\" content=\"index, follow, max-snippet:-1, max-image-preview:large, max-video-preview:-1\" \/>\n<link rel=\"canonical\" href=\"https:\/\/hotwiresystems.com\/et\/tellingute-aksessuaar-armeerimisvorgu-dosaator-hws\/\" \/>\n<meta property=\"og:locale\" content=\"et_EE\" \/>\n<meta property=\"og:type\" content=\"article\" \/>\n<meta property=\"og:title\" content=\"Tellingute aksessuaar | Armeerimisv\u00f5rgu dosaator HWS -\" \/>\n<meta property=\"og:description\" content=\"Armeerimisv\u00f5rgu l\u00f5ikamine, m\u00f5\u00f5tmine on kunstiline meistrit\u00f6\u00f6 ja selleks, et teie armeerimisv\u00f5rk oleks alati \u00fches kohas pakume Armeerimisv\u00f5rgu dosaatorit HWS\" \/>\n<meta property=\"og:url\" content=\"https:\/\/hotwiresystems.com\/et\/tellingute-aksessuaar-armeerimisvorgu-dosaator-hws\/\" \/>\n<meta property=\"article:modified_time\" content=\"2020-04-02T08:14:30+00:00\" \/>\n<meta name=\"twitter:label1\" content=\"Est. reading time\" \/>\n\t<meta name=\"twitter:data1\" content=\"3 minutes\" \/>\n<script type=\"application\/ld+json\" class=\"yoast-schema-graph\">{\"@context\":\"https:\/\/schema.org\",\"@graph\":[{\"@type\":\"WebPage\",\"@id\":\"https:\/\/hotwiresystems.com\/et\/tellingute-aksessuaar-armeerimisvorgu-dosaator-hws\/\",\"url\":\"https:\/\/hotwiresystems.com\/et\/tellingute-aksessuaar-armeerimisvorgu-dosaator-hws\/\",\"name\":\"Tellingute aksessuaar | Armeerimisv\u00f5rgu dosaator HWS -\",\"isPartOf\":{\"@id\":\"https:\/\/hotwiresystems.com\/#website\"},\"datePublished\":\"2014-02-09T19:42:13+00:00\",\"dateModified\":\"2020-04-02T08:14:30+00:00\",\"description\":\"Armeerimisv\u00f5rgu l\u00f5ikamine, m\u00f5\u00f5tmine on kunstiline meistrit\u00f6\u00f6 ja selleks, et teie armeerimisv\u00f5rk oleks alati \u00fches kohas pakume Armeerimisv\u00f5rgu dosaatorit HWS\",\"breadcrumb\":{\"@id\":\"https:\/\/hotwiresystems.com\/et\/tellingute-aksessuaar-armeerimisvorgu-dosaator-hws\/#breadcrumb\"},\"inLanguage\":\"et-EE\",\"potentialAction\":[{\"@type\":\"ReadAction\",\"target\":[\"https:\/\/hotwiresystems.com\/et\/tellingute-aksessuaar-armeerimisvorgu-dosaator-hws\/\"]}]},{\"@type\":\"BreadcrumbList\",\"@id\":\"https:\/\/hotwiresystems.com\/et\/tellingute-aksessuaar-armeerimisvorgu-dosaator-hws\/#breadcrumb\",\"itemListElement\":[{\"@type\":\"ListItem\",\"position\":1,\"name\":\"Home\",\"item\":\"https:\/\/www.hotwiresystems.com\/et\/\"},{\"@type\":\"ListItem\",\"position\":2,\"name\":\"Tellingute aksessuaar | Armeerimisv\u00f5rgu dosaator HWS\"}]},{\"@type\":\"WebSite\",\"@id\":\"https:\/\/hotwiresystems.com\/#website\",\"url\":\"https:\/\/hotwiresystems.com\/\",\"name\":\"\",\"description\":\"\",\"potentialAction\":[{\"@type\":\"SearchAction\",\"target\":{\"@type\":\"EntryPoint\",\"urlTemplate\":\"https:\/\/hotwiresystems.com\/?s={search_term_string}\"},\"query-input\":\"required name=search_term_string\"}],\"inLanguage\":\"et-EE\"}]}<\/script>\n<!-- \/ Yoast SEO plugin. -->","yoast_head_json":{"title":"Tellingute aksessuaar | Armeerimisv\u00f5rgu dosaator HWS -","description":"Armeerimisv\u00f5rgu l\u00f5ikamine, m\u00f5\u00f5tmine on kunstiline meistrit\u00f6\u00f6 ja selleks, et teie armeerimisv\u00f5rk oleks alati \u00fches kohas pakume Armeerimisv\u00f5rgu dosaatorit HWS","robots":{"index":"index","follow":"follow","max-snippet":"max-snippet:-1","max-image-preview":"max-image-preview:large","max-video-preview":"max-video-preview:-1"},"canonical":"https:\/\/hotwiresystems.com\/et\/tellingute-aksessuaar-armeerimisvorgu-dosaator-hws\/","og_locale":"et_EE","og_type":"article","og_title":"Tellingute aksessuaar | Armeerimisv\u00f5rgu dosaator HWS -","og_description":"Armeerimisv\u00f5rgu l\u00f5ikamine, m\u00f5\u00f5tmine on kunstiline meistrit\u00f6\u00f6 ja selleks, et teie armeerimisv\u00f5rk oleks alati \u00fches kohas pakume Armeerimisv\u00f5rgu dosaatorit HWS","og_url":"https:\/\/hotwiresystems.com\/et\/tellingute-aksessuaar-armeerimisvorgu-dosaator-hws\/","article_modified_time":"2020-04-02T08:14:30+00:00","twitter_misc":{"Est. reading time":"3 minutes"},"schema":{"@context":"https:\/\/schema.org","@graph":[{"@type":"WebPage","@id":"https:\/\/hotwiresystems.com\/et\/tellingute-aksessuaar-armeerimisvorgu-dosaator-hws\/","url":"https:\/\/hotwiresystems.com\/et\/tellingute-aksessuaar-armeerimisvorgu-dosaator-hws\/","name":"Tellingute aksessuaar | Armeerimisv\u00f5rgu dosaator HWS -","isPartOf":{"@id":"https:\/\/hotwiresystems.com\/#website"},"datePublished":"2014-02-09T19:42:13+00:00","dateModified":"2020-04-02T08:14:30+00:00","description":"Armeerimisv\u00f5rgu l\u00f5ikamine, m\u00f5\u00f5tmine on kunstiline meistrit\u00f6\u00f6 ja selleks, et teie armeerimisv\u00f5rk oleks alati \u00fches kohas pakume Armeerimisv\u00f5rgu dosaatorit HWS","breadcrumb":{"@id":"https:\/\/hotwiresystems.com\/et\/tellingute-aksessuaar-armeerimisvorgu-dosaator-hws\/#breadcrumb"},"inLanguage":"et-EE","potentialAction":[{"@type":"ReadAction","target":["https:\/\/hotwiresystems.com\/et\/tellingute-aksessuaar-armeerimisvorgu-dosaator-hws\/"]}]},{"@type":"BreadcrumbList","@id":"https:\/\/hotwiresystems.com\/et\/tellingute-aksessuaar-armeerimisvorgu-dosaator-hws\/#breadcrumb","itemListElement":[{"@type":"ListItem","position":1,"name":"Home","item":"https:\/\/www.hotwiresystems.com\/et\/"},{"@type":"ListItem","position":2,"name":"Tellingute aksessuaar | Armeerimisv\u00f5rgu dosaator HWS"}]},{"@type":"WebSite","@id":"https:\/\/hotwiresystems.com\/#website","url":"https:\/\/hotwiresystems.com\/","name":"","description":"","potentialAction":[{"@type":"SearchAction","target":{"@type":"EntryPoint","urlTemplate":"https:\/\/hotwiresystems.com\/?s={search_term_string}"},"query-input":"required name=search_term_string"}],"inLanguage":"et-EE"}]}},"_links":{"self":[{"href":"https:\/\/hotwiresystems.com\/et\/wp-json\/wp\/v2\/pages\/978"}],"collection":[{"href":"https:\/\/hotwiresystems.com\/et\/wp-json\/wp\/v2\/pages"}],"about":[{"href":"https:\/\/hotwiresystems.com\/et\/wp-json\/wp\/v2\/types\/page"}],"author":[{"embeddable":true,"href":"https:\/\/hotwiresystems.com\/et\/wp-json\/wp\/v2\/users\/2"}],"replies":[{"embeddable":true,"href":"https:\/\/hotwiresystems.com\/et\/wp-json\/wp\/v2\/comments?post=978"}],"version-history":[{"count":5,"href":"https:\/\/hotwiresystems.com\/et\/wp-json\/wp\/v2\/pages\/978\/revisions"}],"predecessor-version":[{"id":14045,"href":"https:\/\/hotwiresystems.com\/et\/wp-json\/wp\/v2\/pages\/978\/revisions\/14045"}],"wp:attachment":[{"href":"https:\/\/hotwiresystems.com\/et\/wp-json\/wp\/v2\/media?parent=978"}],"curies":[{"name":"wp","href":"https:\/\/api.w.org\/{rel}","templated":true}]}}