{"id":953,"date":"2014-02-09T20:50:59","date_gmt":"2014-02-09T18:50:59","guid":{"rendered":"http:\/\/kuumtraat.ee\/?page_id=953"},"modified":"2020-04-02T10:15:15","modified_gmt":"2020-04-02T08:15:15","slug":"tellingute-aksessuaar-tellingu-poordlaud-hws","status":"publish","type":"page","link":"https:\/\/hotwiresystems.com\/et\/tellingute-aksessuaar-tellingu-poordlaud-hws\/","title":{"rendered":"Tellingute aksessuaar | Tellingu p\u00f6\u00f6rdlaud HWS"},"content":{"rendered":"<div class=\"wpb-content-wrapper\"><p>[vc_row][vc_column][vc_column_text]<\/p>\n<h1><span style=\"color: #808080;\"><span style=\"font-size: 36pt;\">TELLINGU\u00a0P\u00d6\u00d6RDLAUD HWS<\/span><\/span><\/h1>\n<p>[\/vc_column_text][\/vc_column][\/vc_row][vc_row][vc_column][vc_column_text]<\/p>\n<blockquote><p><span style=\"color: #ff6600; font-size: 18pt;\">V\u00f5imas tellingute aksessuaar!<\/span><\/p><\/blockquote>\n<p>[\/vc_column_text][vc_column_text]<\/p>\n<p style=\"text-align: justify;\"><span style=\"font-size: 12pt; color: #000000;\">Kas Teil on see olukord tuttav? Te seisate tellingutel ja soovite suurt penoplasti plaate liimimiseks ette valmistada. Te hoiate \u00fche k\u00e4ega EPS plaati ja teisega panete liimisegu. Ja kolmanda k\u00e4ega tahate p\u00f6\u00f6rata penoplasti, et j\u00f5uda teisele k\u00fcljele&#8230;Oh, kuid Teil ei ole kolmandat k\u00e4tt? Selle jaoks on meil lahendus: p\u00f6\u00f6ratav tellingu laud. Selle abil on v\u00f5imalik lihtsalt soovitud t\u00f6\u00f6positsiooni paigaldada.\u00a0T\u00f6\u00f6asend on alati teie silmade ees, ilma et peaksite pead kallutama ja end painutama. P\u00e4rast liimisegu kandmist penoplastile, v\u00f5tke plaat ja kinnitage seinale.\u00a0Te m\u00e4rkate kiiresti, et meie tellingu p\u00f6\u00f6rdlaud on suur aja kui ka raha s\u00e4\u00e4stja.<\/span><\/p>\n<p>[\/vc_column_text][\/vc_column][\/vc_row][vc_row][vc_column][vc_column_text]<\/p>\n<h1><span style=\"color: #808080; font-size: 18pt;\">Tellingu p\u00f6\u00f6rdlaud <span style=\"color: #ff6600;\">HWS<\/span><\/span><\/h1>\n<ul style=\"list-style-type: circle;\">\n<li>\n<h3><span style=\"font-size: 14pt; color: #000000;\">Art. nr.: WD-15356<\/span><\/h3>\n<\/li>\n<\/ul>\n<p>[\/vc_column_text][\/vc_column][\/vc_row][vc_row][vc_column width=&#8221;1\/3&#8243;][vc_single_image image=&#8221;4165&#8243; img_size=&#8221;large&#8221; alignment=&#8221;center&#8221; style=&#8221;vc_box_shadow_3d&#8221; onclick=&#8221;img_link_large&#8221;][\/vc_column][vc_column width=&#8221;1\/3&#8243;][vc_single_image image=&#8221;4163&#8243; img_size=&#8221;large&#8221; alignment=&#8221;center&#8221; style=&#8221;vc_box_shadow_3d&#8221; onclick=&#8221;img_link_large&#8221;][\/vc_column][vc_column width=&#8221;1\/3&#8243;][vc_single_image image=&#8221;4164&#8243; img_size=&#8221;large&#8221; alignment=&#8221;center&#8221; style=&#8221;vc_box_shadow_3d&#8221; onclick=&#8221;img_link_large&#8221;][\/vc_column][\/vc_row][vc_row][vc_column][vc_separator color=&#8221;orange&#8221;][\/vc_column][\/vc_row][vc_row][vc_column][vc_column_text]<\/p>\n<h1><span style=\"font-size: 36pt; color: #808080;\">SAADA P\u00c4RING<\/span><\/h1>\n<p>[\/vc_column_text][\/vc_column][\/vc_row][vc_row][vc_column][vc_tta_accordion style=&#8221;modern&#8221; shape=&#8221;square&#8221; color=&#8221;orange&#8221; gap=&#8221;3&#8243; c_icon=&#8221;chevron&#8221; c_position=&#8221;right&#8221; active_section=&#8221;1&#8243;][vc_tta_section i_icon_fontawesome=&#8221;fa fa-list&#8221; add_icon=&#8221;true&#8221; title=&#8221;SAADA P\u00c4RING&#8221; tab_id=&#8221;fd3ce79e-0b70-cl&#8221;][vc_column_text]<\/p>\n<p>[caldera_form id=&#8221;CF5b30d3207a39b&#8221;]<\/p>\n<p>[\/vc_column_text][\/vc_tta_section][vc_tta_section i_icon_fontawesome=&#8221;fa fa-truck&#8221; add_icon=&#8221;true&#8221; title=&#8221;KOHALETOIMETAMINE&#8221; tab_id=&#8221;72a62a1d-cf79-cl&#8221;][vc_column_text]<\/p>\n<h1><span style=\"color: #808080; font-size: 36pt;\">KOHALETOIMETAMINE<\/span><\/h1>\n<blockquote><p><span style=\"font-size: 18pt; color: #ff6600;\">Saadame l\u00f5ikeseadmed \u00fcle terve Eesti<\/span><\/p><\/blockquote>\n<p style=\"text-align: justify;\"><span style=\"color: #000000; font-size: 12pt;\">Asume Tallinnas kuid saadame pakke mujalegi Eestisse ja kasutame selleks transpordifirma DPD uksest-ukseni teenuseid, CargoBus teenuseid, Itella SmartPost pakiautomaadid ja Omniva pakiautomaadid. Samuti saadame pakke Euroopa Liidu liikmesriikidesse. Transpordi maksumus lisatakse tellimusele ja m\u00e4rgitakse ka kliendile esitatud arvel. Juhul, kui tegemist on suuregabariidilise kaubaga, siis transpordi hind lepitakse kokku eraldi.\u00a0Orienteeruv kohalej\u00f5udmise aeg on 1-3 t\u00f6\u00f6p\u00e4eva, kui kaup on kohe laos olemas, ja 3-10 t\u00f6\u00f6p\u00e4eva, kui kaupa laos ei ole.<\/span><\/p>\n<p>[\/vc_column_text][vc_btn title=&#8221;VAATA L\u00c4HEMALT&#8221; style=&#8221;outline&#8221; shape=&#8221;square&#8221; color=&#8221;orange&#8221; align=&#8221;right&#8221; i_align=&#8221;right&#8221; i_icon_fontawesome=&#8221;fa fa-truck&#8221; add_icon=&#8221;true&#8221; link=&#8221;url:http%3A%2F%2Fkuumtraat.ee%2Fpenoplasti-loikurite-kohaletoimetamine%2F|title:Kohaletoimetamine|&#8221;][\/vc_tta_section][\/vc_tta_accordion][\/vc_column][\/vc_row][vc_row][vc_column][vc_custom_heading text=&#8221;\u201cYour specialist for insulation cutting systems!\u201d&#8221; font_container=&#8221;tag:h5|font_size:30|text_align:center|color:%23919191|line_height:1&#8243; google_fonts=&#8221;font_family:Pacifico%3Aregular|font_style:400%20regular%3A400%3Anormal&#8221;][\/vc_column][\/vc_row][vc_row][vc_column][vc_separator color=&#8221;orange&#8221;][\/vc_column][\/vc_row][vc_row][vc_column][vc_btn title=&#8221;MEIE KONTAKTID&#8221; style=&#8221;outline&#8221; shape=&#8221;square&#8221; color=&#8221;blue&#8221; align=&#8221;left&#8221; i_align=&#8221;right&#8221; i_icon_fontawesome=&#8221;fa fa-check-square-o&#8221; add_icon=&#8221;true&#8221; link=&#8221;url:http%3A%2F%2Fkuumtraat.ee%2Fkontakt%2F|title:V%C3%B5tke%20meiega%20%C3%BChendust!|&#8221;][\/vc_column][\/vc_row]<\/p>\n<\/div><!-- AddThis Advanced Settings generic via filter on the_content --><!-- AddThis Share Buttons generic via filter on the_content -->","protected":false},"excerpt":{"rendered":"<p>[vc_row][vc_column][vc_column_text] TELLINGU\u00a0P\u00d6\u00d6RDLAUD HWS [\/vc_column_text][\/vc_column][\/vc_row][vc_row][vc_column][vc_column_text] V\u00f5imas tellingute aksessuaar! [\/vc_column_text][vc_column_text] Kas Teil on see olukord tuttav? Te seisate tellingutel ja soovite suurt penoplasti plaate liimimiseks ette valmistada. Te hoiate \u00fche k\u00e4ega EPS plaati ja teisega panete liimisegu. Ja kolmanda k\u00e4ega tahate p\u00f6\u00f6rata penoplasti, et j\u00f5uda teisele k\u00fcljele&#8230;Oh, kuid Teil ei ole kolmandat k\u00e4tt? Selle jaoks on meil [&hellip;]<!-- AddThis Advanced Settings generic via filter on get_the_excerpt --><!-- AddThis Share Buttons generic via filter on get_the_excerpt --><\/p>\n","protected":false},"author":2,"featured_media":0,"parent":0,"menu_order":0,"comment_status":"closed","ping_status":"closed","template":"","meta":{"footnotes":""},"yoast_head":"<!-- This site is optimized with the Yoast SEO plugin v23.3 - https:\/\/yoast.com\/wordpress\/plugins\/seo\/ -->\n<title>Tellingute aksessuaar | Tellingu p\u00f6\u00f6rdlaud HWS -<\/title>\n<meta name=\"description\" content=\"V\u00f5imas tellingute aksessuaar - Tellingu p\u00f6\u00f6rdlauaga saate penoplasti plaate seinale liimimiseks ette valmistada m\u00f5ni sekundiga.\" \/>\n<meta name=\"robots\" content=\"index, follow, max-snippet:-1, max-image-preview:large, max-video-preview:-1\" \/>\n<link rel=\"canonical\" href=\"https:\/\/www.hotwiresystems.com\/et\/tellingute-aksessuaar-tellingu-poordlaud-hws\/\" \/>\n<meta property=\"og:locale\" content=\"et_EE\" \/>\n<meta property=\"og:type\" content=\"article\" \/>\n<meta property=\"og:title\" content=\"Tellingute aksessuaar | Tellingu p\u00f6\u00f6rdlaud HWS -\" \/>\n<meta property=\"og:description\" content=\"V\u00f5imas tellingute aksessuaar - Tellingu p\u00f6\u00f6rdlauaga saate penoplasti plaate seinale liimimiseks ette valmistada m\u00f5ni sekundiga.\" \/>\n<meta property=\"og:url\" content=\"https:\/\/www.hotwiresystems.com\/et\/tellingute-aksessuaar-tellingu-poordlaud-hws\/\" \/>\n<meta property=\"article:modified_time\" content=\"2020-04-02T08:15:15+00:00\" \/>\n<meta name=\"twitter:label1\" content=\"Est. reading time\" \/>\n\t<meta name=\"twitter:data1\" content=\"3 minutes\" \/>\n<script type=\"application\/ld+json\" class=\"yoast-schema-graph\">{\"@context\":\"https:\/\/schema.org\",\"@graph\":[{\"@type\":\"WebPage\",\"@id\":\"https:\/\/www.hotwiresystems.com\/et\/tellingute-aksessuaar-tellingu-poordlaud-hws\/\",\"url\":\"https:\/\/www.hotwiresystems.com\/et\/tellingute-aksessuaar-tellingu-poordlaud-hws\/\",\"name\":\"Tellingute aksessuaar | Tellingu p\u00f6\u00f6rdlaud HWS -\",\"isPartOf\":{\"@id\":\"https:\/\/hotwiresystems.com\/#website\"},\"datePublished\":\"2014-02-09T18:50:59+00:00\",\"dateModified\":\"2020-04-02T08:15:15+00:00\",\"description\":\"V\u00f5imas tellingute aksessuaar - Tellingu p\u00f6\u00f6rdlauaga saate penoplasti plaate seinale liimimiseks ette valmistada m\u00f5ni sekundiga.\",\"breadcrumb\":{\"@id\":\"https:\/\/www.hotwiresystems.com\/et\/tellingute-aksessuaar-tellingu-poordlaud-hws\/#breadcrumb\"},\"inLanguage\":\"et-EE\",\"potentialAction\":[{\"@type\":\"ReadAction\",\"target\":[\"https:\/\/www.hotwiresystems.com\/et\/tellingute-aksessuaar-tellingu-poordlaud-hws\/\"]}]},{\"@type\":\"BreadcrumbList\",\"@id\":\"https:\/\/www.hotwiresystems.com\/et\/tellingute-aksessuaar-tellingu-poordlaud-hws\/#breadcrumb\",\"itemListElement\":[{\"@type\":\"ListItem\",\"position\":1,\"name\":\"Home\",\"item\":\"https:\/\/www.hotwiresystems.com\/et\/\"},{\"@type\":\"ListItem\",\"position\":2,\"name\":\"Tellingute aksessuaar | Tellingu p\u00f6\u00f6rdlaud HWS\"}]},{\"@type\":\"WebSite\",\"@id\":\"https:\/\/hotwiresystems.com\/#website\",\"url\":\"https:\/\/hotwiresystems.com\/\",\"name\":\"\",\"description\":\"\",\"potentialAction\":[{\"@type\":\"SearchAction\",\"target\":{\"@type\":\"EntryPoint\",\"urlTemplate\":\"https:\/\/hotwiresystems.com\/?s={search_term_string}\"},\"query-input\":\"required name=search_term_string\"}],\"inLanguage\":\"et-EE\"}]}<\/script>\n<!-- \/ Yoast SEO plugin. -->","yoast_head_json":{"title":"Tellingute aksessuaar | Tellingu p\u00f6\u00f6rdlaud HWS -","description":"V\u00f5imas tellingute aksessuaar - Tellingu p\u00f6\u00f6rdlauaga saate penoplasti plaate seinale liimimiseks ette valmistada m\u00f5ni sekundiga.","robots":{"index":"index","follow":"follow","max-snippet":"max-snippet:-1","max-image-preview":"max-image-preview:large","max-video-preview":"max-video-preview:-1"},"canonical":"https:\/\/www.hotwiresystems.com\/et\/tellingute-aksessuaar-tellingu-poordlaud-hws\/","og_locale":"et_EE","og_type":"article","og_title":"Tellingute aksessuaar | Tellingu p\u00f6\u00f6rdlaud HWS -","og_description":"V\u00f5imas tellingute aksessuaar - Tellingu p\u00f6\u00f6rdlauaga saate penoplasti plaate seinale liimimiseks ette valmistada m\u00f5ni sekundiga.","og_url":"https:\/\/www.hotwiresystems.com\/et\/tellingute-aksessuaar-tellingu-poordlaud-hws\/","article_modified_time":"2020-04-02T08:15:15+00:00","twitter_misc":{"Est. reading time":"3 minutes"},"schema":{"@context":"https:\/\/schema.org","@graph":[{"@type":"WebPage","@id":"https:\/\/www.hotwiresystems.com\/et\/tellingute-aksessuaar-tellingu-poordlaud-hws\/","url":"https:\/\/www.hotwiresystems.com\/et\/tellingute-aksessuaar-tellingu-poordlaud-hws\/","name":"Tellingute aksessuaar | Tellingu p\u00f6\u00f6rdlaud HWS -","isPartOf":{"@id":"https:\/\/hotwiresystems.com\/#website"},"datePublished":"2014-02-09T18:50:59+00:00","dateModified":"2020-04-02T08:15:15+00:00","description":"V\u00f5imas tellingute aksessuaar - Tellingu p\u00f6\u00f6rdlauaga saate penoplasti plaate seinale liimimiseks ette valmistada m\u00f5ni sekundiga.","breadcrumb":{"@id":"https:\/\/www.hotwiresystems.com\/et\/tellingute-aksessuaar-tellingu-poordlaud-hws\/#breadcrumb"},"inLanguage":"et-EE","potentialAction":[{"@type":"ReadAction","target":["https:\/\/www.hotwiresystems.com\/et\/tellingute-aksessuaar-tellingu-poordlaud-hws\/"]}]},{"@type":"BreadcrumbList","@id":"https:\/\/www.hotwiresystems.com\/et\/tellingute-aksessuaar-tellingu-poordlaud-hws\/#breadcrumb","itemListElement":[{"@type":"ListItem","position":1,"name":"Home","item":"https:\/\/www.hotwiresystems.com\/et\/"},{"@type":"ListItem","position":2,"name":"Tellingute aksessuaar | Tellingu p\u00f6\u00f6rdlaud HWS"}]},{"@type":"WebSite","@id":"https:\/\/hotwiresystems.com\/#website","url":"https:\/\/hotwiresystems.com\/","name":"","description":"","potentialAction":[{"@type":"SearchAction","target":{"@type":"EntryPoint","urlTemplate":"https:\/\/hotwiresystems.com\/?s={search_term_string}"},"query-input":"required name=search_term_string"}],"inLanguage":"et-EE"}]}},"_links":{"self":[{"href":"https:\/\/hotwiresystems.com\/et\/wp-json\/wp\/v2\/pages\/953"}],"collection":[{"href":"https:\/\/hotwiresystems.com\/et\/wp-json\/wp\/v2\/pages"}],"about":[{"href":"https:\/\/hotwiresystems.com\/et\/wp-json\/wp\/v2\/types\/page"}],"author":[{"embeddable":true,"href":"https:\/\/hotwiresystems.com\/et\/wp-json\/wp\/v2\/users\/2"}],"replies":[{"embeddable":true,"href":"https:\/\/hotwiresystems.com\/et\/wp-json\/wp\/v2\/comments?post=953"}],"version-history":[{"count":5,"href":"https:\/\/hotwiresystems.com\/et\/wp-json\/wp\/v2\/pages\/953\/revisions"}],"predecessor-version":[{"id":14046,"href":"https:\/\/hotwiresystems.com\/et\/wp-json\/wp\/v2\/pages\/953\/revisions\/14046"}],"wp:attachment":[{"href":"https:\/\/hotwiresystems.com\/et\/wp-json\/wp\/v2\/media?parent=953"}],"curies":[{"name":"wp","href":"https:\/\/api.w.org\/{rel}","templated":true}]}}