{"id":648,"date":"2013-12-01T22:41:59","date_gmt":"2013-12-01T20:41:59","guid":{"rendered":"http:\/\/kuumtraat.ee\/?page_id=648"},"modified":"2025-07-18T15:52:25","modified_gmt":"2025-07-18T13:52:25","slug":"penopolusturooli-loikur-stobra-eco","status":"publish","type":"page","link":"https:\/\/hotwiresystems.com\/et\/penopolusturooli-loikur-stobra-eco\/","title":{"rendered":"Penopol\u00fcst\u00fcrooli l\u00f5ikur ESO-Series!"},"content":{"rendered":"<div class=\"wpb-content-wrapper\"><p>[vc_row][vc_column][vc_column_text css=&#8221;&#8221;]<\/p>\n<h1><span style=\"color: #808080; font-size: 36pt;\">ECO-Series!<\/span><\/h1>\n<p>[\/vc_column_text][\/vc_column][\/vc_row][vc_row][vc_column][vc_column_text]<\/p>\n<blockquote>\n<p style=\"text-align: left;\"><span style=\"font-size: 18pt; color: #ff6600;\">Universaalsus. Kvaliteet. Usaldusv\u00e4\u00e4rsus. . .<\/span><\/p>\n<\/blockquote>\n<p>[\/vc_column_text][vc_column_text]<\/p>\n<p style=\"text-align: left;\"><span style=\"font-size: 12pt; color: #000000;\"><strong>Penopol\u00fcst\u00fcrooli l\u00f5ikur Stobra ECO<\/strong> on professionaalne elektriline t\u00f6\u00f6riist, mis on ette n\u00e4htud kiireks ning t\u00e4pseks vahtplastist\u00a0materjalide (vahtpol\u00fcst\u00fcrool &#8211;\u00a0<a style=\"color: #000000;\" title=\"Mis on EPS? | Vahtpol\u00fcst\u00fcreeni omadused ja kasutusalad\" href=\"\/?page_id=4099\"><strong>EPS<\/strong><\/a> ning ekstrudeeritud pol\u00fcst\u00fcrool &#8211;\u00a0<a style=\"color: #000000;\" title=\"Mis on EPS? | Vahtpol\u00fcst\u00fcreeni omadused ja kasutusalad\" href=\"\/?page_id=4099\"><strong>XPS<\/strong>)<\/a>\u00a0l\u00f5ikamiseks ja t\u00f6\u00f6tlemiseks. Stobra ECO l\u00f5ikur\u00a0saab hakkama praktiliselt k\u00f5ikv\u00f5imalike l\u00f5ikefunktsioonidega (nii t\u00e4isnurga kui ka teiste nurkade all, L-l\u00f5ige, U-l\u00f5ige ja freessoone l\u00f5ige). Lisaks k\u00f5igele on <strong>penopol\u00fcst\u00fcrooli l\u00f5ikur<\/strong> Stobra ECO \u2013\u00a0varustatud mitmete lineaarsete ning nurka m\u00e4\u00e4ravate skaaladega, mis lihtsustavad kiiret ning t\u00e4pset materjali paksuse ning pikkuse markeerimist ning fikseerimist.<\/span><\/p>\n<p>[\/vc_column_text][vc_row_inner][vc_column_inner width=&#8221;1\/2&#8243;][vc_single_image image=&#8221;6020&#8243; img_size=&#8221;large&#8221; alignment=&#8221;center&#8221; onclick=&#8221;img_link_large&#8221;][\/vc_column_inner][vc_column_inner width=&#8221;1\/2&#8243;][vc_single_image image=&#8221;6019&#8243; img_size=&#8221;large&#8221; alignment=&#8221;center&#8221; onclick=&#8221;img_link_large&#8221;][\/vc_column_inner][\/vc_row_inner][vc_column_text]<\/p>\n<p style=\"text-align: left;\"><span style=\"font-size: 12pt; color: #000000;\">Penopol\u00fcst\u00fcrooli l\u00f5ikuri Stobra ECO!\u00a0<strong>standardkomplekt sisaldab:<\/strong>\u00a0l\u00f5ikeseade, lisatraat (\u00fcks on paigaldatud ja \u00fcks on tagavaraks), kasutusjuhend.<\/span><\/p>\n<p>[\/vc_column_text][\/vc_column][\/vc_row][vc_row][vc_column][vc_separator color=&#8221;orange&#8221;][\/vc_column][\/vc_row][vc_row][vc_column][vc_column_text]<\/p>\n<h2><span style=\"font-size: 36pt; color: #808080;\">KIRJELDUS<\/span><\/h2>\n<p>[\/vc_column_text][\/vc_column][\/vc_row][vc_row][vc_column][vc_column_text]<\/p>\n<h2><span style=\"font-size: 18pt; color: #ff6600;\">TOITEPLOKK<\/span><\/h2>\n<p>[\/vc_column_text][vc_row_inner][vc_column_inner width=&#8221;1\/2&#8243;][vc_column_text]<\/p>\n<p style=\"text-align: left;\"><span style=\"font-size: 12pt; color: #000000;\">L\u00f5ikeseadme<strong> toitetrafo<\/strong> on paigaldatud spetsiaalsesse korpusse, mis kaitseb seda tolmu, mustuse ja niiskuse eest. <strong>Toiteplokk<\/strong> on varustatud valgusdiood-indikaatoritega ja sulavkaitsmega, trafo kaitsmiseks \u00fclekoormuse ja l\u00fchise eest. Toiteploki korpusele on paigaldatud <strong>XLR 3-pin<\/strong> kontaktpesa, mis on ette n\u00e4htud l\u00f5ikeseadme \u00fchendamiseks.<\/span><\/p>\n<p>[\/vc_column_text][\/vc_column_inner][vc_column_inner width=&#8221;1\/2&#8243;][vc_single_image image=&#8221;6013&#8243; img_size=&#8221;large&#8221; alignment=&#8221;center&#8221; onclick=&#8221;img_link_large&#8221;][\/vc_column_inner][\/vc_row_inner][\/vc_column][\/vc_row][vc_row][vc_column][vc_column_text]<\/p>\n<h2 style=\"text-align: left;\"><span style=\"color: #ff6600; font-size: 18pt;\">SKAALAD. NURGAD. K\u00d5RGUSE FIKSAATORID ja LUKUSTUSS\u00dcSTEEM<\/span><\/h2>\n<p>[\/vc_column_text][vc_column_text]<\/p>\n<p style=\"text-align: left;\"><span style=\"font-size: 12pt; color: #000000;\">T\u00e4pseks l\u00f5ikamiseks ja markeerimiseks <strong>penopol\u00fcst\u00fcrooli l\u00f5ikur Stobra ECO<\/strong> on\u00a0varustatud mitmete lineaarsete ning nurka m\u00e4\u00e4ravate skaaladega. <strong>Skaalad ja nurgad<\/strong> tagavad materjali t\u00f6\u00f6tlemisel vajaliku t\u00e4psuse. T\u00e4nu l\u00f5ikeseadmel paiknevatele t\u00e4histele puudub vajadus k\u00e4sitsi m\u00f5\u00f5tmiseks ja markeerimiseks. L\u00f5ikeseadme komplektis on spetsiaalne lukustuss\u00fcsteem raami kindlaks fikseerimiseks transportimisel. <strong>Penopol\u00fcst\u00fcrooli l\u00f5ikur<\/strong> Stobra ECO\u00a0on varustatud l\u00f5ikek\u00f5rguse fiksaatoritega, mis v\u00f5imaldavad l\u00f5iketraadi fikseerimist vajalikul k\u00f5rgusel \u2013 pealtn\u00e4ha v\u00e4ike, kuid \u00e4\u00e4rmiselt <strong>oluline komponent<\/strong>\u00a0horisontaall\u00f5igete korral<\/span><\/p>\n<p>[\/vc_column_text][\/vc_column][\/vc_row][vc_row][vc_column width=&#8221;1\/3&#8243;][vc_single_image image=&#8221;6015&#8243; img_size=&#8221;large&#8221; alignment=&#8221;center&#8221; style=&#8221;vc_box_shadow_3d&#8221; onclick=&#8221;img_link_large&#8221;][\/vc_column][vc_column width=&#8221;1\/3&#8243;][vc_single_image image=&#8221;6014&#8243; img_size=&#8221;large&#8221; alignment=&#8221;center&#8221; style=&#8221;vc_box_shadow_3d&#8221; onclick=&#8221;img_link_large&#8221;][\/vc_column][vc_column width=&#8221;1\/3&#8243;][vc_single_image image=&#8221;6016&#8243; img_size=&#8221;large&#8221; alignment=&#8221;center&#8221; style=&#8221;vc_box_shadow_3d&#8221; onclick=&#8221;img_link_large&#8221;][\/vc_column][\/vc_row][vc_row][vc_column][vc_column_text]<\/p>\n<p style=\"text-align: left;\"><span style=\"color: #000000; font-size: 12pt;\"><strong>Penopol\u00fcst\u00fcrooli l\u00f5ikur Stobra ECO<\/strong> baaskomplektis on varustatud kahe tugiliistuga, mis hoiavad ja suunavad t\u00f6\u00f6deldavat vahtplastist <strong>(EPS, XPS)<\/strong> plaadi. Pikkem tugiliist on 55 cm pikk ja varustatud m\u00f5\u00f5teskaalaga ja stopperiga. L\u00fchem tugiliist on 35 cm pikk. Tugiliistud on v\u00f5imalik kasutada vaheldumisi.<\/span><\/p>\n<p>[\/vc_column_text][\/vc_column][\/vc_row][vc_row][vc_column][vc_single_image image=&#8221;6017&#8243; img_size=&#8221;large&#8221; alignment=&#8221;center&#8221; onclick=&#8221;img_link_large&#8221;][\/vc_column][\/vc_row][vc_row][vc_column][vc_separator color=&#8221;orange&#8221;][\/vc_column][\/vc_row][vc_row][vc_column][vc_column_text]<\/p>\n<h2><span style=\"font-size: 36pt; color: #808080;\">LISATARVIKUD<\/span><\/h2>\n<p>[\/vc_column_text][\/vc_column][\/vc_row][vc_row][vc_column][vc_column_text]<\/p>\n<h2><span style=\"font-size: 18pt; color: #ff6600;\">JALGL\u00dcLITI<\/span><\/h2>\n<p>[\/vc_column_text][vc_row_inner][vc_column_inner width=&#8221;1\/2&#8243;][vc_column_text]<\/p>\n<p style=\"text-align: left;\"><span style=\"font-size: 12pt; color: #000000;\">T\u00f6\u00f6 k\u00e4igus ei ole tarvidust hoida <strong>surunuppu k\u00e4sitsi,<\/strong> kuna jalgl\u00fcliti kasutamine j\u00e4tab t\u00f6\u00f6tamisel &#8220;k\u00e4ed vabaks&#8221;, v\u00f5imaldades suunata penopol\u00fcst\u00fcrooli <strong>(EPS, XPS)<\/strong>\u00a0tahvlit kahe k\u00e4ega.\u00a0Jalgl\u00fclitit \u00fchendatakse XLR t\u00f6\u00f6stuslik kiirpistikuga l\u00f5ikuri\u00a0raamiga. Jalgl\u00fcliti korpus on plastikust, NO-kontakt, kaabli pikkus 1,5m.<\/span><\/p>\n<p>[\/vc_column_text][\/vc_column_inner][vc_column_inner width=&#8221;1\/2&#8243;][vc_single_image image=&#8221;6011&#8243; img_size=&#8221;large&#8221; alignment=&#8221;center&#8221; onclick=&#8221;img_link_large&#8221;][\/vc_column_inner][\/vc_row_inner][\/vc_column][\/vc_row][vc_row][vc_column][vc_column_text]<\/p>\n<h2><span style=\"font-size: 18pt; color: #ff6600;\">KANDEKOHVER<\/span><\/h2>\n<p>[\/vc_column_text][vc_single_image image=&#8221;6012&#8243; img_size=&#8221;large&#8221; alignment=&#8221;center&#8221; style=&#8221;vc_box_rounded&#8221; onclick=&#8221;img_link_large&#8221;][\/vc_column][\/vc_row][vc_row][vc_column][vc_separator color=&#8221;orange&#8221;][\/vc_column][\/vc_row][vc_row][vc_column][vc_column_text]<\/p>\n<h2><span style=\"font-size: 36pt; color: #808080;\">L\u00d5IKETRAAT<\/span><\/h2>\n<p>[\/vc_column_text][\/vc_column][\/vc_row][vc_row][vc_column width=&#8221;1\/3&#8243;][vc_single_image image=&#8221;6005&#8243; img_size=&#8221;large&#8221; alignment=&#8221;center&#8221; onclick=&#8221;img_link_large&#8221;][\/vc_column][vc_column width=&#8221;2\/3&#8243;][vc_column_text]<\/p>\n<p style=\"text-align: left;\"><span style=\"font-size: 12pt; color: #000000;\"><strong>Nikroomtraat<\/strong>\u00a0(NiCr) on vahtmaterjali (vahtpol\u00fcst\u00fcreen EPS, XPS) l\u00f5ikeseadmetele optimaalne l\u00f5iketraat mitmel p\u00f5hjusel, kuid eriti seep\u00e4rast, et see on vastupidav v\u00e4ga k\u00f5rgetel temperatuuridel. <strong>Stobra ECO<\/strong> l\u00f5ikuri jaoks kasutame kindla l\u00e4bim\u00f5\u00f5duga nikroomtraati, millel on m\u00f5lemal pool otsast tehtud \u201ckinga kinnitused\u201d. Pakume traadid m\u00fc\u00fcgiks t\u00fckikaupa (1 tk) v\u00f5i suurtes kogustes (1 kit = 10 tk).<\/span><\/p>\n<p>[\/vc_column_text][\/vc_column][\/vc_row][vc_row][vc_column][vc_separator color=&#8221;orange&#8221;][\/vc_column][\/vc_row][vc_row][vc_column][vc_column_text]<\/p>\n<h2><span style=\"color: #808080; font-size: 36pt;\">VIDEO<\/span><\/h2>\n<p>[\/vc_column_text][vc_column_text]<\/p>\n<div style=\"width: 854px;\" class=\"wp-video\"><!--[if lt IE 9]><script>document.createElement('video');<\/script><![endif]-->\n<video class=\"wp-video-shortcode\" id=\"video-648-1\" width=\"854\" height=\"480\" preload=\"metadata\" controls=\"controls\"><source type=\"video\/mp4\" src=\"https:\/\/www.hotwiresystems.com\/wp-content\/uploads\/2015\/08\/Vahtpol\u00fcst\u00fcreeni-l\u00f5ikur-Stobra-ECO.mp4?_=1\" \/><a href=\"https:\/\/www.hotwiresystems.com\/wp-content\/uploads\/2015\/08\/Vahtpol\u00fcst\u00fcreeni-l\u00f5ikur-Stobra-ECO.mp4\">https:\/\/www.hotwiresystems.com\/wp-content\/uploads\/2015\/08\/Vahtpol\u00fcst\u00fcreeni-l\u00f5ikur-Stobra-ECO.mp4<\/a><\/video><\/div>\n<p>[\/vc_column_text][\/vc_column][\/vc_row][vc_row][vc_column][vc_separator color=&#8221;orange&#8221;][\/vc_column][\/vc_row][vc_row][vc_column][vc_column_text]<\/p>\n<h2 style=\"text-align: left;\"><span style=\"font-size: 36pt; color: #808080;\">TEHNILINE INFO<\/span><\/h2>\n<p>[\/vc_column_text][\/vc_column][\/vc_row][vc_row][vc_column][vc_column_text css=&#8221;&#8221;]<\/p>\n<table style=\"width: 638px;\">\n<tbody>\n<tr>\n<td style=\"width: 138px;\"><\/td>\n<td style=\"text-align: center; width: 135px;\">\n<h4><span style=\"color: #ff6600;\">ES01<\/span><\/h4>\n<\/td>\n<td style=\"text-align: center; width: 93px;\">\n<h4><span style=\"color: #ff6600;\">ES02<\/span><\/h4>\n<\/td>\n<td style=\"text-align: center; width: 79px;\" colspan=\"2\">\n<h4><span style=\"color: #ff6600;\">ES04<\/span><\/h4>\n<\/td>\n<\/tr>\n<tr>\n<td style=\"width: 138px;\">\n<h4><span style=\"color: #808080;\">L\u00f5ike pikkus:<\/span><\/h4>\n<\/td>\n<td style=\"text-align: center; width: 135px;\">\n<h4><span style=\"color: #000000;\">1040 mm<\/span><\/h4>\n<\/td>\n<td style=\"text-align: center; width: 93px;\">\n<h4><span style=\"color: #000000;\">1300 mm<\/span><\/h4>\n<\/td>\n<td style=\"text-align: center; width: 79px;\" colspan=\"2\">\n<h4><span style=\"color: #000000;\">1300 mm<\/span><\/h4>\n<\/td>\n<\/tr>\n<tr>\n<td style=\"width: 138px;\">\n<h4><span style=\"color: #808080;\">L\u00f5ike k\u00f5rgus:<\/span><\/h4>\n<\/td>\n<td style=\"text-align: center; width: 135px;\">\n<h4><span style=\"color: #000000;\">250 mm<\/span><\/h4>\n<\/td>\n<td style=\"text-align: center; width: 93px;\">\n<h4><span style=\"color: #000000;\">250\u00a0mm<\/span><\/h4>\n<\/td>\n<td style=\"text-align: center; width: 79px;\" colspan=\"2\">\n<h4><span style=\"color: #000000;\">500 mm<\/span><\/h4>\n<\/td>\n<\/tr>\n<tr>\n<td style=\"width: 138px;\">\n<h4><span style=\"color: #808080;\">Trafo:<\/span><\/h4>\n<\/td>\n<td style=\"text-align: center; width: 135px;\">\n<h4><span style=\"color: #000000;\">230\/24V\/160VA<\/span><\/h4>\n<\/td>\n<td style=\"text-align: center; width: 172px;\" colspan=\"3\">\n<h4><span style=\"color: #000000;\">230\/30V\/200VA<\/span><\/h4>\n<\/td>\n<\/tr>\n<tr>\n<td style=\"width: 138px;\">\n<h4><span style=\"color: #808080;\">Kaal:<\/span><\/h4>\n<\/td>\n<td style=\"text-align: center; width: 135px;\">\n<h4><span style=\"color: #000000;\">14 kg<\/span><\/h4>\n<\/td>\n<td style=\"text-align: center; width: 93px;\">\n<h4><span style=\"color: #000000;\">16 kg<\/span><\/h4>\n<\/td>\n<td style=\"text-align: center; width: 79px;\" colspan=\"2\">\n<h4><span style=\"color: #000000;\">17 kg<\/span><\/h4>\n<\/td>\n<\/tr>\n<tr>\n<td style=\"width: 138px;\">\n<h4><span style=\"color: #808080;\">Konstruktsioon:<\/span><\/h4>\n<\/td>\n<td style=\"text-align: center; width: 307px;\" colspan=\"4\">\n<h4><span style=\"color: #000000;\">Alumiiniumprofiilist lauaalus ja kokkukeevitatud, terasest raam (vibu). V\u00e4rvitud.<\/span><\/h4>\n<\/td>\n<\/tr>\n<tr>\n<td style=\"width: 138px;\">\n<h4><span style=\"color: #808080;\">Art. #:<\/span><\/h4>\n<\/td>\n<td style=\"text-align: center; width: 135px;\">\n<h4><span style=\"color: #000000;\">HWS-ECO1<\/span><\/h4>\n<\/td>\n<td style=\"text-align: center; width: 93px;\">\n<h4><span style=\"color: #000000;\">HWS-ECO2<\/span><\/h4>\n<\/td>\n<td style=\"text-align: center; width: 79px;\" colspan=\"2\">\n<h4><span style=\"color: #000000;\">HWS-ECO4<\/span><\/h4>\n<\/td>\n<\/tr>\n<tr>\n<td style=\"width: 138px;\">\n<h4><span style=\"color: #808080;\">Lisa traat:<\/span><\/h4>\n<\/td>\n<td style=\"text-align: center; width: 135px;\">\n<h4><span style=\"color: #000000;\">HWS-ECO10<\/span><\/h4>\n<\/td>\n<td style=\"text-align: center; width: 94px;\" colspan=\"2\">\n<h4><span style=\"color: #000000;\">HWS-ECO240<\/span><\/h4>\n<\/td>\n<td style=\"text-align: center; width: 78px;\">\n<h4><span style=\"color: #000000;\">HWS-ECO240<\/span><\/h4>\n<\/td>\n<\/tr>\n<tr>\n<td style=\"width: 138px;\">\n<h4><span style=\"color: #808080;\">Jalgl\u00fcliti:<\/span><\/h4>\n<\/td>\n<td style=\"text-align: center; width: 135px;\">\n<h4><span style=\"color: #000000;\">X<\/span><\/h4>\n<\/td>\n<td style=\"text-align: center; width: 94px;\" colspan=\"2\">\n<h4><span style=\"color: #000000;\">HWS-ECO101<\/span><\/h4>\n<\/td>\n<td style=\"text-align: center; width: 78px;\">\n<h4><span style=\"color: #000000;\">HWS-ECO101<\/span><\/h4>\n<\/td>\n<\/tr>\n<tr>\n<td style=\"width: 138px;\">\n<h4><span style=\"color: #808080;\">Laoseis:<\/span><\/h4>\n<\/td>\n<td style=\"text-align: center; width: 135px;\">\n<h4><span style=\"color: #0000ff;\">Tarne: al. 14p.<\/span><\/h4>\n<\/td>\n<td style=\"text-align: center; width: 93px;\">\n<h4><span style=\"color: #0000ff;\">Tarne: al.14p<\/span><\/h4>\n<\/td>\n<td style=\"text-align: center; width: 79px;\" colspan=\"2\">\n<h4><span style=\"color: #0000ff;\">Tarne: al.14p<\/span><\/h4>\n<\/td>\n<\/tr>\n<\/tbody>\n<\/table>\n<p>[\/vc_column_text][\/vc_column][\/vc_row][vc_row][vc_column][vc_separator color=&#8221;orange&#8221;][\/vc_column][\/vc_row][vc_row][vc_column][vc_btn title=&#8221;MEIE KONTAKTID&#8221; style=&#8221;outline&#8221; shape=&#8221;square&#8221; color=&#8221;blue&#8221; align=&#8221;left&#8221; i_align=&#8221;right&#8221; i_icon_fontawesome=&#8221;&#8221; css=&#8221;&#8221; add_icon=&#8221;true&#8221; link=&#8221;url:https%3A%2F%2Fhotwiresystems.com%2Fet%2Fkontakt%2F|title:V%C3%B5tke%20meiega%20%C3%BChendust!&#8221;][\/vc_column][\/vc_row]<\/p>\n<\/div><!-- AddThis Advanced Settings generic via filter on the_content --><!-- AddThis Share Buttons generic via filter on the_content -->","protected":false},"excerpt":{"rendered":"<p>[vc_row][vc_column][vc_column_text css=&#8221;&#8221;] ECO-Series! [\/vc_column_text][\/vc_column][\/vc_row][vc_row][vc_column][vc_column_text] Universaalsus. Kvaliteet. Usaldusv\u00e4\u00e4rsus. . . [\/vc_column_text][vc_column_text] Penopol\u00fcst\u00fcrooli l\u00f5ikur Stobra ECO on professionaalne elektriline t\u00f6\u00f6riist, mis on ette n\u00e4htud kiireks ning t\u00e4pseks vahtplastist\u00a0materjalide (vahtpol\u00fcst\u00fcrool &#8211;\u00a0EPS ning ekstrudeeritud pol\u00fcst\u00fcrool &#8211;\u00a0XPS)\u00a0l\u00f5ikamiseks ja t\u00f6\u00f6tlemiseks. Stobra ECO l\u00f5ikur\u00a0saab hakkama praktiliselt k\u00f5ikv\u00f5imalike l\u00f5ikefunktsioonidega (nii t\u00e4isnurga kui ka teiste nurkade all, L-l\u00f5ige, U-l\u00f5ige ja freessoone l\u00f5ige). Lisaks k\u00f5igele [&hellip;]<!-- AddThis Advanced Settings generic via filter on get_the_excerpt --><!-- AddThis Share Buttons generic via filter on get_the_excerpt --><\/p>\n","protected":false},"author":2,"featured_media":0,"parent":0,"menu_order":0,"comment_status":"closed","ping_status":"closed","template":"","meta":{"footnotes":""},"yoast_head":"<!-- This site is optimized with the Yoast SEO plugin v23.3 - https:\/\/yoast.com\/wordpress\/plugins\/seo\/ -->\n<title>Penopol\u00fcst\u00fcrooli l\u00f5ikur ESO-Series!<\/title>\n<meta name=\"description\" content=\"Penopol\u00fcst\u00fcrooli l\u00f5ikur ECO-Series! on elektriline t\u00f6\u00f6riist vahtpol\u00fcst\u00fcroolist materjalide (EPS, XPS) l\u00f5ikamiseks ja t\u00f6\u00f6tlemiseks.\" \/>\n<meta name=\"robots\" content=\"index, follow, max-snippet:-1, max-image-preview:large, max-video-preview:-1\" \/>\n<link rel=\"canonical\" href=\"https:\/\/hotwiresystems.com\/et\/penopolusturooli-loikur-stobra-eco\/\" \/>\n<meta property=\"og:locale\" content=\"et_EE\" \/>\n<meta property=\"og:type\" content=\"article\" \/>\n<meta property=\"og:title\" content=\"Penopol\u00fcst\u00fcrooli l\u00f5ikur ESO-Series!\" \/>\n<meta property=\"og:description\" content=\"Penopol\u00fcst\u00fcrooli l\u00f5ikur ECO-Series! on elektriline t\u00f6\u00f6riist vahtpol\u00fcst\u00fcroolist materjalide (EPS, XPS) l\u00f5ikamiseks ja t\u00f6\u00f6tlemiseks.\" \/>\n<meta property=\"og:url\" content=\"https:\/\/hotwiresystems.com\/et\/penopolusturooli-loikur-stobra-eco\/\" \/>\n<meta property=\"article:modified_time\" content=\"2025-07-18T13:52:25+00:00\" \/>\n<meta name=\"twitter:label1\" content=\"Est. reading time\" \/>\n\t<meta name=\"twitter:data1\" content=\"5 minutes\" \/>\n<script type=\"application\/ld+json\" class=\"yoast-schema-graph\">{\"@context\":\"https:\/\/schema.org\",\"@graph\":[{\"@type\":\"WebPage\",\"@id\":\"https:\/\/hotwiresystems.com\/et\/penopolusturooli-loikur-stobra-eco\/\",\"url\":\"https:\/\/hotwiresystems.com\/et\/penopolusturooli-loikur-stobra-eco\/\",\"name\":\"Penopol\u00fcst\u00fcrooli l\u00f5ikur ESO-Series!\",\"isPartOf\":{\"@id\":\"https:\/\/www.hotwiresystems.com\/es\/#website\"},\"datePublished\":\"2013-12-01T20:41:59+00:00\",\"dateModified\":\"2025-07-18T13:52:25+00:00\",\"description\":\"Penopol\u00fcst\u00fcrooli l\u00f5ikur ECO-Series! on elektriline t\u00f6\u00f6riist vahtpol\u00fcst\u00fcroolist materjalide (EPS, XPS) l\u00f5ikamiseks ja t\u00f6\u00f6tlemiseks.\",\"breadcrumb\":{\"@id\":\"https:\/\/hotwiresystems.com\/et\/penopolusturooli-loikur-stobra-eco\/#breadcrumb\"},\"inLanguage\":\"et-EE\",\"potentialAction\":[{\"@type\":\"ReadAction\",\"target\":[\"https:\/\/hotwiresystems.com\/et\/penopolusturooli-loikur-stobra-eco\/\"]}]},{\"@type\":\"BreadcrumbList\",\"@id\":\"https:\/\/hotwiresystems.com\/et\/penopolusturooli-loikur-stobra-eco\/#breadcrumb\",\"itemListElement\":[{\"@type\":\"ListItem\",\"position\":1,\"name\":\"Home\",\"item\":\"https:\/\/hotwiresystems.com\/et\/\"},{\"@type\":\"ListItem\",\"position\":2,\"name\":\"Penopol\u00fcst\u00fcrooli l\u00f5ikur ESO-Series!\"}]},{\"@type\":\"WebSite\",\"@id\":\"https:\/\/www.hotwiresystems.com\/es\/#website\",\"url\":\"https:\/\/www.hotwiresystems.com\/es\/\",\"name\":\"\",\"description\":\"\",\"potentialAction\":[{\"@type\":\"SearchAction\",\"target\":{\"@type\":\"EntryPoint\",\"urlTemplate\":\"https:\/\/www.hotwiresystems.com\/es\/?s={search_term_string}\"},\"query-input\":\"required name=search_term_string\"}],\"inLanguage\":\"et-EE\"}]}<\/script>\n<!-- \/ Yoast SEO plugin. -->","yoast_head_json":{"title":"Penopol\u00fcst\u00fcrooli l\u00f5ikur ESO-Series!","description":"Penopol\u00fcst\u00fcrooli l\u00f5ikur ECO-Series! on elektriline t\u00f6\u00f6riist vahtpol\u00fcst\u00fcroolist materjalide (EPS, XPS) l\u00f5ikamiseks ja t\u00f6\u00f6tlemiseks.","robots":{"index":"index","follow":"follow","max-snippet":"max-snippet:-1","max-image-preview":"max-image-preview:large","max-video-preview":"max-video-preview:-1"},"canonical":"https:\/\/hotwiresystems.com\/et\/penopolusturooli-loikur-stobra-eco\/","og_locale":"et_EE","og_type":"article","og_title":"Penopol\u00fcst\u00fcrooli l\u00f5ikur ESO-Series!","og_description":"Penopol\u00fcst\u00fcrooli l\u00f5ikur ECO-Series! on elektriline t\u00f6\u00f6riist vahtpol\u00fcst\u00fcroolist materjalide (EPS, XPS) l\u00f5ikamiseks ja t\u00f6\u00f6tlemiseks.","og_url":"https:\/\/hotwiresystems.com\/et\/penopolusturooli-loikur-stobra-eco\/","article_modified_time":"2025-07-18T13:52:25+00:00","twitter_misc":{"Est. reading time":"5 minutes"},"schema":{"@context":"https:\/\/schema.org","@graph":[{"@type":"WebPage","@id":"https:\/\/hotwiresystems.com\/et\/penopolusturooli-loikur-stobra-eco\/","url":"https:\/\/hotwiresystems.com\/et\/penopolusturooli-loikur-stobra-eco\/","name":"Penopol\u00fcst\u00fcrooli l\u00f5ikur ESO-Series!","isPartOf":{"@id":"https:\/\/www.hotwiresystems.com\/es\/#website"},"datePublished":"2013-12-01T20:41:59+00:00","dateModified":"2025-07-18T13:52:25+00:00","description":"Penopol\u00fcst\u00fcrooli l\u00f5ikur ECO-Series! on elektriline t\u00f6\u00f6riist vahtpol\u00fcst\u00fcroolist materjalide (EPS, XPS) l\u00f5ikamiseks ja t\u00f6\u00f6tlemiseks.","breadcrumb":{"@id":"https:\/\/hotwiresystems.com\/et\/penopolusturooli-loikur-stobra-eco\/#breadcrumb"},"inLanguage":"et-EE","potentialAction":[{"@type":"ReadAction","target":["https:\/\/hotwiresystems.com\/et\/penopolusturooli-loikur-stobra-eco\/"]}]},{"@type":"BreadcrumbList","@id":"https:\/\/hotwiresystems.com\/et\/penopolusturooli-loikur-stobra-eco\/#breadcrumb","itemListElement":[{"@type":"ListItem","position":1,"name":"Home","item":"https:\/\/hotwiresystems.com\/et\/"},{"@type":"ListItem","position":2,"name":"Penopol\u00fcst\u00fcrooli l\u00f5ikur ESO-Series!"}]},{"@type":"WebSite","@id":"https:\/\/www.hotwiresystems.com\/es\/#website","url":"https:\/\/www.hotwiresystems.com\/es\/","name":"","description":"","potentialAction":[{"@type":"SearchAction","target":{"@type":"EntryPoint","urlTemplate":"https:\/\/www.hotwiresystems.com\/es\/?s={search_term_string}"},"query-input":"required name=search_term_string"}],"inLanguage":"et-EE"}]}},"_links":{"self":[{"href":"https:\/\/hotwiresystems.com\/et\/wp-json\/wp\/v2\/pages\/648"}],"collection":[{"href":"https:\/\/hotwiresystems.com\/et\/wp-json\/wp\/v2\/pages"}],"about":[{"href":"https:\/\/hotwiresystems.com\/et\/wp-json\/wp\/v2\/types\/page"}],"author":[{"embeddable":true,"href":"https:\/\/hotwiresystems.com\/et\/wp-json\/wp\/v2\/users\/2"}],"replies":[{"embeddable":true,"href":"https:\/\/hotwiresystems.com\/et\/wp-json\/wp\/v2\/comments?post=648"}],"version-history":[{"count":5,"href":"https:\/\/hotwiresystems.com\/et\/wp-json\/wp\/v2\/pages\/648\/revisions"}],"predecessor-version":[{"id":16400,"href":"https:\/\/hotwiresystems.com\/et\/wp-json\/wp\/v2\/pages\/648\/revisions\/16400"}],"wp:attachment":[{"href":"https:\/\/hotwiresystems.com\/et\/wp-json\/wp\/v2\/media?parent=648"}],"curies":[{"name":"wp","href":"https:\/\/api.w.org\/{rel}","templated":true}]}}