{"id":4099,"date":"2015-04-07T22:32:59","date_gmt":"2015-04-07T20:32:59","guid":{"rendered":"http:\/\/kuumtraat.ee\/?page_id=4099"},"modified":"2025-07-18T13:42:02","modified_gmt":"2025-07-18T11:42:02","slug":"eps-vahtpolustureeni-omadused-ja-kasutusalad","status":"publish","type":"page","link":"https:\/\/hotwiresystems.com\/et\/eps-vahtpolustureeni-omadused-ja-kasutusalad\/","title":{"rendered":"Mis on EPS? | Vahtpol\u00fcst\u00fcreeni omadused ja kasutusalad"},"content":{"rendered":"<div class=\"wpb-content-wrapper\"><p>[vc_row][vc_column][vc_column_text]<\/p>\n<h1><span style=\"font-size: 36pt; color: #808080;\">MIS ON VAHTPOL\u00dcST\u00dcREEN \u00a0<span style=\"color: #ff6600;\">EPS<\/span>?<\/span><\/h1>\n<p>[\/vc_column_text][\/vc_column][\/vc_row][vc_row][vc_column][vc_column_text]<\/p>\n<p style=\"text-align: left;\"><span style=\"font-size: 12pt; color: #000000;\">Vahtpol\u00fcst\u00fcreen <strong>(vahtpol\u00fcst\u00fcrool) EPS<\/strong> on v\u00e4ikese tihedusega poorne soojusisolatsioonimaterjal, mis koosneb 98% ulatuses \u00f5hust. EPS-soojusisolatsiooniplaadid koosnevad paisutatud pol\u00fcst\u00fcreeni graanulitest, mis on veeauru toimel omavahel tihedalt kokku \u00fchendatud. <strong>EPSi graanulitel<\/strong> on osaliselt avatud mikropoorid, kuhu vesi ei tungi, kuid veeauru liikumine neis toimub. Taoline mikropoorne homogeenne materjal tagab soojustatavale konstruktsioonile suurep\u00e4rased ehitusf\u00fc\u00fcsikalised ja mehaanilised omadused.<\/span><\/p>\n<p>[\/vc_column_text][vc_single_image image=&#8221;6161&#8243; img_size=&#8221;large&#8221; alignment=&#8221;center&#8221; css=&#8221;&#8221;][\/vc_column][\/vc_row][vc_row][vc_column][vc_column_text]<\/p>\n<div class=\"wpb_text_column wpb_content_element \">\n<div class=\"wpb_wrapper\">\n<h2 style=\"text-align: justify;\"><span style=\"font-size: 24pt; color: #808080;\">EXPANDED\u00a0POLYSTYRENE &#8211;\u00a0<span style=\"color: #ff6600;\">EPS<\/span><\/span><\/h2>\n<\/div>\n<\/div>\n<p>[\/vc_column_text][\/vc_column][\/vc_row][vc_row][vc_column width=&#8221;2\/3&#8243;][vc_column_text]<\/p>\n<p style=\"text-align: left;\"><span style=\"font-size: 12pt; color: #000000;\">Vahtpol\u00fcst\u00fcreen ehk standardikohase nimetusega &#8220;EPS&#8221; on kerge j\u00e4ik plastvahul p\u00f5hinev soojustusmaterjal. Vahtpol\u00fcst\u00fcreen\u00a0on hinna ja kvaliteedi suhte poolest \u00fcks efektiivsemaid soojustusmaterjale. Soojustusplaadid on kerged, lihtsalt k\u00e4sitsetavad, ei kaota aja jooksul soojust isoleerivaid omadusi ega deformeeru ning on samas tugeva konstruktsiooniga.<\/span><\/p>\n<p>[\/vc_column_text][\/vc_column][vc_column width=&#8221;1\/3&#8243;][vc_single_image image=&#8221;6162&#8243; img_size=&#8221;large&#8221; alignment=&#8221;center&#8221; style=&#8221;vc_box_rounded&#8221;][\/vc_column][\/vc_row][vc_row][vc_column][vc_separator color=&#8221;orange&#8221;][\/vc_column][\/vc_row][vc_row][vc_column][vc_column_text]<\/p>\n<div class=\"wpb_text_column wpb_content_element \">\n<div class=\"wpb_wrapper\">\n<h2 style=\"text-align: left;\"><span style=\"font-size: 36pt; color: #808080;\">POL\u00dcST\u00dcREENI <span style=\"color: #ff6600;\">EPS<\/span> KA<span style=\"color: #ff6600;\"><span style=\"color: #808080;\">SUTAMINE<\/span><\/span><\/span><\/h2>\n<\/div>\n<\/div>\n<p>[\/vc_column_text][\/vc_column][\/vc_row][vc_row][vc_column][vc_column_text]<\/p>\n<h2><span style=\"font-size: 24pt; color: #808080;\">\u00dcldehitus<\/span><\/h2>\n<p>[\/vc_column_text][vc_column_text]<\/p>\n<p style=\"text-align: justify;\"><span style=\"font-size: 12pt; color: #000000;\">EPS-isolatsioonimaterjale kasutatakse nii uusehitistes kui ka vanemate ehitiste renoveerimisel. Vahtpol\u00fcst\u00fcreeni\u00a0plaatidega v\u00f5ib hoone soojustada keldrist katuseni.<\/span><\/p>\n<p>[\/vc_column_text][\/vc_column][\/vc_row][vc_row][vc_column width=&#8221;1\/2&#8243;][vc_column_text]<\/p>\n<h2 style=\"text-align: left;\"><span style=\"font-size: 18pt; color: #ff6600;\">Alused ja vundamendid:<\/span><\/h2>\n<ul style=\"list-style-type: circle;\">\n<li style=\"text-align: left;\"><span style=\"font-size: 12pt; color: #000000;\">Osana raketisest (omab konstruktiivset tugevust)<\/span><\/li>\n<li style=\"text-align: left;\"><span style=\"font-size: 12pt; color: #000000;\">Raskesti koormatud kohtades, teede ja platside all<\/span><\/li>\n<li style=\"text-align: left;\"><span style=\"font-size: 12pt; color: #000000;\">Kokkupuutes igikeltsaga<\/span><\/li>\n<li style=\"text-align: left;\"><span style=\"font-size: 12pt; color: #000000;\">Sildade ehitamisel<\/span><\/li>\n<\/ul>\n<p>[\/vc_column_text][\/vc_column][vc_column width=&#8221;1\/2&#8243;][vc_column_text]<\/p>\n<h2 style=\"text-align: left;\"><span style=\"color: #ff6600; font-size: 18pt;\">P\u00f5randad:<\/span><\/h2>\n<ul style=\"list-style-type: circle;\">\n<li><span style=\"font-size: 12pt; color: #000000;\">Talub valatava betooni koormust<\/span><\/li>\n<li><span style=\"font-size: 12pt; color: #000000;\">Ei ima betoonist vett v\u00e4lja<\/span><\/li>\n<li><span style=\"font-size: 12pt; color: #000000;\">Ei kahjustu pinnaseniiskuse toimel<\/span><\/li>\n<li><span style=\"font-size: 12pt; color: #000000;\">Saab kasutada koos p\u00f5randak\u00fcttega<\/span><\/li>\n<\/ul>\n<p>[\/vc_column_text][\/vc_column][\/vc_row][vc_row][vc_column][vc_single_image image=&#8221;6163&#8243; img_size=&#8221;large&#8221; alignment=&#8221;center&#8221; css=&#8221;&#8221;][\/vc_column][\/vc_row][vc_row][vc_column width=&#8221;1\/2&#8243;][vc_column_text]<\/p>\n<h2 style=\"text-align: left;\"><span style=\"font-size: 18pt; color: #ff6600;\">Seinad:<\/span><\/h2>\n<ul style=\"list-style-type: circle;\">\n<li><span style=\"font-size: 12pt; color: #000000;\">Kihtseintes ja -paneelides (v\u00f5imaldab konstruktsiooni teha kergemaks)<\/span><\/li>\n<li><span style=\"font-size: 12pt; color: #000000;\">Tuulet\u00f5kkena<\/span><\/li>\n<li><span style=\"font-size: 12pt; color: #000000;\">V\u00e4lise lisasoojustusena \u00f5hukese krohvikihi all<\/span><\/li>\n<li><span style=\"font-size: 12pt; color: #000000;\">Laseb seinakonstruktsioonil hingata<\/span><\/li>\n<\/ul>\n<p>[\/vc_column_text][\/vc_column][vc_column width=&#8221;1\/2&#8243;][vc_column_text]<\/p>\n<h2 style=\"text-align: left;\"><span style=\"font-size: 18pt; color: #ff6600;\">Kald- ja tasakatused:<\/span><\/h2>\n<ul style=\"list-style-type: circle;\">\n<li><span style=\"font-size: 12pt; color: #000000;\">Kihtpaneelkatuse elementides<\/span><\/li>\n<li><span style=\"font-size: 12pt; color: #000000;\">Katusealuse soojustamiseks<\/span><\/li>\n<li><span style=\"font-size: 12pt; color: #000000;\">Tasakatuse soojustamiseks (niiskus ei kahjusta)<\/span><\/li>\n<li><span style=\"font-size: 12pt; color: #000000;\">K\u00fclmade torustike soojustamine (ka pinnases)<\/span><\/li>\n<\/ul>\n<p>[\/vc_column_text][\/vc_column][\/vc_row][vc_row][vc_column][vc_column_text]<\/p>\n<h2><span style=\"font-size: 24pt; color: #808080;\">Toidut\u00f6\u00f6stus<\/span><\/h2>\n<p>[\/vc_column_text][vc_single_image image=&#8221;6165&#8243; img_size=&#8221;large&#8221; alignment=&#8221;center&#8221; style=&#8221;vc_box_rounded&#8221;][vc_column_text]<\/p>\n<p style=\"text-align: left;\"><span style=\"font-size: 12pt; color: #000000;\"><strong>Vahtpol\u00fcst\u00fcreenist\u00a0<\/strong>valmistatakse aluseid, millesse pakendatakse tavaliselt kaubanduskeskustes puuvilju, juurvilju, liha, kala ja kanaliha. Lisaks tehakse sellest \u00fchekordselt kasutatavaid joogitopse, n\u00e4iteks kohvitopse. Kahes suunas venitatud pol\u00fcst\u00fcreenist kilet kasutatakse tihti v\u00e4rske toodangu pakkimisel, nt lehtsalat. L\u00f6\u00f6gikindlat pol\u00fcst\u00fcreeni kasutatakse piimatoodete pakendamisel, n\u00e4iteks jogurtitopsid v\u00f5i joogitopside valmistamisel.<\/span><\/p>\n<p>[\/vc_column_text][\/vc_column][\/vc_row][vc_row][vc_column][vc_column_text]<\/p>\n<h2 style=\"text-align: left;\"><span style=\"font-size: 24pt; color: #808080;\">Muud kasutusalad<\/span><\/h2>\n<p>[\/vc_column_text][vc_column_text]<\/p>\n<div style=\"text-align: left;\"><span style=\"font-size: 12pt; color: #000000;\">Teatris kasutatakse <strong>vahtpol\u00fcst\u00fcreeni EPS-i<\/strong> v\u00e4ga erinevatel eesm\u00e4rkidel. Alustades butafoorsetest \u00f5untest, l\u00f5petades suurte mitmemeetriste imiteeritud kiviseintega. Vahtpol\u00fcst\u00fcreen (EPS) on kergelt t\u00f6\u00f6deldav materjal, millele on lihtne mistahes kuju anda, mis ongi selle kasutatavuse p\u00f5hjus. Lisaks vahtpol\u00fcst\u00fcreen\u00a0on v\u00e4ga kerge, mis lihtsustab dekoratsioonide transportimist. \u00dcheks v\u00f5imalikuks ohuks selle kasutamise puhul on see, et penoplast\u00a0ei ole tulekindel. Teiseks n\u00f5rgaks kohaks on materjali v\u00e4hene vastupidavus mehhaanilistele kahjustustele. Penoplasti l\u00f5ikamisel <a style=\"color: #000000;\" title=\"Tooted | Kuumatraadi l\u00f5ikurid | Penoplasti l\u00f5ikepingid\" href=\"\/?page_id=2227\"><strong>kuumatraadi l\u00f5ikuriga<\/strong><\/a> v\u00f5i <a style=\"color: #000000;\" title=\"Penoplasti k\u00e4sil\u00f5ikur \u201cKuum nuga\u201d Styro-Cut 230\" href=\"\/?page_id=2451\"><strong>kuum noaga<\/strong><\/a> on vajalik respiraatori kasutamine, mis hoiab \u00e4ra penoplasti mikroosakeste sattumist hingamisteedesse ning kopsudesse.<\/span><\/div>\n<p>[\/vc_column_text][vc_single_image image=&#8221;6164&#8243; img_size=&#8221;large&#8221; alignment=&#8221;center&#8221;][\/vc_column][\/vc_row][vc_row][vc_column][vc_separator color=&#8221;orange&#8221;][\/vc_column][\/vc_row][vc_row][vc_column][vc_column_text]<\/p>\n<div class=\"wpb_text_column wpb_content_element \">\n<div class=\"wpb_wrapper\">\n<h2 style=\"text-align: justify;\"><span style=\"font-size: 36pt; color: #808080;\">MIKS VAHTPOL\u00dcSTEREEN\u00a0<span style=\"color: #ff6600;\">EPS<span style=\"color: #808080;\">?<\/span><\/span><\/span><\/h2>\n<\/div>\n<\/div>\n<p>[\/vc_column_text][\/vc_column][\/vc_row][vc_row][vc_column][vc_column_text]<\/p>\n<div class=\"wpb_text_column wpb_content_element \">\n<div class=\"wpb_wrapper\">\n<h2 style=\"text-align: justify;\"><span style=\"font-size: 18pt; color: #ff6600;\">T\u00e4htsamad eelised<\/span><\/h2>\n<\/div>\n<\/div>\n<div class=\"wpb_text_column wpb_content_element \">\n<div class=\"wpb_wrapper\">\n<ul style=\"list-style-type: circle;\">\n<li style=\"text-align: justify;\"><span style=\"font-size: 12pt; color: #000000;\">V\u00e4ga head soojusf\u00fc\u00fcsikalised omadused<\/span><\/li>\n<li style=\"text-align: justify;\"><span style=\"font-size: 12pt; color: #000000;\">Parimate tugevusomadustega soojustusmaterjal<\/span><\/li>\n<li style=\"text-align: justify;\"><span style=\"font-size: 12pt; color: #000000;\">Pikaealisus \u2013 materjal ei vanane<\/span><\/li>\n<li style=\"text-align: justify;\"><span style=\"font-size: 12pt; color: #000000;\">K\u00fclma- ja niiskustaluvus (ka paigaldust\u00f6\u00f6de ajal)<\/span><\/li>\n<li style=\"text-align: justify;\"><span style=\"font-size: 12pt; color: #000000;\">V\u00e4ga v\u00e4ike veeimavus<\/span><\/li>\n<li style=\"text-align: justify;\"><span style=\"font-size: 12pt; color: #000000;\">Ei juhi kapillaarvett<\/span><\/li>\n<li style=\"text-align: justify;\"><span style=\"font-size: 12pt; color: #000000;\">Tootem\u00f5\u00f5tmete suur valik<\/span><\/li>\n<li style=\"text-align: justify;\"><span style=\"font-size: 12pt; color: #000000;\">Kasutustemperatuur -200 \u2013 + 85C<\/span><\/li>\n<li style=\"text-align: justify;\"><span style=\"font-size: 12pt; color: #000000;\">Kerge ja mugav t\u00f6\u00f6delda ja kasutada<\/span><\/li>\n<li style=\"text-align: justify;\"><span style=\"font-size: 12pt; color: #000000;\">Ei eralda tolmu ega ohtlike aineosakesi<\/span><\/li>\n<li style=\"text-align: justify;\"><span style=\"font-size: 12pt; color: #000000;\">L\u00f5hnatu ja maitsetu, ei hallita ega m\u00e4dane<\/span><\/li>\n<li style=\"text-align: justify;\"><span style=\"font-size: 12pt; color: #000000;\">Kahjutu tervisele ja keskkonnale<\/span><\/li>\n<\/ul>\n<\/div>\n<\/div>\n<p>[\/vc_column_text][\/vc_column][\/vc_row][vc_row][vc_column][vc_separator color=&#8221;orange&#8221;][\/vc_column][\/vc_row][vc_row][vc_column][vc_btn title=&#8221;MEIE KONTAKTID&#8221; style=&#8221;outline&#8221; shape=&#8221;square&#8221; color=&#8221;blue&#8221; align=&#8221;left&#8221; i_align=&#8221;right&#8221; i_icon_fontawesome=&#8221;&#8221; css=&#8221;&#8221; add_icon=&#8221;true&#8221; link=&#8221;url:https%3A%2F%2Fhotwiresystems.com%2Fet%2Fkontakt%2F|title:V%C3%B5tke%20meiega%20%C3%BChendust!&#8221;][\/vc_column][\/vc_row]<\/p>\n<\/div><!-- AddThis Advanced Settings generic via filter on the_content --><!-- AddThis Share Buttons generic via filter on the_content -->","protected":false},"excerpt":{"rendered":"<p>[vc_row][vc_column][vc_column_text] MIS ON VAHTPOL\u00dcST\u00dcREEN \u00a0EPS? [\/vc_column_text][\/vc_column][\/vc_row][vc_row][vc_column][vc_column_text] Vahtpol\u00fcst\u00fcreen (vahtpol\u00fcst\u00fcrool) EPS on v\u00e4ikese tihedusega poorne soojusisolatsioonimaterjal, mis koosneb 98% ulatuses \u00f5hust. EPS-soojusisolatsiooniplaadid koosnevad paisutatud pol\u00fcst\u00fcreeni graanulitest, mis on veeauru toimel omavahel tihedalt kokku \u00fchendatud. EPSi graanulitel on osaliselt avatud mikropoorid, kuhu vesi ei tungi, kuid veeauru liikumine neis toimub. Taoline mikropoorne homogeenne materjal tagab soojustatavale konstruktsioonile suurep\u00e4rased [&hellip;]<!-- AddThis Advanced Settings generic via filter on get_the_excerpt --><!-- AddThis Share Buttons generic via filter on get_the_excerpt --><\/p>\n","protected":false},"author":2,"featured_media":16062,"parent":0,"menu_order":0,"comment_status":"closed","ping_status":"closed","template":"","meta":{"footnotes":""},"yoast_head":"<!-- This site is optimized with the Yoast SEO plugin v23.3 - https:\/\/yoast.com\/wordpress\/plugins\/seo\/ -->\n<title>Mis on EPS? | Vahtpol\u00fcst\u00fcreen | Vahtplast | Penoplast!<\/title>\n<meta name=\"description\" content=\"Vahtpol\u00fcst\u00fcreen - standardikohase nimetusega EPS on kerge j\u00e4ik plastvahul p\u00f5hinev soojustusmaterjal, mis ei kaota aja jooksul soojust.\" \/>\n<meta name=\"robots\" content=\"index, follow, max-snippet:-1, max-image-preview:large, max-video-preview:-1\" \/>\n<link rel=\"canonical\" href=\"https:\/\/hotwiresystems.com\/et\/eps-vahtpolustureeni-omadused-ja-kasutusalad\/\" \/>\n<meta property=\"og:locale\" content=\"et_EE\" \/>\n<meta property=\"og:type\" content=\"article\" \/>\n<meta property=\"og:title\" content=\"Mis on EPS? | Vahtpol\u00fcst\u00fcreen | Vahtplast | Penoplast!\" \/>\n<meta property=\"og:description\" content=\"Vahtpol\u00fcst\u00fcreen - standardikohase nimetusega EPS on kerge j\u00e4ik plastvahul p\u00f5hinev soojustusmaterjal, mis ei kaota aja jooksul soojust.\" \/>\n<meta property=\"og:url\" content=\"https:\/\/hotwiresystems.com\/et\/eps-vahtpolustureeni-omadused-ja-kasutusalad\/\" \/>\n<meta property=\"article:modified_time\" content=\"2025-07-18T11:42:02+00:00\" \/>\n<meta property=\"og:image\" content=\"https:\/\/hotwiresystems.com\/wp-content\/uploads\/2025\/07\/Hotwire-Systems-Polystyrene.png\" \/>\n\t<meta property=\"og:image:width\" content=\"350\" \/>\n\t<meta property=\"og:image:height\" content=\"212\" \/>\n\t<meta property=\"og:image:type\" content=\"image\/png\" \/>\n<meta name=\"twitter:label1\" content=\"Est. reading time\" \/>\n\t<meta name=\"twitter:data1\" content=\"4 minutes\" \/>\n<script type=\"application\/ld+json\" class=\"yoast-schema-graph\">{\"@context\":\"https:\/\/schema.org\",\"@graph\":[{\"@type\":\"WebPage\",\"@id\":\"https:\/\/hotwiresystems.com\/et\/eps-vahtpolustureeni-omadused-ja-kasutusalad\/\",\"url\":\"https:\/\/hotwiresystems.com\/et\/eps-vahtpolustureeni-omadused-ja-kasutusalad\/\",\"name\":\"Mis on EPS? | Vahtpol\u00fcst\u00fcreen | Vahtplast | Penoplast!\",\"isPartOf\":{\"@id\":\"https:\/\/hotwiresystems.com\/#website\"},\"primaryImageOfPage\":{\"@id\":\"https:\/\/hotwiresystems.com\/et\/eps-vahtpolustureeni-omadused-ja-kasutusalad\/#primaryimage\"},\"image\":{\"@id\":\"https:\/\/hotwiresystems.com\/et\/eps-vahtpolustureeni-omadused-ja-kasutusalad\/#primaryimage\"},\"thumbnailUrl\":\"https:\/\/www.hotwiresystems.com\/wp-content\/uploads\/2025\/07\/Hotwire-Systems-Polystyrene.png\",\"datePublished\":\"2015-04-07T20:32:59+00:00\",\"dateModified\":\"2025-07-18T11:42:02+00:00\",\"description\":\"Vahtpol\u00fcst\u00fcreen - standardikohase nimetusega EPS on kerge j\u00e4ik plastvahul p\u00f5hinev soojustusmaterjal, mis ei kaota aja jooksul soojust.\",\"breadcrumb\":{\"@id\":\"https:\/\/hotwiresystems.com\/et\/eps-vahtpolustureeni-omadused-ja-kasutusalad\/#breadcrumb\"},\"inLanguage\":\"et-EE\",\"potentialAction\":[{\"@type\":\"ReadAction\",\"target\":[\"https:\/\/hotwiresystems.com\/et\/eps-vahtpolustureeni-omadused-ja-kasutusalad\/\"]}]},{\"@type\":\"ImageObject\",\"inLanguage\":\"et-EE\",\"@id\":\"https:\/\/hotwiresystems.com\/et\/eps-vahtpolustureeni-omadused-ja-kasutusalad\/#primaryimage\",\"url\":\"https:\/\/www.hotwiresystems.com\/wp-content\/uploads\/2025\/07\/Hotwire-Systems-Polystyrene.png\",\"contentUrl\":\"https:\/\/www.hotwiresystems.com\/wp-content\/uploads\/2025\/07\/Hotwire-Systems-Polystyrene.png\",\"width\":350,\"height\":212},{\"@type\":\"BreadcrumbList\",\"@id\":\"https:\/\/hotwiresystems.com\/et\/eps-vahtpolustureeni-omadused-ja-kasutusalad\/#breadcrumb\",\"itemListElement\":[{\"@type\":\"ListItem\",\"position\":1,\"name\":\"Home\",\"item\":\"https:\/\/www.hotwiresystems.com\/et\/\"},{\"@type\":\"ListItem\",\"position\":2,\"name\":\"Mis on EPS? | Vahtpol\u00fcst\u00fcreeni omadused ja kasutusalad\"}]},{\"@type\":\"WebSite\",\"@id\":\"https:\/\/hotwiresystems.com\/#website\",\"url\":\"https:\/\/hotwiresystems.com\/\",\"name\":\"\",\"description\":\"\",\"potentialAction\":[{\"@type\":\"SearchAction\",\"target\":{\"@type\":\"EntryPoint\",\"urlTemplate\":\"https:\/\/hotwiresystems.com\/?s={search_term_string}\"},\"query-input\":\"required name=search_term_string\"}],\"inLanguage\":\"et-EE\"}]}<\/script>\n<!-- \/ Yoast SEO plugin. -->","yoast_head_json":{"title":"Mis on EPS? | Vahtpol\u00fcst\u00fcreen | Vahtplast | Penoplast!","description":"Vahtpol\u00fcst\u00fcreen - standardikohase nimetusega EPS on kerge j\u00e4ik plastvahul p\u00f5hinev soojustusmaterjal, mis ei kaota aja jooksul soojust.","robots":{"index":"index","follow":"follow","max-snippet":"max-snippet:-1","max-image-preview":"max-image-preview:large","max-video-preview":"max-video-preview:-1"},"canonical":"https:\/\/hotwiresystems.com\/et\/eps-vahtpolustureeni-omadused-ja-kasutusalad\/","og_locale":"et_EE","og_type":"article","og_title":"Mis on EPS? | Vahtpol\u00fcst\u00fcreen | Vahtplast | Penoplast!","og_description":"Vahtpol\u00fcst\u00fcreen - standardikohase nimetusega EPS on kerge j\u00e4ik plastvahul p\u00f5hinev soojustusmaterjal, mis ei kaota aja jooksul soojust.","og_url":"https:\/\/hotwiresystems.com\/et\/eps-vahtpolustureeni-omadused-ja-kasutusalad\/","article_modified_time":"2025-07-18T11:42:02+00:00","og_image":[{"width":350,"height":212,"url":"https:\/\/hotwiresystems.com\/wp-content\/uploads\/2025\/07\/Hotwire-Systems-Polystyrene.png","type":"image\/png"}],"twitter_misc":{"Est. reading time":"4 minutes"},"schema":{"@context":"https:\/\/schema.org","@graph":[{"@type":"WebPage","@id":"https:\/\/hotwiresystems.com\/et\/eps-vahtpolustureeni-omadused-ja-kasutusalad\/","url":"https:\/\/hotwiresystems.com\/et\/eps-vahtpolustureeni-omadused-ja-kasutusalad\/","name":"Mis on EPS? | Vahtpol\u00fcst\u00fcreen | Vahtplast | Penoplast!","isPartOf":{"@id":"https:\/\/hotwiresystems.com\/#website"},"primaryImageOfPage":{"@id":"https:\/\/hotwiresystems.com\/et\/eps-vahtpolustureeni-omadused-ja-kasutusalad\/#primaryimage"},"image":{"@id":"https:\/\/hotwiresystems.com\/et\/eps-vahtpolustureeni-omadused-ja-kasutusalad\/#primaryimage"},"thumbnailUrl":"https:\/\/www.hotwiresystems.com\/wp-content\/uploads\/2025\/07\/Hotwire-Systems-Polystyrene.png","datePublished":"2015-04-07T20:32:59+00:00","dateModified":"2025-07-18T11:42:02+00:00","description":"Vahtpol\u00fcst\u00fcreen - standardikohase nimetusega EPS on kerge j\u00e4ik plastvahul p\u00f5hinev soojustusmaterjal, mis ei kaota aja jooksul soojust.","breadcrumb":{"@id":"https:\/\/hotwiresystems.com\/et\/eps-vahtpolustureeni-omadused-ja-kasutusalad\/#breadcrumb"},"inLanguage":"et-EE","potentialAction":[{"@type":"ReadAction","target":["https:\/\/hotwiresystems.com\/et\/eps-vahtpolustureeni-omadused-ja-kasutusalad\/"]}]},{"@type":"ImageObject","inLanguage":"et-EE","@id":"https:\/\/hotwiresystems.com\/et\/eps-vahtpolustureeni-omadused-ja-kasutusalad\/#primaryimage","url":"https:\/\/www.hotwiresystems.com\/wp-content\/uploads\/2025\/07\/Hotwire-Systems-Polystyrene.png","contentUrl":"https:\/\/www.hotwiresystems.com\/wp-content\/uploads\/2025\/07\/Hotwire-Systems-Polystyrene.png","width":350,"height":212},{"@type":"BreadcrumbList","@id":"https:\/\/hotwiresystems.com\/et\/eps-vahtpolustureeni-omadused-ja-kasutusalad\/#breadcrumb","itemListElement":[{"@type":"ListItem","position":1,"name":"Home","item":"https:\/\/www.hotwiresystems.com\/et\/"},{"@type":"ListItem","position":2,"name":"Mis on EPS? | Vahtpol\u00fcst\u00fcreeni omadused ja kasutusalad"}]},{"@type":"WebSite","@id":"https:\/\/hotwiresystems.com\/#website","url":"https:\/\/hotwiresystems.com\/","name":"","description":"","potentialAction":[{"@type":"SearchAction","target":{"@type":"EntryPoint","urlTemplate":"https:\/\/hotwiresystems.com\/?s={search_term_string}"},"query-input":"required name=search_term_string"}],"inLanguage":"et-EE"}]}},"_links":{"self":[{"href":"https:\/\/hotwiresystems.com\/et\/wp-json\/wp\/v2\/pages\/4099"}],"collection":[{"href":"https:\/\/hotwiresystems.com\/et\/wp-json\/wp\/v2\/pages"}],"about":[{"href":"https:\/\/hotwiresystems.com\/et\/wp-json\/wp\/v2\/types\/page"}],"author":[{"embeddable":true,"href":"https:\/\/hotwiresystems.com\/et\/wp-json\/wp\/v2\/users\/2"}],"replies":[{"embeddable":true,"href":"https:\/\/hotwiresystems.com\/et\/wp-json\/wp\/v2\/comments?post=4099"}],"version-history":[{"count":5,"href":"https:\/\/hotwiresystems.com\/et\/wp-json\/wp\/v2\/pages\/4099\/revisions"}],"predecessor-version":[{"id":16347,"href":"https:\/\/hotwiresystems.com\/et\/wp-json\/wp\/v2\/pages\/4099\/revisions\/16347"}],"wp:featuredmedia":[{"embeddable":true,"href":"https:\/\/hotwiresystems.com\/et\/wp-json\/wp\/v2\/media\/16062"}],"wp:attachment":[{"href":"https:\/\/hotwiresystems.com\/et\/wp-json\/wp\/v2\/media?parent=4099"}],"curies":[{"name":"wp","href":"https:\/\/api.w.org\/{rel}","templated":true}]}}