{"id":2540,"date":"2014-08-06T00:22:56","date_gmt":"2014-08-05T22:22:56","guid":{"rendered":"http:\/\/kuumtraat.ee\/?page_id=2540"},"modified":"2016-03-18T11:21:54","modified_gmt":"2016-03-18T09:21:54","slug":"tooted-tooriistad-tarvikud-tellingute-aksessuaarid","status":"publish","type":"page","link":"https:\/\/hotwiresystems.com\/et\/tooted-tooriistad-tarvikud-tellingute-aksessuaarid\/","title":{"rendered":"Tooted | T\u00f6\u00f6riistad &#038; Tarvikud | Tellingute aksessuaarid"},"content":{"rendered":"<div class=\"wpb-content-wrapper\"><p>[vc_row][vc_column][vc_column_text]<\/p>\n<h1><span style=\"font-size: 36pt; color: #808080;\">Tellingute aksessuaarid<\/span><\/h1>\n<p>[\/vc_column_text][\/vc_column][\/vc_row][vc_row][vc_column][vc_column_text]<\/p>\n<blockquote><p><a title=\"Tooted | T\u00f6\u00f6riistad &amp; Tarvikud | Tellingute aksessuaarid\" href=\"\/?page_id=2540\"><span style=\"font-size: 18pt; color: #ff6600;\">Fassaadit\u00f6\u00f6deks m\u00f5eldud Tellingute aksessuaarid<\/span><\/a><\/p><\/blockquote>\n<p>[\/vc_column_text][\/vc_column][\/vc_row][vc_row][vc_column width=&#8221;1\/2&#8243;][vc_single_image image=&#8221;6137&#8243; img_size=&#8221;1000&#215;1000&#8243; alignment=&#8221;center&#8221; style=&#8221;vc_box_shadow_3d&#8221; onclick=&#8221;custom_link&#8221; title=&#8221;TELLINGU P\u00d6\u00d6RDLAUD HWS&#8221; link=&#8221;https:\/\/www.hotwiresystems.com\/tellingute-aksessuaar-tellingu-poordlaud-hws\/&#8221;][\/vc_column][vc_column width=&#8221;1\/2&#8243;][vc_single_image image=&#8221;6136&#8243; img_size=&#8221;1000&#215;1000&#8243; alignment=&#8221;center&#8221; style=&#8221;vc_box_shadow_3d&#8221; onclick=&#8221;custom_link&#8221; title=&#8221;V\u00d5RGUDOSAATOR HWS&#8221; link=&#8221;https:\/\/www.hotwiresystems.com\/tellingute-aksessuaar-armeerimisvorgu-dosaator-hws\/&#8221;][\/vc_column][\/vc_row][vc_row][vc_column][vc_column_text]<\/p>\n<p style=\"text-align: justify;\"><span style=\"font-size: 12pt; color: #000000;\"><strong>Asume Tallinnas<\/strong> kuid saadame toodet\u00a0mujalegi Eestisse ja kasutame selleks transpordifirma <strong>DPD<\/strong> uksest-ukseni teenuseid,\u00a0<strong>CargoBus<\/strong> teenuseid, Itella\u00a0<strong>SmartPost<\/strong> pakiautomaadid ja <strong>Omniva<\/strong>\u00a0pakiautomaadid. Samuti saadame l\u00f5ikeseadmed\u00a0Euroopa Liidu liikmesriikidesse.<\/span><\/p>\n<p>[\/vc_column_text][\/vc_column][\/vc_row][vc_row][vc_column][vc_custom_heading text=&#8221;\u201cYour specialist for insulation cutting systems!\u201d&#8221; font_container=&#8221;tag:h3|font_size:30|text_align:center|color:%23919191|line_height:1&#8243; google_fonts=&#8221;font_family:Pacifico%3Aregular|font_style:400%20regular%3A400%3Anormal&#8221;][\/vc_column][\/vc_row][vc_row][vc_column][vc_separator color=&#8221;orange&#8221;][\/vc_column][\/vc_row][vc_row][vc_column][vc_column_text]<\/p>\n<p style=\"text-align: center;\"><span style=\"font-size: 24pt; color: #808080;\">Ei leidnud sobivat toodet?<\/span><\/p>\n<p>[\/vc_column_text][vc_btn title=&#8221;KIRJUTA MEILE&#8221; style=&#8221;outline&#8221; shape=&#8221;square&#8221; color=&#8221;blue&#8221; align=&#8221;center&#8221; i_align=&#8221;right&#8221; i_icon_fontawesome=&#8221;fa fa-check-square-o&#8221; css_animation=&#8221;appear&#8221; link=&#8221;url:http%3A%2F%2Fkuumtraat.ee%2Fkontakt%2F|title:V%C3%B5tke%20meiega%20%C3%BChendust!|&#8221; add_icon=&#8221;true&#8221;][\/vc_column][\/vc_row]<\/p>\n<\/div><!-- AddThis Advanced Settings generic via filter on the_content --><!-- AddThis Share Buttons generic via filter on the_content -->","protected":false},"excerpt":{"rendered":"<p>[vc_row][vc_column][vc_column_text] Tellingute aksessuaarid [\/vc_column_text][\/vc_column][\/vc_row][vc_row][vc_column][vc_column_text] Fassaadit\u00f6\u00f6deks m\u00f5eldud Tellingute aksessuaarid [\/vc_column_text][\/vc_column][\/vc_row][vc_row][vc_column width=&#8221;1\/2&#8243;][vc_single_image image=&#8221;6137&#8243; img_size=&#8221;1000&#215;1000&#8243; alignment=&#8221;center&#8221; style=&#8221;vc_box_shadow_3d&#8221; onclick=&#8221;custom_link&#8221; title=&#8221;TELLINGU P\u00d6\u00d6RDLAUD HWS&#8221; link=&#8221;https:\/\/www.hotwiresystems.com\/tellingute-aksessuaar-tellingu-poordlaud-hws\/&#8221;][\/vc_column][vc_column width=&#8221;1\/2&#8243;][vc_single_image image=&#8221;6136&#8243; img_size=&#8221;1000&#215;1000&#8243; alignment=&#8221;center&#8221; style=&#8221;vc_box_shadow_3d&#8221; onclick=&#8221;custom_link&#8221; title=&#8221;V\u00d5RGUDOSAATOR HWS&#8221; link=&#8221;https:\/\/www.hotwiresystems.com\/tellingute-aksessuaar-armeerimisvorgu-dosaator-hws\/&#8221;][\/vc_column][\/vc_row][vc_row][vc_column][vc_column_text] Asume Tallinnas kuid saadame toodet\u00a0mujalegi Eestisse ja kasutame selleks transpordifirma DPD uksest-ukseni teenuseid,\u00a0CargoBus teenuseid, Itella\u00a0SmartPost pakiautomaadid ja Omniva\u00a0pakiautomaadid. Samuti saadame l\u00f5ikeseadmed\u00a0Euroopa Liidu liikmesriikidesse. [\/vc_column_text][\/vc_column][\/vc_row][vc_row][vc_column][vc_custom_heading text=&#8221;\u201cYour specialist for [&hellip;]<!-- AddThis Advanced Settings generic via filter on get_the_excerpt --><!-- AddThis Share Buttons generic via filter on get_the_excerpt --><\/p>\n","protected":false},"author":2,"featured_media":0,"parent":0,"menu_order":0,"comment_status":"closed","ping_status":"closed","template":"","meta":{"footnotes":""},"yoast_head":"<!-- This site is optimized with the Yoast SEO plugin v23.3 - https:\/\/yoast.com\/wordpress\/plugins\/seo\/ -->\n<title>Tooted | T\u00f6\u00f6riistad &amp; Tarvikud | Tellingute aksessuaarid -<\/title>\n<meta name=\"description\" content=\"Hotwire Systems O\u00dc pakub innovatiivsed, fassaadit\u00f6\u00f6deks m\u00f5eldud Tellingute aksessuaarid mis s\u00e4\u00e4stavad t\u00f6\u00f6eaga ja lihtsustavad fassaadi viimistluse protsessi\" \/>\n<meta name=\"robots\" content=\"index, follow, max-snippet:-1, max-image-preview:large, max-video-preview:-1\" \/>\n<link rel=\"canonical\" href=\"https:\/\/hotwiresystems.com\/et\/tooted-tooriistad-tarvikud-tellingute-aksessuaarid\/\" \/>\n<meta property=\"og:locale\" content=\"et_EE\" \/>\n<meta property=\"og:type\" content=\"article\" \/>\n<meta property=\"og:title\" content=\"Tooted | T\u00f6\u00f6riistad &amp; Tarvikud | Tellingute aksessuaarid -\" \/>\n<meta property=\"og:description\" content=\"Hotwire Systems O\u00dc pakub innovatiivsed, fassaadit\u00f6\u00f6deks m\u00f5eldud Tellingute aksessuaarid mis s\u00e4\u00e4stavad t\u00f6\u00f6eaga ja lihtsustavad fassaadi viimistluse protsessi\" \/>\n<meta property=\"og:url\" content=\"https:\/\/hotwiresystems.com\/et\/tooted-tooriistad-tarvikud-tellingute-aksessuaarid\/\" \/>\n<meta property=\"article:modified_time\" content=\"2016-03-18T09:21:54+00:00\" \/>\n<meta name=\"twitter:label1\" content=\"Est. reading time\" \/>\n\t<meta name=\"twitter:data1\" content=\"1 minute\" \/>\n<script type=\"application\/ld+json\" class=\"yoast-schema-graph\">{\"@context\":\"https:\/\/schema.org\",\"@graph\":[{\"@type\":\"WebPage\",\"@id\":\"https:\/\/hotwiresystems.com\/et\/tooted-tooriistad-tarvikud-tellingute-aksessuaarid\/\",\"url\":\"https:\/\/hotwiresystems.com\/et\/tooted-tooriistad-tarvikud-tellingute-aksessuaarid\/\",\"name\":\"Tooted | T\u00f6\u00f6riistad & Tarvikud | Tellingute aksessuaarid -\",\"isPartOf\":{\"@id\":\"https:\/\/hotwiresystems.com\/ru\/#website\"},\"datePublished\":\"2014-08-05T22:22:56+00:00\",\"dateModified\":\"2016-03-18T09:21:54+00:00\",\"description\":\"Hotwire Systems O\u00dc pakub innovatiivsed, fassaadit\u00f6\u00f6deks m\u00f5eldud Tellingute aksessuaarid mis s\u00e4\u00e4stavad t\u00f6\u00f6eaga ja lihtsustavad fassaadi viimistluse protsessi\",\"breadcrumb\":{\"@id\":\"https:\/\/hotwiresystems.com\/et\/tooted-tooriistad-tarvikud-tellingute-aksessuaarid\/#breadcrumb\"},\"inLanguage\":\"et-EE\",\"potentialAction\":[{\"@type\":\"ReadAction\",\"target\":[\"https:\/\/hotwiresystems.com\/et\/tooted-tooriistad-tarvikud-tellingute-aksessuaarid\/\"]}]},{\"@type\":\"BreadcrumbList\",\"@id\":\"https:\/\/hotwiresystems.com\/et\/tooted-tooriistad-tarvikud-tellingute-aksessuaarid\/#breadcrumb\",\"itemListElement\":[{\"@type\":\"ListItem\",\"position\":1,\"name\":\"Home\",\"item\":\"https:\/\/hotwiresystems.com\/et\/\"},{\"@type\":\"ListItem\",\"position\":2,\"name\":\"Tooted | T\u00f6\u00f6riistad &#038; Tarvikud | Tellingute aksessuaarid\"}]},{\"@type\":\"WebSite\",\"@id\":\"https:\/\/hotwiresystems.com\/ru\/#website\",\"url\":\"https:\/\/hotwiresystems.com\/ru\/\",\"name\":\"\",\"description\":\"\",\"potentialAction\":[{\"@type\":\"SearchAction\",\"target\":{\"@type\":\"EntryPoint\",\"urlTemplate\":\"https:\/\/hotwiresystems.com\/ru\/?s={search_term_string}\"},\"query-input\":\"required name=search_term_string\"}],\"inLanguage\":\"et-EE\"}]}<\/script>\n<!-- \/ Yoast SEO plugin. -->","yoast_head_json":{"title":"Tooted | T\u00f6\u00f6riistad & Tarvikud | Tellingute aksessuaarid -","description":"Hotwire Systems O\u00dc pakub innovatiivsed, fassaadit\u00f6\u00f6deks m\u00f5eldud Tellingute aksessuaarid mis s\u00e4\u00e4stavad t\u00f6\u00f6eaga ja lihtsustavad fassaadi viimistluse protsessi","robots":{"index":"index","follow":"follow","max-snippet":"max-snippet:-1","max-image-preview":"max-image-preview:large","max-video-preview":"max-video-preview:-1"},"canonical":"https:\/\/hotwiresystems.com\/et\/tooted-tooriistad-tarvikud-tellingute-aksessuaarid\/","og_locale":"et_EE","og_type":"article","og_title":"Tooted | T\u00f6\u00f6riistad & Tarvikud | Tellingute aksessuaarid -","og_description":"Hotwire Systems O\u00dc pakub innovatiivsed, fassaadit\u00f6\u00f6deks m\u00f5eldud Tellingute aksessuaarid mis s\u00e4\u00e4stavad t\u00f6\u00f6eaga ja lihtsustavad fassaadi viimistluse protsessi","og_url":"https:\/\/hotwiresystems.com\/et\/tooted-tooriistad-tarvikud-tellingute-aksessuaarid\/","article_modified_time":"2016-03-18T09:21:54+00:00","twitter_misc":{"Est. reading time":"1 minute"},"schema":{"@context":"https:\/\/schema.org","@graph":[{"@type":"WebPage","@id":"https:\/\/hotwiresystems.com\/et\/tooted-tooriistad-tarvikud-tellingute-aksessuaarid\/","url":"https:\/\/hotwiresystems.com\/et\/tooted-tooriistad-tarvikud-tellingute-aksessuaarid\/","name":"Tooted | T\u00f6\u00f6riistad & Tarvikud | Tellingute aksessuaarid -","isPartOf":{"@id":"https:\/\/hotwiresystems.com\/ru\/#website"},"datePublished":"2014-08-05T22:22:56+00:00","dateModified":"2016-03-18T09:21:54+00:00","description":"Hotwire Systems O\u00dc pakub innovatiivsed, fassaadit\u00f6\u00f6deks m\u00f5eldud Tellingute aksessuaarid mis s\u00e4\u00e4stavad t\u00f6\u00f6eaga ja lihtsustavad fassaadi viimistluse protsessi","breadcrumb":{"@id":"https:\/\/hotwiresystems.com\/et\/tooted-tooriistad-tarvikud-tellingute-aksessuaarid\/#breadcrumb"},"inLanguage":"et-EE","potentialAction":[{"@type":"ReadAction","target":["https:\/\/hotwiresystems.com\/et\/tooted-tooriistad-tarvikud-tellingute-aksessuaarid\/"]}]},{"@type":"BreadcrumbList","@id":"https:\/\/hotwiresystems.com\/et\/tooted-tooriistad-tarvikud-tellingute-aksessuaarid\/#breadcrumb","itemListElement":[{"@type":"ListItem","position":1,"name":"Home","item":"https:\/\/hotwiresystems.com\/et\/"},{"@type":"ListItem","position":2,"name":"Tooted | T\u00f6\u00f6riistad &#038; Tarvikud | Tellingute aksessuaarid"}]},{"@type":"WebSite","@id":"https:\/\/hotwiresystems.com\/ru\/#website","url":"https:\/\/hotwiresystems.com\/ru\/","name":"","description":"","potentialAction":[{"@type":"SearchAction","target":{"@type":"EntryPoint","urlTemplate":"https:\/\/hotwiresystems.com\/ru\/?s={search_term_string}"},"query-input":"required name=search_term_string"}],"inLanguage":"et-EE"}]}},"_links":{"self":[{"href":"https:\/\/hotwiresystems.com\/et\/wp-json\/wp\/v2\/pages\/2540"}],"collection":[{"href":"https:\/\/hotwiresystems.com\/et\/wp-json\/wp\/v2\/pages"}],"about":[{"href":"https:\/\/hotwiresystems.com\/et\/wp-json\/wp\/v2\/types\/page"}],"author":[{"embeddable":true,"href":"https:\/\/hotwiresystems.com\/et\/wp-json\/wp\/v2\/users\/2"}],"replies":[{"embeddable":true,"href":"https:\/\/hotwiresystems.com\/et\/wp-json\/wp\/v2\/comments?post=2540"}],"version-history":[{"count":5,"href":"https:\/\/hotwiresystems.com\/et\/wp-json\/wp\/v2\/pages\/2540\/revisions"}],"predecessor-version":[{"id":2556,"href":"https:\/\/hotwiresystems.com\/et\/wp-json\/wp\/v2\/pages\/2540\/revisions\/2556"}],"wp:attachment":[{"href":"https:\/\/hotwiresystems.com\/et\/wp-json\/wp\/v2\/media?parent=2540"}],"curies":[{"name":"wp","href":"https:\/\/api.w.org\/{rel}","templated":true}]}}