{"id":2507,"date":"2014-08-05T14:41:14","date_gmt":"2014-08-05T12:41:14","guid":{"rendered":"http:\/\/kuumtraat.ee\/?page_id=2507"},"modified":"2025-07-18T14:13:40","modified_gmt":"2025-07-18T12:13:40","slug":"tooted-penoplasti-kasiloikurid-kuum-nuga","status":"publish","type":"page","link":"https:\/\/hotwiresystems.com\/et\/tooted-penoplasti-kasiloikurid-kuum-nuga\/","title":{"rendered":"K\u00e4sil\u00f5ikurid &#8220;Kuum nuga&#8221; | Kuuma traadi penoplasti k\u00e4sil\u00f5ikurid"},"content":{"rendered":"<div class=\"wpb-content-wrapper\"><p>[vc_row][vc_column][vc_column_text]<\/p>\n<h1><span style=\"color: #808080; font-size: 36pt;\">K\u00c4SIL\u00d5IKURID<\/span><\/h1>\n<p>[\/vc_column_text][\/vc_column][\/vc_row][vc_row][vc_column][vc_column_text]<\/p>\n<blockquote><p><span style=\"color: #ff6600; font-size: 18pt;\">&#8220;<span style=\"color: #808080;\">HANDS FREE<\/span>&#8221; k\u00e4sil\u00f5ikurid\u00a0filigraanseks t\u00f6\u00f6ks!<\/span><\/p><\/blockquote>\n<p>[\/vc_column_text][\/vc_column][\/vc_row][vc_row][vc_column width=&#8221;1\/2&#8243;][vc_cta h2=&#8221;Kuum nuga HWS250!&#8221; h4=&#8221;&#8220;Soonte l\u00f5ikamiseks&#8220;&#8221; h4_font_container=&#8221;tag:h3|text_align:center|color:%23ff9900&#8243; h4_google_fonts=&#8221;font_family:Raleway%3A100%2C200%2C300%2Cregular%2C500%2C600%2C700%2C800%2C900|font_style:500%20bold%20regular%3A500%3Anormal&#8221; txt_align=&#8221;center&#8221; shape=&#8221;square&#8221; style=&#8221;outline&#8221; add_button=&#8221;bottom&#8221; btn_title=&#8221;VAATA L\u00c4HEMALT&#8221; btn_style=&#8221;outline&#8221; btn_shape=&#8221;square&#8221; btn_color=&#8221;warning&#8221; btn_align=&#8221;center&#8221; css_animation=&#8221;none&#8221; css=&#8221;&#8221; use_custom_fonts_h4=&#8221;true&#8221; btn_link=&#8221;url:http%3A%2F%2Fwww.hotwiresystems.com%2Fet%2Fkuum-nuga-loikur-penoplastile-hws250%2F|title:Penoplasti%20kuum%20nuga%20l%C3%B5ikur%20HWS250!%20Vaata%20rohkem%20infot.||&#8221;]<img loading=\"lazy\" decoding=\"async\" class=\"aligncenter wp-image-16333 size-full\" src=\"https:\/\/hotwiresystems.com\/wp-content\/uploads\/2025\/07\/Kuum-nuga-penoplasti-loikur-HWS250-2.jpg\" alt=\"Kuum nuga l\u00f5ikur HWS250!\" width=\"600\" height=\"600\" srcset=\"https:\/\/hotwiresystems.com\/wp-content\/uploads\/2025\/07\/Kuum-nuga-penoplasti-loikur-HWS250-2.jpg 600w, https:\/\/hotwiresystems.com\/wp-content\/uploads\/2025\/07\/Kuum-nuga-penoplasti-loikur-HWS250-2-300x300.jpg 300w, https:\/\/hotwiresystems.com\/wp-content\/uploads\/2025\/07\/Kuum-nuga-penoplasti-loikur-HWS250-2-150x150.jpg 150w\" sizes=\"(max-width: 600px) 100vw, 600px\" \/>[\/vc_cta][\/vc_column][vc_column width=&#8221;1\/2&#8243;][vc_cta h2=&#8221;K\u00e4sil\u00f5ikur HWS&#8221; h4=&#8221;\u201cKuumatraadi saag&#8220;&#8221; h4_font_container=&#8221;tag:h3|text_align:center|color:%23ff9900&#8243; h4_google_fonts=&#8221;font_family:Raleway%3A100%2C200%2C300%2Cregular%2C500%2C600%2C700%2C800%2C900|font_style:500%20bold%20regular%3A500%3Anormal&#8221; txt_align=&#8221;center&#8221; shape=&#8221;square&#8221; style=&#8221;outline&#8221; add_button=&#8221;bottom&#8221; btn_title=&#8221;VAATA L\u00c4HEMALT&#8221; btn_style=&#8221;outline&#8221; btn_shape=&#8221;square&#8221; btn_color=&#8221;warning&#8221; btn_align=&#8221;center&#8221; css_animation=&#8221;none&#8221; css=&#8221;&#8221; use_custom_fonts_h4=&#8221;true&#8221; btn_link=&#8221;url:http%3A%2F%2Fwww.hotwiresystems.com%2Fet%2Fpenoplasti-kuumatraadi-kasiloikur-hws%2F|title:Penoplasti%20K%C3%A4sil%C3%B5ikur%20HWS!%20Vaata%20rohkem%20infot.||&#8221;]<img loading=\"lazy\" decoding=\"async\" class=\"aligncenter wp-image-16378 size-full\" src=\"https:\/\/hotwiresystems.com\/wp-content\/uploads\/2025\/07\/Kuumatraadi-kasiloikur-HWS-1.jpg\" alt=\"Kuumatraadi k\u00e4sil\u00f5ikur HWS\" width=\"600\" height=\"600\" srcset=\"https:\/\/hotwiresystems.com\/wp-content\/uploads\/2025\/07\/Kuumatraadi-kasiloikur-HWS-1.jpg 600w, https:\/\/hotwiresystems.com\/wp-content\/uploads\/2025\/07\/Kuumatraadi-kasiloikur-HWS-1-300x300.jpg 300w, https:\/\/hotwiresystems.com\/wp-content\/uploads\/2025\/07\/Kuumatraadi-kasiloikur-HWS-1-150x150.jpg 150w\" sizes=\"(max-width: 600px) 100vw, 600px\" \/>[\/vc_cta][\/vc_column][\/vc_row][vc_row][vc_column][vc_column_text css=&#8221;&#8221;]<\/p>\n<p style=\"text-align: left;\"><span style=\"font-size: 12pt; color: #000000;\">Parim valik erinevaid <strong>vahtpol\u00fcst\u00fcreeni (EPS, XPS)\u00a0l\u00f5ikeseadmeid<\/strong>\u00a0mis sobivad nii tava- kui ka professionaalsele kasutajale erinevateks vajadusteks: modelleerimine, disain, ehitus, arhitektuur, pakkimine, tootmine, jne.\u00a0Pakume toodet\u00a0m\u00fc\u00fcgiks nii eraisikutele kui ka firmadele.\u00a0<\/span><\/p>\n<p style=\"text-align: left;\"><span style=\"font-size: 12pt; color: #000000;\"><strong>Asume Peetris (M\u00f5igu Tehnopark)<\/strong>\u00a0kuid saadame kuumatraadi k\u00e4sil\u00f5ikurid ning &#8220;kuum noad&#8221; mujalegi Eestisse ja kasutame selleks transpordifirma <a style=\"color: #000000;\" href=\"https:\/\/www.pakivedu.ee\" target=\"_blank\" rel=\"noopener noreferrer\"><strong>DPD<\/strong> uksest-ukseni teenuseid<\/a>, <a style=\"color: #000000;\" href=\"https:\/\/www.cargobus.ee\" target=\"_blank\" rel=\"noopener noreferrer\"><strong>CargoBus<\/strong> teenuseid<\/a>, <strong>SmartPOSTi<\/strong>\u00a0pakiautomaadid ja <a style=\"color: #000000;\" href=\"https:\/\/www.omniva.ee\" target=\"_blank\" rel=\"noopener noreferrer\"><strong>Omniva<\/strong>\u00a0pakiautomaadid<\/a>. Samuti saadame l\u00f5ikeseadmed\u00a0Euroopa Liidu liikmesriikidesse.<\/span><\/p>\n<p>[\/vc_column_text][\/vc_column][\/vc_row][vc_row][vc_column][vc_separator color=&#8221;orange&#8221;][\/vc_column][\/vc_row][vc_row][vc_column][vc_column_text]<\/p>\n<p style=\"text-align: center;\"><span style=\"font-size: 24pt; color: #808080;\">Ei leidnud sobivat toodet?<\/span><\/p>\n<p>[\/vc_column_text][vc_btn title=&#8221;KIRJUTA MEILE&#8221; style=&#8221;outline&#8221; shape=&#8221;square&#8221; color=&#8221;blue&#8221; align=&#8221;center&#8221; i_align=&#8221;right&#8221; i_icon_fontawesome=&#8221;&#8221; css_animation=&#8221;none&#8221; css=&#8221;&#8221; add_icon=&#8221;true&#8221; link=&#8221;url:https%3A%2F%2Fhotwiresystems.com%2Fet%2Fkontakt%2F|title:V%C3%B5tke%20meiega%20%C3%BChendust!&#8221;][\/vc_column][\/vc_row][vc_column width=&#8221;1\/2&#8243;][\/vc_column][vc_column width=&#8221;1\/2&#8243;][\/vc_column]<\/p>\n<\/div><!-- AddThis Advanced Settings generic via filter on the_content --><!-- AddThis Share Buttons generic via filter on the_content -->","protected":false},"excerpt":{"rendered":"<p>[vc_row][vc_column][vc_column_text] K\u00c4SIL\u00d5IKURID [\/vc_column_text][\/vc_column][\/vc_row][vc_row][vc_column][vc_column_text] &#8220;HANDS FREE&#8221; k\u00e4sil\u00f5ikurid\u00a0filigraanseks t\u00f6\u00f6ks! [\/vc_column_text][\/vc_column][\/vc_row][vc_row][vc_column width=&#8221;1\/2&#8243;][vc_cta h2=&#8221;Kuum nuga HWS250!&#8221; h4=&#8221;&#8220;Soonte l\u00f5ikamiseks&#8220;&#8221; h4_font_container=&#8221;tag:h3|text_align:center|color:%23ff9900&#8243; h4_google_fonts=&#8221;font_family:Raleway%3A100%2C200%2C300%2Cregular%2C500%2C600%2C700%2C800%2C900|font_style:500%20bold%20regular%3A500%3Anormal&#8221; txt_align=&#8221;center&#8221; shape=&#8221;square&#8221; style=&#8221;outline&#8221; add_button=&#8221;bottom&#8221; btn_title=&#8221;VAATA L\u00c4HEMALT&#8221; btn_style=&#8221;outline&#8221; btn_shape=&#8221;square&#8221; btn_color=&#8221;warning&#8221; btn_align=&#8221;center&#8221; css_animation=&#8221;none&#8221; css=&#8221;&#8221; use_custom_fonts_h4=&#8221;true&#8221; btn_link=&#8221;url:http%3A%2F%2Fwww.hotwiresystems.com%2Fet%2Fkuum-nuga-loikur-penoplastile-hws250%2F|title:Penoplasti%20kuum%20nuga%20l%C3%B5ikur%20HWS250!%20Vaata%20rohkem%20infot.||&#8221;][\/vc_cta][\/vc_column][vc_column width=&#8221;1\/2&#8243;][vc_cta h2=&#8221;K\u00e4sil\u00f5ikur HWS&#8221; h4=&#8221;\u201cKuumatraadi saag&#8220;&#8221; h4_font_container=&#8221;tag:h3|text_align:center|color:%23ff9900&#8243; h4_google_fonts=&#8221;font_family:Raleway%3A100%2C200%2C300%2Cregular%2C500%2C600%2C700%2C800%2C900|font_style:500%20bold%20regular%3A500%3Anormal&#8221; txt_align=&#8221;center&#8221; shape=&#8221;square&#8221; style=&#8221;outline&#8221; add_button=&#8221;bottom&#8221; btn_title=&#8221;VAATA L\u00c4HEMALT&#8221; btn_style=&#8221;outline&#8221; btn_shape=&#8221;square&#8221; btn_color=&#8221;warning&#8221; btn_align=&#8221;center&#8221; css_animation=&#8221;none&#8221; css=&#8221;&#8221; use_custom_fonts_h4=&#8221;true&#8221; btn_link=&#8221;url:http%3A%2F%2Fwww.hotwiresystems.com%2Fet%2Fpenoplasti-kuumatraadi-kasiloikur-hws%2F|title:Penoplasti%20K%C3%A4sil%C3%B5ikur%20HWS!%20Vaata%20rohkem%20infot.||&#8221;][\/vc_cta][\/vc_column][\/vc_row][vc_row][vc_column][vc_column_text css=&#8221;&#8221;] Parim valik erinevaid [&hellip;]<!-- AddThis Advanced Settings generic via filter on get_the_excerpt --><!-- AddThis Share Buttons generic via filter on get_the_excerpt --><\/p>\n","protected":false},"author":2,"featured_media":16333,"parent":0,"menu_order":0,"comment_status":"closed","ping_status":"closed","template":"","meta":{"footnotes":""},"yoast_head":"<!-- This site is optimized with the Yoast SEO plugin v23.3 - https:\/\/yoast.com\/wordpress\/plugins\/seo\/ -->\n<title>K\u00e4sil\u00f5ikurid &quot;Kuum nuga&quot; | Kuumatraadi penoplasti k\u00e4sil\u00f5ikurid<\/title>\n<meta name=\"description\" content=\"T\u00e4nu v\u00e4iksusele ja kergele kaalule penoplasti k\u00e4sil\u00f5ikurid v\u00f5imaldavad teostama nii lihtsad kuid ka keerulisemad &quot;vaba k\u00e4ega&quot; l\u00f5iget.\" \/>\n<meta name=\"robots\" content=\"index, follow, max-snippet:-1, max-image-preview:large, max-video-preview:-1\" \/>\n<link rel=\"canonical\" href=\"https:\/\/hotwiresystems.com\/et\/tooted-penoplasti-kasiloikurid-kuum-nuga\/\" \/>\n<meta property=\"og:locale\" content=\"et_EE\" \/>\n<meta property=\"og:type\" content=\"article\" \/>\n<meta property=\"og:title\" content=\"K\u00e4sil\u00f5ikurid &quot;Kuum nuga&quot; | Kuumatraadi penoplasti k\u00e4sil\u00f5ikurid\" \/>\n<meta property=\"og:description\" content=\"T\u00e4nu v\u00e4iksusele ja kergele kaalule penoplasti k\u00e4sil\u00f5ikurid v\u00f5imaldavad teostama nii lihtsad kuid ka keerulisemad &quot;vaba k\u00e4ega&quot; l\u00f5iget.\" \/>\n<meta property=\"og:url\" content=\"https:\/\/hotwiresystems.com\/et\/tooted-penoplasti-kasiloikurid-kuum-nuga\/\" \/>\n<meta property=\"article:modified_time\" content=\"2025-07-18T12:13:40+00:00\" \/>\n<meta property=\"og:image\" content=\"https:\/\/hotwiresystems.com\/wp-content\/uploads\/2025\/07\/Kuum-nuga-penoplasti-loikur-HWS250-2.jpg\" \/>\n\t<meta property=\"og:image:width\" content=\"600\" \/>\n\t<meta property=\"og:image:height\" content=\"600\" \/>\n\t<meta property=\"og:image:type\" content=\"image\/jpeg\" \/>\n<meta name=\"twitter:label1\" content=\"Est. reading time\" \/>\n\t<meta name=\"twitter:data1\" content=\"2 minutes\" \/>\n<script type=\"application\/ld+json\" class=\"yoast-schema-graph\">{\"@context\":\"https:\/\/schema.org\",\"@graph\":[{\"@type\":\"WebPage\",\"@id\":\"https:\/\/hotwiresystems.com\/et\/tooted-penoplasti-kasiloikurid-kuum-nuga\/\",\"url\":\"https:\/\/hotwiresystems.com\/et\/tooted-penoplasti-kasiloikurid-kuum-nuga\/\",\"name\":\"K\u00e4sil\u00f5ikurid \\\"Kuum nuga\\\" | Kuumatraadi penoplasti k\u00e4sil\u00f5ikurid\",\"isPartOf\":{\"@id\":\"https:\/\/hotwiresystems.com\/#website\"},\"primaryImageOfPage\":{\"@id\":\"https:\/\/hotwiresystems.com\/et\/tooted-penoplasti-kasiloikurid-kuum-nuga\/#primaryimage\"},\"image\":{\"@id\":\"https:\/\/hotwiresystems.com\/et\/tooted-penoplasti-kasiloikurid-kuum-nuga\/#primaryimage\"},\"thumbnailUrl\":\"https:\/\/hotwiresystems.com\/wp-content\/uploads\/2025\/07\/Kuum-nuga-penoplasti-loikur-HWS250-2.jpg\",\"datePublished\":\"2014-08-05T12:41:14+00:00\",\"dateModified\":\"2025-07-18T12:13:40+00:00\",\"description\":\"T\u00e4nu v\u00e4iksusele ja kergele kaalule penoplasti k\u00e4sil\u00f5ikurid v\u00f5imaldavad teostama nii lihtsad kuid ka keerulisemad \\\"vaba k\u00e4ega\\\" l\u00f5iget.\",\"breadcrumb\":{\"@id\":\"https:\/\/hotwiresystems.com\/et\/tooted-penoplasti-kasiloikurid-kuum-nuga\/#breadcrumb\"},\"inLanguage\":\"et-EE\",\"potentialAction\":[{\"@type\":\"ReadAction\",\"target\":[\"https:\/\/hotwiresystems.com\/et\/tooted-penoplasti-kasiloikurid-kuum-nuga\/\"]}]},{\"@type\":\"ImageObject\",\"inLanguage\":\"et-EE\",\"@id\":\"https:\/\/hotwiresystems.com\/et\/tooted-penoplasti-kasiloikurid-kuum-nuga\/#primaryimage\",\"url\":\"https:\/\/hotwiresystems.com\/wp-content\/uploads\/2025\/07\/Kuum-nuga-penoplasti-loikur-HWS250-2.jpg\",\"contentUrl\":\"https:\/\/hotwiresystems.com\/wp-content\/uploads\/2025\/07\/Kuum-nuga-penoplasti-loikur-HWS250-2.jpg\",\"width\":600,\"height\":600,\"caption\":\"Kuum nuga l\u00f5ikur HWS250!\"},{\"@type\":\"BreadcrumbList\",\"@id\":\"https:\/\/hotwiresystems.com\/et\/tooted-penoplasti-kasiloikurid-kuum-nuga\/#breadcrumb\",\"itemListElement\":[{\"@type\":\"ListItem\",\"position\":1,\"name\":\"Home\",\"item\":\"https:\/\/www.hotwiresystems.com\/et\/\"},{\"@type\":\"ListItem\",\"position\":2,\"name\":\"K\u00e4sil\u00f5ikurid &#8220;Kuum nuga&#8221; | Kuuma traadi penoplasti k\u00e4sil\u00f5ikurid\"}]},{\"@type\":\"WebSite\",\"@id\":\"https:\/\/hotwiresystems.com\/#website\",\"url\":\"https:\/\/hotwiresystems.com\/\",\"name\":\"\",\"description\":\"\",\"potentialAction\":[{\"@type\":\"SearchAction\",\"target\":{\"@type\":\"EntryPoint\",\"urlTemplate\":\"https:\/\/hotwiresystems.com\/?s={search_term_string}\"},\"query-input\":\"required name=search_term_string\"}],\"inLanguage\":\"et-EE\"}]}<\/script>\n<!-- \/ Yoast SEO plugin. -->","yoast_head_json":{"title":"K\u00e4sil\u00f5ikurid \"Kuum nuga\" | Kuumatraadi penoplasti k\u00e4sil\u00f5ikurid","description":"T\u00e4nu v\u00e4iksusele ja kergele kaalule penoplasti k\u00e4sil\u00f5ikurid v\u00f5imaldavad teostama nii lihtsad kuid ka keerulisemad \"vaba k\u00e4ega\" l\u00f5iget.","robots":{"index":"index","follow":"follow","max-snippet":"max-snippet:-1","max-image-preview":"max-image-preview:large","max-video-preview":"max-video-preview:-1"},"canonical":"https:\/\/hotwiresystems.com\/et\/tooted-penoplasti-kasiloikurid-kuum-nuga\/","og_locale":"et_EE","og_type":"article","og_title":"K\u00e4sil\u00f5ikurid \"Kuum nuga\" | Kuumatraadi penoplasti k\u00e4sil\u00f5ikurid","og_description":"T\u00e4nu v\u00e4iksusele ja kergele kaalule penoplasti k\u00e4sil\u00f5ikurid v\u00f5imaldavad teostama nii lihtsad kuid ka keerulisemad \"vaba k\u00e4ega\" l\u00f5iget.","og_url":"https:\/\/hotwiresystems.com\/et\/tooted-penoplasti-kasiloikurid-kuum-nuga\/","article_modified_time":"2025-07-18T12:13:40+00:00","og_image":[{"width":600,"height":600,"url":"https:\/\/hotwiresystems.com\/wp-content\/uploads\/2025\/07\/Kuum-nuga-penoplasti-loikur-HWS250-2.jpg","type":"image\/jpeg"}],"twitter_misc":{"Est. reading time":"2 minutes"},"schema":{"@context":"https:\/\/schema.org","@graph":[{"@type":"WebPage","@id":"https:\/\/hotwiresystems.com\/et\/tooted-penoplasti-kasiloikurid-kuum-nuga\/","url":"https:\/\/hotwiresystems.com\/et\/tooted-penoplasti-kasiloikurid-kuum-nuga\/","name":"K\u00e4sil\u00f5ikurid \"Kuum nuga\" | Kuumatraadi penoplasti k\u00e4sil\u00f5ikurid","isPartOf":{"@id":"https:\/\/hotwiresystems.com\/#website"},"primaryImageOfPage":{"@id":"https:\/\/hotwiresystems.com\/et\/tooted-penoplasti-kasiloikurid-kuum-nuga\/#primaryimage"},"image":{"@id":"https:\/\/hotwiresystems.com\/et\/tooted-penoplasti-kasiloikurid-kuum-nuga\/#primaryimage"},"thumbnailUrl":"https:\/\/hotwiresystems.com\/wp-content\/uploads\/2025\/07\/Kuum-nuga-penoplasti-loikur-HWS250-2.jpg","datePublished":"2014-08-05T12:41:14+00:00","dateModified":"2025-07-18T12:13:40+00:00","description":"T\u00e4nu v\u00e4iksusele ja kergele kaalule penoplasti k\u00e4sil\u00f5ikurid v\u00f5imaldavad teostama nii lihtsad kuid ka keerulisemad \"vaba k\u00e4ega\" l\u00f5iget.","breadcrumb":{"@id":"https:\/\/hotwiresystems.com\/et\/tooted-penoplasti-kasiloikurid-kuum-nuga\/#breadcrumb"},"inLanguage":"et-EE","potentialAction":[{"@type":"ReadAction","target":["https:\/\/hotwiresystems.com\/et\/tooted-penoplasti-kasiloikurid-kuum-nuga\/"]}]},{"@type":"ImageObject","inLanguage":"et-EE","@id":"https:\/\/hotwiresystems.com\/et\/tooted-penoplasti-kasiloikurid-kuum-nuga\/#primaryimage","url":"https:\/\/hotwiresystems.com\/wp-content\/uploads\/2025\/07\/Kuum-nuga-penoplasti-loikur-HWS250-2.jpg","contentUrl":"https:\/\/hotwiresystems.com\/wp-content\/uploads\/2025\/07\/Kuum-nuga-penoplasti-loikur-HWS250-2.jpg","width":600,"height":600,"caption":"Kuum nuga l\u00f5ikur HWS250!"},{"@type":"BreadcrumbList","@id":"https:\/\/hotwiresystems.com\/et\/tooted-penoplasti-kasiloikurid-kuum-nuga\/#breadcrumb","itemListElement":[{"@type":"ListItem","position":1,"name":"Home","item":"https:\/\/www.hotwiresystems.com\/et\/"},{"@type":"ListItem","position":2,"name":"K\u00e4sil\u00f5ikurid &#8220;Kuum nuga&#8221; | Kuuma traadi penoplasti k\u00e4sil\u00f5ikurid"}]},{"@type":"WebSite","@id":"https:\/\/hotwiresystems.com\/#website","url":"https:\/\/hotwiresystems.com\/","name":"","description":"","potentialAction":[{"@type":"SearchAction","target":{"@type":"EntryPoint","urlTemplate":"https:\/\/hotwiresystems.com\/?s={search_term_string}"},"query-input":"required name=search_term_string"}],"inLanguage":"et-EE"}]}},"_links":{"self":[{"href":"https:\/\/hotwiresystems.com\/et\/wp-json\/wp\/v2\/pages\/2507"}],"collection":[{"href":"https:\/\/hotwiresystems.com\/et\/wp-json\/wp\/v2\/pages"}],"about":[{"href":"https:\/\/hotwiresystems.com\/et\/wp-json\/wp\/v2\/types\/page"}],"author":[{"embeddable":true,"href":"https:\/\/hotwiresystems.com\/et\/wp-json\/wp\/v2\/users\/2"}],"replies":[{"embeddable":true,"href":"https:\/\/hotwiresystems.com\/et\/wp-json\/wp\/v2\/comments?post=2507"}],"version-history":[{"count":5,"href":"https:\/\/hotwiresystems.com\/et\/wp-json\/wp\/v2\/pages\/2507\/revisions"}],"predecessor-version":[{"id":16388,"href":"https:\/\/hotwiresystems.com\/et\/wp-json\/wp\/v2\/pages\/2507\/revisions\/16388"}],"wp:featuredmedia":[{"embeddable":true,"href":"https:\/\/hotwiresystems.com\/et\/wp-json\/wp\/v2\/media\/16333"}],"wp:attachment":[{"href":"https:\/\/hotwiresystems.com\/et\/wp-json\/wp\/v2\/media?parent=2507"}],"curies":[{"name":"wp","href":"https:\/\/api.w.org\/{rel}","templated":true}]}}