{"id":2360,"date":"2014-08-05T14:35:46","date_gmt":"2014-08-05T12:35:46","guid":{"rendered":"http:\/\/kuumtraat.ee\/?page_id=2360"},"modified":"2022-02-22T21:21:30","modified_gmt":"2022-02-22T19:21:30","slug":"penoplasti-kasiloikur-kuum-nuga-styro-cut-140","status":"publish","type":"page","link":"https:\/\/hotwiresystems.com\/et\/penoplasti-kasiloikur-kuum-nuga-styro-cut-140\/","title":{"rendered":"Penoplasti k\u00e4sil\u00f5ikur &#8220;Kuum nuga&#8221; Styro-Cut 140"},"content":{"rendered":"<div class=\"wpb-content-wrapper\"><p>[vc_row][vc_column][vc_column_text]<\/p>\n<h1><span style=\"color: #808080;\"><span style=\"font-size: 36pt;\">STYRO-CUT 140<\/span><\/span><\/h1>\n<p>[\/vc_column_text][\/vc_column][\/vc_row][vc_row][vc_column][vc_column_text]<\/p>\n<blockquote><p><span style=\"font-size: 18pt; color: #ff6600;\">&#8220;<span style=\"color: #808080;\">Kuum Nuga<\/span>&#8221; l\u00f5ikur\u00a0filigraanseks t\u00f6\u00f6ks!<\/span><\/p><\/blockquote>\n<p>[\/vc_column_text][vc_column_text]<\/p>\n<p style=\"text-align: left;\"><span style=\"font-size: 12pt; color: #000000;\"><strong>Penoplasti k\u00e4sil\u00f5ikur Styro-Cut 140<\/strong> (rahvakeeli &#8211; <strong>Kuum Nuga<\/strong>) &#8211; on v\u00e4ike, kompaktne aga \u00fcsnagi\u00a0praktiline elektriline k\u00e4sit\u00f6\u00f6riist vahtplastist <strong><a style=\"color: #000000;\" title=\"Mis on EPS? | Vahtpol\u00fcst\u00fcreeni omadused ja kasutusalad\" href=\"\/?page_id=4099\">(EPS, XPS)<\/a> <\/strong>materjalide l\u00f5ikamiseks. T\u00e4nu mugavale kandekohvrile, v\u00e4iksusele ja kergele kaalule on l\u00f5ikeseade mobiilne ja\u00a0kaasaskantav.\u00a0Penoplasti k\u00e4sil\u00f5ikur <strong>kuum nuga Styro-Cut 140<\/strong> v\u00f5imsus on &#8211; 110 vatti, mis v\u00f5imaldab kasutada kuni 160 mm l\u00f5iketera.<\/span><\/p>\n<p>[\/vc_column_text][vc_row_inner][vc_column_inner width=&#8221;1\/2&#8243;][vc_single_image image=&#8221;6100&#8243; img_size=&#8221;large&#8221; alignment=&#8221;center&#8221; onclick=&#8221;img_link_large&#8221;][\/vc_column_inner][vc_column_inner width=&#8221;1\/2&#8243;][vc_single_image image=&#8221;6101&#8243; img_size=&#8221;large&#8221; alignment=&#8221;center&#8221; onclick=&#8221;img_link_large&#8221;][\/vc_column_inner][\/vc_row_inner][vc_column_text]<\/p>\n<p style=\"text-align: left;\"><span style=\"font-size: 12pt; color: #000000;\">Lisaks sirge teradele saab ka eraldi kasutada igasugused kumerad terad mis teevad k\u00e4sil\u00f5ikur <strong>kuum nuga Styro-Cut 140<\/strong>\u00a0asendamatuks\u00a0k\u00f5ikv\u00f5imalike v\u00e4iksemate s\u00fcvendite tegemiseks, n\u00e4iteks torustiku- ja elektrikaablite avad ja sooned \u2013 k\u00f5ikjal, kus on vajalikud kiired sissel\u00f5iked. Styro-Cut 140 l\u00f5ikuri l\u00f5iketera kuumeneb kuni 500 \u00b0C, v\u00f5imaldades vahtpol\u00fcst\u00fcreeni <a style=\"color: #000000;\" title=\"Mis on EPS? | Vahtpol\u00fcst\u00fcreeni omadused ja kasutusalad\" href=\"\/?page_id=4099\"><strong>(EPS, XPS)<\/strong>\u00a0<\/a>t\u00f6\u00f6delda kiirelt ja puhtalt \u2013 tolmu ja prahita.<\/span><\/p>\n<p>[\/vc_column_text][\/vc_column][\/vc_row][vc_row][vc_column][vc_separator color=&#8221;orange&#8221;][\/vc_column][\/vc_row][vc_row][vc_column][vc_column_text]<\/p>\n<h2><span style=\"font-size: 36pt; color: #808080;\">TEHNILINE INFO<\/span><\/h2>\n<p>[\/vc_column_text][\/vc_column][\/vc_row][vc_row][vc_column width=&#8221;1\/2&#8243;][vc_column_text]<\/p>\n<ul style=\"list-style-type: circle;\">\n<li style=\"text-align: left;\"><span style=\"font-size: 12pt; color: #000000;\">Juba umbes 4 sekundi j\u00e4rel l\u00f5ikamiseks valmis<\/span><\/li>\n<li style=\"text-align: left;\"><span style=\"font-size: 12pt; color: #000000;\">Lihtne kasutada<\/span><\/li>\n<li style=\"text-align: left;\"><span style=\"font-size: 12pt; color: #000000;\">Toitepinge: 230 V \u2013 50 Hz<\/span><\/li>\n<li style=\"text-align: left;\"><span style=\"font-size: 12pt; color: #000000;\">V\u00f5imsus: 110W<\/span><\/li>\n<li style=\"text-align: left;\"><span style=\"color: #000000; font-size: 12pt;\">T\u00f6\u00f6temperatuur: 0\u00b0 kuni +35\u00b0 C<\/span><\/li>\n<li style=\"text-align: left;\"><span style=\"font-size: 12pt; color: #000000;\">Tera temperatuur max.: 500\u00b0 C<\/span><\/li>\n<li style=\"text-align: left;\"><span style=\"font-size: 12pt; color: #000000;\">Kaal: 1,025 kg<\/span><\/li>\n<li style=\"text-align: left;\"><span style=\"font-size: 12pt; color: #000000;\">Toitekaabli pikkus 3 m<\/span><\/li>\n<li style=\"text-align: left;\"><span style=\"font-size: 12pt; color: #000000;\">Suur t\u00f6\u00f6raadius<\/span><\/li>\n<li style=\"text-align: left;\"><span style=\"font-size: 12pt; color: #000000;\">L\u00f5iketera vahetus lihtne ja kire<\/span><\/li>\n<li style=\"text-align: left;\"><span style=\"font-size: 12pt; color: #000000;\">V\u00f5imaldab kasutada tera max. 160mm<\/span><\/li>\n<\/ul>\n<p>[\/vc_column_text][\/vc_column][vc_column width=&#8221;1\/2&#8243;][vc_single_image image=&#8221;6098&#8243; img_size=&#8221;large&#8221; alignment=&#8221;center&#8221; onclick=&#8221;img_link_large&#8221;][\/vc_column][\/vc_row][vc_row][vc_column][vc_separator color=&#8221;orange&#8221;][\/vc_column][\/vc_row][vc_row][vc_column][vc_column_text]<\/p>\n<h2 style=\"text-align: left;\"><span style=\"color: #808080; font-size: 36pt;\">STYRO-CUT 140 BAASKOMPLEKT<\/span><\/h2>\n<p>[\/vc_column_text][\/vc_column][\/vc_row][vc_row][vc_column width=&#8221;1\/2&#8243;][vc_column_text]<\/p>\n<h2 style=\"text-align: left;\"><span style=\"font-size: 14pt; color: #ff6600;\">P\u00f5hikomplekt sisaldab:<\/span><\/h2>\n<ul style=\"list-style-type: circle;\">\n<li style=\"text-align: left;\"><span style=\"font-size: 12pt; color: #000000;\">K\u00e4sil\u00f5ikur Styro-Cut 140<\/span><\/li>\n<li style=\"text-align: left;\"><span style=\"font-size: 12pt; color: #000000;\">L\u00f5iketera pikkusega 140 mm<\/span><\/li>\n<li style=\"text-align: left;\"><span style=\"font-size: 12pt; color: #000000;\">Puhastushari<\/span><\/li>\n<li style=\"text-align: left;\"><span style=\"font-size: 12pt; color: #000000;\">Kasutusjuhend<\/span><\/li>\n<li style=\"text-align: left;\"><span style=\"font-size: 12pt; color: #000000;\">Kompaktne kandekohver<\/span><\/li>\n<\/ul>\n<p>[\/vc_column_text][\/vc_column][vc_column width=&#8221;1\/2&#8243;][vc_single_image image=&#8221;6097&#8243; img_size=&#8221;large&#8221; alignment=&#8221;center&#8221; onclick=&#8221;img_link_large&#8221;][\/vc_column][\/vc_row][vc_row][vc_column][vc_column_text]<\/p>\n<table border=\"0\">\n<tbody>\n<tr>\n<td><\/td>\n<td style=\"text-align: center;\">\n<h4><span style=\"color: #ff6600;\">Styro-Cut 140<\/span><\/h4>\n<\/td>\n<\/tr>\n<tr>\n<td>\n<h4><span style=\"color: #808080;\">Art. nr.:<\/span><\/h4>\n<\/td>\n<td style=\"text-align: center;\">\n<h4><span style=\"color: #000000;\">HWS-Styro-Cut140<\/span><\/h4>\n<\/td>\n<\/tr>\n<tr>\n<td>\n<h4><span style=\"color: #808080;\">Laoseis:<\/span><\/h4>\n<\/td>\n<td style=\"text-align: center;\">\n<h4><span style=\"color: #0000ff;\">Laos olemas<\/span><\/h4>\n<\/td>\n<\/tr>\n<tr>\n<td>\n<h4><span style=\"color: #808080;\">Hind:<\/span><\/h4>\n<\/td>\n<td style=\"text-align: center;\">\n<h4><span style=\"color: #ff6600;\">180 \u20ac<\/span><\/h4>\n<\/td>\n<\/tr>\n<\/tbody>\n<\/table>\n<p>[\/vc_column_text][vc_column_text]<\/p>\n<p style=\"text-align: right;\"><em><span style=\"font-size: 12pt;\">Hindadele lisandub k\u00e4ibemaks 20%<\/span><\/em><\/p>\n<p>[\/vc_column_text][vc_single_image image=&#8221;6096&#8243; img_size=&#8221;large&#8221; alignment=&#8221;center&#8221; onclick=&#8221;img_link_large&#8221;][\/vc_column][\/vc_row][vc_row][vc_column][vc_column_text]<\/p>\n<p style=\"text-align: left;\"><span style=\"font-size: 12pt; color: #000000;\"><em><span style=\"color: #ff0000;\"><strong>T\u00e4helepanu:<\/strong><\/span>\u00a0Penoplasti k\u00e4sil\u00f5ikur kuum nuga Styro-Cut 140\u00a0on ette n\u00e4htud l\u00fchiajaliseks operatsiooniks. Pidev t\u00f6\u00f6tamine (nt k\u00fclge kinnitatud l\u00fcliti) v\u00f5ib viia trafo l\u00e4bip\u00f5lemiseni.<\/em><\/span><\/p>\n<p>[\/vc_column_text][vc_btn title=&#8221;OSTA E-POEST&#8221; style=&#8221;outline&#8221; color=&#8221;warning&#8221; align=&#8221;center&#8221; i_align=&#8221;right&#8221; i_icon_fontawesome=&#8221;fa fa-shopping-cart&#8221; add_icon=&#8221;true&#8221; custom_onclick=&#8221;true&#8221; link=&#8221;url:https%3A%2F%2Fshop.hotwiresystems.com%2Fkoik-tooted%2Fkasiloikur-styro-cut-140%2F|title:Osta%20mugavalt%20e-poest!|target:%20_blank|&#8221; custom_onclick_code=&#8221;TEST&#8221;][\/vc_column][\/vc_row][vc_row][vc_column][vc_separator color=&#8221;orange&#8221;][\/vc_column][\/vc_row][vc_row][vc_column][vc_column_text]<\/p>\n<h2 style=\"text-align: justify;\"><span style=\"font-size: 36pt; color: #808080;\">VIDEO<\/span><\/h2>\n<p>[\/vc_column_text][vc_column_text]<\/p>\n<div style=\"width: 854px;\" class=\"wp-video\"><!--[if lt IE 9]><script>document.createElement('video');<\/script><![endif]-->\n<video class=\"wp-video-shortcode\" id=\"video-2360-1\" width=\"854\" height=\"480\" preload=\"metadata\" controls=\"controls\"><source type=\"video\/mp4\" src=\"https:\/\/www.hotwiresystems.com\/wp-content\/uploads\/2015\/08\/Styro-Cut-140-EST.mp4?_=1\" \/><a href=\"https:\/\/www.hotwiresystems.com\/wp-content\/uploads\/2015\/08\/Styro-Cut-140-EST.mp4\">https:\/\/www.hotwiresystems.com\/wp-content\/uploads\/2015\/08\/Styro-Cut-140-EST.mp4<\/a><\/video><\/div>\n<p>[\/vc_column_text][\/vc_column][\/vc_row][vc_row][vc_column][vc_separator color=&#8221;orange&#8221;][\/vc_column][\/vc_row][vc_row][vc_column][vc_column_text]<\/p>\n<h2 style=\"text-align: justify;\"><span style=\"font-size: 36pt; color: #808080;\">LISATERAD<\/span><\/h2>\n<p>[\/vc_column_text][\/vc_column][\/vc_row][vc_row][vc_column][vc_column_text]<\/p>\n<table border=\"0\">\n<tbody>\n<tr>\n<td>\n<h4><span style=\"color: #808080;\"><a style=\"color: #808080;\" href=\"https:\/\/www.hotwiresystems.com\/wp-content\/uploads\/2014\/07\/Blade.jpg\"><img loading=\"lazy\" decoding=\"async\" class=\"aligncenter\" title=\"Type C-100\" src=\"https:\/\/www.hotwiresystems.com\/wp-content\/uploads\/2014\/07\/Blade.jpg\" alt=\"Blade Type C\" width=\"108\" height=\"108\" \/><\/a><\/span><\/h4>\n<h4 style=\"text-align: center;\"><span style=\"color: #808080;\">Type C-100<\/span><br \/>\n<span style=\"color: #ff6600;\">Hind: 30 \u20ac<\/span><\/h4>\n<\/td>\n<td>\n<h4><span style=\"color: #808080;\"><a style=\"color: #808080;\" href=\"https:\/\/www.hotwiresystems.com\/wp-content\/uploads\/2014\/07\/Blade-CN.jpg\"><img loading=\"lazy\" decoding=\"async\" class=\"aligncenter\" title=\"Type CN-20\" src=\"https:\/\/www.hotwiresystems.com\/wp-content\/uploads\/2014\/07\/Blade-CN.jpg\" alt=\"Blade CN\" width=\"108\" height=\"108\" \/><\/a><\/span><\/h4>\n<h4 style=\"text-align: center;\"><span style=\"color: #808080;\">Type CN-14<\/span><br \/>\n<span style=\"color: #ff6600;\">Hind: 35 \u20ac<\/span><\/h4>\n<\/td>\n<\/tr>\n<tr>\n<td>\n<h4><span style=\"color: #808080;\"><a style=\"color: #808080;\" href=\"https:\/\/www.hotwiresystems.com\/wp-content\/uploads\/2014\/07\/Blade.jpg\"><img loading=\"lazy\" decoding=\"async\" class=\"aligncenter\" title=\"Type C-140\" src=\"https:\/\/www.hotwiresystems.com\/wp-content\/uploads\/2014\/07\/Blade.jpg\" alt=\"Blade Type C\" width=\"108\" height=\"108\" \/><\/a><\/span><\/h4>\n<h4 style=\"text-align: center;\"><span style=\"color: #808080;\">Type C-140<\/span><br \/>\n<span style=\"color: #ff6600;\">Hind: 30 \u20ac<\/span><\/h4>\n<\/td>\n<td>\n<h4><span style=\"color: #808080;\"><a style=\"color: #808080;\" href=\"https:\/\/www.hotwiresystems.com\/wp-content\/uploads\/2014\/07\/Blade-CN.jpg\"><img loading=\"lazy\" decoding=\"async\" class=\"aligncenter\" title=\"Type CN-24\" src=\"https:\/\/www.hotwiresystems.com\/wp-content\/uploads\/2014\/07\/Blade-CN.jpg\" alt=\"Blade CN\" width=\"108\" height=\"108\" \/><\/a><\/span><\/h4>\n<h4 style=\"text-align: center;\"><span style=\"color: #808080;\">Type CN-20<\/span><br \/>\n<span style=\"color: #ff6600;\">Hind: 35 \u20ac<\/span><\/h4>\n<\/td>\n<\/tr>\n<tr>\n<td>\n<h4><span style=\"color: #808080;\"><a style=\"color: #808080;\" href=\"https:\/\/www.hotwiresystems.com\/wp-content\/uploads\/2014\/07\/Blade.jpg\"><img loading=\"lazy\" decoding=\"async\" class=\"aligncenter\" title=\"Type C-160\" src=\"https:\/\/www.hotwiresystems.com\/wp-content\/uploads\/2014\/07\/Blade.jpg\" alt=\"Blade Type C\" width=\"108\" height=\"108\" \/><\/a><\/span><\/h4>\n<h4 style=\"text-align: center;\"><span style=\"color: #808080;\">Type C-160<\/span><br \/>\n<span style=\"color: #ff6600;\">Hind: 32 \u20ac<\/span><\/h4>\n<\/td>\n<td>\n<h4><span style=\"color: #808080;\"><a style=\"color: #808080;\" href=\"https:\/\/www.hotwiresystems.com\/wp-content\/uploads\/2014\/07\/Blade-CN.jpg\"><img loading=\"lazy\" decoding=\"async\" class=\"aligncenter\" title=\"Type CN-26\" src=\"https:\/\/www.hotwiresystems.com\/wp-content\/uploads\/2014\/07\/Blade-CN.jpg\" alt=\"Blade CN\" width=\"108\" height=\"108\" \/><\/a><\/span><\/h4>\n<h4 style=\"text-align: center;\"><span style=\"color: #808080;\">Type CN-26<\/span><br \/>\n<span style=\"color: #ff6600;\">Hind: 35 \u20ac<\/span><\/h4>\n<\/td>\n<\/tr>\n<tr>\n<td>\n<h4><span style=\"color: #808080;\"><a style=\"color: #808080;\" href=\"https:\/\/www.hotwiresystems.com\/wp-content\/uploads\/2014\/07\/Blade-CS-20.jpg\"><img loading=\"lazy\" decoding=\"async\" class=\"aligncenter\" title=\"Type CS-20\" src=\"https:\/\/www.hotwiresystems.com\/wp-content\/uploads\/2014\/07\/Blade-CS-20.jpg\" alt=\"Blade CS-20\" width=\"108\" height=\"108\" \/><\/a><\/span><\/h4>\n<h4 style=\"text-align: center;\"><span style=\"color: #808080;\">Type CS-20<\/span><br \/>\n<span style=\"color: #ff6600;\">Hind: 35 \u20ac<\/span><\/h4>\n<\/td>\n<td>\n<h4><span style=\"color: #808080;\"><a style=\"color: #808080;\" href=\"https:\/\/www.hotwiresystems.com\/wp-content\/uploads\/2014\/07\/Blade-CR-20.jpg\"><img loading=\"lazy\" decoding=\"async\" class=\"aligncenter\" title=\"Type CR-20\" src=\"https:\/\/www.hotwiresystems.com\/wp-content\/uploads\/2014\/07\/Blade-CR-20.jpg\" alt=\"Blade CR-20\" width=\"108\" height=\"108\" \/><\/a><\/span><\/h4>\n<h4 style=\"text-align: center;\"><span style=\"color: #808080;\">Type CR-20<\/span><br \/>\n<span style=\"color: #ff6600;\">Hind: 35 \u20ac<\/span><\/h4>\n<\/td>\n<\/tr>\n<\/tbody>\n<\/table>\n<p>[\/vc_column_text][vc_column_text]<\/p>\n<p style=\"text-align: right;\"><span style=\"font-size: 12pt; color: #000000;\"><em>Hindadele lisandub k\u00e4ibemaks 20%<\/em><\/span><\/p>\n<p>[\/vc_column_text][\/vc_column][\/vc_row][vc_row][vc_column][vc_separator color=&#8221;orange&#8221;][\/vc_column][\/vc_row][vc_row][vc_column][vc_column_text]<\/p>\n<h2 style=\"text-align: justify;\"><span style=\"font-size: 36pt; color: #808080;\">SAADA P\u00c4RING<\/span><\/h2>\n<p>[\/vc_column_text][\/vc_column][\/vc_row][vc_row][vc_column][vc_tta_accordion style=&#8221;modern&#8221; shape=&#8221;square&#8221; color=&#8221;orange&#8221; gap=&#8221;3&#8243; c_icon=&#8221;chevron&#8221; c_position=&#8221;right&#8221; active_section=&#8221;1&#8243;][vc_tta_section i_icon_fontawesome=&#8221;fa fa-list&#8221; add_icon=&#8221;true&#8221; title=&#8221;SAADA P\u00c4RING&#8221; tab_id=&#8221;80a3195e-defd-cl&#8221;][vc_column_text]<\/p>\n<p>[caldera_form id=&#8221;CF5b30d3207a39b&#8221;]<\/p>\n<p>[\/vc_column_text][\/vc_tta_section][vc_tta_section i_icon_fontawesome=&#8221;fa fa-truck&#8221; add_icon=&#8221;true&#8221; title=&#8221;KOHALETOIMETAMINE&#8221; tab_id=&#8221;9842fb08-3721-cl&#8221;][vc_column_text]<\/p>\n<h2 style=\"text-align: left;\"><span style=\"font-size: 36pt; color: #808080;\">KOHALETOIMETAMINE<\/span><\/h2>\n<blockquote><p><span style=\"font-size: 18pt; color: #ff6600;\">Saadame l\u00f5ikeseadmed \u00fcle terve Eesti<\/span><\/p><\/blockquote>\n<p style=\"text-align: left;\"><span style=\"font-size: 12pt; color: #000000;\">Asume Peetris (M\u00f5igu Tehnopark) kuid saadame pakke mujalegi Eestisse ja kasutame selleks transpordifirma DPD uksest-ukseni teenuseid, CargoBus teenuseid, Itella SmartPost pakiautomaadid ja Omniva pakiautomaadid. Samuti saadame pakke Euroopa Liidu liikmesriikidesse. Transpordi maksumus lisatakse tellimusele ja m\u00e4rgitakse ka kliendile esitatud arvel. Juhul, kui tegemist on suuregabariidilise kaubaga, siis transpordi hind lepitakse kokku eraldi. Orienteeruv kohalej\u00f5udmise aeg on 1-3 t\u00f6\u00f6p\u00e4eva, kui kaup on kohe laos olemas, ja 3-10 t\u00f6\u00f6p\u00e4eva, kui kaupa laos ei ole.<\/span><\/p>\n<p>[\/vc_column_text][vc_btn title=&#8221;VAATA L\u00c4HEMALT&#8221; style=&#8221;outline&#8221; shape=&#8221;square&#8221; color=&#8221;orange&#8221; align=&#8221;right&#8221; i_align=&#8221;right&#8221; i_icon_fontawesome=&#8221;fa fa-truck&#8221; add_icon=&#8221;true&#8221; link=&#8221;url:http%3A%2F%2Fkuumtraat.ee%2Fpenoplasti-loikurite-kohaletoimetamine%2F|title:Kohaletoimetamine|&#8221;][\/vc_tta_section][\/vc_tta_accordion][\/vc_column][\/vc_row][vc_row][vc_column][vc_custom_heading text=&#8221;\u201cYour specialist for insulation cutting systems!\u201d&#8221; font_container=&#8221;tag:h5|font_size:30|text_align:center|color:%23919191|line_height:1&#8243; google_fonts=&#8221;font_family:Pacifico%3Aregular|font_style:400%20regular%3A400%3Anormal&#8221;][\/vc_column][\/vc_row][vc_row][vc_column][vc_separator color=&#8221;orange&#8221;][\/vc_column][\/vc_row][vc_row][vc_column][vc_btn title=&#8221;MEIE KONTAKTID&#8221; style=&#8221;outline&#8221; shape=&#8221;square&#8221; color=&#8221;blue&#8221; align=&#8221;left&#8221; i_align=&#8221;right&#8221; i_icon_fontawesome=&#8221;fa fa-check-square-o&#8221; add_icon=&#8221;true&#8221; link=&#8221;url:http%3A%2F%2Fkuumtraat.ee%2Fkontakt%2F|title:V%C3%B5tke%20meiega%20%C3%BChendust!|&#8221;][\/vc_column][\/vc_row]<\/p>\n<\/div><!-- AddThis Advanced Settings generic via filter on the_content --><!-- AddThis Share Buttons generic via filter on the_content -->","protected":false},"excerpt":{"rendered":"<p>[vc_row][vc_column][vc_column_text] STYRO-CUT 140 [\/vc_column_text][\/vc_column][\/vc_row][vc_row][vc_column][vc_column_text] &#8220;Kuum Nuga&#8221; l\u00f5ikur\u00a0filigraanseks t\u00f6\u00f6ks! [\/vc_column_text][vc_column_text] Penoplasti k\u00e4sil\u00f5ikur Styro-Cut 140 (rahvakeeli &#8211; Kuum Nuga) &#8211; on v\u00e4ike, kompaktne aga \u00fcsnagi\u00a0praktiline elektriline k\u00e4sit\u00f6\u00f6riist vahtplastist (EPS, XPS) materjalide l\u00f5ikamiseks. T\u00e4nu mugavale kandekohvrile, v\u00e4iksusele ja kergele kaalule on l\u00f5ikeseade mobiilne ja\u00a0kaasaskantav.\u00a0Penoplasti k\u00e4sil\u00f5ikur kuum nuga Styro-Cut 140 v\u00f5imsus on &#8211; 110 vatti, mis v\u00f5imaldab kasutada kuni [&hellip;]<!-- AddThis Advanced Settings generic via filter on get_the_excerpt --><!-- AddThis Share Buttons generic via filter on get_the_excerpt --><\/p>\n","protected":false},"author":2,"featured_media":0,"parent":0,"menu_order":0,"comment_status":"closed","ping_status":"closed","template":"","meta":{"footnotes":""},"yoast_head":"<!-- This site is optimized with the Yoast SEO plugin v23.3 - https:\/\/yoast.com\/wordpress\/plugins\/seo\/ -->\n<title>Kuum nuga penoplasti k\u00e4sil\u00f5ikur Styro-Cut 140! | Osta e-poest!<\/title>\n<meta name=\"description\" content=\"Penoplasti k\u00e4sil\u00f5ikur Styro-Cut 140 &quot;kuum nuga&quot; - on v\u00e4ike, kompaktne, praktiline elektriline k\u00e4sit\u00f6\u00f6riist vahtplastist materjalide (EPS, XPS) l\u00f5ikamiseks.\" \/>\n<meta name=\"robots\" content=\"index, follow, max-snippet:-1, max-image-preview:large, max-video-preview:-1\" \/>\n<link rel=\"canonical\" href=\"https:\/\/hotwiresystems.com\/et\/penoplasti-kasiloikur-kuum-nuga-styro-cut-140\/\" \/>\n<meta property=\"og:locale\" content=\"et_EE\" \/>\n<meta property=\"og:type\" content=\"article\" \/>\n<meta property=\"og:title\" content=\"Kuum nuga penoplasti k\u00e4sil\u00f5ikur Styro-Cut 140! | Osta e-poest!\" \/>\n<meta property=\"og:description\" content=\"Penoplasti k\u00e4sil\u00f5ikur Styro-Cut 140 &quot;kuum nuga&quot; - on v\u00e4ike, kompaktne, praktiline elektriline k\u00e4sit\u00f6\u00f6riist vahtplastist materjalide (EPS, XPS) l\u00f5ikamiseks.\" \/>\n<meta property=\"og:url\" content=\"https:\/\/hotwiresystems.com\/et\/penoplasti-kasiloikur-kuum-nuga-styro-cut-140\/\" \/>\n<meta property=\"article:modified_time\" content=\"2022-02-22T19:21:30+00:00\" \/>\n<meta property=\"og:image\" content=\"https:\/\/www.hotwiresystems.com\/wp-content\/uploads\/2014\/07\/Blade.jpg\" \/>\n<meta name=\"twitter:label1\" content=\"Est. reading time\" \/>\n\t<meta name=\"twitter:data1\" content=\"5 minutes\" \/>\n<script type=\"application\/ld+json\" class=\"yoast-schema-graph\">{\"@context\":\"https:\/\/schema.org\",\"@graph\":[{\"@type\":\"WebPage\",\"@id\":\"https:\/\/hotwiresystems.com\/et\/penoplasti-kasiloikur-kuum-nuga-styro-cut-140\/\",\"url\":\"https:\/\/hotwiresystems.com\/et\/penoplasti-kasiloikur-kuum-nuga-styro-cut-140\/\",\"name\":\"Kuum nuga penoplasti k\u00e4sil\u00f5ikur Styro-Cut 140! | Osta e-poest!\",\"isPartOf\":{\"@id\":\"https:\/\/www.hotwiresystems.com\/es\/#website\"},\"primaryImageOfPage\":{\"@id\":\"https:\/\/hotwiresystems.com\/et\/penoplasti-kasiloikur-kuum-nuga-styro-cut-140\/#primaryimage\"},\"image\":{\"@id\":\"https:\/\/hotwiresystems.com\/et\/penoplasti-kasiloikur-kuum-nuga-styro-cut-140\/#primaryimage\"},\"thumbnailUrl\":\"https:\/\/www.hotwiresystems.com\/wp-content\/uploads\/2014\/07\/Blade.jpg\",\"datePublished\":\"2014-08-05T12:35:46+00:00\",\"dateModified\":\"2022-02-22T19:21:30+00:00\",\"description\":\"Penoplasti k\u00e4sil\u00f5ikur Styro-Cut 140 \\\"kuum nuga\\\" - on v\u00e4ike, kompaktne, praktiline elektriline k\u00e4sit\u00f6\u00f6riist vahtplastist materjalide (EPS, XPS) l\u00f5ikamiseks.\",\"breadcrumb\":{\"@id\":\"https:\/\/hotwiresystems.com\/et\/penoplasti-kasiloikur-kuum-nuga-styro-cut-140\/#breadcrumb\"},\"inLanguage\":\"et-EE\",\"potentialAction\":[{\"@type\":\"ReadAction\",\"target\":[\"https:\/\/hotwiresystems.com\/et\/penoplasti-kasiloikur-kuum-nuga-styro-cut-140\/\"]}]},{\"@type\":\"ImageObject\",\"inLanguage\":\"et-EE\",\"@id\":\"https:\/\/hotwiresystems.com\/et\/penoplasti-kasiloikur-kuum-nuga-styro-cut-140\/#primaryimage\",\"url\":\"https:\/\/www.hotwiresystems.com\/wp-content\/uploads\/2014\/07\/Blade.jpg\",\"contentUrl\":\"https:\/\/www.hotwiresystems.com\/wp-content\/uploads\/2014\/07\/Blade.jpg\"},{\"@type\":\"BreadcrumbList\",\"@id\":\"https:\/\/hotwiresystems.com\/et\/penoplasti-kasiloikur-kuum-nuga-styro-cut-140\/#breadcrumb\",\"itemListElement\":[{\"@type\":\"ListItem\",\"position\":1,\"name\":\"Home\",\"item\":\"https:\/\/hotwiresystems.com\/et\/\"},{\"@type\":\"ListItem\",\"position\":2,\"name\":\"Penoplasti k\u00e4sil\u00f5ikur &#8220;Kuum nuga&#8221; Styro-Cut 140\"}]},{\"@type\":\"WebSite\",\"@id\":\"https:\/\/www.hotwiresystems.com\/es\/#website\",\"url\":\"https:\/\/www.hotwiresystems.com\/es\/\",\"name\":\"\",\"description\":\"\",\"potentialAction\":[{\"@type\":\"SearchAction\",\"target\":{\"@type\":\"EntryPoint\",\"urlTemplate\":\"https:\/\/www.hotwiresystems.com\/es\/?s={search_term_string}\"},\"query-input\":\"required name=search_term_string\"}],\"inLanguage\":\"et-EE\"}]}<\/script>\n<!-- \/ Yoast SEO plugin. -->","yoast_head_json":{"title":"Kuum nuga penoplasti k\u00e4sil\u00f5ikur Styro-Cut 140! | Osta e-poest!","description":"Penoplasti k\u00e4sil\u00f5ikur Styro-Cut 140 \"kuum nuga\" - on v\u00e4ike, kompaktne, praktiline elektriline k\u00e4sit\u00f6\u00f6riist vahtplastist materjalide (EPS, XPS) l\u00f5ikamiseks.","robots":{"index":"index","follow":"follow","max-snippet":"max-snippet:-1","max-image-preview":"max-image-preview:large","max-video-preview":"max-video-preview:-1"},"canonical":"https:\/\/hotwiresystems.com\/et\/penoplasti-kasiloikur-kuum-nuga-styro-cut-140\/","og_locale":"et_EE","og_type":"article","og_title":"Kuum nuga penoplasti k\u00e4sil\u00f5ikur Styro-Cut 140! | Osta e-poest!","og_description":"Penoplasti k\u00e4sil\u00f5ikur Styro-Cut 140 \"kuum nuga\" - on v\u00e4ike, kompaktne, praktiline elektriline k\u00e4sit\u00f6\u00f6riist vahtplastist materjalide (EPS, XPS) l\u00f5ikamiseks.","og_url":"https:\/\/hotwiresystems.com\/et\/penoplasti-kasiloikur-kuum-nuga-styro-cut-140\/","article_modified_time":"2022-02-22T19:21:30+00:00","og_image":[{"url":"https:\/\/www.hotwiresystems.com\/wp-content\/uploads\/2014\/07\/Blade.jpg"}],"twitter_misc":{"Est. reading time":"5 minutes"},"schema":{"@context":"https:\/\/schema.org","@graph":[{"@type":"WebPage","@id":"https:\/\/hotwiresystems.com\/et\/penoplasti-kasiloikur-kuum-nuga-styro-cut-140\/","url":"https:\/\/hotwiresystems.com\/et\/penoplasti-kasiloikur-kuum-nuga-styro-cut-140\/","name":"Kuum nuga penoplasti k\u00e4sil\u00f5ikur Styro-Cut 140! | Osta e-poest!","isPartOf":{"@id":"https:\/\/www.hotwiresystems.com\/es\/#website"},"primaryImageOfPage":{"@id":"https:\/\/hotwiresystems.com\/et\/penoplasti-kasiloikur-kuum-nuga-styro-cut-140\/#primaryimage"},"image":{"@id":"https:\/\/hotwiresystems.com\/et\/penoplasti-kasiloikur-kuum-nuga-styro-cut-140\/#primaryimage"},"thumbnailUrl":"https:\/\/www.hotwiresystems.com\/wp-content\/uploads\/2014\/07\/Blade.jpg","datePublished":"2014-08-05T12:35:46+00:00","dateModified":"2022-02-22T19:21:30+00:00","description":"Penoplasti k\u00e4sil\u00f5ikur Styro-Cut 140 \"kuum nuga\" - on v\u00e4ike, kompaktne, praktiline elektriline k\u00e4sit\u00f6\u00f6riist vahtplastist materjalide (EPS, XPS) l\u00f5ikamiseks.","breadcrumb":{"@id":"https:\/\/hotwiresystems.com\/et\/penoplasti-kasiloikur-kuum-nuga-styro-cut-140\/#breadcrumb"},"inLanguage":"et-EE","potentialAction":[{"@type":"ReadAction","target":["https:\/\/hotwiresystems.com\/et\/penoplasti-kasiloikur-kuum-nuga-styro-cut-140\/"]}]},{"@type":"ImageObject","inLanguage":"et-EE","@id":"https:\/\/hotwiresystems.com\/et\/penoplasti-kasiloikur-kuum-nuga-styro-cut-140\/#primaryimage","url":"https:\/\/www.hotwiresystems.com\/wp-content\/uploads\/2014\/07\/Blade.jpg","contentUrl":"https:\/\/www.hotwiresystems.com\/wp-content\/uploads\/2014\/07\/Blade.jpg"},{"@type":"BreadcrumbList","@id":"https:\/\/hotwiresystems.com\/et\/penoplasti-kasiloikur-kuum-nuga-styro-cut-140\/#breadcrumb","itemListElement":[{"@type":"ListItem","position":1,"name":"Home","item":"https:\/\/hotwiresystems.com\/et\/"},{"@type":"ListItem","position":2,"name":"Penoplasti k\u00e4sil\u00f5ikur &#8220;Kuum nuga&#8221; Styro-Cut 140"}]},{"@type":"WebSite","@id":"https:\/\/www.hotwiresystems.com\/es\/#website","url":"https:\/\/www.hotwiresystems.com\/es\/","name":"","description":"","potentialAction":[{"@type":"SearchAction","target":{"@type":"EntryPoint","urlTemplate":"https:\/\/www.hotwiresystems.com\/es\/?s={search_term_string}"},"query-input":"required name=search_term_string"}],"inLanguage":"et-EE"}]}},"_links":{"self":[{"href":"https:\/\/hotwiresystems.com\/et\/wp-json\/wp\/v2\/pages\/2360"}],"collection":[{"href":"https:\/\/hotwiresystems.com\/et\/wp-json\/wp\/v2\/pages"}],"about":[{"href":"https:\/\/hotwiresystems.com\/et\/wp-json\/wp\/v2\/types\/page"}],"author":[{"embeddable":true,"href":"https:\/\/hotwiresystems.com\/et\/wp-json\/wp\/v2\/users\/2"}],"replies":[{"embeddable":true,"href":"https:\/\/hotwiresystems.com\/et\/wp-json\/wp\/v2\/comments?post=2360"}],"version-history":[{"count":5,"href":"https:\/\/hotwiresystems.com\/et\/wp-json\/wp\/v2\/pages\/2360\/revisions"}],"predecessor-version":[{"id":15984,"href":"https:\/\/hotwiresystems.com\/et\/wp-json\/wp\/v2\/pages\/2360\/revisions\/15984"}],"wp:attachment":[{"href":"https:\/\/hotwiresystems.com\/et\/wp-json\/wp\/v2\/media?parent=2360"}],"curies":[{"name":"wp","href":"https:\/\/api.w.org\/{rel}","templated":true}]}}