{"id":207,"date":"2013-11-07T17:20:12","date_gmt":"2013-11-07T15:20:12","guid":{"rendered":"http:\/\/www.sergei.dev\/?page_id=207"},"modified":"2025-08-13T22:36:52","modified_gmt":"2025-08-13T20:36:52","slug":"penoplasti-eps-xps-loikurid-muuk-hooldus-ja-remont","status":"publish","type":"page","link":"https:\/\/hotwiresystems.com\/et\/","title":{"rendered":"Penopol\u00fcst\u00fcreeni l\u00f5ikeseadmed (EPS, XPS) | Penoplasti l\u00f5ikurid"},"content":{"rendered":"<div class=\"wpb-content-wrapper\"><p>[vc_row][vc_column][vc_column_text css=&#8221;&#8221;]<\/p>\n<blockquote>\n<h2 style=\"text-align: center;\"><span style=\"font-size: 24pt;\"><a href=\"https:\/\/hws.ee\" target=\"_blank\" rel=\"noopener noreferrer\"><span style=\"color: #808080;\">E-POOD ON AVATUD!<\/span><\/a><\/span><\/h2>\n<p style=\"text-align: center;\"><a href=\"https:\/\/hws.ee\" target=\"_blank\" rel=\"noopener noreferrer\"><span style=\"font-size: 14pt; color: #ff6600;\"><span style=\"color: #808080;\">Kallid kliendid!<\/span> Meil on hea meel teatada, et n\u00fc\u00fcd saab osta <span style=\"color: #808080;\">penoplasti<\/span><\/span><\/a><\/p>\n<p style=\"text-align: center;\"><a href=\"https:\/\/hws.ee\" target=\"_blank\" rel=\"noopener noreferrer\"><span style=\"font-size: 14pt; color: #ff6600;\"><span style=\"color: #808080;\">l\u00f5ikeseadmed<\/span> kiirelt ja mugavalt meie v\u00e4rskelt avatud <\/span><span style=\"font-size: 14pt; color: #0000ff;\">e-poes.<\/span><\/a><\/p>\n<\/blockquote>\n<p>[\/vc_column_text][\/vc_column][\/vc_row][vc_row][vc_column width=&#8221;1\/3&#8243;][vc_column_text css=&#8221;&#8221;]<\/p>\n<h2 style=\"text-align: center;\"><a href=\"https:\/\/hotwiresystems.com\/et\/tooted-kuumatraadi-loikurid\/\"><span style=\"font-size: 24pt; color: #808080;\">KUUMATRAADI<\/span><\/a><\/h2>\n<h2 style=\"text-align: center;\"><a href=\"https:\/\/hws.ee\/kategooria\/kuumatraadi-loikurid\/\"><span style=\"font-size: 24pt; color: #ff6600;\">L\u00d5IKESEADMED<\/span><\/a><\/h2>\n<p>[\/vc_column_text][\/vc_column][vc_column width=&#8221;1\/3&#8243;][vc_column_text css=&#8221;&#8221;]<\/p>\n<h2 style=\"text-align: center;\"><a href=\"https:\/\/hotwiresystems.com\/et\/kuum-nuga-loikur-penoplastile-hws250\/\"><span style=\"font-size: 24pt;\"><span style=\"color: #808080;\"><span style=\"color: #ff6600;\">&#8220;<\/span>KUUM NUGA<span style=\"color: #ff6600;\">&#8220;<\/span><\/span><\/span><\/a><\/h2>\n<h2 style=\"text-align: center;\"><a href=\"https:\/\/hws.ee\/koik-tooted\/kuum-nuga-loikur-hws250\/\"><span style=\"font-size: 24pt; color: #ff6600;\">K\u00c4SIL\u00d5IKURID\u00a0<\/span><\/a><\/h2>\n<p>[\/vc_column_text][\/vc_column][vc_column width=&#8221;1\/3&#8243;][vc_column_text css=&#8221;&#8221;]<\/p>\n<h2 style=\"text-align: center;\"><a href=\"https:\/\/hotwiresystems.com\/et\/rendiseadmed\/\"><span style=\"color: #808080; font-size: 24pt;\">L\u00d5IKESEADMETE<\/span><\/a><\/h2>\n<h2 style=\"text-align: center;\"><a href=\"https:\/\/kuumtraat.ee\/penoplasti-loikuri-rent\/\"><span style=\"color: #ff6600; font-size: 24pt;\">RENTIMINE<\/span><\/a><\/h2>\n<p>[\/vc_column_text][\/vc_column][\/vc_row][vc_row][vc_column width=&#8221;1\/3&#8243;][vc_single_image image=&#8221;12339&#8243; img_size=&#8221;large&#8221; alignment=&#8221;center&#8221; onclick=&#8221;custom_link&#8221; link=&#8221;https:\/\/www.hotwiresystems.com\/tooted-kuumatraadi-loikurid\/&#8221;][\/vc_column][vc_column width=&#8221;1\/3&#8243;][vc_single_image image=&#8221;15470&#8243; img_size=&#8221;large&#8221; alignment=&#8221;center&#8221; onclick=&#8221;custom_link&#8221; link=&#8221;https:\/\/www.hotwiresystems.com\/et\/kuum-nuga-loikur-penoplastile-hws250\/&#8221;][\/vc_column][vc_column width=&#8221;1\/3&#8243;][vc_single_image image=&#8221;12320&#8243; img_size=&#8221;large&#8221; alignment=&#8221;center&#8221; onclick=&#8221;custom_link&#8221; link=&#8221;https:\/\/hotwiresystems.com\/et\/rendiseadmed\/&#8221;][\/vc_column][\/vc_row][vc_row][vc_column width=&#8221;1\/3&#8243;][vc_column_text]<\/p>\n<p style=\"text-align: left;\"><span style=\"font-size: 12pt;\"><span style=\"color: #000000;\"><strong><a style=\"color: #000000;\" title=\"Firmast\" href=\"\/?page_id=2\">Hotwire Systems O\u00dc<\/a><\/strong> on spetsialiseerunud penopol\u00fcst\u00fcrooli <a style=\"color: #000000;\" title=\"Mis on EPS? | Vahtpol\u00fcst\u00fcreeni omadused ja kasutusalad\" href=\"\/?page_id=4099\">(EPS, XPS) <\/a>l\u00f5ikeseadmete m\u00fc\u00fcgile, hooldusele ja remondile. Meie penopol\u00fcst\u00fcrooli l\u00f5ikeseadmed (penoplasti l\u00f5ikurid) on multifunktsionaalsed, samas aga v\u00e4ga lihtsad k\u00e4sitseda ning nad sobivad nii tava- kui ka professionaalsele kasutajale.\u00a0Kaubavalik on koostatud nii, et isegi\u00a0k\u00f5ige n\u00f5udlikum klient saaks tooteid valida erinevatest hinnagruppidest<\/span>\u00a0<span style=\"color: #0000ff; font-size: 18pt;\"><strong><a style=\"color: #0000ff;\" title=\"Tooted | Kuumatraadi l\u00f5ikurid | Penoplasti l\u00f5ikepingid\" href=\"\/?page_id=2227\">\u2192<\/a><\/strong><\/span><\/span><\/p>\n<p>[\/vc_column_text][\/vc_column][vc_column width=&#8221;1\/3&#8243;][vc_column_text]<\/p>\n<p style=\"text-align: left;\"><span style=\"font-size: 12pt; color: #000000;\">Penopol\u00fcst\u00fcrooli l\u00f5ikur <strong>&#8220;kuum nuga&#8221;<\/strong> \u2013 on v\u00e4ike, kompaktne aga \u00fcsnagi praktiline elektriline k\u00e4sit\u00f6\u00f6riist vahtpol\u00fcst\u00fcreeni (EPS, XPS) l\u00f5ikamiseks. HWS250! seadme l\u00f5iketera, vaid m\u00f5ne sekundiga, kuumeneb kuni 500 \u00b0C, v\u00f5imaldades vahtpol\u00fcst\u00fcreeni t\u00f6\u00f6delda kiirelt ja puhtalt \u2013 tolmu ja prahita. T\u00e4nu mugavale kandekohvrile, v\u00e4iksusele ja kergele kaalule on seade mobiilne ja kaasaskantav<span style=\"color: #0000ff;\">\u00a0<span style=\"font-size: 18pt;\"><a style=\"color: #0000ff;\" title=\"Penoplasti k\u00e4sil\u00f5ikur \u201cKuum nuga\u201d Styro-Cut 230\" href=\"\/?page_id=158\"><strong>\u2192<\/strong><\/a><\/span><\/span><\/span><\/p>\n<p>[\/vc_column_text][\/vc_column][vc_column width=&#8221;1\/3&#8243;][vc_column_text]<\/p>\n<p style=\"text-align: left;\"><span style=\"font-size: 12pt; color: #000000;\">Hotwire Systems O\u00dc pakub oma klientidele nii l\u00fchi- kui ka pikaajalist penoplasti (EPS\/XPS) <strong>l\u00f5ikeseadmete renti.<\/strong> Pakume nii kuumatraadi l\u00f5ikurit <strong>HWS-Easy!<\/strong>, kuid ka &#8220;kuum nuga&#8221; l\u00f5ikurit <strong>HWS250!<\/strong> koos l\u00f5iketarvikutega, n\u00e4iteks soonte l\u00f5ikamiseks. V\u00f5imalikest arusaamatustest hoidumiseks palun tutvuge enne rendilepingu allkirjastamist rendi tingimustega. Vajadusel, palun v\u00f5tke meiega \u00fchendust<\/span><span style=\"font-size: 12pt; color: #000000;\">a <span style=\"font-size: 18pt; color: #0000ff;\"><a style=\"color: #0000ff;\" title=\"Penoplasti kuumatraadi K\u00e4sil\u00f5ikur-HWS | \u201cFree hand\u201d t\u00f6\u00f6riist\" href=\"\/?page_id=11969\"><strong>\u2192<\/strong><\/a><\/span><\/span><\/p>\n<p>[\/vc_column_text][\/vc_column][\/vc_row][vc_row][vc_column width=&#8221;1\/3&#8243;][vc_btn title=&#8221;VAATA L\u00c4HEMALT&#8221; style=&#8221;outline&#8221; shape=&#8221;square&#8221; color=&#8221;blue&#8221; size=&#8221;sm&#8221; align=&#8221;right&#8221; i_align=&#8221;right&#8221; i_icon_fontawesome=&#8221;&#8221; css=&#8221;&#8221; add_icon=&#8221;true&#8221; link=&#8221;url:https%3A%2F%2Fhotwiresystems.com%2Fet%2Ftooted-kuumatraadi-loikurid%2F|title:Kuumatraadi%20l%C3%B5ikurid&#8221;][\/vc_column][vc_column width=&#8221;1\/3&#8243;][vc_btn title=&#8221;VAATA L\u00c4HEMALT&#8221; style=&#8221;outline&#8221; shape=&#8221;square&#8221; color=&#8221;blue&#8221; size=&#8221;sm&#8221; align=&#8221;right&#8221; i_align=&#8221;right&#8221; i_icon_fontawesome=&#8221;&#8221; css=&#8221;&#8221; add_icon=&#8221;true&#8221; link=&#8221;url:https%3A%2F%2Fhotwiresystems.com%2Fet%2Fkuum-nuga-loikur-penoplastile-hws250%2F|title:Kuum%20nuga%20l%C3%B5ikur%20HWS250!&#8221;][\/vc_column][vc_column width=&#8221;1\/3&#8243;][vc_btn title=&#8221;VAATA L\u00c4HEMALT&#8221; style=&#8221;outline&#8221; shape=&#8221;square&#8221; color=&#8221;blue&#8221; size=&#8221;sm&#8221; align=&#8221;right&#8221; i_align=&#8221;right&#8221; i_icon_fontawesome=&#8221;&#8221; css=&#8221;&#8221; add_icon=&#8221;true&#8221; link=&#8221;url:https%3A%2F%2Fhotwiresystems.com%2Fet%2Frendiseadmed%2F|title:L%C3%B5ikeseadmete%20rent!&#8221;][\/vc_column][\/vc_row][vc_row][vc_column][vc_separator color=&#8221;orange&#8221;][\/vc_column][\/vc_row][vc_row][vc_column][vc_custom_heading text=&#8221;Vahtpol\u00fcst\u00fcreeni EPS, XPS l\u00f5ikeseadmed igale maitsele!&#8221; font_container=&#8221;tag:h5|font_size:33|text_align:center|color:%23515c6b|line_height:1&#8243; google_fonts=&#8221;font_family:Pacifico%3Aregular|font_style:400%20regular%3A400%3Anormal&#8221;][\/vc_column][\/vc_row][vc_row][vc_column][vc_empty_space height=&#8221;15&#8243;][vc_separator color=&#8221;orange&#8221;][\/vc_column][\/vc_row][vc_row][vc_column width=&#8221;1\/4&#8243;][vc_single_image image=&#8221;4128&#8243; img_size=&#8221;large&#8221; onclick=&#8221;custom_link&#8221; link=&#8221;https:\/\/www.hotwiresystems.com\/et\/eps-vahtpolustureeni-omadused-ja-kasutusalad\/&#8221;][\/vc_column][vc_column width=&#8221;3\/4&#8243;][vc_column_text]<\/p>\n<h2 style=\"text-align: right;\"><span style=\"font-size: 36pt; color: #808080;\"><a style=\"color: #808080;\" title=\"Mis on EPS? | Vahtpol\u00fcst\u00fcreeni omadused ja kasutusalad\" href=\"\/?page_id=4099\">MIS ON VAHTPOL\u00dcST\u00dcREEN &#8211;\u00a0<span style=\"color: #ff6600;\">EPS<\/span>?<\/a><\/span><\/h2>\n<p style=\"text-align: left;\"><span style=\"font-size: 12pt; color: #000000;\"><strong>Vahtpol\u00fcst\u00fcreen<\/strong>, (vahtpol\u00fcst\u00fcrool), penoplast, <strong>EPS<\/strong> on v\u00e4ikese tihedusega poorne soojusisolatsioonimaterjal, mis koosneb ca. 98% ulatuses \u00f5hust. EPS-soojusisolatsiooniplaadid koosnevad paisutatud pol\u00fcst\u00fcreeni graanulitest, mis on veeauru toimel omavahel tihedalt kokku \u00fchendatud. <strong>EPS-i graanulitel<\/strong> on osaliselt avatud mikropoorid, kuhu vesi ei tungi, kuid veeauru liikumine neis toimub. Taoline mikropoorne homogeenne materjal tagab soojustatavale konstruktsioonile suurep\u00e4rased ehitusf\u00fc\u00fcsikalised ja mehaanilised omadused.<\/span><\/p>\n<p>[\/vc_column_text][vc_btn title=&#8221;VAATA L\u00c4HEMALT&#8221; style=&#8221;outline&#8221; shape=&#8221;square&#8221; color=&#8221;blue&#8221; size=&#8221;sm&#8221; align=&#8221;right&#8221; i_align=&#8221;right&#8221; i_icon_fontawesome=&#8221;fa fa-external-link&#8221; add_icon=&#8221;true&#8221; link=&#8221;url:http%3A%2F%2Fwww.hotwiresystems.com%2Fet%2Feps-vahtpolustureeni-omadused-ja-kasutusalad%2F|title:Mis%20on%20EPS%3F|&#8221;][\/vc_column][\/vc_row][vc_row][vc_column width=&#8221;1\/4&#8243;][vc_single_image image=&#8221;4389&#8243; img_size=&#8221;large&#8221; onclick=&#8221;custom_link&#8221; link=&#8221;https:\/\/www.hotwiresystems.com\/penoplasti-loikurite-kohaletoimetamine\/&#8221;][\/vc_column][vc_column width=&#8221;3\/4&#8243;][vc_column_text]<\/p>\n<h2 style=\"text-align: right;\"><a title=\"Penoplasti (EPS, XPS) l\u00f5ikeseadmete kohaletoimetamine\" href=\"\/?page_id=1554\"><span style=\"font-size: 36pt; color: #808080;\">L\u00d5IKESEADMETE\u00a0KOHALETOIMETAMINE<\/span><\/a><\/h2>\n<p style=\"text-align: left;\"><span style=\"font-size: 12pt; color: #000000;\">Asume Tallinnas kuid <strong>saadame l\u00f5ikeseadmed\u00a0mujalegi Eestisse<\/strong> ja kasutame selleks transpordifirma <strong>DPD<\/strong> uksest-ukseni teenuseid,\u00a0<strong>CargoBus<\/strong> teenuseid, Itella uksest-ukseni teenuseid, <strong>Itella<\/strong> <strong>SmartPost<\/strong> pakiautomaadid,\u00a0<strong>Omniva pakiautomaadid<\/strong> (T\u00e4helepanu, Itella SmartPOSTi ja Omniva pakiautomaate ei saa me kahjuks kasutada <a style=\"color: #000000;\" title=\"Tooted | Kuumatraadi l\u00f5ikurid | Penoplasti l\u00f5ikepingid\" href=\"\/?page_id=2227\">penoplasti\u00a0l\u00f5ikepinkide<\/a>\u00a0saatmiseks). Samuti saadame l\u00f5ikeseadmed\u00a0Euroopa Liidu liikmesriikidesse. Transpordi maksumus lisatakse tellimusele ja m\u00e4rgitakse ka kliendile esitatud arvel. Orienteeruv kohalej\u00f5udmise aeg on 1-3 t\u00f6\u00f6p\u00e4eva, kui kaup on kohe laos olemas, ja 3-14 t\u00f6\u00f6p\u00e4eva, kui kaupa laos ei ole.\u00a0<span style=\"text-decoration: underline;\">Eritellimuse l\u00f5ikurite tarneajad 2-4 n\u00e4dalat.<\/span><\/span><\/p>\n<p>[\/vc_column_text][vc_btn title=&#8221;VAATA L\u00c4HEMALT&#8221; style=&#8221;outline&#8221; shape=&#8221;square&#8221; color=&#8221;blue&#8221; size=&#8221;sm&#8221; align=&#8221;right&#8221; i_align=&#8221;right&#8221; i_icon_fontawesome=&#8221;&#8221; css=&#8221;&#8221; add_icon=&#8221;true&#8221; link=&#8221;url:https%3A%2F%2Fhotwiresystems.com%2Fet%2Fpenoplasti-loikurite-kohaletoimetamine%2F|title:L%C3%B5ikeseadmete%20kohaletoimetamine&#8221;][\/vc_column][\/vc_row][vc_row][vc_column width=&#8221;1\/4&#8243;][vc_single_image image=&#8221;5067&#8243; img_size=&#8221;large&#8221; onclick=&#8221;custom_link&#8221; link=&#8221;https:\/\/www.hotwiresystems.com\/nikroom-loiketraat-vahtpolustureen-loikuritele-ja-cnc-loikeseadmetele\/&#8221;][\/vc_column][vc_column width=&#8221;3\/4&#8243;][vc_column_text]<\/p>\n<h2 style=\"text-align: right;\"><span style=\"font-size: 36pt; line-height: 72px; color: #808080;\"><a style=\"color: #808080;\" href=\"\/?page_id=5049\">NIKROOM L\u00d5IKETRAAT<\/a><\/span><\/h2>\n<p style=\"text-align: left;\"><span style=\"color: #000000; font-size: 12pt;\">Nikroomtraat <strong>(NiCr)<\/strong> on valmistatud sulamist, mille koostises on nikkel &#8211;\u00a0Ni, kroom &#8211;\u00a0Cr\u00a0ja sageli ka raud &#8211;\u00a0Fe\u00a0ja\u00a0lisanditena r\u00e4ni, alumiiniumi.\u00a0Nikroomi omadused s\u00f5ltuvad selle sulamist. N\u00e4itajad iseloomustavad t\u00fc\u00fcpilist materjali ja vastavad t\u00e4pselt n\u00e4idatud numbritele. Mis tahes variatsioonid on tingitud nikli v\u00f5i kroomi sisalduse erinevusest.\u00a0<strong>Nikroomtraat<\/strong> on vahtmaterjali (<a style=\"color: #000000;\" href=\"\/?page_id=4099\">vahtpol\u00fcst\u00fcreen \u2013 EPS, XPS)<\/a> l\u00f5ikeseadmetele\u00a0<strong>optimaalne l\u00f5iketraat<\/strong> mitmel p\u00f5hjusel, kuid eriti seep\u00e4rast, et see on vastupidav korrosioonile ja oks\u00fcdatsioonile v\u00e4ga k\u00f5rgetel temperatuuridel.<\/span><\/p>\n<p>[\/vc_column_text][vc_btn title=&#8221;VAATA L\u00c4HEMALT&#8221; style=&#8221;outline&#8221; shape=&#8221;square&#8221; color=&#8221;blue&#8221; size=&#8221;sm&#8221; align=&#8221;right&#8221; i_align=&#8221;right&#8221; i_icon_fontawesome=&#8221;&#8221; css=&#8221;&#8221; add_icon=&#8221;true&#8221; link=&#8221;url:https%3A%2F%2Fhotwiresystems.com%2Fet%2Fnikroom-loiketraat-vahtpolustureen-loikuritele-ja-cnc-loikeseadmetele%2F|title:NiKroom%20l%C3%B5iketraat&#8221;][\/vc_column][\/vc_row][vc_row][vc_column][vc_separator color=&#8221;orange&#8221;][\/vc_column][\/vc_row][vc_row][vc_column][vc_empty_space height=&#8221;20&#8243;][vc_btn title=&#8221;V\u00d5TA MEIEGA \u00dcHENDUST&#8221; style=&#8221;outline&#8221; shape=&#8221;square&#8221; color=&#8221;green&#8221; size=&#8221;lg&#8221; align=&#8221;center&#8221; i_align=&#8221;right&#8221; i_icon_fontawesome=&#8221;&#8221; css_animation=&#8221;none&#8221; css=&#8221;&#8221; add_icon=&#8221;true&#8221; link=&#8221;url:https%3A%2F%2Fhotwiresystems.com%2Fet%2Fkontakt%2F|title:V%C3%B5tke%20meiega%20%C3%BChendust!&#8221;][\/vc_column][\/vc_row]<\/p>\n<\/div><!-- AddThis Advanced Settings generic via filter on the_content --><!-- AddThis Share Buttons generic via filter on the_content -->","protected":false},"excerpt":{"rendered":"<p>[vc_row][vc_column][vc_column_text css=&#8221;&#8221;] E-POOD ON AVATUD! Kallid kliendid! Meil on hea meel teatada, et n\u00fc\u00fcd saab osta penoplasti l\u00f5ikeseadmed kiirelt ja mugavalt meie v\u00e4rskelt avatud e-poes. [\/vc_column_text][\/vc_column][\/vc_row][vc_row][vc_column width=&#8221;1\/3&#8243;][vc_column_text css=&#8221;&#8221;] KUUMATRAADI L\u00d5IKESEADMED [\/vc_column_text][\/vc_column][vc_column width=&#8221;1\/3&#8243;][vc_column_text css=&#8221;&#8221;] &#8220;KUUM NUGA&#8220; K\u00c4SIL\u00d5IKURID\u00a0 [\/vc_column_text][\/vc_column][vc_column width=&#8221;1\/3&#8243;][vc_column_text css=&#8221;&#8221;] L\u00d5IKESEADMETE RENTIMINE [\/vc_column_text][\/vc_column][\/vc_row][vc_row][vc_column width=&#8221;1\/3&#8243;][vc_single_image image=&#8221;12339&#8243; img_size=&#8221;large&#8221; alignment=&#8221;center&#8221; onclick=&#8221;custom_link&#8221; link=&#8221;https:\/\/www.hotwiresystems.com\/tooted-kuumatraadi-loikurid\/&#8221;][\/vc_column][vc_column width=&#8221;1\/3&#8243;][vc_single_image image=&#8221;15470&#8243; img_size=&#8221;large&#8221; alignment=&#8221;center&#8221; onclick=&#8221;custom_link&#8221; link=&#8221;https:\/\/www.hotwiresystems.com\/et\/kuum-nuga-loikur-penoplastile-hws250\/&#8221;][\/vc_column][vc_column width=&#8221;1\/3&#8243;][vc_single_image [&hellip;]<!-- AddThis Advanced Settings generic via filter on get_the_excerpt --><!-- AddThis Share Buttons generic via filter on get_the_excerpt --><\/p>\n","protected":false},"author":1,"featured_media":16317,"parent":0,"menu_order":0,"comment_status":"closed","ping_status":"closed","template":"avaleht.php","meta":{"footnotes":""},"yoast_head":"<!-- This site is optimized with the Yoast SEO plugin v23.3 - https:\/\/yoast.com\/wordpress\/plugins\/seo\/ -->\n<title>Penoplasti l\u00f5ikeseadmed ja CNC l\u00f5iketeenused!<\/title>\n<meta name=\"description\" content=\"Meie tooteportfelli kuuluvad peamiselt traadiga l\u00f5ikeseadmed (penoplasti l\u00f5ikurid - &quot;vahul\u00f5ikurid&quot;), ning &quot;kuuma noa&quot; t\u00fc\u00fcpi k\u00e4sil\u00f5ikur.\" \/>\n<meta name=\"robots\" content=\"index, follow, max-snippet:-1, max-image-preview:large, max-video-preview:-1\" \/>\n<link rel=\"canonical\" href=\"https:\/\/www.hotwiresystems.com\/et\/\" \/>\n<meta property=\"og:locale\" content=\"et_EE\" \/>\n<meta property=\"og:type\" content=\"article\" \/>\n<meta property=\"og:title\" content=\"Penoplasti l\u00f5ikeseadmed ja CNC l\u00f5iketeenused!\" \/>\n<meta property=\"og:description\" content=\"Meie tooteportfelli kuuluvad peamiselt traadiga l\u00f5ikeseadmed (penoplasti l\u00f5ikurid - &quot;vahul\u00f5ikurid&quot;), ning &quot;kuuma noa&quot; t\u00fc\u00fcpi k\u00e4sil\u00f5ikur.\" \/>\n<meta property=\"og:url\" content=\"https:\/\/www.hotwiresystems.com\/et\/\" \/>\n<meta property=\"article:modified_time\" content=\"2025-08-13T20:36:52+00:00\" \/>\n<meta property=\"og:image\" content=\"https:\/\/hotwiresystems.com\/wp-content\/uploads\/2025\/07\/Vahtpolustureeni-loikur-HWS-Cutter-13.jpg\" \/>\n\t<meta property=\"og:image:width\" content=\"600\" \/>\n\t<meta property=\"og:image:height\" content=\"600\" \/>\n\t<meta property=\"og:image:type\" content=\"image\/jpeg\" \/>\n<meta name=\"twitter:label1\" content=\"Est. reading time\" \/>\n\t<meta name=\"twitter:data1\" content=\"5 minutes\" \/>\n<script type=\"application\/ld+json\" class=\"yoast-schema-graph\">{\"@context\":\"https:\/\/schema.org\",\"@graph\":[{\"@type\":\"WebPage\",\"@id\":\"https:\/\/www.hotwiresystems.com\/et\/\",\"url\":\"https:\/\/www.hotwiresystems.com\/et\/\",\"name\":\"Penoplasti l\u00f5ikeseadmed ja CNC l\u00f5iketeenused!\",\"isPartOf\":{\"@id\":\"https:\/\/hotwiresystems.com\/et\/#website\"},\"primaryImageOfPage\":{\"@id\":\"https:\/\/www.hotwiresystems.com\/et\/#primaryimage\"},\"image\":{\"@id\":\"https:\/\/www.hotwiresystems.com\/et\/#primaryimage\"},\"thumbnailUrl\":\"https:\/\/hotwiresystems.com\/wp-content\/uploads\/2025\/07\/Vahtpolustureeni-loikur-HWS-Cutter-13.jpg\",\"datePublished\":\"2013-11-07T15:20:12+00:00\",\"dateModified\":\"2025-08-13T20:36:52+00:00\",\"description\":\"Meie tooteportfelli kuuluvad peamiselt traadiga l\u00f5ikeseadmed (penoplasti l\u00f5ikurid - \\\"vahul\u00f5ikurid\\\"), ning \\\"kuuma noa\\\" t\u00fc\u00fcpi k\u00e4sil\u00f5ikur.\",\"breadcrumb\":{\"@id\":\"https:\/\/www.hotwiresystems.com\/et\/#breadcrumb\"},\"inLanguage\":\"et-EE\",\"potentialAction\":[{\"@type\":\"ReadAction\",\"target\":[\"https:\/\/www.hotwiresystems.com\/et\/\"]}]},{\"@type\":\"ImageObject\",\"inLanguage\":\"et-EE\",\"@id\":\"https:\/\/www.hotwiresystems.com\/et\/#primaryimage\",\"url\":\"https:\/\/hotwiresystems.com\/wp-content\/uploads\/2025\/07\/Vahtpolustureeni-loikur-HWS-Cutter-13.jpg\",\"contentUrl\":\"https:\/\/hotwiresystems.com\/wp-content\/uploads\/2025\/07\/Vahtpolustureeni-loikur-HWS-Cutter-13.jpg\",\"width\":600,\"height\":600,\"caption\":\"Vahtpol\u00fcst\u00fcreeni l\u00f5ikur HWS-Cutter!\"},{\"@type\":\"BreadcrumbList\",\"@id\":\"https:\/\/www.hotwiresystems.com\/et\/#breadcrumb\",\"itemListElement\":[{\"@type\":\"ListItem\",\"position\":1,\"name\":\"Home\",\"item\":\"https:\/\/www.hotwiresystems.com\/et\/\"},{\"@type\":\"ListItem\",\"position\":2,\"name\":\"Penopol\u00fcst\u00fcreeni l\u00f5ikeseadmed (EPS, XPS) | Penoplasti l\u00f5ikurid\"}]},{\"@type\":\"WebSite\",\"@id\":\"https:\/\/hotwiresystems.com\/et\/#website\",\"url\":\"https:\/\/hotwiresystems.com\/et\/\",\"name\":\"\",\"description\":\"\",\"potentialAction\":[{\"@type\":\"SearchAction\",\"target\":{\"@type\":\"EntryPoint\",\"urlTemplate\":\"https:\/\/hotwiresystems.com\/et\/?s={search_term_string}\"},\"query-input\":\"required name=search_term_string\"}],\"inLanguage\":\"et-EE\"}]}<\/script>\n<!-- \/ Yoast SEO plugin. -->","yoast_head_json":{"title":"Penoplasti l\u00f5ikeseadmed ja CNC l\u00f5iketeenused!","description":"Meie tooteportfelli kuuluvad peamiselt traadiga l\u00f5ikeseadmed (penoplasti l\u00f5ikurid - \"vahul\u00f5ikurid\"), ning \"kuuma noa\" t\u00fc\u00fcpi k\u00e4sil\u00f5ikur.","robots":{"index":"index","follow":"follow","max-snippet":"max-snippet:-1","max-image-preview":"max-image-preview:large","max-video-preview":"max-video-preview:-1"},"canonical":"https:\/\/www.hotwiresystems.com\/et\/","og_locale":"et_EE","og_type":"article","og_title":"Penoplasti l\u00f5ikeseadmed ja CNC l\u00f5iketeenused!","og_description":"Meie tooteportfelli kuuluvad peamiselt traadiga l\u00f5ikeseadmed (penoplasti l\u00f5ikurid - \"vahul\u00f5ikurid\"), ning \"kuuma noa\" t\u00fc\u00fcpi k\u00e4sil\u00f5ikur.","og_url":"https:\/\/www.hotwiresystems.com\/et\/","article_modified_time":"2025-08-13T20:36:52+00:00","og_image":[{"width":600,"height":600,"url":"https:\/\/hotwiresystems.com\/wp-content\/uploads\/2025\/07\/Vahtpolustureeni-loikur-HWS-Cutter-13.jpg","type":"image\/jpeg"}],"twitter_misc":{"Est. reading time":"5 minutes"},"schema":{"@context":"https:\/\/schema.org","@graph":[{"@type":"WebPage","@id":"https:\/\/www.hotwiresystems.com\/et\/","url":"https:\/\/www.hotwiresystems.com\/et\/","name":"Penoplasti l\u00f5ikeseadmed ja CNC l\u00f5iketeenused!","isPartOf":{"@id":"https:\/\/hotwiresystems.com\/et\/#website"},"primaryImageOfPage":{"@id":"https:\/\/www.hotwiresystems.com\/et\/#primaryimage"},"image":{"@id":"https:\/\/www.hotwiresystems.com\/et\/#primaryimage"},"thumbnailUrl":"https:\/\/hotwiresystems.com\/wp-content\/uploads\/2025\/07\/Vahtpolustureeni-loikur-HWS-Cutter-13.jpg","datePublished":"2013-11-07T15:20:12+00:00","dateModified":"2025-08-13T20:36:52+00:00","description":"Meie tooteportfelli kuuluvad peamiselt traadiga l\u00f5ikeseadmed (penoplasti l\u00f5ikurid - \"vahul\u00f5ikurid\"), ning \"kuuma noa\" t\u00fc\u00fcpi k\u00e4sil\u00f5ikur.","breadcrumb":{"@id":"https:\/\/www.hotwiresystems.com\/et\/#breadcrumb"},"inLanguage":"et-EE","potentialAction":[{"@type":"ReadAction","target":["https:\/\/www.hotwiresystems.com\/et\/"]}]},{"@type":"ImageObject","inLanguage":"et-EE","@id":"https:\/\/www.hotwiresystems.com\/et\/#primaryimage","url":"https:\/\/hotwiresystems.com\/wp-content\/uploads\/2025\/07\/Vahtpolustureeni-loikur-HWS-Cutter-13.jpg","contentUrl":"https:\/\/hotwiresystems.com\/wp-content\/uploads\/2025\/07\/Vahtpolustureeni-loikur-HWS-Cutter-13.jpg","width":600,"height":600,"caption":"Vahtpol\u00fcst\u00fcreeni l\u00f5ikur HWS-Cutter!"},{"@type":"BreadcrumbList","@id":"https:\/\/www.hotwiresystems.com\/et\/#breadcrumb","itemListElement":[{"@type":"ListItem","position":1,"name":"Home","item":"https:\/\/www.hotwiresystems.com\/et\/"},{"@type":"ListItem","position":2,"name":"Penopol\u00fcst\u00fcreeni l\u00f5ikeseadmed (EPS, XPS) | Penoplasti l\u00f5ikurid"}]},{"@type":"WebSite","@id":"https:\/\/hotwiresystems.com\/et\/#website","url":"https:\/\/hotwiresystems.com\/et\/","name":"","description":"","potentialAction":[{"@type":"SearchAction","target":{"@type":"EntryPoint","urlTemplate":"https:\/\/hotwiresystems.com\/et\/?s={search_term_string}"},"query-input":"required name=search_term_string"}],"inLanguage":"et-EE"}]}},"_links":{"self":[{"href":"https:\/\/hotwiresystems.com\/et\/wp-json\/wp\/v2\/pages\/207"}],"collection":[{"href":"https:\/\/hotwiresystems.com\/et\/wp-json\/wp\/v2\/pages"}],"about":[{"href":"https:\/\/hotwiresystems.com\/et\/wp-json\/wp\/v2\/types\/page"}],"author":[{"embeddable":true,"href":"https:\/\/hotwiresystems.com\/et\/wp-json\/wp\/v2\/users\/1"}],"replies":[{"embeddable":true,"href":"https:\/\/hotwiresystems.com\/et\/wp-json\/wp\/v2\/comments?post=207"}],"version-history":[{"count":5,"href":"https:\/\/hotwiresystems.com\/et\/wp-json\/wp\/v2\/pages\/207\/revisions"}],"predecessor-version":[{"id":16328,"href":"https:\/\/hotwiresystems.com\/et\/wp-json\/wp\/v2\/pages\/207\/revisions\/16328"}],"wp:featuredmedia":[{"embeddable":true,"href":"https:\/\/hotwiresystems.com\/et\/wp-json\/wp\/v2\/media\/16317"}],"wp:attachment":[{"href":"https:\/\/hotwiresystems.com\/et\/wp-json\/wp\/v2\/media?parent=207"}],"curies":[{"name":"wp","href":"https:\/\/api.w.org\/{rel}","templated":true}]}}