{"id":1554,"date":"2014-07-23T22:27:48","date_gmt":"2014-07-23T20:27:48","guid":{"rendered":"http:\/\/kuumtraat.ee\/?page_id=1554"},"modified":"2025-07-18T13:38:44","modified_gmt":"2025-07-18T11:38:44","slug":"penoplasti-loikurite-kohaletoimetamine","status":"publish","type":"page","link":"https:\/\/hotwiresystems.com\/et\/penoplasti-loikurite-kohaletoimetamine\/","title":{"rendered":"Penoplasti (EPS, XPS) l\u00f5ikeseadmete kohaletoimetamine"},"content":{"rendered":"<div class=\"wpb-content-wrapper\"><p>[vc_row][vc_column][vc_column_text]<\/p>\n<h1><span style=\"font-size: 36pt; color: #808080;\">KOHALETOIMETAMINE<\/span><\/h1>\n<p>[\/vc_column_text][\/vc_column][\/vc_row][vc_row][vc_column][vc_column_text]<\/p>\n<blockquote><p><span style=\"font-size: 18pt; color: #ff6600;\">Saadame l\u00f5ikeseadmed \u00fcle terve Eesti<\/span><\/p><\/blockquote>\n<p>[\/vc_column_text][vc_column_text]<\/p>\n<div style=\"text-align: justify;\">\n<p style=\"text-align: left;\"><span style=\"color: #000000; font-size: 12pt;\"><strong>Asume Peetris, Treiali tee\u00a0<\/strong>t\u00e4naval, kuid saadame vahtpol\u00fcst\u00fcreeni <a style=\"color: #000000;\" title=\"Mis on EPS? | Vahtpol\u00fcst\u00fcreeni omadused ja kasutusalad\" href=\"\/?page_id=4099\"><strong>(EPS, XPS)<\/strong> <\/a>l\u00f5ikeseadmeid\u00a0mujalegi Eestisse ja kasutame selleks:<\/span><\/p>\n<\/div>\n<p>[\/vc_column_text][\/vc_column][\/vc_row][vc_row][vc_column][vc_tta_accordion style=&#8221;modern&#8221; shape=&#8221;square&#8221; color=&#8221;orange&#8221; gap=&#8221;3&#8243; c_icon=&#8221;chevron&#8221; c_position=&#8221;right&#8221; active_section=&#8221;1&#8243;][vc_tta_section title=&#8221;UNISEND Pakiautomaat&#8221; tab_id=&#8221;1752838578503-1094afb3-f1ea&#8221;][vc_column_text css=&#8221;&#8221;]<\/p>\n<p style=\"text-align: left;\"><span style=\"font-size: 12pt; color: #000000;\"><strong>UNISEND pakiautomaadi<\/strong> teenus on mugav ning lihtne, teil on v\u00f5imalus kaubale j\u00e4rgi minna selleks teile sobival ajal. Kohe kui pakk on j\u00f5udnud sihtkoha pakiautomaati, edastatakse paki saaja mobiiltelefonile SMS s\u00f5numiga teade.\u00a0Tarneaeg kuni 1 &#8211; 3 t\u00f6\u00f6p\u00e4eva.\u00a0<strong>T\u00e4helepanu,<\/strong> UNISEND pakiautomaate ei saa me kahjuks kasutada penoplasti l\u00f5ikepinkide saatmiseks. Pakiautomaatide nimekirja leiate <a style=\"color: #000000;\" href=\"https:\/\/www.unisend.ee\" target=\"_blank\" rel=\"noopener noreferrer\"><strong>SIIT.<\/strong><\/a><\/span><\/p>\n<h2 style=\"text-align: left;\"><span style=\"font-size: 14pt; color: #ff6600;\">Hind: 2,6-4 \u20ac + km%<\/span><\/h2>\n<p>[\/vc_column_text][\/vc_tta_section][vc_tta_section title=&#8221;SmartPOSTi Pakiautomaat&#8221; tab_id=&#8221;1458286327214-1321cd4e-8d1e&#8221;][vc_column_text css=&#8221;&#8221;]<\/p>\n<p style=\"text-align: left;\"><span style=\"font-size: 12pt; color: #000000;\">Kasutame <strong>SmartPOSTi pakiautomaadid<\/strong> k\u00e4sil\u00f5ikurite<strong> HWS250! <\/strong>saatmiseks. Kaup j\u00f5uab Sinu valitud SmartPOSTi pakiautomaati vastavalt SmartPOSTi tarneagadele, \u00fcldjuhul j\u00e4rgmisel p\u00e4eval. SmartPOST saadab SMS teavituse uksekoodiga, kui pakk on j\u00f5udnud pakiautomaati. Pakile on v\u00f5imalik j\u00e4rgi minna 7 p\u00e4eva jooksul alates selle j\u00f5udmisest pakiautomaati. <\/span><span style=\"font-size: 12pt; color: #000000;\"><strong>T\u00e4helepanu<\/strong>, SmartPOSTi pakiautomaate ei saa me kahjuks kasutada penoplasti l\u00f5ikepinkide saatmiseks. \u00a0Pakiautomaatide nimekirja leiate <strong><a style=\"color: #000000;\" href=\"https:\/\/www.smartpost.ee\" target=\"_blank\" rel=\"noopener noreferrer\">SIIT<\/a>.<\/strong><\/span><\/p>\n<h2 style=\"text-align: left;\"><span style=\"font-size: 14pt; color: #ff6600;\">Hind: 3-7\u20ac + km%<\/span><\/h2>\n<p>[\/vc_column_text][\/vc_tta_section][vc_tta_section title=&#8221;OMNIVA Pakiautomaat&#8221; tab_id=&#8221;1458286431557-75682965-b29c&#8221;][vc_column_text css=&#8221;&#8221;]<\/p>\n<p style=\"text-align: left;\"><span style=\"font-size: 12pt; color: #000000;\"><strong>Omniva\u00a0pakiautomaadi<\/strong> teenus on mugav ning lihtne, teil on v\u00f5imalus kaubale j\u00e4rgi minna selleks teile sobival ajal. Kohe kui pakk on j\u00f5udnud sihtkoha pakiautomaati, edastatakse paki saaja mobiiltelefonile SMS s\u00f5numiga teade.\u00a0Tarneaeg kuni 1 &#8211; 3 t\u00f6\u00f6p\u00e4eva.\u00a0<strong>T\u00e4helepanu,<\/strong> Omniva pakiautomaate ei saa me kahjuks kasutada penoplasti l\u00f5ikepinkide saatmiseks. Pakiautomaatide nimekirja leiate <a style=\"color: #000000;\" href=\"https:\/\/www.omniva.ee\" target=\"_blank\" rel=\"noopener noreferrer\"><strong>SIIT.<\/strong><\/a><\/span><\/p>\n<h2 style=\"text-align: left;\"><span style=\"font-size: 14pt; color: #ff6600;\">Hind: 2,9-7 \u20ac + km%<\/span><\/h2>\n<p>[\/vc_column_text][\/vc_tta_section][vc_tta_section title=&#8221;DPD Pakiautomaat&#8221; tab_id=&#8221;1752838670684-a32b18ca-5f95&#8243;][vc_column_text css=&#8221;&#8221;]<\/p>\n<p style=\"text-align: left;\"><span style=\"font-size: 12pt; color: #000000;\"><strong>DPD pakiautomaadi<\/strong> teenus on mugav ning lihtne, teil on v\u00f5imalus kaubale j\u00e4rgi minna selleks teile sobival ajal. Kohe kui pakk on j\u00f5udnud sihtkoha pakiautomaati, edastatakse paki saaja mobiiltelefonile SMS s\u00f5numiga teade.\u00a0Tarneaeg kuni 1 &#8211; 3 t\u00f6\u00f6p\u00e4eva.\u00a0<strong>T\u00e4helepanu,<\/strong> DPD pakiautomaate ei saa me kahjuks kasutada penoplasti l\u00f5ikepinkide saatmiseks. Pakiautomaatide nimekirja leiate <a style=\"color: #000000;\" href=\"https:\/\/www.dpd.ee\" target=\"_blank\" rel=\"noopener noreferrer\"><strong>SIIT.<\/strong><\/a><\/span><\/p>\n<h2 style=\"text-align: left;\"><span style=\"font-size: 14pt; color: #ff6600;\">Hind: 3,0-7 \u20ac + km%<\/span><\/h2>\n<p>[\/vc_column_text][\/vc_tta_section][vc_tta_section title=&#8221;DPD Kuller&#8221; tab_id=&#8221;4a980b4d-9886-cl&#8221;][vc_single_image image=&#8221;6186&#8243; img_size=&#8221;medium&#8221; alignment=&#8221;center&#8221; onclick=&#8221;custom_link&#8221; img_link_target=&#8221;_blank&#8221; link=&#8221;https:\/\/www.pakivedu.ee&#8221;][vc_column_text css=&#8221;&#8221;]<\/p>\n<div style=\"text-align: justify;\">\n<p style=\"text-align: left;\"><span style=\"font-size: 12pt; color: #000000;\"><strong>DPD kulleriga<\/strong> saad paki tellida mugavalt m\u00e4rgitud aadressile, endale koju v\u00f5i kontorisse.\u00a0Pakkide kohaletoimetamine toimub t\u00f6\u00f6ajal. K\u00e4ttetoimetamise ajad Eestis: <strong>8:00-18:00<\/strong>. Paki kohaletoimetamise p\u00e4eval helistab teile kuller ja koosk\u00f5lastab paki \u00fcleandmise aja. Orienteeruvalt on kauba kohaletoimetamise aeg on<strong> 1 &#8211; 4 p\u00e4eva. <\/strong>Rohkem infot\u00a0<strong><a style=\"color: #000000;\" href=\"https:\/\/www.dpd.ee\" target=\"_blank\" rel=\"noopener noreferrer\">SIIN<\/a><\/strong><\/span><\/p>\n<h2 style=\"text-align: left;\"><span style=\"font-size: 14pt; color: #ff6600;\">Hind: 9-32 \u20ac + km%<\/span><\/h2>\n<\/div>\n<p>[\/vc_column_text][\/vc_tta_section][vc_tta_section i_icon_fontawesome=&#8221;fa fa-truck&#8221; add_icon=&#8221;true&#8221; title=&#8221;CargoBus&#8221; tab_id=&#8221;ae46df9d-d453-cl&#8221;][vc_column_text css=&#8221;&#8221;]<\/p>\n<div style=\"text-align: justify;\">\n<p style=\"text-align: left;\"><span style=\"font-size: 12pt; color: #000000;\"><strong>Cargobus-i terminalid<\/strong> asuvad enamuses Eesti linnade bussijaamades ja tavaliselt CargoBus-iga saadetud kaubad j\u00f5uavad kohale <strong>(bussijaama)<\/strong> samal v\u00f5i j\u00e4rgmisel p\u00e4eval.\u00a0Tellimuse saate k\u00e4tte enda poolt valitud terminali\u00a0isikutt\u00f5endava dokumendi alusel.\u00a0Juhtudel, kui tegemist on suuregabariidilise kaubaga, on kohaletoimetamine Cargobus-iga ainsaks v\u00f5imaluseks. Rohkem infot<strong>\u00a0<a style=\"color: #000000;\" href=\"https:\/\/www.cargobus.ee\" target=\"_blank\" rel=\"noopener noreferrer\">SIIN<\/a><\/strong><\/span><\/p>\n<h2 style=\"text-align: left;\"><span style=\"font-size: 14pt; color: #ff6600;\">Hind: 12-45 \u20ac + km%<\/span><\/h2>\n<\/div>\n<p>[\/vc_column_text][\/vc_tta_section][\/vc_tta_accordion][\/vc_column][\/vc_row][vc_row][vc_column][vc_column_text]<\/p>\n<div style=\"text-align: justify;\">\n<p style=\"text-align: left;\"><span style=\"font-size: 12pt; color: #000000;\"><strong>Transpordi<\/strong> maksumus lisatakse tellimusele ja m\u00e4rgitakse ka kliendile esitatud arvel. Juhul, kui tegemist on suuregabariidilise kaubaga, siis transpordi hind lepitakse kokku eraldi. <strong>Orienteeruv kohalej\u00f5udmise<\/strong> aeg on 1-3 t\u00f6\u00f6p\u00e4eva, kui kaup on kohe laos olemas, ja 7-14 t\u00f6\u00f6p\u00e4eva, kui kaupa laos ei ole.\u00a0<strong>Kohaletoimetamine saartele<\/strong> v\u00f5ib v\u00f5tta rohkem arvestuslikku aega ja toimuda s\u00f5ltuvalt transpordiv\u00f5imalustest saarte ja mandri vahel.<\/span><\/p>\n<p style=\"text-align: left;\"><span style=\"font-size: 12pt; color: #000000;\">Samuti saadame penoplasti l\u00f5ikeseadmed\u00a0Euroopa Liidu liikmesriikidesse. Hind ja kohalej\u00f5udmise aeg kalkuleeritatakse\u00a0iga tellimusega eraldi.<\/span><\/p>\n<\/div>\n<p>[\/vc_column_text][\/vc_column][\/vc_row][vc_row][vc_column][vc_separator color=&#8221;orange&#8221;][\/vc_column][\/vc_row][vc_row][vc_column][vc_btn title=&#8221;MEIE KONTAKTID&#8221; style=&#8221;outline&#8221; shape=&#8221;square&#8221; color=&#8221;blue&#8221; align=&#8221;left&#8221; i_align=&#8221;right&#8221; i_icon_fontawesome=&#8221;&#8221; css=&#8221;&#8221; add_icon=&#8221;true&#8221; link=&#8221;url:https%3A%2F%2Fhotwiresystems.com%2Fet%2Fkontakt%2F|title:Saatke%20meile%20s%C3%B5num!&#8221;][\/vc_column][\/vc_row]<\/p>\n<\/div><!-- AddThis Advanced Settings generic via filter on the_content --><!-- AddThis Share Buttons generic via filter on the_content -->","protected":false},"excerpt":{"rendered":"<p>[vc_row][vc_column][vc_column_text] KOHALETOIMETAMINE [\/vc_column_text][\/vc_column][\/vc_row][vc_row][vc_column][vc_column_text] Saadame l\u00f5ikeseadmed \u00fcle terve Eesti [\/vc_column_text][vc_column_text] Asume Peetris, Treiali tee\u00a0t\u00e4naval, kuid saadame vahtpol\u00fcst\u00fcreeni (EPS, XPS) l\u00f5ikeseadmeid\u00a0mujalegi Eestisse ja kasutame selleks: [\/vc_column_text][\/vc_column][\/vc_row][vc_row][vc_column][vc_tta_accordion style=&#8221;modern&#8221; shape=&#8221;square&#8221; color=&#8221;orange&#8221; gap=&#8221;3&#8243; c_icon=&#8221;chevron&#8221; c_position=&#8221;right&#8221; active_section=&#8221;1&#8243;][vc_tta_section title=&#8221;UNISEND Pakiautomaat&#8221; tab_id=&#8221;1752838578503-1094afb3-f1ea&#8221;][vc_column_text css=&#8221;&#8221;] UNISEND pakiautomaadi teenus on mugav ning lihtne, teil on v\u00f5imalus kaubale j\u00e4rgi minna selleks teile sobival ajal. Kohe kui pakk [&hellip;]<!-- AddThis Advanced Settings generic via filter on get_the_excerpt --><!-- AddThis Share Buttons generic via filter on get_the_excerpt --><\/p>\n","protected":false},"author":2,"featured_media":16317,"parent":0,"menu_order":0,"comment_status":"closed","ping_status":"closed","template":"","meta":{"footnotes":""},"yoast_head":"<!-- This site is optimized with the Yoast SEO plugin v23.3 - https:\/\/yoast.com\/wordpress\/plugins\/seo\/ -->\n<title>Penoplasti (EPS, XPS) l\u00f5ikeseadmete kohaletoimetamine!<\/title>\n<meta name=\"description\" content=\"L\u00f5ikeseadmete kohaletoimetamine toimub Omniva, CargoBusi, SmartPOSTi v\u00f5i DPD kullerteenuse vahendusel vastavalt teie poolt tehtud valikule.\" \/>\n<meta name=\"robots\" content=\"index, follow, max-snippet:-1, max-image-preview:large, max-video-preview:-1\" \/>\n<link rel=\"canonical\" href=\"https:\/\/hotwiresystems.com\/et\/penoplasti-loikurite-kohaletoimetamine\/\" \/>\n<meta property=\"og:locale\" content=\"et_EE\" \/>\n<meta property=\"og:type\" content=\"article\" \/>\n<meta property=\"og:title\" content=\"Penoplasti (EPS, XPS) l\u00f5ikeseadmete kohaletoimetamine!\" \/>\n<meta property=\"og:description\" content=\"L\u00f5ikeseadmete kohaletoimetamine toimub Omniva, CargoBusi, SmartPOSTi v\u00f5i DPD kullerteenuse vahendusel vastavalt teie poolt tehtud valikule.\" \/>\n<meta property=\"og:url\" content=\"https:\/\/hotwiresystems.com\/et\/penoplasti-loikurite-kohaletoimetamine\/\" \/>\n<meta property=\"article:modified_time\" content=\"2025-07-18T11:38:44+00:00\" \/>\n<meta property=\"og:image\" content=\"https:\/\/hotwiresystems.com\/wp-content\/uploads\/2025\/07\/Vahtpolustureeni-loikur-HWS-Cutter-13.jpg\" \/>\n\t<meta property=\"og:image:width\" content=\"600\" \/>\n\t<meta property=\"og:image:height\" content=\"600\" \/>\n\t<meta property=\"og:image:type\" content=\"image\/jpeg\" \/>\n<meta name=\"twitter:label1\" content=\"Est. reading time\" \/>\n\t<meta name=\"twitter:data1\" content=\"3 minutes\" \/>\n<script type=\"application\/ld+json\" class=\"yoast-schema-graph\">{\"@context\":\"https:\/\/schema.org\",\"@graph\":[{\"@type\":\"WebPage\",\"@id\":\"https:\/\/hotwiresystems.com\/et\/penoplasti-loikurite-kohaletoimetamine\/\",\"url\":\"https:\/\/hotwiresystems.com\/et\/penoplasti-loikurite-kohaletoimetamine\/\",\"name\":\"Penoplasti (EPS, XPS) l\u00f5ikeseadmete kohaletoimetamine!\",\"isPartOf\":{\"@id\":\"https:\/\/hotwiresystems.com\/ru\/#website\"},\"primaryImageOfPage\":{\"@id\":\"https:\/\/hotwiresystems.com\/et\/penoplasti-loikurite-kohaletoimetamine\/#primaryimage\"},\"image\":{\"@id\":\"https:\/\/hotwiresystems.com\/et\/penoplasti-loikurite-kohaletoimetamine\/#primaryimage\"},\"thumbnailUrl\":\"https:\/\/hotwiresystems.com\/wp-content\/uploads\/2025\/07\/Vahtpolustureeni-loikur-HWS-Cutter-13.jpg\",\"datePublished\":\"2014-07-23T20:27:48+00:00\",\"dateModified\":\"2025-07-18T11:38:44+00:00\",\"description\":\"L\u00f5ikeseadmete kohaletoimetamine toimub Omniva, CargoBusi, SmartPOSTi v\u00f5i DPD kullerteenuse vahendusel vastavalt teie poolt tehtud valikule.\",\"breadcrumb\":{\"@id\":\"https:\/\/hotwiresystems.com\/et\/penoplasti-loikurite-kohaletoimetamine\/#breadcrumb\"},\"inLanguage\":\"et-EE\",\"potentialAction\":[{\"@type\":\"ReadAction\",\"target\":[\"https:\/\/hotwiresystems.com\/et\/penoplasti-loikurite-kohaletoimetamine\/\"]}]},{\"@type\":\"ImageObject\",\"inLanguage\":\"et-EE\",\"@id\":\"https:\/\/hotwiresystems.com\/et\/penoplasti-loikurite-kohaletoimetamine\/#primaryimage\",\"url\":\"https:\/\/hotwiresystems.com\/wp-content\/uploads\/2025\/07\/Vahtpolustureeni-loikur-HWS-Cutter-13.jpg\",\"contentUrl\":\"https:\/\/hotwiresystems.com\/wp-content\/uploads\/2025\/07\/Vahtpolustureeni-loikur-HWS-Cutter-13.jpg\",\"width\":600,\"height\":600,\"caption\":\"Vahtpol\u00fcst\u00fcreeni l\u00f5ikur HWS-Cutter!\"},{\"@type\":\"BreadcrumbList\",\"@id\":\"https:\/\/hotwiresystems.com\/et\/penoplasti-loikurite-kohaletoimetamine\/#breadcrumb\",\"itemListElement\":[{\"@type\":\"ListItem\",\"position\":1,\"name\":\"Home\",\"item\":\"https:\/\/hotwiresystems.com\/et\/\"},{\"@type\":\"ListItem\",\"position\":2,\"name\":\"Penoplasti (EPS, XPS) l\u00f5ikeseadmete kohaletoimetamine\"}]},{\"@type\":\"WebSite\",\"@id\":\"https:\/\/hotwiresystems.com\/ru\/#website\",\"url\":\"https:\/\/hotwiresystems.com\/ru\/\",\"name\":\"\",\"description\":\"\",\"potentialAction\":[{\"@type\":\"SearchAction\",\"target\":{\"@type\":\"EntryPoint\",\"urlTemplate\":\"https:\/\/hotwiresystems.com\/ru\/?s={search_term_string}\"},\"query-input\":\"required name=search_term_string\"}],\"inLanguage\":\"et-EE\"}]}<\/script>\n<!-- \/ Yoast SEO plugin. -->","yoast_head_json":{"title":"Penoplasti (EPS, XPS) l\u00f5ikeseadmete kohaletoimetamine!","description":"L\u00f5ikeseadmete kohaletoimetamine toimub Omniva, CargoBusi, SmartPOSTi v\u00f5i DPD kullerteenuse vahendusel vastavalt teie poolt tehtud valikule.","robots":{"index":"index","follow":"follow","max-snippet":"max-snippet:-1","max-image-preview":"max-image-preview:large","max-video-preview":"max-video-preview:-1"},"canonical":"https:\/\/hotwiresystems.com\/et\/penoplasti-loikurite-kohaletoimetamine\/","og_locale":"et_EE","og_type":"article","og_title":"Penoplasti (EPS, XPS) l\u00f5ikeseadmete kohaletoimetamine!","og_description":"L\u00f5ikeseadmete kohaletoimetamine toimub Omniva, CargoBusi, SmartPOSTi v\u00f5i DPD kullerteenuse vahendusel vastavalt teie poolt tehtud valikule.","og_url":"https:\/\/hotwiresystems.com\/et\/penoplasti-loikurite-kohaletoimetamine\/","article_modified_time":"2025-07-18T11:38:44+00:00","og_image":[{"width":600,"height":600,"url":"https:\/\/hotwiresystems.com\/wp-content\/uploads\/2025\/07\/Vahtpolustureeni-loikur-HWS-Cutter-13.jpg","type":"image\/jpeg"}],"twitter_misc":{"Est. reading time":"3 minutes"},"schema":{"@context":"https:\/\/schema.org","@graph":[{"@type":"WebPage","@id":"https:\/\/hotwiresystems.com\/et\/penoplasti-loikurite-kohaletoimetamine\/","url":"https:\/\/hotwiresystems.com\/et\/penoplasti-loikurite-kohaletoimetamine\/","name":"Penoplasti (EPS, XPS) l\u00f5ikeseadmete kohaletoimetamine!","isPartOf":{"@id":"https:\/\/hotwiresystems.com\/ru\/#website"},"primaryImageOfPage":{"@id":"https:\/\/hotwiresystems.com\/et\/penoplasti-loikurite-kohaletoimetamine\/#primaryimage"},"image":{"@id":"https:\/\/hotwiresystems.com\/et\/penoplasti-loikurite-kohaletoimetamine\/#primaryimage"},"thumbnailUrl":"https:\/\/hotwiresystems.com\/wp-content\/uploads\/2025\/07\/Vahtpolustureeni-loikur-HWS-Cutter-13.jpg","datePublished":"2014-07-23T20:27:48+00:00","dateModified":"2025-07-18T11:38:44+00:00","description":"L\u00f5ikeseadmete kohaletoimetamine toimub Omniva, CargoBusi, SmartPOSTi v\u00f5i DPD kullerteenuse vahendusel vastavalt teie poolt tehtud valikule.","breadcrumb":{"@id":"https:\/\/hotwiresystems.com\/et\/penoplasti-loikurite-kohaletoimetamine\/#breadcrumb"},"inLanguage":"et-EE","potentialAction":[{"@type":"ReadAction","target":["https:\/\/hotwiresystems.com\/et\/penoplasti-loikurite-kohaletoimetamine\/"]}]},{"@type":"ImageObject","inLanguage":"et-EE","@id":"https:\/\/hotwiresystems.com\/et\/penoplasti-loikurite-kohaletoimetamine\/#primaryimage","url":"https:\/\/hotwiresystems.com\/wp-content\/uploads\/2025\/07\/Vahtpolustureeni-loikur-HWS-Cutter-13.jpg","contentUrl":"https:\/\/hotwiresystems.com\/wp-content\/uploads\/2025\/07\/Vahtpolustureeni-loikur-HWS-Cutter-13.jpg","width":600,"height":600,"caption":"Vahtpol\u00fcst\u00fcreeni l\u00f5ikur HWS-Cutter!"},{"@type":"BreadcrumbList","@id":"https:\/\/hotwiresystems.com\/et\/penoplasti-loikurite-kohaletoimetamine\/#breadcrumb","itemListElement":[{"@type":"ListItem","position":1,"name":"Home","item":"https:\/\/hotwiresystems.com\/et\/"},{"@type":"ListItem","position":2,"name":"Penoplasti (EPS, XPS) l\u00f5ikeseadmete kohaletoimetamine"}]},{"@type":"WebSite","@id":"https:\/\/hotwiresystems.com\/ru\/#website","url":"https:\/\/hotwiresystems.com\/ru\/","name":"","description":"","potentialAction":[{"@type":"SearchAction","target":{"@type":"EntryPoint","urlTemplate":"https:\/\/hotwiresystems.com\/ru\/?s={search_term_string}"},"query-input":"required name=search_term_string"}],"inLanguage":"et-EE"}]}},"_links":{"self":[{"href":"https:\/\/hotwiresystems.com\/et\/wp-json\/wp\/v2\/pages\/1554"}],"collection":[{"href":"https:\/\/hotwiresystems.com\/et\/wp-json\/wp\/v2\/pages"}],"about":[{"href":"https:\/\/hotwiresystems.com\/et\/wp-json\/wp\/v2\/types\/page"}],"author":[{"embeddable":true,"href":"https:\/\/hotwiresystems.com\/et\/wp-json\/wp\/v2\/users\/2"}],"replies":[{"embeddable":true,"href":"https:\/\/hotwiresystems.com\/et\/wp-json\/wp\/v2\/comments?post=1554"}],"version-history":[{"count":5,"href":"https:\/\/hotwiresystems.com\/et\/wp-json\/wp\/v2\/pages\/1554\/revisions"}],"predecessor-version":[{"id":16344,"href":"https:\/\/hotwiresystems.com\/et\/wp-json\/wp\/v2\/pages\/1554\/revisions\/16344"}],"wp:featuredmedia":[{"embeddable":true,"href":"https:\/\/hotwiresystems.com\/et\/wp-json\/wp\/v2\/media\/16317"}],"wp:attachment":[{"href":"https:\/\/hotwiresystems.com\/et\/wp-json\/wp\/v2\/media?parent=1554"}],"curies":[{"name":"wp","href":"https:\/\/api.w.org\/{rel}","templated":true}]}}