{"id":8606,"date":"2017-03-14T22:04:47","date_gmt":"2017-03-14T20:04:47","guid":{"rendered":"http:\/\/www.hotwiresystems.com\/?page_id=8606\/"},"modified":"2025-07-27T18:43:47","modified_gmt":"2025-07-27T16:43:47","slug":"cortadores-de-espuma-de-alambre-caliente","status":"publish","type":"page","link":"https:\/\/hotwiresystems.com\/es\/cortadores-de-espuma-de-alambre-caliente\/","title":{"rendered":"Cortadores de espuma de alambre caliente | La mejor selecci\u00f3n!"},"content":{"rendered":"<div class=\"wpb-content-wrapper\"><p>[vc_row][vc_column][vc_column_text]<\/p>\n<h1 style=\"text-align: left;\"><span style=\"font-size: 36pt; color: #808080;\">Cortadores de espuma<\/span><\/h1>\n<p>[\/vc_column_text][\/vc_column][\/vc_row][vc_row][vc_column][vc_column_text]<\/p>\n<blockquote>\n<p style=\"text-align: left;\"><span style=\"font-size: 14pt; color: #ff6600;\">La mejor selecci\u00f3n de <span style=\"color: #808080;\">Cortadores de espuma<\/span> del mercado<\/span><\/p>\n<\/blockquote>\n<p>[\/vc_column_text][\/vc_column][\/vc_row][vc_row][vc_column width=\u00bb1\/2&#8243;][vc_cta h2=\u00bbHWS-EASY!\u00bb h4=\u00bb\u00abEl clasico\u00ab\u00bb h4_font_container=\u00bbtag:h3|text_align:center|color:%23ff9900&#8243; h4_google_fonts=\u00bbfont_family:Raleway%3A100%2C200%2C300%2Cregular%2C500%2C600%2C700%2C800%2C900|font_style:500%20bold%20regular%3A500%3Anormal\u00bb txt_align=\u00bbcenter\u00bb shape=\u00bbsquare\u00bb style=\u00bboutline\u00bb add_button=\u00bbbottom\u00bb btn_title=\u00bbLEER M\u00c1S\u00bb btn_style=\u00bboutline\u00bb btn_shape=\u00bbsquare\u00bb btn_color=\u00bbwarning\u00bb btn_align=\u00bbcenter\u00bb css_animation=\u00bbnone\u00bb css=\u00bb\u00bb use_custom_fonts_h4=\u00bbtrue\u00bb btn_link=\u00bburl:http%3A%2F%2Fwww.hotwiresystems.com%2Fes%2Fcortador-de-espuma-con-alambre-caliente-hws-easy%2F|title:Cortador%20de%20espuma%20con%20alambre%20caliente%20HWS-Easy!%20%7C%20El%20clasico||\u00bb]<img loading=\"lazy\" decoding=\"async\" class=\"aligncenter wp-image-16357 size-full\" src=\"https:\/\/hotwiresystems.com\/wp-content\/uploads\/2025\/07\/Penoplasti-loikur-HWS-Easy-10.jpg\" alt=\"Cortadores de espuma HWS-Easy!\" width=\"600\" height=\"600\" srcset=\"https:\/\/hotwiresystems.com\/wp-content\/uploads\/2025\/07\/Penoplasti-loikur-HWS-Easy-10.jpg 600w, https:\/\/hotwiresystems.com\/wp-content\/uploads\/2025\/07\/Penoplasti-loikur-HWS-Easy-10-300x300.jpg 300w, https:\/\/hotwiresystems.com\/wp-content\/uploads\/2025\/07\/Penoplasti-loikur-HWS-Easy-10-150x150.jpg 150w\" sizes=\"(max-width: 600px) 100vw, 600px\" \/>[\/vc_cta][\/vc_column][vc_column width=\u00bb1\/2&#8243;][vc_cta h2=\u00bbHWS-CUTTER!\u00bb h4=\u00bb\u00abDue eficaz a la ligereza\u00ab\u00bb h4_font_container=\u00bbtag:h3|text_align:center|color:%23ff9900&#8243; h4_google_fonts=\u00bbfont_family:Raleway%3A100%2C200%2C300%2Cregular%2C500%2C600%2C700%2C800%2C900|font_style:500%20bold%20regular%3A500%3Anormal\u00bb txt_align=\u00bbcenter\u00bb shape=\u00bbsquare\u00bb style=\u00bboutline\u00bb add_button=\u00bbbottom\u00bb btn_title=\u00bbLEER M\u00c1S\u00bb btn_style=\u00bboutline\u00bb btn_shape=\u00bbsquare\u00bb btn_color=\u00bbwarning\u00bb btn_align=\u00bbcenter\u00bb css_animation=\u00bbnone\u00bb css=\u00bb\u00bb use_custom_fonts_h4=\u00bbtrue\u00bb btn_link=\u00bburl:http%3A%2F%2Fwww.hotwiresystems.com%2Fes%2Fcortador-de-espuma-de-alambre-caliente-hws-cutter%2F|title:Cortador%20de%20Espuma%20de%20alambre%20caliente%20de%20HWS-Cutter!||\u00bb]<img loading=\"lazy\" decoding=\"async\" class=\"aligncenter wp-image-16570 size-full\" src=\"https:\/\/hotwiresystems.com\/wp-content\/uploads\/2025\/07\/Cortador-de-poliestireno-HWS-Cutter.jpg\" alt=\"Cortadores de espuma HWS-Cutter!\" width=\"600\" height=\"600\" srcset=\"https:\/\/hotwiresystems.com\/wp-content\/uploads\/2025\/07\/Cortador-de-poliestireno-HWS-Cutter.jpg 600w, https:\/\/hotwiresystems.com\/wp-content\/uploads\/2025\/07\/Cortador-de-poliestireno-HWS-Cutter-300x300.jpg 300w, https:\/\/hotwiresystems.com\/wp-content\/uploads\/2025\/07\/Cortador-de-poliestireno-HWS-Cutter-150x150.jpg 150w\" sizes=\"(max-width: 600px) 100vw, 600px\" \/>[\/vc_cta][\/vc_column][\/vc_row][vc_row][vc_column width=\u00bb1\/2&#8243;][vc_cta h2=\u00bbHWS-Table!\u00bb h4=\u00bb\u00abSi recta o circularar\u00ab\u00bb h4_font_container=\u00bbtag:h3|text_align:center|color:%23ff9900&#8243; h4_google_fonts=\u00bbfont_family:Raleway%3A100%2C200%2C300%2Cregular%2C500%2C600%2C700%2C800%2C900|font_style:500%20bold%20regular%3A500%3Anormal\u00bb txt_align=\u00bbcenter\u00bb shape=\u00bbsquare\u00bb style=\u00bboutline\u00bb add_button=\u00bbbottom\u00bb btn_title=\u00bbLEER M\u00c1S\u00bb btn_style=\u00bboutline\u00bb btn_shape=\u00bbsquare\u00bb btn_color=\u00bbwarning\u00bb btn_align=\u00bbcenter\u00bb css_animation=\u00bbnone\u00bb css=\u00bb\u00bb use_custom_fonts_h4=\u00bbtrue\u00bb btn_link=\u00bburl:http%3A%2F%2Fwww.hotwiresystems.com%2Fes%2Fcortador-espuma-de-poliestireno-de-hws-table%2F|title:Cortador%20espuma%20de%20poliestireno%20de%20HWS-Table!||\u00bb]<img loading=\"lazy\" decoding=\"async\" class=\"aligncenter wp-image-16365 size-full\" src=\"https:\/\/hotwiresystems.com\/wp-content\/uploads\/2025\/07\/EPS-vertikaalloikur-HWS-Table-2-1.jpg\" alt=\"Cortadores de espuma HWS-Table!\" width=\"600\" height=\"600\" srcset=\"https:\/\/hotwiresystems.com\/wp-content\/uploads\/2025\/07\/EPS-vertikaalloikur-HWS-Table-2-1.jpg 600w, https:\/\/hotwiresystems.com\/wp-content\/uploads\/2025\/07\/EPS-vertikaalloikur-HWS-Table-2-1-300x300.jpg 300w, https:\/\/hotwiresystems.com\/wp-content\/uploads\/2025\/07\/EPS-vertikaalloikur-HWS-Table-2-1-150x150.jpg 150w\" sizes=\"(max-width: 600px) 100vw, 600px\" \/>[\/vc_cta][\/vc_column][vc_column width=\u00bb1\/2&#8243;][vc_cta h2=\u00bbSTOBRA ECO\u00bb h4_font_container=\u00bbtag:h3|text_align:center|color:%23ff9900&#8243; h4_google_fonts=\u00bbfont_family:Raleway%3A100%2C200%2C300%2Cregular%2C500%2C600%2C700%2C800%2C900|font_style:500%20bold%20regular%3A500%3Anormal\u00bb txt_align=\u00bbcenter\u00bb shape=\u00bbsquare\u00bb style=\u00bboutline\u00bb add_button=\u00bbbottom\u00bb btn_title=\u00bbLEER M\u00c1S\u00bb btn_style=\u00bboutline\u00bb btn_shape=\u00bbsquare\u00bb btn_color=\u00bbwarning\u00bb btn_align=\u00bbcenter\u00bb css_animation=\u00bbnone\u00bb css=\u00bb\u00bb use_custom_fonts_h4=\u00bbtrue\u00bb btn_link=\u00bburl:http%3A%2F%2Fwww.hotwiresystems.com%2Fes%2Fcortador-de-espuma-de-poliestireno-stobra-eco%2F|title:El%C3%A9ctrica%20cortador%20de%20espuma%20de%20poliestireno%20Stobra%20ECO||\u00bb]<a href=\"\/?page_id=8580\"><img loading=\"lazy\" decoding=\"async\" class=\"wp-image-8613 size-full\" src=\"https:\/\/www.hotwiresystems.com\/wp-content\/uploads\/2017\/03\/Cortadores-de-espuma-de-alambre-caliente-4.jpg\" alt=\"Cortadores-de-espuma-de-alambre-caliente\" width=\"500\" height=\"500\" srcset=\"https:\/\/hotwiresystems.com\/wp-content\/uploads\/2017\/03\/Cortadores-de-espuma-de-alambre-caliente-4.jpg 500w, https:\/\/hotwiresystems.com\/wp-content\/uploads\/2017\/03\/Cortadores-de-espuma-de-alambre-caliente-4-150x150.jpg 150w, https:\/\/hotwiresystems.com\/wp-content\/uploads\/2017\/03\/Cortadores-de-espuma-de-alambre-caliente-4-300x300.jpg 300w\" sizes=\"(max-width: 500px) 100vw, 500px\" \/><\/a>[\/vc_cta][\/vc_column][\/vc_row][vc_row][vc_column][vc_column_text]<\/p>\n<h2 style=\"text-align: left;\"><span style=\"color: #808080;\">\u00bfQu\u00e9 es un Cortadores de espuma?<\/span><\/h2>\n<p style=\"text-align: left;\"><span style=\"font-size: 12pt; color: #000000;\">Un <strong>Cortador de espuma<\/strong> con Alambre Caliente es una herramienta el\u00e9ctrica de corte utilizada para cortar o manipular espumas de poliestireno \/ poliestireno extruido <strong>(XPS)<\/strong> y materiales similares. El dispositivo consta de un alambre de corte fino y tenso, a menudo hecho de <strong>Nicromo, Titanio<\/strong> o de un alambre m\u00e1s grueso premoldeado con la forma deseada, que se calienta a trav\u00e9s de la resistencia el\u00e9ctrica por aproximaci\u00f3n. <strong>400-500C.<\/strong><\/span><\/p>\n<p>[\/vc_column_text][vc_column_text]<\/p>\n<h2 style=\"text-align: left;\"><span style=\"color: #808080;\">ENV\u00cdOS A TODO EL MUNDO<\/span><\/h2>\n<p style=\"text-align: left;\"><span style=\"font-size: 12pt;\"><span style=\"color: #000000;\">Nuestros equipos de poliestireno EPS, y sistemas de corte XPS se venden en Europa y en muchos pa\u00edses de todo el Mundo, desde <strong>M\u00e9xico, Espa\u00f1a, Colombia<\/strong> \u2013 a <strong>Argentina, Per\u00fa y Rep\u00fablica Dominicana.<\/strong> Enviamos cortador de espuma de alambre Caliente y m\u00e1quinas CNC de corte de alambre para espuma en todo el mundo. Los plazos de entrega var\u00edan bastante de un pa\u00eds a otro, y tambi\u00e9n dependen de la eficacia de sus servicios postales locales. <\/span>Socios de transporte:\u00a0<strong><a href=\"https:\/\/www.tnt.com\/\" target=\"_blank\" rel=\"noopener noreferrer\">TNT,\u00a0<\/a><a href=\"https:\/\/www.ups.com\/\" target=\"_blank\" rel=\"noopener noreferrer\">UPS,<\/a>\u00a0<a href=\"https:\/\/www.dhl.com\/\" target=\"_blank\" rel=\"noopener noreferrer\">DHL,<\/a>\u00a0<a href=\"https:\/\/www.dpd.com\/\" target=\"_blank\" rel=\"noopener noreferrer\">DPD,<\/a><a href=\"https:\/\/www.fedex.com\/\" target=\"_blank\" rel=\"noopener noreferrer\">\u00a0Fedex.<\/a><\/strong><\/span><\/p>\n<p>[\/vc_column_text][vc_single_image image=\u00bb9597&#8243; img_size=\u00bblarge\u00bb alignment=\u00bbcenter\u00bb][vc_column_text]<\/p>\n<h2 style=\"text-align: left;\"><span style=\"color: #808080;\">\u00bfNecesitas ayuda?<\/span><\/h2>\n<p style=\"text-align: left;\"><span style=\"font-size: 12pt; color: #000000;\"><strong><span style=\"color: #ff0000;\">\u00a1NB!<\/span><\/strong> \u00a0Si no est\u00e1s seguro de qu\u00e9 modelo de <strong>cortador de espuma con alambre caliente<\/strong> se adapta mejor a tus necesidades, contacta con nosotros con la informaci\u00f3n requerida y el equipamiento opcional \/ accesorios requeridos (si los hay), vamos a recomendar un modelo en particular.<\/span><\/p>\n<p>[\/vc_column_text][\/vc_column][\/vc_row][vc_row][vc_column][vc_separator color=\u00bborange\u00bb][\/vc_column][\/vc_row][vc_row][vc_column][vc_column_text]<\/p>\n<p style=\"text-align: center;\"><span style=\"font-size: 24pt; color: #808080;\">\u00bfNo encontr\u00f3 el producto adecuado?<\/span><\/p>\n<p>[\/vc_column_text][\/vc_column][\/vc_row][vc_row][vc_column][vc_btn title=\u00bbCONT\u00c1CTENOS\u00bb style=\u00bboutline\u00bb shape=\u00bbsquare\u00bb color=\u00bbblue\u00bb align=\u00bbcenter\u00bb i_align=\u00bbright\u00bb i_icon_fontawesome=\u00bbfa fa-pencil-square-o\u00bb add_icon=\u00bbtrue\u00bb link=\u00bburl:http%3A%2F%2Fwww.hotwiresystems.com%2Fes%2Fcontacto-cortadora-de-espuma%2F|title:Contactenos||\u00bb][\/vc_column][\/vc_row]<\/p>\n<\/div><!-- AddThis Advanced Settings generic via filter on the_content --><!-- AddThis Share Buttons generic via filter on the_content -->","protected":false},"excerpt":{"rendered":"<p>[vc_row][vc_column][vc_column_text] Cortadores de espuma [\/vc_column_text][\/vc_column][\/vc_row][vc_row][vc_column][vc_column_text] La mejor selecci\u00f3n de Cortadores de espuma del mercado [\/vc_column_text][\/vc_column][\/vc_row][vc_row][vc_column width=\u00bb1\/2&#8243;][vc_cta h2=\u00bbHWS-EASY!\u00bb h4=\u00bb\u00abEl clasico\u00ab\u00bb h4_font_container=\u00bbtag:h3|text_align:center|color:%23ff9900&#8243; h4_google_fonts=\u00bbfont_family:Raleway%3A100%2C200%2C300%2Cregular%2C500%2C600%2C700%2C800%2C900|font_style:500%20bold%20regular%3A500%3Anormal\u00bb txt_align=\u00bbcenter\u00bb shape=\u00bbsquare\u00bb style=\u00bboutline\u00bb add_button=\u00bbbottom\u00bb btn_title=\u00bbLEER M\u00c1S\u00bb btn_style=\u00bboutline\u00bb btn_shape=\u00bbsquare\u00bb btn_color=\u00bbwarning\u00bb btn_align=\u00bbcenter\u00bb css_animation=\u00bbnone\u00bb css=\u00bb\u00bb use_custom_fonts_h4=\u00bbtrue\u00bb btn_link=\u00bburl:http%3A%2F%2Fwww.hotwiresystems.com%2Fes%2Fcortador-de-espuma-con-alambre-caliente-hws-easy%2F|title:Cortador%20de%20espuma%20con%20alambre%20caliente%20HWS-Easy!%20%7C%20El%20clasico||\u00bb][\/vc_cta][\/vc_column][vc_column width=\u00bb1\/2&#8243;][vc_cta h2=\u00bbHWS-CUTTER!\u00bb h4=\u00bb\u00abDue eficaz a la ligereza\u00ab\u00bb h4_font_container=\u00bbtag:h3|text_align:center|color:%23ff9900&#8243; h4_google_fonts=\u00bbfont_family:Raleway%3A100%2C200%2C300%2Cregular%2C500%2C600%2C700%2C800%2C900|font_style:500%20bold%20regular%3A500%3Anormal\u00bb txt_align=\u00bbcenter\u00bb shape=\u00bbsquare\u00bb style=\u00bboutline\u00bb add_button=\u00bbbottom\u00bb btn_title=\u00bbLEER M\u00c1S\u00bb btn_style=\u00bboutline\u00bb btn_shape=\u00bbsquare\u00bb btn_color=\u00bbwarning\u00bb btn_align=\u00bbcenter\u00bb css_animation=\u00bbnone\u00bb [&hellip;]<!-- AddThis Advanced Settings generic via filter on get_the_excerpt --><!-- AddThis Share Buttons generic via filter on get_the_excerpt --><\/p>\n","protected":false},"author":2,"featured_media":16570,"parent":0,"menu_order":0,"comment_status":"closed","ping_status":"closed","template":"","meta":{"footnotes":""},"yoast_head":"<!-- This site is optimized with the Yoast SEO plugin v23.3 - https:\/\/yoast.com\/wordpress\/plugins\/seo\/ -->\n<title>Cortadores de espuma de alambre caliente | La mejor selecci\u00f3n!<\/title>\n<meta name=\"description\" content=\"Cortadores de espuma son herramientas el\u00e9ctricas usadas para cortar o moldear espumas de poliestireno EPS, XPS y materiales similares.\" \/>\n<meta name=\"robots\" content=\"index, follow, max-snippet:-1, max-image-preview:large, max-video-preview:-1\" \/>\n<link rel=\"canonical\" href=\"https:\/\/hotwiresystems.com\/es\/cortadores-de-espuma-de-alambre-caliente\/\" \/>\n<meta property=\"og:locale\" content=\"es_ES\" \/>\n<meta property=\"og:type\" content=\"article\" \/>\n<meta property=\"og:title\" content=\"Cortadores de espuma de alambre caliente | La mejor selecci\u00f3n!\" \/>\n<meta property=\"og:description\" content=\"Cortadores de espuma son herramientas el\u00e9ctricas usadas para cortar o moldear espumas de poliestireno EPS, XPS y materiales similares.\" \/>\n<meta property=\"og:url\" content=\"https:\/\/hotwiresystems.com\/es\/cortadores-de-espuma-de-alambre-caliente\/\" \/>\n<meta property=\"article:modified_time\" content=\"2025-07-27T16:43:47+00:00\" \/>\n<meta property=\"og:image\" content=\"https:\/\/www.hotwiresystems.com\/wp-content\/uploads\/2025\/07\/Cortador-de-poliestireno-HWS-Cutter.jpg\" \/>\n\t<meta property=\"og:image:width\" content=\"600\" \/>\n\t<meta property=\"og:image:height\" content=\"600\" \/>\n\t<meta property=\"og:image:type\" content=\"image\/jpeg\" \/>\n<meta name=\"twitter:label1\" content=\"Tiempo de lectura\" \/>\n\t<meta name=\"twitter:data1\" content=\"3 minutos\" \/>\n<script type=\"application\/ld+json\" class=\"yoast-schema-graph\">{\"@context\":\"https:\/\/schema.org\",\"@graph\":[{\"@type\":\"WebPage\",\"@id\":\"https:\/\/hotwiresystems.com\/es\/cortadores-de-espuma-de-alambre-caliente\/\",\"url\":\"https:\/\/hotwiresystems.com\/es\/cortadores-de-espuma-de-alambre-caliente\/\",\"name\":\"Cortadores de espuma de alambre caliente | La mejor selecci\u00f3n!\",\"isPartOf\":{\"@id\":\"https:\/\/hotwiresystems.com\/#website\"},\"primaryImageOfPage\":{\"@id\":\"https:\/\/hotwiresystems.com\/es\/cortadores-de-espuma-de-alambre-caliente\/#primaryimage\"},\"image\":{\"@id\":\"https:\/\/hotwiresystems.com\/es\/cortadores-de-espuma-de-alambre-caliente\/#primaryimage\"},\"thumbnailUrl\":\"https:\/\/hotwiresystems.com\/wp-content\/uploads\/2025\/07\/Cortador-de-poliestireno-HWS-Cutter.jpg\",\"datePublished\":\"2017-03-14T20:04:47+00:00\",\"dateModified\":\"2025-07-27T16:43:47+00:00\",\"description\":\"Cortadores de espuma son herramientas el\u00e9ctricas usadas para cortar o moldear espumas de poliestireno EPS, XPS y materiales similares.\",\"breadcrumb\":{\"@id\":\"https:\/\/hotwiresystems.com\/es\/cortadores-de-espuma-de-alambre-caliente\/#breadcrumb\"},\"inLanguage\":\"es\",\"potentialAction\":[{\"@type\":\"ReadAction\",\"target\":[\"https:\/\/hotwiresystems.com\/es\/cortadores-de-espuma-de-alambre-caliente\/\"]}]},{\"@type\":\"ImageObject\",\"inLanguage\":\"es\",\"@id\":\"https:\/\/hotwiresystems.com\/es\/cortadores-de-espuma-de-alambre-caliente\/#primaryimage\",\"url\":\"https:\/\/hotwiresystems.com\/wp-content\/uploads\/2025\/07\/Cortador-de-poliestireno-HWS-Cutter.jpg\",\"contentUrl\":\"https:\/\/hotwiresystems.com\/wp-content\/uploads\/2025\/07\/Cortador-de-poliestireno-HWS-Cutter.jpg\",\"width\":600,\"height\":600,\"caption\":\"Cortador de poliestireno;\"},{\"@type\":\"BreadcrumbList\",\"@id\":\"https:\/\/hotwiresystems.com\/es\/cortadores-de-espuma-de-alambre-caliente\/#breadcrumb\",\"itemListElement\":[{\"@type\":\"ListItem\",\"position\":1,\"name\":\"Home\",\"item\":\"https:\/\/hotwiresystems.com\/es\/\"},{\"@type\":\"ListItem\",\"position\":2,\"name\":\"Cortadores de espuma de alambre caliente | La mejor selecci\u00f3n!\"}]},{\"@type\":\"WebSite\",\"@id\":\"https:\/\/hotwiresystems.com\/#website\",\"url\":\"https:\/\/hotwiresystems.com\/\",\"name\":\"\",\"description\":\"\",\"potentialAction\":[{\"@type\":\"SearchAction\",\"target\":{\"@type\":\"EntryPoint\",\"urlTemplate\":\"https:\/\/hotwiresystems.com\/?s={search_term_string}\"},\"query-input\":\"required name=search_term_string\"}],\"inLanguage\":\"es\"}]}<\/script>\n<!-- \/ Yoast SEO plugin. -->","yoast_head_json":{"title":"Cortadores de espuma de alambre caliente | La mejor selecci\u00f3n!","description":"Cortadores de espuma son herramientas el\u00e9ctricas usadas para cortar o moldear espumas de poliestireno EPS, XPS y materiales similares.","robots":{"index":"index","follow":"follow","max-snippet":"max-snippet:-1","max-image-preview":"max-image-preview:large","max-video-preview":"max-video-preview:-1"},"canonical":"https:\/\/hotwiresystems.com\/es\/cortadores-de-espuma-de-alambre-caliente\/","og_locale":"es_ES","og_type":"article","og_title":"Cortadores de espuma de alambre caliente | La mejor selecci\u00f3n!","og_description":"Cortadores de espuma son herramientas el\u00e9ctricas usadas para cortar o moldear espumas de poliestireno EPS, XPS y materiales similares.","og_url":"https:\/\/hotwiresystems.com\/es\/cortadores-de-espuma-de-alambre-caliente\/","article_modified_time":"2025-07-27T16:43:47+00:00","og_image":[{"width":600,"height":600,"url":"https:\/\/www.hotwiresystems.com\/wp-content\/uploads\/2025\/07\/Cortador-de-poliestireno-HWS-Cutter.jpg","type":"image\/jpeg"}],"twitter_misc":{"Tiempo de lectura":"3 minutos"},"schema":{"@context":"https:\/\/schema.org","@graph":[{"@type":"WebPage","@id":"https:\/\/hotwiresystems.com\/es\/cortadores-de-espuma-de-alambre-caliente\/","url":"https:\/\/hotwiresystems.com\/es\/cortadores-de-espuma-de-alambre-caliente\/","name":"Cortadores de espuma de alambre caliente | La mejor selecci\u00f3n!","isPartOf":{"@id":"https:\/\/hotwiresystems.com\/#website"},"primaryImageOfPage":{"@id":"https:\/\/hotwiresystems.com\/es\/cortadores-de-espuma-de-alambre-caliente\/#primaryimage"},"image":{"@id":"https:\/\/hotwiresystems.com\/es\/cortadores-de-espuma-de-alambre-caliente\/#primaryimage"},"thumbnailUrl":"https:\/\/hotwiresystems.com\/wp-content\/uploads\/2025\/07\/Cortador-de-poliestireno-HWS-Cutter.jpg","datePublished":"2017-03-14T20:04:47+00:00","dateModified":"2025-07-27T16:43:47+00:00","description":"Cortadores de espuma son herramientas el\u00e9ctricas usadas para cortar o moldear espumas de poliestireno EPS, XPS y materiales similares.","breadcrumb":{"@id":"https:\/\/hotwiresystems.com\/es\/cortadores-de-espuma-de-alambre-caliente\/#breadcrumb"},"inLanguage":"es","potentialAction":[{"@type":"ReadAction","target":["https:\/\/hotwiresystems.com\/es\/cortadores-de-espuma-de-alambre-caliente\/"]}]},{"@type":"ImageObject","inLanguage":"es","@id":"https:\/\/hotwiresystems.com\/es\/cortadores-de-espuma-de-alambre-caliente\/#primaryimage","url":"https:\/\/hotwiresystems.com\/wp-content\/uploads\/2025\/07\/Cortador-de-poliestireno-HWS-Cutter.jpg","contentUrl":"https:\/\/hotwiresystems.com\/wp-content\/uploads\/2025\/07\/Cortador-de-poliestireno-HWS-Cutter.jpg","width":600,"height":600,"caption":"Cortador de poliestireno;"},{"@type":"BreadcrumbList","@id":"https:\/\/hotwiresystems.com\/es\/cortadores-de-espuma-de-alambre-caliente\/#breadcrumb","itemListElement":[{"@type":"ListItem","position":1,"name":"Home","item":"https:\/\/hotwiresystems.com\/es\/"},{"@type":"ListItem","position":2,"name":"Cortadores de espuma de alambre caliente | La mejor selecci\u00f3n!"}]},{"@type":"WebSite","@id":"https:\/\/hotwiresystems.com\/#website","url":"https:\/\/hotwiresystems.com\/","name":"","description":"","potentialAction":[{"@type":"SearchAction","target":{"@type":"EntryPoint","urlTemplate":"https:\/\/hotwiresystems.com\/?s={search_term_string}"},"query-input":"required name=search_term_string"}],"inLanguage":"es"}]}},"_links":{"self":[{"href":"https:\/\/hotwiresystems.com\/es\/wp-json\/wp\/v2\/pages\/8606"}],"collection":[{"href":"https:\/\/hotwiresystems.com\/es\/wp-json\/wp\/v2\/pages"}],"about":[{"href":"https:\/\/hotwiresystems.com\/es\/wp-json\/wp\/v2\/types\/page"}],"author":[{"embeddable":true,"href":"https:\/\/hotwiresystems.com\/es\/wp-json\/wp\/v2\/users\/2"}],"replies":[{"embeddable":true,"href":"https:\/\/hotwiresystems.com\/es\/wp-json\/wp\/v2\/comments?post=8606"}],"version-history":[{"count":5,"href":"https:\/\/hotwiresystems.com\/es\/wp-json\/wp\/v2\/pages\/8606\/revisions"}],"predecessor-version":[{"id":16655,"href":"https:\/\/hotwiresystems.com\/es\/wp-json\/wp\/v2\/pages\/8606\/revisions\/16655"}],"wp:featuredmedia":[{"embeddable":true,"href":"https:\/\/hotwiresystems.com\/es\/wp-json\/wp\/v2\/media\/16570"}],"wp:attachment":[{"href":"https:\/\/hotwiresystems.com\/es\/wp-json\/wp\/v2\/media?parent=8606"}],"curies":[{"name":"wp","href":"https:\/\/api.w.org\/{rel}","templated":true}]}}