{"id":7728,"date":"2016-10-02T16:19:32","date_gmt":"2016-10-02T14:19:32","guid":{"rendered":"http:\/\/www.hotwiresystems.com\/es\/?page_id=7728"},"modified":"2025-07-27T17:41:22","modified_gmt":"2025-07-27T15:41:22","slug":"la-empresa-cortador-de-espuma","status":"publish","type":"page","link":"https:\/\/hotwiresystems.com\/es\/la-empresa-cortador-de-espuma\/","title":{"rendered":"La Empresa | Cortador de espuma | T\u00e9rmico cortador de poliestireno"},"content":{"rendered":"<div class=\"wpb-content-wrapper\"><p>[vc_row][vc_column][vc_column_text]<\/p>\n<h1 style=\"text-align: justify;\"><span style=\"font-size: 36pt; color: #808080;\">La Empresa<\/span><\/h1>\n<p>[\/vc_column_text][vc_column_text]<\/p>\n<p style=\"text-align: left;\"><span style=\"color: #000000; font-size: 12pt;\">La empresa <strong>Hotwire Systems Ltd<\/strong> se especializa en la venta, mantenimiento y reparaci\u00f3n de equipos para el corte de la espuma de poliestireno (Poliestireno expandido &#8211; <strong>EPS<\/strong>, Poliestireno extruido &#8211; <strong>XPS<\/strong>). Nuestros \u00abCuchillo t\u00e9rmico cortador de espuma\u00bb manuales de alambre caliente de poliestireno, cortadores de espuma de alambre Caliente y cortadores de espuma CNC, son adecuados tanto para usuarios comunes como profesionales. <\/span><\/p>\n<p style=\"text-align: left;\"><span style=\"color: #000000; font-size: 12pt;\">Ofrecemos nuestros servicios y productos a la venta tanto para particulares como para empresas. Nuestros sistemas de corte y las m\u00e1quinas de alambre Caliente <strong>CNC<\/strong> para espuma se venden en Europa y en muchos pa\u00edses de todo el mundo, desde <span style=\"text-decoration: underline;\">M\u00e9xico, Espa\u00f1a, Colombia<\/span> &#8211;<span style=\"text-decoration: underline;\"> a Argentina, Per\u00fa y Rep\u00fablica Dominicana.<\/span> Somos distribuidores de varios fabricantes europeos de Sistemas de Alambre Caliente en las regiones del B\u00e1ltico y Escandinavia.<\/span><\/p>\n<p>[\/vc_column_text][\/vc_column][\/vc_row][vc_row][vc_column][vc_column_text]<\/p>\n<ul style=\"list-style-type: circle;\">\n<li style=\"text-align: justify;\">\n<h3 style=\"text-align: left;\"><span style=\"color: #808080; font-size: 14pt;\">Cortadora hilo caliente de espuma<\/span><\/h3>\n<\/li>\n<li style=\"text-align: left;\">\n<h3><span style=\"font-size: 14pt; color: #808080;\">Arco Cortador Con Hilo Caliente<\/span><\/h3>\n<\/li>\n<li style=\"text-align: left;\">\n<h3><span style=\"font-size: 14pt;\"><a href=\"https:\/\/hotwiresystems.com\/es\/cortador-de-poliestireno-cuchillo-caliente-hws250\/\"><span style=\"color: #808080;\"><span style=\"color: #ff6600;\">\u00ab<span style=\"color: #808080;\">Cuchillo<span style=\"color: #ff6600;\">\u00ab<\/span> t\u00e9rmico cortador de espuma<\/span><\/span><\/span><\/a><\/span><\/h3>\n<\/li>\n<li style=\"text-align: left;\">\n<h3><a href=\"https:\/\/hotwiresystems.com\/es\/maquina-cnc-de-corte-de-espuma\/\"><span style=\"font-size: 14pt; color: #808080;\">M\u00e1quina <span style=\"color: #ff6600;\">CNC<\/span> de corte de poliestireno<\/span><\/a><\/h3>\n<\/li>\n<li style=\"text-align: left;\">\n<h3><a href=\"https:\/\/hotwiresystems.com\/es\/alambre-de-nicrom-alambre-para-cortadores-calientes-de-espuma\/\"><span style=\"font-size: 14pt;\"><span style=\"color: #808080;\">Alambre de N\u00edquel-Cromo &#8211; Nichrome<\/span> <span style=\"color: #ff6600;\">(NiCr)<\/span><\/span><\/a><\/h3>\n<\/li>\n<li style=\"text-align: justify;\">\n<h3 class=\"r\" style=\"text-align: left;\"><span style=\"font-size: 14pt; color: #808080;\"><a style=\"color: #808080;\" href=\"https:\/\/hotwiresystems.com\/es\/alambre-de-titanio-cortadora-de-espuma\/\">Alambre De Titanio<\/a><\/span><\/h3>\n<\/li>\n<\/ul>\n<p>[\/vc_column_text][\/vc_column][\/vc_row][vc_row][vc_column][vc_column_text]<\/p>\n<blockquote>\n<h4 style=\"text-align: justify;\"><span style=\"font-size: 14pt; color: #808080;\">Las principales ventajas de nuestros sistemas de corte de espuma son la <span style=\"color: #ff6600;\"><span style=\"color: #333333;\">\u201c<\/span>facilidad de uso<span style=\"color: #333333;\">\u201d <\/span>y la flexibilidad en el trabajo.<\/span><\/span><\/h4>\n<\/blockquote>\n<p>[\/vc_column_text][\/vc_column][\/vc_row][vc_row][vc_column][vc_separator color=\u00bborange\u00bb][\/vc_column][\/vc_row][vc_row][vc_column][vc_column_text]<\/p>\n<h2 style=\"text-align: left;\"><span style=\"font-size: 36pt; color: #808080;\">Equipos prof. en venta<\/span><\/h2>\n<p>[\/vc_column_text][vc_column_text]<\/p>\n<p style=\"text-align: left;\"><span style=\"font-size: 12pt; color: #000000;\">La empresa <strong>Hotwire Systems Ltd<\/strong> ofrece a sus clientes \u00fanicamente equipos de de alta calidad y probados para el corte del poliestireno expandido <strong>(EPS, XPS)<\/strong> o materiales similares. Con nuestros sistemas de corte manual con aislamiento y las m\u00e1quinas CNC de corte de alambre Caliente de espuma, puede aumentar su productividad en m\u00e1s de un 150 por ciento y tambi\u00e9n mejorar su calidad y flexibilidad. Esto es una ventaja, no s\u00f3lo para su empresa, sino tambi\u00e9n para sus clientes.<\/span><\/p>\n<p style=\"text-align: left;\"><span style=\"font-size: 12pt; color: #000000;\">Con nuestros cortadores de cuchillo caliente y cortadores de alambre caliente <strong>(Cortador de espuma)<\/strong>, es posible cortar la espuma de poliestireno no plastificada, tal como el poliestireno expandido &#8211; <strong>EPS<\/strong>, y poliestireno extruido &#8211; <strong>XPS<\/strong>, de forma sencilla, correcta y con r\u00e1pida. <\/span><\/p>\n<p>[\/vc_column_text][vc_column_text]<\/p>\n<h2 style=\"text-align: left;\"><span style=\"font-size: 18pt; color: #ff6600;\">VENTAJAS DE LOS DISPOSITIVOS DE CORTE DE ESPUMA:<\/span><\/h2>\n<ul style=\"list-style-type: circle;\">\n<li style=\"text-align: left;\"><span style=\"color: #000000; font-size: 12pt;\">Mayor productividad,<\/span><\/li>\n<li style=\"text-align: left;\"><span style=\"color: #000000; font-size: 12pt;\">M\u00e1s cortes en menos tiempo,<\/span><\/li>\n<li style=\"text-align: left;\"><span style=\"color: #000000; font-size: 12pt;\">Libre de polvo,<\/span><\/li>\n<li style=\"text-align: left;\"><span style=\"color: #000000; font-size: 12pt;\">La multifuncionalidad y la movilidad,<\/span><\/li>\n<li style=\"text-align: left;\"><span style=\"color: #000000; font-size: 12pt;\">Beneficios de bajo costo,<\/span><\/li>\n<li style=\"text-align: left;\"><span style=\"color: #000000; font-size: 12pt;\">Mejor calidad (cortes exactos y rectos),<\/span><\/li>\n<li style=\"text-align: left;\"><span style=\"color: #000000; font-size: 12pt;\">Aumento de los ingresos netos,<\/span><\/li>\n<li style=\"text-align: left;\"><span style=\"color: #000000; font-size: 12pt;\">Cortes perfectos &#8211; Sin eliminaci\u00f3n molesta de los desechos.<\/span><\/li>\n<\/ul>\n<p>[\/vc_column_text][vc_column_text]<\/p>\n<blockquote>\n<h4 style=\"text-align: justify;\"><a href=\"https:\/\/hotwiresystems.com\/es\/cortador-de-espuma-envio-y-entrega\/\"><span style=\"font-size: 14pt; color: #808080;\">Enviamos cortadores de espuma de alambre Caliente y m\u00e1quinas CNC de corte de alambre para espuma <span style=\"color: #ff6600;\">En Todo El Mundo<\/span>.<\/span><\/a><\/h4>\n<\/blockquote>\n<p>[\/vc_column_text][vc_column_text]<span style=\"font-size: 12pt; color: #000000;\">Socios de transporte: <strong><a style=\"color: #000000;\" href=\"https:\/\/www.dpd.com\/\" target=\"_blank\" rel=\"noopener noreferrer\">DPD<\/a>, <a style=\"color: #000000;\" href=\"https:\/\/www.omniva.ee\/\" target=\"_blank\" rel=\"noopener noreferrer\">Omniva<\/a>, <a style=\"color: #000000;\" href=\"https:\/\/www.itella.com\/\" target=\"_blank\" rel=\"noopener noreferrer\">Itella,<\/a> <a style=\"color: #000000;\" href=\"https:\/\/www.dhl.com\/\" target=\"_blank\" rel=\"noopener noreferrer\">DHL,<\/a> <a style=\"color: #000000;\" href=\"https:\/\/www.ups.com\/\">UPS,<\/a> <a style=\"color: #000000;\" href=\"https:\/\/www.fedex.com\/\" target=\"_blank\" rel=\"noopener noreferrer\">Fedex<\/a>, <a style=\"color: #000000;\" href=\"https:\/\/www.ace.ee\/en\/\" target=\"_blank\" rel=\"noopener noreferrer\">ACE Logistics.<\/a><\/strong><\/span>[\/vc_column_text][\/vc_column][\/vc_row][vc_row][vc_column][vc_separator color=\u00bborange\u00bb][\/vc_column][\/vc_row][vc_row][vc_column][vc_column_text]<\/p>\n<h2 style=\"text-align: left;\"><span style=\"font-size: 36pt; color: #808080;\">L\u00cdNEA DE PRODUCTO<\/span><\/h2>\n<p>[\/vc_column_text][\/vc_column][\/vc_row][vc_row][vc_column][vc_column_text]<\/p>\n<p style=\"text-align: left;\"><span style=\"font-size: 12pt; color: #000000;\">Estamos convencidos, y nuestra experiencia demuestra, que todos los clientes, incluidos los m\u00e1s exigentes, pueden encontrar en nuestra selecci\u00f3n de productos el cortador o m\u00e1quina perfecta que necesita para el corte y proceso de espuma de poliestireno. <\/span><\/p>\n<p style=\"text-align: left;\"><span style=\"font-size: 12pt; color: #000000;\">Si Usted, por alguna raz\u00f3n, no ha encontrado el equipo adecuado, <span style=\"color: #0000ff;\"><a style=\"color: #0000ff;\" href=\"https:\/\/hotwiresystems.com\/es\/contacto-cortadora-de-espuma\/\">\u00a1p\u00f3ngase en contacto con nosotros!<\/a>\u00a0<\/span><\/span><\/p>\n<p>[\/vc_column_text][\/vc_column][\/vc_row][vc_row][vc_column width=\u00bb1\/2&#8243;][vc_cta h2=\u00bbCORTADORA HILO CALIENTE\u00bb h4=\u00bb\u00abCortes cl\u00e1sicos\u00ab\u00bb h4_font_container=\u00bbtag:h3|text_align:center|color:%23ff9900&#8243; h4_google_fonts=\u00bbfont_family:Raleway%3A100%2C200%2C300%2Cregular%2C500%2C600%2C700%2C800%2C900|font_style:500%20bold%20regular%3A500%3Anormal\u00bb txt_align=\u00bbcenter\u00bb shape=\u00bbsquare\u00bb style=\u00bboutline\u00bb add_button=\u00bbbottom\u00bb btn_title=\u00bbLEER M\u00c1S\u00bb btn_style=\u00bboutline\u00bb btn_shape=\u00bbsquare\u00bb btn_color=\u00bbwarning\u00bb btn_align=\u00bbcenter\u00bb css_animation=\u00bbnone\u00bb css=\u00bb\u00bb use_custom_fonts_h4=\u00bbtrue\u00bb btn_link=\u00bburl:http%3A%2F%2Fwww.hotwiresystems.com%2Fes%2Fcortadores-de-espuma-de-alambre-caliente%2F|title:Cortador%20de%20espuma%20con%20alambre%20caliente%20HWS-Easy!%20%7C%20El%20clasico||\u00bb]<img loading=\"lazy\" decoding=\"async\" class=\"aligncenter wp-image-16570 size-full\" src=\"https:\/\/hotwiresystems.com\/wp-content\/uploads\/2025\/07\/Cortador-de-poliestireno-HWS-Cutter.jpg\" alt=\"\" width=\"600\" height=\"600\" srcset=\"https:\/\/hotwiresystems.com\/wp-content\/uploads\/2025\/07\/Cortador-de-poliestireno-HWS-Cutter.jpg 600w, https:\/\/hotwiresystems.com\/wp-content\/uploads\/2025\/07\/Cortador-de-poliestireno-HWS-Cutter-300x300.jpg 300w, https:\/\/hotwiresystems.com\/wp-content\/uploads\/2025\/07\/Cortador-de-poliestireno-HWS-Cutter-150x150.jpg 150w\" sizes=\"(max-width: 600px) 100vw, 600px\" \/>[\/vc_cta][\/vc_column][vc_column width=\u00bb1\/2&#8243;][vc_cta h2=\u00bbCuchillo t\u00e9rmico cortador\u00bb h4=\u00bb\u00abEl trabajo manual\u00ab\u00bb h4_font_container=\u00bbtag:h3|text_align:center|color:%23ff9900&#8243; h4_google_fonts=\u00bbfont_family:Raleway%3A100%2C200%2C300%2Cregular%2C500%2C600%2C700%2C800%2C900|font_style:500%20bold%20regular%3A500%3Anormal\u00bb txt_align=\u00bbcenter\u00bb shape=\u00bbsquare\u00bb style=\u00bboutline\u00bb add_button=\u00bbbottom\u00bb btn_title=\u00bbLEER M\u00c1S\u00bb btn_style=\u00bboutline\u00bb btn_shape=\u00bbsquare\u00bb btn_color=\u00bbwarning\u00bb btn_align=\u00bbcenter\u00bb css_animation=\u00bbnone\u00bb css=\u00bb\u00bb use_custom_fonts_h4=\u00bbtrue\u00bb btn_link=\u00bburl:http%3A%2F%2Fwww.hotwiresystems.com%2Fes%2Fcortador-de-poliestireno-cuchillo-caliente-hws250%2F|title:Cortador%20de%20espuma%20manuales||\u00bb]<img loading=\"lazy\" decoding=\"async\" class=\"aligncenter wp-image-16578 size-full\" src=\"https:\/\/hotwiresystems.com\/wp-content\/uploads\/2025\/07\/Cortador-de-poliestireno-HWS250.jpg\" alt=\"Cortador de poliestireno HWS250!\" width=\"600\" height=\"600\" srcset=\"https:\/\/hotwiresystems.com\/wp-content\/uploads\/2025\/07\/Cortador-de-poliestireno-HWS250.jpg 600w, https:\/\/hotwiresystems.com\/wp-content\/uploads\/2025\/07\/Cortador-de-poliestireno-HWS250-300x300.jpg 300w, https:\/\/hotwiresystems.com\/wp-content\/uploads\/2025\/07\/Cortador-de-poliestireno-HWS250-150x150.jpg 150w\" sizes=\"(max-width: 600px) 100vw, 600px\" \/>[\/vc_cta][\/vc_column][\/vc_row][vc_row][vc_column width=\u00bb1\/2&#8243;][vc_cta h2=\u00bbM\u00c1QUINA CNC DE CORTE\u00bb h4=\u00bb\u00abHacer realidad sus ideas\u00ab\u00bb h4_font_container=\u00bbtag:h3|text_align:center|color:%23ff9900&#8243; h4_google_fonts=\u00bbfont_family:Raleway%3A100%2C200%2C300%2Cregular%2C500%2C600%2C700%2C800%2C900|font_style:500%20bold%20regular%3A500%3Anormal\u00bb txt_align=\u00bbcenter\u00bb shape=\u00bbsquare\u00bb style=\u00bboutline\u00bb add_button=\u00bbbottom\u00bb btn_title=\u00bbLEER M\u00c1S\u00bb btn_style=\u00bboutline\u00bb btn_shape=\u00bbsquare\u00bb btn_color=\u00bbwarning\u00bb btn_align=\u00bbcenter\u00bb css_animation=\u00bbnone\u00bb css=\u00bb\u00bb use_custom_fonts_h4=\u00bbtrue\u00bb btn_link=\u00bburl:http%3A%2F%2Fwww.hotwiresystems.com%2Fes%2Fmaquina-cnc-de-corte-de-espuma%2F|title:El%20M%C3%A1quina%20CNC%20de%20corte%20de%20espuma||\u00bb]<img loading=\"lazy\" decoding=\"async\" class=\"aligncenter wp-image-16586 size-full\" src=\"https:\/\/hotwiresystems.com\/wp-content\/uploads\/2025\/07\/Maquina-CNC-de-corte-de-espuma-ESP.png\" alt=\"M\u00e1quina CNC de corte de espuma\" width=\"1000\" height=\"667\" srcset=\"https:\/\/hotwiresystems.com\/wp-content\/uploads\/2025\/07\/Maquina-CNC-de-corte-de-espuma-ESP.png 1000w, https:\/\/hotwiresystems.com\/wp-content\/uploads\/2025\/07\/Maquina-CNC-de-corte-de-espuma-ESP-300x200.png 300w, https:\/\/hotwiresystems.com\/wp-content\/uploads\/2025\/07\/Maquina-CNC-de-corte-de-espuma-ESP-150x100.png 150w, https:\/\/hotwiresystems.com\/wp-content\/uploads\/2025\/07\/Maquina-CNC-de-corte-de-espuma-ESP-768x512.png 768w\" sizes=\"(max-width: 1000px) 100vw, 1000px\" \/>[\/vc_cta][\/vc_column][vc_column width=\u00bb1\/2&#8243;][vc_cta h2=\u00bbALAMBRE DE NICHROME\u00bb h4_font_container=\u00bbtag:h3|text_align:left|color:%23ff9900&#8243; h4_google_fonts=\u00bbfont_family:Raleway%3A100%2C200%2C300%2Cregular%2C500%2C600%2C700%2C800%2C900|font_style:500%20bold%20regular%3A500%3Anormal\u00bb txt_align=\u00bbcenter\u00bb shape=\u00bbsquare\u00bb style=\u00bboutline\u00bb add_button=\u00bbbottom\u00bb btn_title=\u00bbLEER M\u00c1S\u00bb btn_style=\u00bboutline\u00bb btn_shape=\u00bbsquare\u00bb btn_color=\u00bbwarning\u00bb btn_align=\u00bbcenter\u00bb css_animation=\u00bbnone\u00bb css=\u00bb\u00bb use_custom_fonts_h4=\u00bbtrue\u00bb btn_link=\u00bburl:http%3A%2F%2Fwww.hotwiresystems.com%2Fes%2Falambre-de-nicrom-alambre-para-cortadores-calientes-de-espuma%2F|title:Alambre%20de%20nicrom%20alambre%20para%20cortadores%20calientes%20de%20espuma||\u00bb]<a href=\"https:\/\/hotwiresystems.com\/es\/alambre-de-nicrom-alambre-para-cortadores-calientes-de-espuma\/\"><img loading=\"lazy\" decoding=\"async\" class=\"aligncenter wp-image-9310 size-full\" src=\"https:\/\/hotwiresystems.com\/wp-content\/uploads\/2016\/10\/ALAMBRE-DE-NICHROME.jpg\" alt=\"Cortador de espuma\" width=\"600\" height=\"600\" srcset=\"https:\/\/hotwiresystems.com\/wp-content\/uploads\/2016\/10\/ALAMBRE-DE-NICHROME.jpg 600w, https:\/\/hotwiresystems.com\/wp-content\/uploads\/2016\/10\/ALAMBRE-DE-NICHROME-150x150.jpg 150w, https:\/\/hotwiresystems.com\/wp-content\/uploads\/2016\/10\/ALAMBRE-DE-NICHROME-300x300.jpg 300w\" sizes=\"(max-width: 600px) 100vw, 600px\" \/><\/a>[\/vc_cta][\/vc_column][\/vc_row][vc_row][vc_column][vc_column_text]<\/p>\n<p style=\"text-align: left;\"><span style=\"font-size: 12pt; color: #000000;\">Las m\u00e1quinas de cortar alambre caliente de espuma son adecuadas para constructores, dise\u00f1adores, arquitectos, modelistas, y cualquier persona que necesite un corte exacto o procesamiento de poliestireno expandido <strong>(EPS, XPS)<\/strong> o material similar de manera r\u00e1pida, precisa y exacta.<\/span><\/p>\n<p>[\/vc_column_text][\/vc_column][\/vc_row][vc_row][vc_column][vc_separator color=\u00bborange\u00bb][\/vc_column][\/vc_row][vc_row][vc_column][vc_btn title=\u00bbCONTACTOS\u00bb style=\u00bboutline\u00bb shape=\u00bbsquare\u00bb color=\u00bbblue\u00bb align=\u00bbleft\u00bb i_align=\u00bbright\u00bb i_icon_fontawesome=\u00bbfa fa-check-square-o\u00bb add_icon=\u00bbtrue\u00bb link=\u00bburl:http%3A%2F%2Fwww.hotwiresystems.com%2Fes%2Fcontacto-cortadora-de-espuma%2F|title:Cont%C3%A1ctenos||\u00bb][\/vc_column][\/vc_row]<\/p>\n<\/div><!-- AddThis Advanced Settings generic via filter on the_content --><!-- AddThis Share Buttons generic via filter on the_content -->","protected":false},"excerpt":{"rendered":"<p>[vc_row][vc_column][vc_column_text] La Empresa [\/vc_column_text][vc_column_text] La empresa Hotwire Systems Ltd se especializa en la venta, mantenimiento y reparaci\u00f3n de equipos para el corte de la espuma de poliestireno (Poliestireno expandido &#8211; EPS, Poliestireno extruido &#8211; XPS). Nuestros \u00abCuchillo t\u00e9rmico cortador de espuma\u00bb manuales de alambre caliente de poliestireno, cortadores de espuma de alambre Caliente y cortadores [&hellip;]<!-- AddThis Advanced Settings generic via filter on get_the_excerpt --><!-- AddThis Share Buttons generic via filter on get_the_excerpt --><\/p>\n","protected":false},"author":2,"featured_media":16570,"parent":0,"menu_order":0,"comment_status":"closed","ping_status":"closed","template":"","meta":{"footnotes":""},"yoast_head":"<!-- This site is optimized with the Yoast SEO plugin v23.3 - https:\/\/yoast.com\/wordpress\/plugins\/seo\/ -->\n<title>Hotwire Systems la Empresa | T\u00e9rmico cortador de poliestireno<\/title>\n<meta name=\"description\" content=\"La empresa Hotwire Systems ofrece cortadores de espuma y equipos de alta calidad para el corte de poliestireno EPS y materiales similares.\" \/>\n<meta name=\"robots\" content=\"index, follow, max-snippet:-1, max-image-preview:large, max-video-preview:-1\" \/>\n<link rel=\"canonical\" href=\"https:\/\/www.hotwiresystems.com\/es\/la-empresa-cortador-de-espuma\/\" \/>\n<meta property=\"og:locale\" content=\"es_ES\" \/>\n<meta property=\"og:type\" content=\"article\" \/>\n<meta property=\"og:title\" content=\"Hotwire Systems la Empresa | T\u00e9rmico cortador de poliestireno\" \/>\n<meta property=\"og:description\" content=\"La empresa Hotwire Systems ofrece cortadores de espuma y equipos de alta calidad para el corte de poliestireno EPS y materiales similares.\" \/>\n<meta property=\"og:url\" content=\"https:\/\/www.hotwiresystems.com\/es\/la-empresa-cortador-de-espuma\/\" \/>\n<meta property=\"article:modified_time\" content=\"2025-07-27T15:41:22+00:00\" \/>\n<meta property=\"og:image\" content=\"https:\/\/www.hotwiresystems.com\/wp-content\/uploads\/2025\/07\/Cortador-de-poliestireno-HWS-Cutter.jpg\" \/>\n\t<meta property=\"og:image:width\" content=\"600\" \/>\n\t<meta property=\"og:image:height\" content=\"600\" \/>\n\t<meta property=\"og:image:type\" content=\"image\/jpeg\" \/>\n<meta name=\"twitter:label1\" content=\"Tiempo de lectura\" \/>\n\t<meta name=\"twitter:data1\" content=\"5 minutos\" \/>\n<script type=\"application\/ld+json\" class=\"yoast-schema-graph\">{\"@context\":\"https:\/\/schema.org\",\"@graph\":[{\"@type\":\"WebPage\",\"@id\":\"https:\/\/www.hotwiresystems.com\/es\/la-empresa-cortador-de-espuma\/\",\"url\":\"https:\/\/www.hotwiresystems.com\/es\/la-empresa-cortador-de-espuma\/\",\"name\":\"Hotwire Systems la Empresa | T\u00e9rmico cortador de poliestireno\",\"isPartOf\":{\"@id\":\"https:\/\/hotwiresystems.com\/#website\"},\"primaryImageOfPage\":{\"@id\":\"https:\/\/www.hotwiresystems.com\/es\/la-empresa-cortador-de-espuma\/#primaryimage\"},\"image\":{\"@id\":\"https:\/\/www.hotwiresystems.com\/es\/la-empresa-cortador-de-espuma\/#primaryimage\"},\"thumbnailUrl\":\"https:\/\/hotwiresystems.com\/wp-content\/uploads\/2025\/07\/Cortador-de-poliestireno-HWS-Cutter.jpg\",\"datePublished\":\"2016-10-02T14:19:32+00:00\",\"dateModified\":\"2025-07-27T15:41:22+00:00\",\"description\":\"La empresa Hotwire Systems ofrece cortadores de espuma y equipos de alta calidad para el corte de poliestireno EPS y materiales similares.\",\"breadcrumb\":{\"@id\":\"https:\/\/www.hotwiresystems.com\/es\/la-empresa-cortador-de-espuma\/#breadcrumb\"},\"inLanguage\":\"es\",\"potentialAction\":[{\"@type\":\"ReadAction\",\"target\":[\"https:\/\/www.hotwiresystems.com\/es\/la-empresa-cortador-de-espuma\/\"]}]},{\"@type\":\"ImageObject\",\"inLanguage\":\"es\",\"@id\":\"https:\/\/www.hotwiresystems.com\/es\/la-empresa-cortador-de-espuma\/#primaryimage\",\"url\":\"https:\/\/hotwiresystems.com\/wp-content\/uploads\/2025\/07\/Cortador-de-poliestireno-HWS-Cutter.jpg\",\"contentUrl\":\"https:\/\/hotwiresystems.com\/wp-content\/uploads\/2025\/07\/Cortador-de-poliestireno-HWS-Cutter.jpg\",\"width\":600,\"height\":600,\"caption\":\"Cortador de poliestireno;\"},{\"@type\":\"BreadcrumbList\",\"@id\":\"https:\/\/www.hotwiresystems.com\/es\/la-empresa-cortador-de-espuma\/#breadcrumb\",\"itemListElement\":[{\"@type\":\"ListItem\",\"position\":1,\"name\":\"Home\",\"item\":\"https:\/\/www.hotwiresystems.com\/es\/\"},{\"@type\":\"ListItem\",\"position\":2,\"name\":\"La Empresa | Cortador de espuma | T\u00e9rmico cortador de poliestireno\"}]},{\"@type\":\"WebSite\",\"@id\":\"https:\/\/hotwiresystems.com\/#website\",\"url\":\"https:\/\/hotwiresystems.com\/\",\"name\":\"\",\"description\":\"\",\"potentialAction\":[{\"@type\":\"SearchAction\",\"target\":{\"@type\":\"EntryPoint\",\"urlTemplate\":\"https:\/\/hotwiresystems.com\/?s={search_term_string}\"},\"query-input\":\"required name=search_term_string\"}],\"inLanguage\":\"es\"}]}<\/script>\n<!-- \/ Yoast SEO plugin. -->","yoast_head_json":{"title":"Hotwire Systems la Empresa | T\u00e9rmico cortador de poliestireno","description":"La empresa Hotwire Systems ofrece cortadores de espuma y equipos de alta calidad para el corte de poliestireno EPS y materiales similares.","robots":{"index":"index","follow":"follow","max-snippet":"max-snippet:-1","max-image-preview":"max-image-preview:large","max-video-preview":"max-video-preview:-1"},"canonical":"https:\/\/www.hotwiresystems.com\/es\/la-empresa-cortador-de-espuma\/","og_locale":"es_ES","og_type":"article","og_title":"Hotwire Systems la Empresa | T\u00e9rmico cortador de poliestireno","og_description":"La empresa Hotwire Systems ofrece cortadores de espuma y equipos de alta calidad para el corte de poliestireno EPS y materiales similares.","og_url":"https:\/\/www.hotwiresystems.com\/es\/la-empresa-cortador-de-espuma\/","article_modified_time":"2025-07-27T15:41:22+00:00","og_image":[{"width":600,"height":600,"url":"https:\/\/www.hotwiresystems.com\/wp-content\/uploads\/2025\/07\/Cortador-de-poliestireno-HWS-Cutter.jpg","type":"image\/jpeg"}],"twitter_misc":{"Tiempo de lectura":"5 minutos"},"schema":{"@context":"https:\/\/schema.org","@graph":[{"@type":"WebPage","@id":"https:\/\/www.hotwiresystems.com\/es\/la-empresa-cortador-de-espuma\/","url":"https:\/\/www.hotwiresystems.com\/es\/la-empresa-cortador-de-espuma\/","name":"Hotwire Systems la Empresa | T\u00e9rmico cortador de poliestireno","isPartOf":{"@id":"https:\/\/hotwiresystems.com\/#website"},"primaryImageOfPage":{"@id":"https:\/\/www.hotwiresystems.com\/es\/la-empresa-cortador-de-espuma\/#primaryimage"},"image":{"@id":"https:\/\/www.hotwiresystems.com\/es\/la-empresa-cortador-de-espuma\/#primaryimage"},"thumbnailUrl":"https:\/\/hotwiresystems.com\/wp-content\/uploads\/2025\/07\/Cortador-de-poliestireno-HWS-Cutter.jpg","datePublished":"2016-10-02T14:19:32+00:00","dateModified":"2025-07-27T15:41:22+00:00","description":"La empresa Hotwire Systems ofrece cortadores de espuma y equipos de alta calidad para el corte de poliestireno EPS y materiales similares.","breadcrumb":{"@id":"https:\/\/www.hotwiresystems.com\/es\/la-empresa-cortador-de-espuma\/#breadcrumb"},"inLanguage":"es","potentialAction":[{"@type":"ReadAction","target":["https:\/\/www.hotwiresystems.com\/es\/la-empresa-cortador-de-espuma\/"]}]},{"@type":"ImageObject","inLanguage":"es","@id":"https:\/\/www.hotwiresystems.com\/es\/la-empresa-cortador-de-espuma\/#primaryimage","url":"https:\/\/hotwiresystems.com\/wp-content\/uploads\/2025\/07\/Cortador-de-poliestireno-HWS-Cutter.jpg","contentUrl":"https:\/\/hotwiresystems.com\/wp-content\/uploads\/2025\/07\/Cortador-de-poliestireno-HWS-Cutter.jpg","width":600,"height":600,"caption":"Cortador de poliestireno;"},{"@type":"BreadcrumbList","@id":"https:\/\/www.hotwiresystems.com\/es\/la-empresa-cortador-de-espuma\/#breadcrumb","itemListElement":[{"@type":"ListItem","position":1,"name":"Home","item":"https:\/\/www.hotwiresystems.com\/es\/"},{"@type":"ListItem","position":2,"name":"La Empresa | Cortador de espuma | T\u00e9rmico cortador de poliestireno"}]},{"@type":"WebSite","@id":"https:\/\/hotwiresystems.com\/#website","url":"https:\/\/hotwiresystems.com\/","name":"","description":"","potentialAction":[{"@type":"SearchAction","target":{"@type":"EntryPoint","urlTemplate":"https:\/\/hotwiresystems.com\/?s={search_term_string}"},"query-input":"required name=search_term_string"}],"inLanguage":"es"}]}},"_links":{"self":[{"href":"https:\/\/hotwiresystems.com\/es\/wp-json\/wp\/v2\/pages\/7728"}],"collection":[{"href":"https:\/\/hotwiresystems.com\/es\/wp-json\/wp\/v2\/pages"}],"about":[{"href":"https:\/\/hotwiresystems.com\/es\/wp-json\/wp\/v2\/types\/page"}],"author":[{"embeddable":true,"href":"https:\/\/hotwiresystems.com\/es\/wp-json\/wp\/v2\/users\/2"}],"replies":[{"embeddable":true,"href":"https:\/\/hotwiresystems.com\/es\/wp-json\/wp\/v2\/comments?post=7728"}],"version-history":[{"count":5,"href":"https:\/\/hotwiresystems.com\/es\/wp-json\/wp\/v2\/pages\/7728\/revisions"}],"predecessor-version":[{"id":16602,"href":"https:\/\/hotwiresystems.com\/es\/wp-json\/wp\/v2\/pages\/7728\/revisions\/16602"}],"wp:featuredmedia":[{"embeddable":true,"href":"https:\/\/hotwiresystems.com\/es\/wp-json\/wp\/v2\/media\/16570"}],"wp:attachment":[{"href":"https:\/\/hotwiresystems.com\/es\/wp-json\/wp\/v2\/media?parent=7728"}],"curies":[{"name":"wp","href":"https:\/\/api.w.org\/{rel}","templated":true}]}}